{"id":1589,"date":"2022-05-24T00:08:23","date_gmt":"2022-05-23T21:08:23","guid":{"rendered":"https:\/\/onlinebettingspace.com\/?page_id=1589"},"modified":"2022-05-24T00:08:23","modified_gmt":"2022-05-23T21:08:23","slug":"plata","status":"publish","type":"page","link":"https:\/\/onlinebettingspace.com\/ro\/casino\/plata\/","title":{"rendered":"PLATA"},"content":{"rendered":"<section class=\"l-section wpb_row height_medium\"><div class=\"l-section-h i-cf\"><div class=\"g-cols vc_row via_flex valign_top type_default stacking_default\"><div class=\"vc_col-sm-12 wpb_column vc_column_container\"><div class=\"vc_column-inner\"><div class=\"wpb_wrapper\"><div class=\"wpb_text_column\"><div class=\"wpb_wrapper\"><h1>Metode de plata<\/h1>\n<article>\n<div class=\" WYSIWYG _33 \">\n<p>Atunci c\u00e2nd joci pe bani reali la cazino o s\u0103 dai de dou\u0103 situa\u021bii: depunerea si retragerea c\u00e2\u0219tigurilor. Un aspect important pe care juc\u0103torii la casino online \u00eel iau \u00een considerare, este posibilitatea de a face depuneri rapid, u\u0219or \u0219i \u00een siguran\u021b\u0103. \u00cen acest sens trebuie \u021binut cont de faptul c\u0103 sunt cazinouri la care se pot face doar depozite, \u00een timp ce la altele se pot doar retrage bani din cont.<\/p>\n<p>Atunci c\u00e2nd vei dori s\u0103 joci pe bani reali\u00a0<a href=\"\/ro\/casino\/jocuri\/slots\/\" data-track=\"\">sloturi<\/a>\u00a0sau jocuri\u00a0<a href=\"\/ro\/casino\/jocuri\/slots\/jocuri-ca-la-aparate-77777\/\" data-track=\"\">p\u0103c\u0103nele<\/a> la cazinouri online, vei vedea c\u00e2t de u\u0219or vei putea s\u0103 depui \u0219i s\u0103 retragi bani. Cazinourile online licen\u021biate din Rom\u00e2nia pun la dispozi\u021bia clien\u021bilor lor mai multe metode de plat\u0103: visa, mastercard, skrill, bank wire, neteller, bitcoin neteller, paysafe card, ecard, transfer bancar.<\/p>\n<\/div>\n<div class=\" WYSIWYG _33 \">\n<h2>La mayor\u00eda de las opciones de pago utilizadas<\/h2>\n<section class=\" awesome_navigation _9s widgetWrapper _3c \" data-widget-id=\"68128\" data-widget-type=\"awesome_navigation\">\n<div class=\" flex _9t \"><span class=\" color-baseSecond _30 \"><a class=\" inner _5j \" href=\"\/ro\/casino\/plata\/paypal\/\" data-track=\"\">Paypal\u00a0<\/a><\/span><span class=\" color-baseSecond _30 \"><a class=\" inner _5j \" href=\"\/ro\/casino\/plata\/ukash\/\" data-track=\"\">Ukash\u00a0<\/a><\/span><span class=\" color-baseSecond _30 \"><a class=\" inner _5j \" href=\"\/ro\/casino\/plata\/bitcoin\/\" data-track=\"\">Bitcoin<\/a><\/span><\/div>\n<\/section>\n<h2>Op\u021biuni de plata<\/h2>\n<p>Dup\u0103 \u00eenregistrarea la cazinoul online, pentru a efectua orice tranzac\u021bie fie c\u0103 e vorba de un depozit sau o\u00a0<strong>retragere a unui bonus<\/strong>, trebuie s\u0103 fii la curent cu modalit\u0103\u021bile de plat\u0103. Iat\u0103 metodele de plat\u0103 existente \u00een cazinourile online:<\/p>\n<h3>Card de credit\/debit Visa sau Mastercard<\/h3>\n<p>C\u00e2nd vine vorba de cazinouri online, aceasta este metoda preferat\u0103 de plat\u0103, fiind acceptat\u0103 at\u00e2t pentru depuneri c\u00e2t \u0219i pentru retrageri de bani. Op\u021biunea de plat\u0103 cu cardul este disponibil\u0103 la ,\u00a0<a href=\"https:\/\/onlinebettingspace.com\/ro\/casinos-online\/winmasters-casino-recenzie\/\" data-track=\"\">Winmasters<\/a>,\u00a0<a href=\"\/ro\/casinos-online\/netbet-casino-recenzie\/\" data-track=\"\">Netbet<\/a>,\u00a0<a href=\"https:\/\/onlinebettingspace.com\/ro\/casinos-online\/betano-casino-recenzie\/\" data-track=\"\">Betano<\/a>,\u00a0<a href=\"https:\/\/onlinebettingspace.com\/ro\/casinos-online\/888-casino-recenzie\/\" data-track=\"\">888<\/a>, Fortuna ,Unibet, Sportingbet<\/p>\n<h3>Skrill<\/h3>\n<p>este un portofel elctronic ce confer\u0103 un num\u0103r vast de opera\u021biuni financiare prin internet c\u0103tre clien\u021bii s\u0103i. Maxbet v\u0103 pune la dispozi\u021bie aceas\u0103a metod\u0103 de plat\u0103 \u00eentruc\u00e2t este sigur\u0103 \u0219i u\u0219or de folosit, fiind una dintre cele mai populare metode de plat\u0103.<\/p>\n<h3>Paysafecard<\/h3>\n<p>Spre deosebire de Visa sau Mastercard, metoda Paysafe poate fi folosit\u0103 doar la depuneri. Cartela poate fi \u00een valoare de 25, 50, 100 sau 300 de RON \u0219i con\u021bine un cod de 16 cifre. \u00cen momentul \u00een care introduci codul, prime\u0219ti valoarea echivalent\u0103 \u00een contul de juc\u0103tor creat la cazinoul online ales. Po\u021bi achizi\u021biona un card Paysafe de la orice Paypoint, dar \u0219i de la sediile Po\u0219tei Rom\u00e2ne.<\/p>\n<h3>Neteller<\/h3>\n<p>este un portofel electronic, disponibil la Sportingbet, Netbet, Betano, Betfair, 888, Winmasters, Fortuna.<\/p>\n<h3>Transfer bancar<\/h3>\n<p>\u00ee\u021bi permite alimentarea contului de jocuri de noroc rapid \u015fi foarte u\u015for. Este pur \u015fi simplu o chestiune de logare pe site-ul b\u0103ncii. Metoda este dispoibil\u0103 la Unibet, Sportingbet, Netbet, Betano, Betfair, 888, Winmasters.<\/p>\n<h2>Cum \u00eemi retrag bani?<\/h2>\n<p>Retragerea banilor de pe site-urile cazinourilor online, \u00een cazul unui c\u00e2\u0219tig nu este o procedur\u0103 dificil\u0103, din contr\u0103, \u00een ultima vreme procedurile fiind mult simplificate.<\/p>\n<p>Pentru securitate utilizatorilor, s-a stabilit ca op\u021biunea de retragere a banilor s\u0103 fie identic\u0103 cu cea de depunere. De exemplu, dac\u0103 te-ai \u00eenscris pe site \u0219i ai folosit pentru depunere cardul bancar de debit, tot prin intermediul acestui card \u00ee\u021bi vei retrage \u0219i c\u00e2\u0219tigurile.<\/p>\n<h2>Cum fac un depozit?<\/h2>\n<p>Dup\u0103 deschiderea unui cont la un cazino online, urm\u0103torul pas logic este s\u0103 depui bani \u00een cont pentru a putea \u00eencepe s\u0103 joci. Depoiztul se face prin una din metodele de plat\u0103 prezentate mai sus, \u00een fuc\u021bie de diponibilitatea cazinoului \u0219i de preferin\u021bele tale. Chiar dac\u0103 e\u0219ti hot\u0103r\u00e2t pentru o singur\u0103 variant\u0103, este bine s\u0103 te informezi \u0219i asupra celorlalte metode la care po\u021bi apela.<\/p>\n<h2>Securitate<\/h2>\n<p>NETeller \u0219i Skrill sunt cele mai fiabile solu\u021bii de plat\u0103 oferite de cazinourile online. De ce ar trebui s\u0103 folose\u0219ti NETeller sau Skrill \u00een locul cardului de credit Visa\/Mastercard, care este utilizat \u00een mod normal pentru pl\u0103\u021bi? Principalul motiv este faptul c\u0103 unele banci restric\u021bioneaz\u0103 folosirea cardurilor de credit pentru a face, cazinourile online \u0219i la\u00a0<a href=\"\/ro\/casino\/jocuri\/poker\/\" data-track=\"\">jocurile de poker<\/a>. Un alt motiv este securitatea crescut\u0103 \u0219i avantajul de a nu trebui s\u0103 dai num\u0103rul de cont atunci c\u00e2nd faci o plat\u0103.<\/p>\n<\/div>\n<\/article>\n<\/div><\/div><div class=\"w-tabs style_default switch_click accordion type_togglable has_scrolling\" style=\"--sections-title-size:inherit\"><div class=\"w-tabs-sections titles-align_none icon_chevron cpos_right\"><div class=\"w-tabs-section\" id=\"y37e\" itemscope itemprop=\"mainEntity\" itemtype=\"https:\/\/schema.org\/Question\"><button class=\"w-tabs-section-header\" aria-controls=\"content-y37e\" aria-expanded=\"false\"><h2 class=\"w-tabs-section-title\" itemprop=\"name\">Ce este important atunci c\u00e2nd selectezi o metod\u0103 de plat\u0103?<\/h2><div class=\"w-tabs-section-control\"><\/div><\/button><div  class=\"w-tabs-section-content\" id=\"content-y37e\" itemscope itemprop=\"acceptedAnswer\" itemtype=\"https:\/\/schema.org\/Answer\"><div class=\"w-tabs-section-content-h i-cf\" itemprop=\"text\"><div class=\"wpb_text_column\"><div class=\"wpb_wrapper\"><p>Posibilitatea de a depune rapid, u\u015for \u015fi \u00een siguran\u0163\u0103 este una dintre cele mai importante func\u0163ii pentru to\u0163i juc\u0103torii.<\/p>\n<\/div><\/div><\/div><\/div><\/div><div class=\"w-tabs-section\" id=\"h4d8\" itemscope itemprop=\"mainEntity\" itemtype=\"https:\/\/schema.org\/Question\"><button class=\"w-tabs-section-header\" aria-controls=\"content-h4d8\" aria-expanded=\"false\"><h2 class=\"w-tabs-section-title\" itemprop=\"name\">Care sunt cele mai rapide metode?<\/h2><div class=\"w-tabs-section-control\"><\/div><\/button><div  class=\"w-tabs-section-content\" id=\"content-h4d8\" itemscope itemprop=\"acceptedAnswer\" itemtype=\"https:\/\/schema.org\/Answer\"><div class=\"w-tabs-section-content-h i-cf\" itemprop=\"text\"><div class=\"wpb_text_column\"><div class=\"wpb_wrapper\"><p>Pentru retrageri, Skrill este mai rapid dec\u00e2t \u00een cazul \u00een care ai cere ca retragerea s\u0103 fie f\u0103cut\u0103 direct pe card.<\/p>\n<\/div><\/div><\/div><\/div><\/div><div class=\"w-tabs-section\" id=\"o607\" itemscope itemprop=\"mainEntity\" itemtype=\"https:\/\/schema.org\/Question\"><button class=\"w-tabs-section-header\" aria-controls=\"content-o607\" aria-expanded=\"false\"><h2 class=\"w-tabs-section-title\" itemprop=\"name\">Trebuie s\u0103 de\u021bin un card de credit?<\/h2><div class=\"w-tabs-section-control\"><\/div><\/button><div  class=\"w-tabs-section-content\" id=\"content-o607\" itemscope itemprop=\"acceptedAnswer\" itemtype=\"https:\/\/schema.org\/Answer\"><div class=\"w-tabs-section-content-h i-cf\" itemprop=\"text\"><div class=\"wpb_text_column\"><div class=\"wpb_wrapper\"><p>Nu, po\u021bi face depuneri sau retrageri prin transfer bancar sau portofele electronice.<\/p>\n<\/div><\/div><\/div><\/div><\/div><div class=\"w-tabs-section\" id=\"k73e\" itemscope itemprop=\"mainEntity\" itemtype=\"https:\/\/schema.org\/Question\"><button class=\"w-tabs-section-header\" aria-controls=\"content-k73e\" aria-expanded=\"false\"><h2 class=\"w-tabs-section-title\" itemprop=\"name\">Cum sunt pl\u0103tite, \u00een general, c\u00e2\u0219tigurile?<\/h2><div class=\"w-tabs-section-control\"><\/div><\/button><div  class=\"w-tabs-section-content\" id=\"content-k73e\" itemscope itemprop=\"acceptedAnswer\" itemtype=\"https:\/\/schema.org\/Answer\"><div class=\"w-tabs-section-content-h i-cf\" itemprop=\"text\"><div class=\"wpb_text_column\"><div class=\"wpb_wrapper\"><p>Prin aceea\u0219i metod\u0103 prin care ai f\u0103cut depunerea.<\/p>\n<\/div><\/div><\/div><\/div><\/div><\/div><\/div><div class=\"wpb_text_column\"><div class=\"wpb_wrapper\"><h2>Concluzii<\/h2>\n<p>Marea majoritate a metodelor de plat\u0103 prezentate sunt puse la dispozi\u021bie de toate caziourile licen\u021biate, iar cea mai simpl\u0103 \u0219i utilizat\u0103 metod\u0103 r\u0103m\u00e2ne plata prin card bancar. Aceast\u0103 metod\u0103 este preferat\u0103 de juc\u0103tori pentru c\u0103 este cea mai cunoscut\u0103 \u0219i comod\u0103, toat\u0103 lumea de\u021bin\u00e2nd azi un card bancar. \u00cens\u0103 doar de tine depinde s\u0103 alegi metoda care \u021bi se potrive\u0219te cel mai bine \u0219i s\u0103 profi\u021bi de bonusurile generoase oferite. Iar dac\u0103 nu dore\u0219ti s\u0103 amesteci fondurile familiei cu bugetul pentru joc, alege portofelele electronice.<\/p>\n<p>\u0218i nu uita, joac\u0103 responsabil!<\/p>\n<\/div><\/div><\/div><\/div><\/div><\/div><\/div><\/section>\n","protected":false},"excerpt":{"rendered":"Metode de plata Atunci c\u00e2nd joci pe bani reali la cazino o s\u0103 dai de dou\u0103 situa\u021bii: depunerea si retragerea c\u00e2\u0219tigurilor. Un aspect important pe care juc\u0103torii la casino online \u00eel iau \u00een considerare, este posibilitatea de a face depuneri rapid, u\u0219or \u0219i \u00een siguran\u021b\u0103. \u00cen acest sens trebuie \u021binut cont de faptul c\u0103 sunt...","protected":false},"author":1,"featured_media":0,"parent":1584,"menu_order":0,"comment_status":"closed","ping_status":"closed","template":"","meta":{"_acf_changed":false,"footnotes":""},"class_list":["post-1589","page","type-page","status-publish","hentry"],"acf":[],"rankMath":{"parentDomain":"onlinebettingspace.com","noFollowDomains":[],"noFollowExcludeDomains":[],"noFollowExternalLinks":false,"featuredImageNotice":"Imaginea reprezentativ\u0103 ar trebui s\u0103 fie de cel pu\u021bin 200 x 200 pixeli pentru a fi preluat\u0103 de Facebook \u0219i de alte re\u021bele de socializare.","pluginReviewed":true,"postSettings":{"linkSuggestions":true,"useFocusKeyword":false},"frontEndScore":false,"postName":"plata","permalinkFormat":"https:\/\/onlinebettingspace.com\/ro\/%pagename%\/","showLockModifiedDate":true,"assessor":{"focusKeywordLink":"https:\/\/onlinebettingspace.com\/wp-admin\/edit.php?focus_keyword=%focus_keyword%&post_type=%post_type%","hasTOCPlugin":false,"primaryTaxonomy":false,"serpData":{"title":"Op\u021biuni de plat\u0103 pentru cazinourile online, pe bani reali","description":"Dac\u0103 ai devenit un parior \u00eemp\u0103timit care dore\u0219te s\u0103 treac\u0103 de la hobby la pariatul pe bani reali, pe l\u00e2ng\u0103 cazinoul online perfect, trebuie s\u0103 g\u0103se\u0219ti \u0219i metoda de plat\u0103 potrivit\u0103.","focusKeywords":"","pillarContent":false,"canonicalUrl":"","breadcrumbTitle":"","advancedRobots":[],"facebookTitle":"","facebookDescription":"","facebookImage":"","facebookImageID":"","facebookHasOverlay":false,"facebookImageOverlay":"","facebookAuthor":"","twitterCardType":"","twitterUseFacebook":true,"twitterTitle":"","twitterDescription":"","twitterImage":"","twitterImageID":"","twitterHasOverlay":false,"twitterImageOverlay":"","twitterPlayerUrl":"","twitterPlayerSize":"","twitterPlayerStream":"","twitterPlayerStreamCtype":"","twitterAppDescription":"","twitterAppIphoneName":"","twitterAppIphoneID":"","twitterAppIphoneUrl":"","twitterAppIpadName":"","twitterAppIpadID":"","twitterAppIpadUrl":"","twitterAppGoogleplayName":"","twitterAppGoogleplayID":"","twitterAppGoogleplayUrl":"","twitterAppCountry":"","robots":{"index":true},"twitterAuthor":"nume utilizator","primaryTerm":0,"authorName":"OBSAdmin","titleTemplate":"%title% %sep% %sitename%","descriptionTemplate":"%excerpt%","showScoreFrontend":true,"lockModifiedDate":false},"powerWords":[],"diacritics":{"A":"[\\u0041\\u24B6\\uFF21\\u00C0\\u00C1\\u00C2\\u1EA6\\u1EA4\\u1EAA\\u1EA8\\u00C3\\u0100\\u0102\\u1EB0\\u1EAE\\u1EB4\\u1EB2\\u0226\\u01E0\\u00C4\\u01DE\\u1EA2\\u00C5\\u01FA\\u01CD\\u0200\\u0202\\u1EA0\\u1EAC\\u1EB6\\u1E00\\u0104\\u023A\\u2C6F]","AA":"[\\uA732]","AE":"[\\u00C6\\u01FC\\u01E2]","AO":"[\\uA734]","AU":"[\\uA736]","AV":"[\\uA738\\uA73A]","AY":"[\\uA73C]","B":"[\\u0042\\u24B7\\uFF22\\u1E02\\u1E04\\u1E06\\u0243\\u0182\\u0181]","C":"[\\u0043\\u24B8\\uFF23\\u0106\\u0108\\u010A\\u010C\\u00C7\\u1E08\\u0187\\u023B\\uA73E]","D":"[\\u0044\\u24B9\\uFF24\\u1E0A\\u010E\\u1E0C\\u1E10\\u1E12\\u1E0E\\u0110\\u018B\\u018A\\u0189\\uA779]","DZ":"[\\u01F1\\u01C4]","Dz":"[\\u01F2\\u01C5]","E":"[\\u0045\\u24BA\\uFF25\\u00C8\\u00C9\\u00CA\\u1EC0\\u1EBE\\u1EC4\\u1EC2\\u1EBC\\u0112\\u1E14\\u1E16\\u0114\\u0116\\u00CB\\u1EBA\\u011A\\u0204\\u0206\\u1EB8\\u1EC6\\u0228\\u1E1C\\u0118\\u1E18\\u1E1A\\u0190\\u018E]","F":"[\\u0046\\u24BB\\uFF26\\u1E1E\\u0191\\uA77B]","G":"[\\u0047\\u24BC\\uFF27\\u01F4\\u011C\\u1E20\\u011E\\u0120\\u01E6\\u0122\\u01E4\\u0193\\uA7A0\\uA77D\\uA77E]","H":"[\\u0048\\u24BD\\uFF28\\u0124\\u1E22\\u1E26\\u021E\\u1E24\\u1E28\\u1E2A\\u0126\\u2C67\\u2C75\\uA78D]","I":"[\\u0049\\u24BE\\uFF29\\u00CC\\u00CD\\u00CE\\u0128\\u012A\\u012C\\u0130\\u00CF\\u1E2E\\u1EC8\\u01CF\\u0208\\u020A\\u1ECA\\u012E\\u1E2C\\u0197]","J":"[\\u004A\\u24BF\\uFF2A\\u0134\\u0248]","K":"[\\u004B\\u24C0\\uFF2B\\u1E30\\u01E8\\u1E32\\u0136\\u1E34\\u0198\\u2C69\\uA740\\uA742\\uA744\\uA7A2]","L":"[\\u004C\\u24C1\\uFF2C\\u013F\\u0139\\u013D\\u1E36\\u1E38\\u013B\\u1E3C\\u1E3A\\u0141\\u023D\\u2C62\\u2C60\\uA748\\uA746\\uA780]","LJ":"[\\u01C7]","Lj":"[\\u01C8]","M":"[\\u004D\\u24C2\\uFF2D\\u1E3E\\u1E40\\u1E42\\u2C6E\\u019C]","N":"[\\u004E\\u24C3\\uFF2E\\u01F8\\u0143\\u00D1\\u1E44\\u0147\\u1E46\\u0145\\u1E4A\\u1E48\\u0220\\u019D\\uA790\\uA7A4]","NJ":"[\\u01CA]","Nj":"[\\u01CB]","O":"[\\u004F\\u24C4\\uFF2F\\u00D2\\u00D3\\u00D4\\u1ED2\\u1ED0\\u1ED6\\u1ED4\\u00D5\\u1E4C\\u022C\\u1E4E\\u014C\\u1E50\\u1E52\\u014E\\u022E\\u0230\\u00D6\\u022A\\u1ECE\\u0150\\u01D1\\u020C\\u020E\\u01A0\\u1EDC\\u1EDA\\u1EE0\\u1EDE\\u1EE2\\u1ECC\\u1ED8\\u01EA\\u01EC\\u00D8\\u01FE\\u0186\\u019F\\uA74A\\uA74C]","OI":"[\\u01A2]","OO":"[\\uA74E]","OU":"[\\u0222]","P":"[\\u0050\\u24C5\\uFF30\\u1E54\\u1E56\\u01A4\\u2C63\\uA750\\uA752\\uA754]","Q":"[\\u0051\\u24C6\\uFF31\\uA756\\uA758\\u024A]","R":"[\\u0052\\u24C7\\uFF32\\u0154\\u1E58\\u0158\\u0210\\u0212\\u1E5A\\u1E5C\\u0156\\u1E5E\\u024C\\u2C64\\uA75A\\uA7A6\\uA782]","S":"[\\u0053\\u24C8\\uFF33\\u1E9E\\u015A\\u1E64\\u015C\\u1E60\\u0160\\u1E66\\u1E62\\u1E68\\u0218\\u015E\\u2C7E\\uA7A8\\uA784]","T":"[\\u0054\\u24C9\\uFF34\\u1E6A\\u0164\\u1E6C\\u021A\\u0162\\u1E70\\u1E6E\\u0166\\u01AC\\u01AE\\u023E\\uA786]","TZ":"[\\uA728]","U":"[\\u0055\\u24CA\\uFF35\\u00D9\\u00DA\\u00DB\\u0168\\u1E78\\u016A\\u1E7A\\u016C\\u00DC\\u01DB\\u01D7\\u01D5\\u01D9\\u1EE6\\u016E\\u0170\\u01D3\\u0214\\u0216\\u01AF\\u1EEA\\u1EE8\\u1EEE\\u1EEC\\u1EF0\\u1EE4\\u1E72\\u0172\\u1E76\\u1E74\\u0244]","V":"[\\u0056\\u24CB\\uFF36\\u1E7C\\u1E7E\\u01B2\\uA75E\\u0245]","VY":"[\\uA760]","W":"[\\u0057\\u24CC\\uFF37\\u1E80\\u1E82\\u0174\\u1E86\\u1E84\\u1E88\\u2C72]","X":"[\\u0058\\u24CD\\uFF38\\u1E8A\\u1E8C]","Y":"[\\u0059\\u24CE\\uFF39\\u1EF2\\u00DD\\u0176\\u1EF8\\u0232\\u1E8E\\u0178\\u1EF6\\u1EF4\\u01B3\\u024E\\u1EFE]","Z":"[\\u005A\\u24CF\\uFF3A\\u0179\\u1E90\\u017B\\u017D\\u1E92\\u1E94\\u01B5\\u0224\\u2C7F\\u2C6B\\uA762]","a":"[\\u0061\\u24D0\\uFF41\\u1E9A\\u00E0\\u00E1\\u00E2\\u1EA7\\u1EA5\\u1EAB\\u1EA9\\u00E3\\u0101\\u0103\\u1EB1\\u1EAF\\u1EB5\\u1EB3\\u0227\\u01E1\\u00E4\\u01DF\\u1EA3\\u00E5\\u01FB\\u01CE\\u0201\\u0203\\u1EA1\\u1EAD\\u1EB7\\u1E01\\u0105\\u2C65\\u0250]","aa":"[\\uA733]","ae":"[\\u00E6\\u01FD\\u01E3]","ao":"[\\uA735]","au":"[\\uA737]","av":"[\\uA739\\uA73B]","ay":"[\\uA73D]","b":"[\\u0062\\u24D1\\uFF42\\u1E03\\u1E05\\u1E07\\u0180\\u0183\\u0253]","c":"[\\u0063\\u24D2\\uFF43\\u0107\\u0109\\u010B\\u010D\\u00E7\\u1E09\\u0188\\u023C\\uA73F\\u2184]","d":"[\\u0064\\u24D3\\uFF44\\u1E0B\\u010F\\u1E0D\\u1E11\\u1E13\\u1E0F\\u0111\\u018C\\u0256\\u0257\\uA77A]","dz":"[\\u01F3\\u01C6]","e":"[\\u0065\\u24D4\\uFF45\\u00E8\\u00E9\\u00EA\\u1EC1\\u1EBF\\u1EC5\\u1EC3\\u1EBD\\u0113\\u1E15\\u1E17\\u0115\\u0117\\u00EB\\u1EBB\\u011B\\u0205\\u0207\\u1EB9\\u1EC7\\u0229\\u1E1D\\u0119\\u1E19\\u1E1B\\u0247\\u025B\\u01DD]","f":"[\\u0066\\u24D5\\uFF46\\u1E1F\\u0192\\uA77C]","g":"[\\u0067\\u24D6\\uFF47\\u01F5\\u011D\\u1E21\\u011F\\u0121\\u01E7\\u0123\\u01E5\\u0260\\uA7A1\\u1D79\\uA77F]","h":"[\\u0068\\u24D7\\uFF48\\u0125\\u1E23\\u1E27\\u021F\\u1E25\\u1E29\\u1E2B\\u1E96\\u0127\\u2C68\\u2C76\\u0265]","hv":"[\\u0195]","i":"[\\u0069\\u24D8\\uFF49\\u00EC\\u00ED\\u00EE\\u0129\\u012B\\u012D\\u00EF\\u1E2F\\u1EC9\\u01D0\\u0209\\u020B\\u1ECB\\u012F\\u1E2D\\u0268\\u0131]","j":"[\\u006A\\u24D9\\uFF4A\\u0135\\u01F0\\u0249]","k":"[\\u006B\\u24DA\\uFF4B\\u1E31\\u01E9\\u1E33\\u0137\\u1E35\\u0199\\u2C6A\\uA741\\uA743\\uA745\\uA7A3]","l":"[\\u006C\\u24DB\\uFF4C\\u0140\\u013A\\u013E\\u1E37\\u1E39\\u013C\\u1E3D\\u1E3B\\u017F\\u0142\\u019A\\u026B\\u2C61\\uA749\\uA781\\uA747]","lj":"[\\u01C9]","m":"[\\u006D\\u24DC\\uFF4D\\u1E3F\\u1E41\\u1E43\\u0271\\u026F]","n":"[\\u006E\\u24DD\\uFF4E\\u01F9\\u0144\\u00F1\\u1E45\\u0148\\u1E47\\u0146\\u1E4B\\u1E49\\u019E\\u0272\\u0149\\uA791\\uA7A5]","nj":"[\\u01CC]","o":"[\\u006F\\u24DE\\uFF4F\\u00F2\\u00F3\\u00F4\\u1ED3\\u1ED1\\u1ED7\\u1ED5\\u00F5\\u1E4D\\u022D\\u1E4F\\u014D\\u1E51\\u1E53\\u014F\\u022F\\u0231\\u00F6\\u022B\\u1ECF\\u0151\\u01D2\\u020D\\u020F\\u01A1\\u1EDD\\u1EDB\\u1EE1\\u1EDF\\u1EE3\\u1ECD\\u1ED9\\u01EB\\u01ED\\u00F8\\u01FF\\u0254\\uA74B\\uA74D\\u0275]","oi":"[\\u01A3]","ou":"[\\u0223]","oo":"[\\uA74F]","p":"[\\u0070\\u24DF\\uFF50\\u1E55\\u1E57\\u01A5\\u1D7D\\uA751\\uA753\\uA755]","q":"[\\u0071\\u24E0\\uFF51\\u024B\\uA757\\uA759]","r":"[\\u0072\\u24E1\\uFF52\\u0155\\u1E59\\u0159\\u0211\\u0213\\u1E5B\\u1E5D\\u0157\\u1E5F\\u024D\\u027D\\uA75B\\uA7A7\\uA783]","s":"[\\u0073\\u24E2\\uFF53\\u015B\\u1E65\\u015D\\u1E61\\u0161\\u1E67\\u1E63\\u1E69\\u0219\\u015F\\u023F\\uA7A9\\uA785\\u1E9B]","ss":"[\\u00DF]","t":"[\\u0074\\u24E3\\uFF54\\u1E6B\\u1E97\\u0165\\u1E6D\\u021B\\u0163\\u1E71\\u1E6F\\u0167\\u01AD\\u0288\\u2C66\\uA787]","tz":"[\\uA729]","u":"[\\u0075\\u24E4\\uFF55\\u00F9\\u00FA\\u00FB\\u0169\\u1E79\\u016B\\u1E7B\\u016D\\u00FC\\u01DC\\u01D8\\u01D6\\u01DA\\u1EE7\\u016F\\u0171\\u01D4\\u0215\\u0217\\u01B0\\u1EEB\\u1EE9\\u1EEF\\u1EED\\u1EF1\\u1EE5\\u1E73\\u0173\\u1E77\\u1E75\\u0289]","v":"[\\u0076\\u24E5\\uFF56\\u1E7D\\u1E7F\\u028B\\uA75F\\u028C]","vy":"[\\uA761]","w":"[\\u0077\\u24E6\\uFF57\\u1E81\\u1E83\\u0175\\u1E87\\u1E85\\u1E98\\u1E89\\u2C73]","x":"[\\u0078\\u24E7\\uFF58\\u1E8B\\u1E8D]","y":"[\\u0079\\u24E8\\uFF59\\u1EF3\\u00FD\\u0177\\u1EF9\\u0233\\u1E8F\\u00FF\\u1EF7\\u1E99\\u1EF5\\u01B4\\u024F\\u1EFF]","z":"[\\u007A\\u24E9\\uFF5A\\u017A\\u1E91\\u017C\\u017E\\u1E93\\u1E95\\u01B6\\u0225\\u0240\\u2C6C\\uA763]"},"researchesTests":["contentHasTOC","contentHasShortParagraphs","contentHasAssets","keywordInTitle","keywordInMetaDescription","keywordInPermalink","keywordIn10Percent","keywordInContent","keywordInSubheadings","keywordInImageAlt","keywordDensity","keywordNotUsed","lengthContent","lengthPermalink","linksHasInternal","linksHasExternals","linksNotAllExternals","titleStartWithKeyword","titleSentiment","titleHasPowerWords","titleHasNumber","hasContentAI"],"hasRedirection":true,"hasBreadcrumb":false},"homeUrl":"https:\/\/onlinebettingspace.com\/ro\/","objectID":1589,"objectType":"post","locale":"ro","localeFull":"ro_RO","overlayImages":{"play":{"name":"Play icon","url":"https:\/\/onlinebettingspace.com\/wp-content\/plugins\/seo-by-rank-math\/assets\/admin\/img\/icon-play.png","path":"\/home\/SuperAdmin\/web\/onlinebettingspace.com\/public_html\/wp-content\/plugins\/seo-by-rank-math\/assets\/admin\/img\/icon-play.png","position":"middle_center"},"gif":{"name":"Icon GIF","url":"https:\/\/onlinebettingspace.com\/wp-content\/plugins\/seo-by-rank-math\/assets\/admin\/img\/icon-gif.png","path":"\/home\/SuperAdmin\/web\/onlinebettingspace.com\/public_html\/wp-content\/plugins\/seo-by-rank-math\/assets\/admin\/img\/icon-gif.png","position":"middle_center"}},"defautOgImage":"https:\/\/onlinebettingspace.com\/wp-content\/uploads\/2022\/04\/OBS-FULL-LOGO.webp","customPermalinks":true,"isUserRegistered":true,"autoSuggestKeywords":true,"connectSiteUrl":"https:\/\/rankmath.com\/auth?site=https%3A%2F%2Fonlinebettingspace.com%2Fro%2F&r=https%3A%2F%2Fonlinebettingspace.com%2Fro%2Fwp-json%2Fwp%2Fv2%2Fpages%2F1589%3Fnonce%3D63b085038f","maxTags":5,"trendsIcon":"<svg viewBox=\"0 0 610 610\"><path d=\"M18.85,446,174.32,290.48l58.08,58.08L76.93,504a14.54,14.54,0,0,1-20.55,0L18.83,466.48a14.54,14.54,0,0,1,0-20.55Z\" style=\"fill:#4285f4\"\/><path d=\"M242.65,242.66,377.59,377.6l-47.75,47.75a14.54,14.54,0,0,1-20.55,0L174.37,290.43l47.75-47.75A14.52,14.52,0,0,1,242.65,242.66Z\" style=\"fill:#ea4335\"\/><polygon points=\"319.53 319.53 479.26 159.8 537.34 217.88 377.61 377.62 319.53 319.53\" style=\"fill:#fabb05\"\/><path d=\"M594.26,262.73V118.61h0a16.94,16.94,0,0,0-16.94-16.94H433.2a16.94,16.94,0,0,0-12,28.92L565.34,274.71h0a16.94,16.94,0,0,0,28.92-12Z\" style=\"fill:#34a853\"\/><rect width=\"610\" height=\"610\" style=\"fill:none\"\/><\/svg>","showScore":true,"siteFavIcon":"https:\/\/onlinebettingspace.com\/wp-content\/uploads\/2022\/04\/OBS-LOGO-1.webp","canUser":{"general":false,"advanced":false,"snippet":false,"social":false,"analysis":false,"analytics":false,"content_ai":false},"showKeywordIntent":true,"isPro":false,"is_front_page":false,"trendsUpgradeLink":"https:\/\/rankmath.com\/pricing\/?utm_source=Plugin&utm_medium=CE%20General%20Tab%20Trends&utm_campaign=WP","trendsUpgradeLabel":"Actualizeaz\u0103","trendsPreviewImage":"https:\/\/onlinebettingspace.com\/wp-content\/plugins\/seo-by-rank-math\/assets\/admin\/img\/trends-preview.jpg","currentEditor":false,"homepageData":{"assessor":{"powerWords":[],"diacritics":true,"researchesTests":["contentHasTOC","contentHasShortParagraphs","contentHasAssets","keywordInTitle","keywordInMetaDescription","keywordInPermalink","keywordIn10Percent","keywordInContent","keywordInSubheadings","keywordInImageAlt","keywordDensity","keywordNotUsed","lengthContent","lengthPermalink","linksHasInternal","linksHasExternals","linksNotAllExternals","titleStartWithKeyword","titleSentiment","titleHasPowerWords","titleHasNumber","hasContentAI"],"hasBreadcrumb":false,"serpData":{"title":"%sitename% %page% %sep% %sitedesc%","description":"","titleTemplate":"%sitename% %page% %sep% %sitedesc%","descriptionTemplate":"","focusKeywords":"","breadcrumbTitle":"Home","robots":{"index":true},"advancedRobots":[],"facebookTitle":"","facebookDescription":"","facebookImage":"","facebookImageID":""}}},"tocTitle":"Table of Contents","tocExcludeHeadings":[],"listStyle":"ul"},"_links":{"self":[{"href":"https:\/\/onlinebettingspace.com\/ro\/wp-json\/wp\/v2\/pages\/1589","targetHints":{"allow":["GET"]}}],"collection":[{"href":"https:\/\/onlinebettingspace.com\/ro\/wp-json\/wp\/v2\/pages"}],"about":[{"href":"https:\/\/onlinebettingspace.com\/ro\/wp-json\/wp\/v2\/types\/page"}],"author":[{"embeddable":true,"href":"https:\/\/onlinebettingspace.com\/ro\/wp-json\/wp\/v2\/users\/1"}],"replies":[{"embeddable":true,"href":"https:\/\/onlinebettingspace.com\/ro\/wp-json\/wp\/v2\/comments?post=1589"}],"version-history":[{"count":0,"href":"https:\/\/onlinebettingspace.com\/ro\/wp-json\/wp\/v2\/pages\/1589\/revisions"}],"up":[{"embeddable":true,"href":"https:\/\/onlinebettingspace.com\/ro\/wp-json\/wp\/v2\/pages\/1584"}],"wp:attachment":[{"href":"https:\/\/onlinebettingspace.com\/ro\/wp-json\/wp\/v2\/media?parent=1589"}],"curies":[{"name":"wp","href":"https:\/\/api.w.org\/{rel}","templated":true}]}}