{"id":1587,"date":"2022-05-23T23:56:45","date_gmt":"2022-05-23T20:56:45","guid":{"rendered":"https:\/\/onlinebettingspace.com\/?page_id=1587"},"modified":"2022-05-23T23:56:45","modified_gmt":"2022-05-23T20:56:45","slug":"jocuri","status":"publish","type":"page","link":"https:\/\/onlinebettingspace.com\/ro\/casino\/jocuri\/","title":{"rendered":"JOCURI"},"content":{"rendered":"<section class=\"l-section wpb_row height_medium\"><div class=\"l-section-h i-cf\"><div class=\"g-cols vc_row via_flex valign_top type_default stacking_default\"><div class=\"vc_col-sm-12 wpb_column vc_column_container\"><div class=\"vc_column-inner\"><div class=\"wpb_wrapper\"><div class=\"wpb_text_column\"><div class=\"wpb_wrapper\"><h1>Jocuri de cazino online pe bani reali<\/h1>\n<div class=\" WYSIWYG _33 \">\n<p>Industria jocurilor de noroc a crescut considerabil \u00een ultimii ani la noi \u00een \u021bar\u0103, iar tot mai multe cazinouri, at\u00e2t online c\u00e2t \u0219i stradale ofer\u0103 jocuri cu p\u0103c\u0103nele, deci ast\u0103zi orice persoan\u0103 care are un calculator sau un telefon de pe care se poate juca pe internet,\u00a0<strong><a href=\"\/ro\/casino\/\" data-track=\"\">poate c\u00e2\u0219tiga bani reali la jocuri de cazino<\/a><\/strong>\u00a0\u0219i p\u0103c\u0103nele online. A\u0219a c\u0103 \u00een acest articol \u00ee\u021bi prezent\u0103m cum po\u021bi juca jocuri de cazino online ca la aparate<strong>,<\/strong>\u00a0at\u00e2t gratis, c\u00e2t \u0219i pe bani reali, de la baccarat \u0219i rulet\u0103 p\u00e2n\u0103 la sloturi \u0219i kino<\/p>\n<h2><span style=\"font-family: inherit;\">La ce cazinouri online sa joci pe bani reali<\/span><\/h2>\n<\/div>\n<div class=\" WYSIWYG _33 \">\n<p>Exist\u0103 sute de cazinouri online, dar trebuie s\u0103 fi\u021bi foarte aten\u021bi ce alege\u021bi, deoarece este ilegal s\u0103 juca\u021bi la cazniouri care nu au licen\u021b\u0103 de func\u021bionare, fiindc\u0103 acestea sunt interzise prin lege \u00een Rom\u00e2nia, \u0219i cu siguran\u021b\u0103 nu dori\u021bi s\u0103 comite\u021bi ilegalit\u0103\u021bi.<\/p>\n<p>Pute\u021bi juca cu \u00eencredere la Unibet, Netbet, Fortuna, 888Casino sau Winmasters.<\/p>\n<p>Ce s\u0103 juca\u021bi?<\/p>\n<h2>Tipuri de jocuri<\/h2>\n<section class=\" brand_promotion _60 widgetWrapper _3c \" data-widget-id=\"67390\" data-widget-type=\"Brand_Promotion\">\n<div class=\" row _p \">\n<div class=\" info _62 col-sx-12 col-sm-6 _1c col-md-5 _19 \" data-readmore=\"Citeste mai mult\" data-readless=\"citi\u021bi mai pu\u021bin\">\n<div class=\" wrap _63 \">\n<h3 class=\" heading _64 \">Blackjack<\/h3>\n<p class=\" description _ba \">Aproape toate cazinourile online ofer\u0103 variante de blackjack, cum ar fi Blackjack american, Blackjack european, Pontoon \u0219i multe altele. Majoritatea cazinourilor online con\u021bin o sec\u021biune de ajutor (Help), care \u00ee\u021bi ofer\u0103 informa\u021bii pre\u021bioase despre varianta de blackjack pe care o joci. Asigur\u0103-te c\u0103 ai citit aceste informa\u021bii, deoarece exist\u0103 mici deosebiri care te pot ajuta s\u0103 iei cele mai bune decizii \u0219i s\u0103 aplici cele mai adecvate strategii.<\/p>\n<h3 class=\" heading _64 \">Ruleta<\/h3>\n<p class=\" description _ba \">Aici trebuie men\u021bionat c\u0103 jocul de rulet\u0103 este un joc de noroc, unde suntem doar la m\u00e2na destinului, iar astfel, spre deosebire de pariuri sportive, blackjack sau alte tipuri de jocuri de noroc, cuno\u0219tin\u021bele noastre nu ne ajut\u0103 mai deloc. Chiar \u0219i a\u0219a, exist\u0103 foarte multe strategii care te pot ajuta s\u0103 \u00ee\u021bi cre\u0219ti \u0219ansele de c\u00e2\u0219tig. Prima ar fi s\u0103 alegi s\u0103 joci la ruleta european\u0103, nu la cea american\u0103, unde casa de\u021bine un avantaj de 5.4% (fa\u021b\u0103 de 2.5% c\u00e2t se de\u021bine la ruleta european\u0103).<\/p>\n<h3 class=\" heading _64 \">Baccarat<\/h3>\n<p class=\" description _ba \">este un joc popular de cazinou, ap\u0103rut cu foarte mult timp \u00een urm\u0103, destul de complex \u0219i cu reguli precise. Majoritatea cazinourilor ofer\u0103 o versiune a jocului de baccarat, fiind unul dintre jocurile \u00een care se pariaz\u0103 sume uria\u0219e de bani. La Bacarat exist\u0103 dou\u0103 reguli de baz\u0103 pe care trebuie s\u0103 le re\u021bine\u021bi. Juca\u021bi impotriva casei \u0219i nu a celorlal\u021bi juc\u0103tori de la mas\u0103. Dup\u0103 ce a avut loc \u00eemp\u0103r\u021birea c\u0103r\u021bilor, cea mai mare m\u00e2n\u0103 c\u00e2\u0219tig\u0103.<\/p>\n<h3 class=\" heading _64 \">Sloturi<\/h3>\n<p class=\" description _ba \">cele mai cunoscute jocuri casino sunt sloturile video. Dar ce sunt acestea de fapt? Majoritatea cazinourilor de cartier au acele aparate de jocuri eletronice la care po\u021bi juca diferite jocuri, numite popular jocuri cu p\u0103c\u0103nele. Iar un slot video este echivalentul acestor jocuri, singura diferen\u021b\u0103 fiind c\u0103 juca\u021bi pe internet. Dac\u0103 vrei s\u0103 joci p\u0103c\u0103nele ca la aparate, dar online, vei opta pentru sloturi video.<\/p>\n<h2>Jocuri de cazino pe mobil \u0219i aplica\u021bii<\/h2>\n<p>Cu ceva ani \u00een urm\u0103 era imposibil de imaginat c\u0103 vom juca jocuri casino online. Tehnologia se dezvolt\u0103 tot mai rapid \u00eens\u0103, iar cazinourile online au \u021binut pasul cu nout\u0103\u021bile. Tot mai mul\u021bi juc\u0103tori au \u00eenceput s\u0103 joace astfel. Este foarte u\u0219or, sigur \u0219i accesibil oriunde v\u0103 afla\u021bi. Este potrivit pentru cei ocupa\u021bi care nu au mereu timp s\u0103 se a\u0219eze la calculator.<\/p>\n<p>Este o metod\u0103 excelent\u0103 de a alunga plictiseala \u00een timpul c\u0103l\u0103toriilor sau \u00een pauza de mas\u0103. Singurul dezavantaj al cazinourilor pe mobil este c\u0103 num\u0103rul jocurilor este mai mic dec\u00e2t pe PC. Dar exist\u0103 multe jocuri exclusive pe care nu le pute\u021bi accesa dec\u00e2t pe telefon: The Invisible Man, Paranormal Activity, Cherry Trio, Jackpot 6000 Touch la NetBet sau Jackpot Poker la Unibet \u0219i Winmasters.<\/p>\n<h2>Regulile jocurilor de cazino<\/h2>\n<p>Vrei s\u0103 ai succes la jocuri de cazino? Fie c\u0103 pariezi sume de bani la jocuri de poker, jocuri cu p\u0103c\u0103nele sau jocuri de cazino gratis, principiul este acela\u015fi \u015fi nu trebuie s\u0103 te aba\u0163i de la un set de reguli foarte simple \u00eenainte de a \u00eencepe. Extrem de important este s\u0103 nu intri la un joc de casino pe care nu-l cuno\u015fti \u00een am\u0103nunt. Dac\u0103 te atrage cu adev\u0103rat, de ce s\u0103 nu studiezi jocul \u00eenainte de a paria? Internetul \u00ee\u0163i ofer\u0103 toate informa\u0163iile \u015fi, foarte important, marile cazinouri online \u00ee\u0163i \u0219i jocuri cazino gratis.<\/p>\n<h2>Bonusuri \u0219i promo\u021bii<\/h2>\n<p>Un juc\u0103tor experimentat de cazino online \u0219tie c\u0103 pentru a-si maximiza consistent \u0219ansele de a c\u00e2\u0219tiga, trebuie s\u0103 caute mereu\u00a0<strong><a href=\"\/ro\/casino\/bonusuri\/\" data-track=\"\">bonusuri \u0219i promo\u021bii la cazinourile\u00a0<\/a><\/strong>unde este \u00eenregistrat \u0219i s\u0103 joace acolo unde are mereu ceva extra din partea cazinoului.<\/p>\n<p>Pentru a fi sigur c\u0103 \u00eentotdeauna vei fi la curent cu ofertele \u0219i vei face cea mai bun\u0103 alegere \u00een acest sens, cel mai bine este s\u0103\u00a0<strong><a href=\"https:\/\/onlinebettingspace.com\/ro\/casinos-online\/\" data-track=\"\">accesezi site-urile operatorilor de cazinouri licen\u021bia\u021bi<\/a><\/strong>, dar \u0219i s\u0103 urm\u0103re\u0219ti constant pagina noastr\u0103, deoarece \u00eentotdeauna vom prezenta pe site cele mai noi \u0219i mai interesante promo\u021bii.<\/p>\n<h2>Furnizori software de top<\/h2>\n<p>Majoritatea juc\u0103torilor, c\u00e2nd aleg s\u0103 \u00ee\u0219i \u00eencerce norocul la jocuri cu p\u0103c\u0103nele online sau alte tipuri de jocuri casino, \u021bin \u00een primul r\u00e2nd cont de numele cazinoului. Nu este o gre\u0219eal\u0103, dar mai este un factor la fel de important de care trebuie s\u0103 \u021bii cont c\u00e2nd alegi unde s\u0103 joci \u2013 numele firmelor care furnizeaz\u0103 jocurile! Dac\u0103 cazinoul ofer\u0103 un site mai mult sau mai pu\u021bin stabil, o\u00a0<strong><a href=\"\/ro\/casino\/plata\/\" data-track=\"\">gam\u0103 larg\u0103 sau limitat\u0103 de<\/a>\u00a0metode de plat\u0103 \u0219i alte servicii similare<\/strong>, providerul este \u00een schimb cel care ofer\u0103 tot ce \u021bine de joc: grafic\u0103, facilit\u0103\u021bi, jackpot-uri, chiar \u0219i payout-ul.<\/p>\n<div><\/div>\n<section class=\" testimonials _80 widgetWrapper _3c \" data-widget-id=\"67403\" data-widget-type=\"Testimonials\">\n<div class=\" row _p testimonialWrapper _81 \">\n<div class=\" col-xs-12 _20 col-sm-6 _1c testimonialItem _82 \">\n<div class=\" messageBubble _83 \">&#8222;Apreciez modul prompt, funny \u0219i amabil prin care prezenta\u021bi toate informa\u021biile \u0219i r\u0103spunde\u021bi neclarit\u0103\u021bilor. Informa\u021biile oferite pe acest site ajut\u0103 foarte mult \u0219i fac jocul \u00eentr-un cazino mult mai pl\u0103cut. O platform\u0103 excelent\u0103 care ofer\u0103 informa\u021bii pertinente \u0219i extrem de folositoare despre cum s\u0103 joci \u0219i despre cazinourile de top din \u021bara noastr\u0103.&#8221;<\/div>\n<\/div>\n<\/div>\n<\/section>\n<h2>Concluzie<\/h2>\n<p>\u00cen concluzie, nu uita c\u0103 nu exist\u0103 o strategie magic\u0103 cu ajutorul c\u0103reia s\u0103 po\u021bi c\u00e2\u0219tiga constant din jocuri de cazino. \u00centotdeauna cotele \u0219i \u0219ansele de c\u00e2\u0219tig vor fi \u00eempotriva ta \u0219i nu prea ai cum s\u0103 schimbi acest lucru. Joac\u0103 responsabil \u0219i impune-\u021bi s\u0103 ai o limit\u0103 \u015fi s\u0103 \u015ftii c\u00e2nd s\u0103 renun\u0163i. Dac\u0103 vezi c\u0103 \u0219ansa nu-\u021bi sur\u00e2de opre\u0219te-te; ia o pauz\u0103 p\u00e2n\u0103 ai o zi mai bun\u0103 \u0219i astfel limitezi pierderile.<\/p>\n<\/div>\n<\/div>\n<\/div>\n<\/section>\n<\/div>\n<\/div><\/div><\/div><\/div><\/div><\/div><\/div><\/section>\n","protected":false},"excerpt":{"rendered":"Jocuri de cazino online pe bani reali Industria jocurilor de noroc a crescut considerabil \u00een ultimii ani la noi \u00een \u021bar\u0103, iar tot mai multe cazinouri, at\u00e2t online c\u00e2t \u0219i stradale ofer\u0103 jocuri cu p\u0103c\u0103nele, deci ast\u0103zi orice persoan\u0103 care are un calculator sau un telefon de pe care se poate juca pe internet,\u00a0poate c\u00e2\u0219tiga...","protected":false},"author":1,"featured_media":0,"parent":1584,"menu_order":0,"comment_status":"closed","ping_status":"closed","template":"","meta":{"_acf_changed":false,"footnotes":""},"class_list":["post-1587","page","type-page","status-publish","hentry"],"acf":[],"rankMath":{"parentDomain":"onlinebettingspace.com","noFollowDomains":[],"noFollowExcludeDomains":[],"noFollowExternalLinks":false,"featuredImageNotice":"Imaginea reprezentativ\u0103 ar trebui s\u0103 fie de cel pu\u021bin 200 x 200 pixeli pentru a fi preluat\u0103 de Facebook \u0219i de alte re\u021bele de socializare.","pluginReviewed":true,"postSettings":{"linkSuggestions":true,"useFocusKeyword":false},"frontEndScore":false,"postName":"jocuri","permalinkFormat":"https:\/\/onlinebettingspace.com\/ro\/%pagename%\/","showLockModifiedDate":true,"assessor":{"focusKeywordLink":"https:\/\/onlinebettingspace.com\/wp-admin\/edit.php?focus_keyword=%focus_keyword%&post_type=%post_type%","hasTOCPlugin":false,"primaryTaxonomy":false,"serpData":{"title":"Vino \u0219i joaca jocuri de cazino online pe bani reali | onlinebettingspace.com","description":"Noua tendin\u0163\u0103 \u00een industria jocurilor de noroc sunt cazinourile online, iar operatorii investesc sume imense pentru crearea de jocuri pentru astfel de platforme \u015fi ofer\u0103 bonusuri sau jackpot-uri impresionante","focusKeywords":"","pillarContent":false,"canonicalUrl":"","breadcrumbTitle":"","advancedRobots":[],"facebookTitle":"","facebookDescription":"","facebookImage":"","facebookImageID":"","facebookHasOverlay":false,"facebookImageOverlay":"","facebookAuthor":"","twitterCardType":"","twitterUseFacebook":true,"twitterTitle":"","twitterDescription":"","twitterImage":"","twitterImageID":"","twitterHasOverlay":false,"twitterImageOverlay":"","twitterPlayerUrl":"","twitterPlayerSize":"","twitterPlayerStream":"","twitterPlayerStreamCtype":"","twitterAppDescription":"","twitterAppIphoneName":"","twitterAppIphoneID":"","twitterAppIphoneUrl":"","twitterAppIpadName":"","twitterAppIpadID":"","twitterAppIpadUrl":"","twitterAppGoogleplayName":"","twitterAppGoogleplayID":"","twitterAppGoogleplayUrl":"","twitterAppCountry":"","robots":{"index":true},"twitterAuthor":"nume utilizator","primaryTerm":0,"authorName":"OBSAdmin","titleTemplate":"%title% %sep% %sitename%","descriptionTemplate":"%excerpt%","showScoreFrontend":true,"lockModifiedDate":false},"powerWords":[],"diacritics":{"A":"[\\u0041\\u24B6\\uFF21\\u00C0\\u00C1\\u00C2\\u1EA6\\u1EA4\\u1EAA\\u1EA8\\u00C3\\u0100\\u0102\\u1EB0\\u1EAE\\u1EB4\\u1EB2\\u0226\\u01E0\\u00C4\\u01DE\\u1EA2\\u00C5\\u01FA\\u01CD\\u0200\\u0202\\u1EA0\\u1EAC\\u1EB6\\u1E00\\u0104\\u023A\\u2C6F]","AA":"[\\uA732]","AE":"[\\u00C6\\u01FC\\u01E2]","AO":"[\\uA734]","AU":"[\\uA736]","AV":"[\\uA738\\uA73A]","AY":"[\\uA73C]","B":"[\\u0042\\u24B7\\uFF22\\u1E02\\u1E04\\u1E06\\u0243\\u0182\\u0181]","C":"[\\u0043\\u24B8\\uFF23\\u0106\\u0108\\u010A\\u010C\\u00C7\\u1E08\\u0187\\u023B\\uA73E]","D":"[\\u0044\\u24B9\\uFF24\\u1E0A\\u010E\\u1E0C\\u1E10\\u1E12\\u1E0E\\u0110\\u018B\\u018A\\u0189\\uA779]","DZ":"[\\u01F1\\u01C4]","Dz":"[\\u01F2\\u01C5]","E":"[\\u0045\\u24BA\\uFF25\\u00C8\\u00C9\\u00CA\\u1EC0\\u1EBE\\u1EC4\\u1EC2\\u1EBC\\u0112\\u1E14\\u1E16\\u0114\\u0116\\u00CB\\u1EBA\\u011A\\u0204\\u0206\\u1EB8\\u1EC6\\u0228\\u1E1C\\u0118\\u1E18\\u1E1A\\u0190\\u018E]","F":"[\\u0046\\u24BB\\uFF26\\u1E1E\\u0191\\uA77B]","G":"[\\u0047\\u24BC\\uFF27\\u01F4\\u011C\\u1E20\\u011E\\u0120\\u01E6\\u0122\\u01E4\\u0193\\uA7A0\\uA77D\\uA77E]","H":"[\\u0048\\u24BD\\uFF28\\u0124\\u1E22\\u1E26\\u021E\\u1E24\\u1E28\\u1E2A\\u0126\\u2C67\\u2C75\\uA78D]","I":"[\\u0049\\u24BE\\uFF29\\u00CC\\u00CD\\u00CE\\u0128\\u012A\\u012C\\u0130\\u00CF\\u1E2E\\u1EC8\\u01CF\\u0208\\u020A\\u1ECA\\u012E\\u1E2C\\u0197]","J":"[\\u004A\\u24BF\\uFF2A\\u0134\\u0248]","K":"[\\u004B\\u24C0\\uFF2B\\u1E30\\u01E8\\u1E32\\u0136\\u1E34\\u0198\\u2C69\\uA740\\uA742\\uA744\\uA7A2]","L":"[\\u004C\\u24C1\\uFF2C\\u013F\\u0139\\u013D\\u1E36\\u1E38\\u013B\\u1E3C\\u1E3A\\u0141\\u023D\\u2C62\\u2C60\\uA748\\uA746\\uA780]","LJ":"[\\u01C7]","Lj":"[\\u01C8]","M":"[\\u004D\\u24C2\\uFF2D\\u1E3E\\u1E40\\u1E42\\u2C6E\\u019C]","N":"[\\u004E\\u24C3\\uFF2E\\u01F8\\u0143\\u00D1\\u1E44\\u0147\\u1E46\\u0145\\u1E4A\\u1E48\\u0220\\u019D\\uA790\\uA7A4]","NJ":"[\\u01CA]","Nj":"[\\u01CB]","O":"[\\u004F\\u24C4\\uFF2F\\u00D2\\u00D3\\u00D4\\u1ED2\\u1ED0\\u1ED6\\u1ED4\\u00D5\\u1E4C\\u022C\\u1E4E\\u014C\\u1E50\\u1E52\\u014E\\u022E\\u0230\\u00D6\\u022A\\u1ECE\\u0150\\u01D1\\u020C\\u020E\\u01A0\\u1EDC\\u1EDA\\u1EE0\\u1EDE\\u1EE2\\u1ECC\\u1ED8\\u01EA\\u01EC\\u00D8\\u01FE\\u0186\\u019F\\uA74A\\uA74C]","OI":"[\\u01A2]","OO":"[\\uA74E]","OU":"[\\u0222]","P":"[\\u0050\\u24C5\\uFF30\\u1E54\\u1E56\\u01A4\\u2C63\\uA750\\uA752\\uA754]","Q":"[\\u0051\\u24C6\\uFF31\\uA756\\uA758\\u024A]","R":"[\\u0052\\u24C7\\uFF32\\u0154\\u1E58\\u0158\\u0210\\u0212\\u1E5A\\u1E5C\\u0156\\u1E5E\\u024C\\u2C64\\uA75A\\uA7A6\\uA782]","S":"[\\u0053\\u24C8\\uFF33\\u1E9E\\u015A\\u1E64\\u015C\\u1E60\\u0160\\u1E66\\u1E62\\u1E68\\u0218\\u015E\\u2C7E\\uA7A8\\uA784]","T":"[\\u0054\\u24C9\\uFF34\\u1E6A\\u0164\\u1E6C\\u021A\\u0162\\u1E70\\u1E6E\\u0166\\u01AC\\u01AE\\u023E\\uA786]","TZ":"[\\uA728]","U":"[\\u0055\\u24CA\\uFF35\\u00D9\\u00DA\\u00DB\\u0168\\u1E78\\u016A\\u1E7A\\u016C\\u00DC\\u01DB\\u01D7\\u01D5\\u01D9\\u1EE6\\u016E\\u0170\\u01D3\\u0214\\u0216\\u01AF\\u1EEA\\u1EE8\\u1EEE\\u1EEC\\u1EF0\\u1EE4\\u1E72\\u0172\\u1E76\\u1E74\\u0244]","V":"[\\u0056\\u24CB\\uFF36\\u1E7C\\u1E7E\\u01B2\\uA75E\\u0245]","VY":"[\\uA760]","W":"[\\u0057\\u24CC\\uFF37\\u1E80\\u1E82\\u0174\\u1E86\\u1E84\\u1E88\\u2C72]","X":"[\\u0058\\u24CD\\uFF38\\u1E8A\\u1E8C]","Y":"[\\u0059\\u24CE\\uFF39\\u1EF2\\u00DD\\u0176\\u1EF8\\u0232\\u1E8E\\u0178\\u1EF6\\u1EF4\\u01B3\\u024E\\u1EFE]","Z":"[\\u005A\\u24CF\\uFF3A\\u0179\\u1E90\\u017B\\u017D\\u1E92\\u1E94\\u01B5\\u0224\\u2C7F\\u2C6B\\uA762]","a":"[\\u0061\\u24D0\\uFF41\\u1E9A\\u00E0\\u00E1\\u00E2\\u1EA7\\u1EA5\\u1EAB\\u1EA9\\u00E3\\u0101\\u0103\\u1EB1\\u1EAF\\u1EB5\\u1EB3\\u0227\\u01E1\\u00E4\\u01DF\\u1EA3\\u00E5\\u01FB\\u01CE\\u0201\\u0203\\u1EA1\\u1EAD\\u1EB7\\u1E01\\u0105\\u2C65\\u0250]","aa":"[\\uA733]","ae":"[\\u00E6\\u01FD\\u01E3]","ao":"[\\uA735]","au":"[\\uA737]","av":"[\\uA739\\uA73B]","ay":"[\\uA73D]","b":"[\\u0062\\u24D1\\uFF42\\u1E03\\u1E05\\u1E07\\u0180\\u0183\\u0253]","c":"[\\u0063\\u24D2\\uFF43\\u0107\\u0109\\u010B\\u010D\\u00E7\\u1E09\\u0188\\u023C\\uA73F\\u2184]","d":"[\\u0064\\u24D3\\uFF44\\u1E0B\\u010F\\u1E0D\\u1E11\\u1E13\\u1E0F\\u0111\\u018C\\u0256\\u0257\\uA77A]","dz":"[\\u01F3\\u01C6]","e":"[\\u0065\\u24D4\\uFF45\\u00E8\\u00E9\\u00EA\\u1EC1\\u1EBF\\u1EC5\\u1EC3\\u1EBD\\u0113\\u1E15\\u1E17\\u0115\\u0117\\u00EB\\u1EBB\\u011B\\u0205\\u0207\\u1EB9\\u1EC7\\u0229\\u1E1D\\u0119\\u1E19\\u1E1B\\u0247\\u025B\\u01DD]","f":"[\\u0066\\u24D5\\uFF46\\u1E1F\\u0192\\uA77C]","g":"[\\u0067\\u24D6\\uFF47\\u01F5\\u011D\\u1E21\\u011F\\u0121\\u01E7\\u0123\\u01E5\\u0260\\uA7A1\\u1D79\\uA77F]","h":"[\\u0068\\u24D7\\uFF48\\u0125\\u1E23\\u1E27\\u021F\\u1E25\\u1E29\\u1E2B\\u1E96\\u0127\\u2C68\\u2C76\\u0265]","hv":"[\\u0195]","i":"[\\u0069\\u24D8\\uFF49\\u00EC\\u00ED\\u00EE\\u0129\\u012B\\u012D\\u00EF\\u1E2F\\u1EC9\\u01D0\\u0209\\u020B\\u1ECB\\u012F\\u1E2D\\u0268\\u0131]","j":"[\\u006A\\u24D9\\uFF4A\\u0135\\u01F0\\u0249]","k":"[\\u006B\\u24DA\\uFF4B\\u1E31\\u01E9\\u1E33\\u0137\\u1E35\\u0199\\u2C6A\\uA741\\uA743\\uA745\\uA7A3]","l":"[\\u006C\\u24DB\\uFF4C\\u0140\\u013A\\u013E\\u1E37\\u1E39\\u013C\\u1E3D\\u1E3B\\u017F\\u0142\\u019A\\u026B\\u2C61\\uA749\\uA781\\uA747]","lj":"[\\u01C9]","m":"[\\u006D\\u24DC\\uFF4D\\u1E3F\\u1E41\\u1E43\\u0271\\u026F]","n":"[\\u006E\\u24DD\\uFF4E\\u01F9\\u0144\\u00F1\\u1E45\\u0148\\u1E47\\u0146\\u1E4B\\u1E49\\u019E\\u0272\\u0149\\uA791\\uA7A5]","nj":"[\\u01CC]","o":"[\\u006F\\u24DE\\uFF4F\\u00F2\\u00F3\\u00F4\\u1ED3\\u1ED1\\u1ED7\\u1ED5\\u00F5\\u1E4D\\u022D\\u1E4F\\u014D\\u1E51\\u1E53\\u014F\\u022F\\u0231\\u00F6\\u022B\\u1ECF\\u0151\\u01D2\\u020D\\u020F\\u01A1\\u1EDD\\u1EDB\\u1EE1\\u1EDF\\u1EE3\\u1ECD\\u1ED9\\u01EB\\u01ED\\u00F8\\u01FF\\u0254\\uA74B\\uA74D\\u0275]","oi":"[\\u01A3]","ou":"[\\u0223]","oo":"[\\uA74F]","p":"[\\u0070\\u24DF\\uFF50\\u1E55\\u1E57\\u01A5\\u1D7D\\uA751\\uA753\\uA755]","q":"[\\u0071\\u24E0\\uFF51\\u024B\\uA757\\uA759]","r":"[\\u0072\\u24E1\\uFF52\\u0155\\u1E59\\u0159\\u0211\\u0213\\u1E5B\\u1E5D\\u0157\\u1E5F\\u024D\\u027D\\uA75B\\uA7A7\\uA783]","s":"[\\u0073\\u24E2\\uFF53\\u015B\\u1E65\\u015D\\u1E61\\u0161\\u1E67\\u1E63\\u1E69\\u0219\\u015F\\u023F\\uA7A9\\uA785\\u1E9B]","ss":"[\\u00DF]","t":"[\\u0074\\u24E3\\uFF54\\u1E6B\\u1E97\\u0165\\u1E6D\\u021B\\u0163\\u1E71\\u1E6F\\u0167\\u01AD\\u0288\\u2C66\\uA787]","tz":"[\\uA729]","u":"[\\u0075\\u24E4\\uFF55\\u00F9\\u00FA\\u00FB\\u0169\\u1E79\\u016B\\u1E7B\\u016D\\u00FC\\u01DC\\u01D8\\u01D6\\u01DA\\u1EE7\\u016F\\u0171\\u01D4\\u0215\\u0217\\u01B0\\u1EEB\\u1EE9\\u1EEF\\u1EED\\u1EF1\\u1EE5\\u1E73\\u0173\\u1E77\\u1E75\\u0289]","v":"[\\u0076\\u24E5\\uFF56\\u1E7D\\u1E7F\\u028B\\uA75F\\u028C]","vy":"[\\uA761]","w":"[\\u0077\\u24E6\\uFF57\\u1E81\\u1E83\\u0175\\u1E87\\u1E85\\u1E98\\u1E89\\u2C73]","x":"[\\u0078\\u24E7\\uFF58\\u1E8B\\u1E8D]","y":"[\\u0079\\u24E8\\uFF59\\u1EF3\\u00FD\\u0177\\u1EF9\\u0233\\u1E8F\\u00FF\\u1EF7\\u1E99\\u1EF5\\u01B4\\u024F\\u1EFF]","z":"[\\u007A\\u24E9\\uFF5A\\u017A\\u1E91\\u017C\\u017E\\u1E93\\u1E95\\u01B6\\u0225\\u0240\\u2C6C\\uA763]"},"researchesTests":["contentHasTOC","contentHasShortParagraphs","contentHasAssets","keywordInTitle","keywordInMetaDescription","keywordInPermalink","keywordIn10Percent","keywordInContent","keywordInSubheadings","keywordInImageAlt","keywordDensity","keywordNotUsed","lengthContent","lengthPermalink","linksHasInternal","linksHasExternals","linksNotAllExternals","titleStartWithKeyword","titleSentiment","titleHasPowerWords","titleHasNumber","hasContentAI"],"hasRedirection":true,"hasBreadcrumb":false},"homeUrl":"https:\/\/onlinebettingspace.com\/ro\/","objectID":1587,"objectType":"post","locale":"ro","localeFull":"ro_RO","overlayImages":{"play":{"name":"Play icon","url":"https:\/\/onlinebettingspace.com\/wp-content\/plugins\/seo-by-rank-math\/assets\/admin\/img\/icon-play.png","path":"\/home\/SuperAdmin\/web\/onlinebettingspace.com\/public_html\/wp-content\/plugins\/seo-by-rank-math\/assets\/admin\/img\/icon-play.png","position":"middle_center"},"gif":{"name":"Icon GIF","url":"https:\/\/onlinebettingspace.com\/wp-content\/plugins\/seo-by-rank-math\/assets\/admin\/img\/icon-gif.png","path":"\/home\/SuperAdmin\/web\/onlinebettingspace.com\/public_html\/wp-content\/plugins\/seo-by-rank-math\/assets\/admin\/img\/icon-gif.png","position":"middle_center"}},"defautOgImage":"https:\/\/onlinebettingspace.com\/wp-content\/uploads\/2022\/04\/OBS-FULL-LOGO.webp","customPermalinks":true,"isUserRegistered":true,"autoSuggestKeywords":true,"connectSiteUrl":"https:\/\/rankmath.com\/auth?site=https%3A%2F%2Fonlinebettingspace.com%2Fro%2F&r=https%3A%2F%2Fonlinebettingspace.com%2Fro%2Fwp-json%2Fwp%2Fv2%2Fpages%2F1587%3Fnonce%3D6b0ba1cea1","maxTags":5,"trendsIcon":"<svg viewBox=\"0 0 610 610\"><path d=\"M18.85,446,174.32,290.48l58.08,58.08L76.93,504a14.54,14.54,0,0,1-20.55,0L18.83,466.48a14.54,14.54,0,0,1,0-20.55Z\" style=\"fill:#4285f4\"\/><path d=\"M242.65,242.66,377.59,377.6l-47.75,47.75a14.54,14.54,0,0,1-20.55,0L174.37,290.43l47.75-47.75A14.52,14.52,0,0,1,242.65,242.66Z\" style=\"fill:#ea4335\"\/><polygon points=\"319.53 319.53 479.26 159.8 537.34 217.88 377.61 377.62 319.53 319.53\" style=\"fill:#fabb05\"\/><path d=\"M594.26,262.73V118.61h0a16.94,16.94,0,0,0-16.94-16.94H433.2a16.94,16.94,0,0,0-12,28.92L565.34,274.71h0a16.94,16.94,0,0,0,28.92-12Z\" style=\"fill:#34a853\"\/><rect width=\"610\" height=\"610\" style=\"fill:none\"\/><\/svg>","showScore":true,"siteFavIcon":"https:\/\/onlinebettingspace.com\/wp-content\/uploads\/2022\/04\/OBS-LOGO-1.webp","canUser":{"general":false,"advanced":false,"snippet":false,"social":false,"analysis":false,"analytics":false,"content_ai":false},"showKeywordIntent":true,"isPro":false,"is_front_page":false,"trendsUpgradeLink":"https:\/\/rankmath.com\/pricing\/?utm_source=Plugin&utm_medium=CE%20General%20Tab%20Trends&utm_campaign=WP","trendsUpgradeLabel":"Actualizeaz\u0103","trendsPreviewImage":"https:\/\/onlinebettingspace.com\/wp-content\/plugins\/seo-by-rank-math\/assets\/admin\/img\/trends-preview.jpg","currentEditor":false,"homepageData":{"assessor":{"powerWords":[],"diacritics":true,"researchesTests":["contentHasTOC","contentHasShortParagraphs","contentHasAssets","keywordInTitle","keywordInMetaDescription","keywordInPermalink","keywordIn10Percent","keywordInContent","keywordInSubheadings","keywordInImageAlt","keywordDensity","keywordNotUsed","lengthContent","lengthPermalink","linksHasInternal","linksHasExternals","linksNotAllExternals","titleStartWithKeyword","titleSentiment","titleHasPowerWords","titleHasNumber","hasContentAI"],"hasBreadcrumb":false,"serpData":{"title":"%sitename% %page% %sep% %sitedesc%","description":"","titleTemplate":"%sitename% %page% %sep% %sitedesc%","descriptionTemplate":"","focusKeywords":"","breadcrumbTitle":"Home","robots":{"index":true},"advancedRobots":[],"facebookTitle":"","facebookDescription":"","facebookImage":"","facebookImageID":""}}},"tocTitle":"Table of Contents","tocExcludeHeadings":[],"listStyle":"ul"},"_links":{"self":[{"href":"https:\/\/onlinebettingspace.com\/ro\/wp-json\/wp\/v2\/pages\/1587","targetHints":{"allow":["GET"]}}],"collection":[{"href":"https:\/\/onlinebettingspace.com\/ro\/wp-json\/wp\/v2\/pages"}],"about":[{"href":"https:\/\/onlinebettingspace.com\/ro\/wp-json\/wp\/v2\/types\/page"}],"author":[{"embeddable":true,"href":"https:\/\/onlinebettingspace.com\/ro\/wp-json\/wp\/v2\/users\/1"}],"replies":[{"embeddable":true,"href":"https:\/\/onlinebettingspace.com\/ro\/wp-json\/wp\/v2\/comments?post=1587"}],"version-history":[{"count":0,"href":"https:\/\/onlinebettingspace.com\/ro\/wp-json\/wp\/v2\/pages\/1587\/revisions"}],"up":[{"embeddable":true,"href":"https:\/\/onlinebettingspace.com\/ro\/wp-json\/wp\/v2\/pages\/1584"}],"wp:attachment":[{"href":"https:\/\/onlinebettingspace.com\/ro\/wp-json\/wp\/v2\/media?parent=1587"}],"curies":[{"name":"wp","href":"https:\/\/api.w.org\/{rel}","templated":true}]}}