{"id":2932,"date":"2022-09-03T23:42:39","date_gmt":"2022-09-03T20:42:39","guid":{"rendered":"https:\/\/onlinebettingspace.com\/?page_id=2932"},"modified":"2022-09-03T23:42:39","modified_gmt":"2022-09-03T20:42:39","slug":"betzest-casino","status":"publish","type":"page","link":"https:\/\/onlinebettingspace.com\/no\/betzest-casino\/","title":{"rendered":"BETZEST CASINO"},"content":{"rendered":"<section class=\"l-section wpb_row height_medium\"><div class=\"l-section-h i-cf\"><div class=\"g-cols vc_row via_flex valign_top type_default stacking_default\"><div class=\"vc_col-sm-12 wpb_column vc_column_container\"><div class=\"vc_column-inner\"><div class=\"wpb_wrapper\"><div class=\"wpb_text_column\"><div class=\"wpb_wrapper\"><h1>Betzest Casino<\/h1>\n<ul class=\"review__info-list reset-list\">\n<li>Velkomstpakke\u00a03050 kr<\/li>\n<li>Lisens\u00a0Malta<\/li>\n<li>Omsetningskrav\u00a035<\/li>\n<li>\u00c5pnings\u00e5r\u00a02018<\/li>\n<li>Minste innskudd\u00a0100 kr<\/li>\n<li>Live chat p\u00e5 norsk\u00a0Nei<\/li>\n<\/ul>\n<p>Betzest er et casino som satser p\u00e5 b\u00e5de casinospill og sportsbettinger, og har live casino i tillegg. Der hvor vi ikke imponeres over spillutvalget i casinodelen, blir vi glade for \u00e5 se alle bonusene som er tilgjengelige!<\/p>\n<h2>Sjekk hvor mye du kan f\u00e5 i bonus<\/h2>\n<h2>Betzest Positivt og negativt<\/h2>\n<h2>Positivt<\/h2>\n<ul>\n<li>\n<div>50 kr innskuddsfri bonus ved mobilverifisering<\/div>\n<\/li>\n<li>\n<div>Alltid omsetningsfrie freespins<\/div>\n<\/li>\n<li>\n<div>Stort live casino<\/div>\n<\/li>\n<li>\n<div>Mange bonuser<\/div>\n<\/li>\n<\/ul>\n<h2>Negativt<\/h2>\n<ul>\n<li>\n<div class=\"marketing-cols__item-content\">Siden er kun delvis p\u00e5 norsk<\/div>\n<\/li>\n<li class=\"marketing-cols__item\">\n<div class=\"marketing-cols__item-content\">Ikke norsk kundeservice<\/div>\n<\/li>\n<li class=\"marketing-cols__item\">\n<div class=\"marketing-cols__item-content\">Ikke d\u00f8gn\u00e5pen kundeservice<\/div>\n<\/li>\n<li class=\"marketing-cols__item\">\n<div class=\"marketing-cols__item-content\">F\u00e5 spilleautomater<\/div>\n<\/li>\n<\/ul>\n<p>Med et enormt variert innhold st\u00e5r Betzest klare til \u00e5 ta oss imot. Vi m\u00f8tes av en casinoside som har mye som skjer, og det tar et lite \u00f8yeblikk f\u00f8r vi venner oss til det vi ser. Men n\u00e5r vi finner rette fliker for rett innhold, g\u00e5r navigeringen bra. Siden er kun delvis tilpasset og oversatt til norsk. Dette er noe vi ikke liker.<\/p>\n<p>Betzest drives av Betomall og ble startet i 2018. Dette casinoet er det eneste casinoet fra Betomall.<\/p>\n<h2>Velkomstbonus<\/h2>\n<p>Du f\u00e5r 100% opptil 3000 kr hos Betzest casino<\/p>\n<h3>Bonus og vilk\u00e5r<\/h3>\n<p>Du har 14 dager til \u00e5 gjennomspille omsetningskravet. Omsetningskravet er p\u00e5 35 x bonusen. Minsteinnskuddet p\u00e5 velkomstbonusen hos Betzest er p\u00e5 100 kr, og for \u00e5 m\u00f8te omsetningskravet m\u00e5 du passe p\u00e5 at de spillene du spiller teller inn nok p\u00e5 omsetningskravet. We are Casino, Konseptspilleautomater teller ikke inn p\u00e5 omsetningskravet, mens de fleste andre spilleautomater teller 100%. Live casinospill og bordspill teller 0 \u2013 20%.<\/p>\n<p>Siden Betzest er et casino som satser mye p\u00e5 sportsspill s\u00e5 er det bra at de tilbyr en velkomstbonus til dette ogs\u00e5. Det venter 100% opptil 1500 kr for deg som vil ha mer sportsmoro online hos Betzest.<\/p>\n<p>Har du noe mer \u00e5 legge til om bonusen som venter om Betzest casino, eller mener du det er noe vi burde endre? Vi setter stor pris p\u00e5 om du kan skrive det her!<\/p>\n<p><strong>Bonusenes totalvurdering \u2013 7<\/strong><\/p>\n<h2>Et casino for deg som liker bonuser og kampanjer hver dag<\/h2>\n<ul>\n<li><strong>Daglige kampanjer<\/strong>: Betzest stiller med flere tilbud i uken. Hver tirsdag vil ditt innskudd matches med en 100% gratisspinn. Du kan motta opptil 100 gratisspinn eller innskuddsbonus. Onsdager gir deg 50 kr gratisspinn uten innskudd og torsdager gir 100 gratisspinn og 60% bonus. Et innskudd p\u00e5 500 kr eller mer p\u00e5 en fredag gir deg 50% opptil 1000 kr og 80 gratisspinn p\u00e5 Trollpot 5000.<\/li>\n<li><strong>Cashback<\/strong>: Hver helg kan du f\u00e5 15% cashback opptil 1500 kr. Dette regnes ut ifra de tapene helgen (dessverre) har bragt med seg. Cashback kommer uten omsetningskrav.<\/li>\n<\/ul>\n<h3>V\u00e5r favorittkampanje<\/h3>\n<p><strong>Happy Hour<\/strong><\/p>\n<p>Hos Betzest casino for mellom 16:00 og 19:00 f\u00e5r du 50 gratisspinn med ditt innskudd. Best av alt: det er ingen omsetningskrav p\u00e5 disse gratisspinnene!<\/p>\n<p>Alt det Betzest casino mangler av spill og norsktalende kundeservice tas igjen p\u00e5 bonusfronten. Hver dag er en bra dag \u00e5 gj\u00f8re innskudd p\u00e5 for deg som liker bonuser, og i tillegg til de faste bonusene tilbyr casinoet mange gode kampanjemuligheter som er sesongbaserte.<\/p>\n<p>Vi liker ogs\u00e5 registreringsbonusen p\u00e5 50 kr som venter n\u00e5r du har registrert og verifisert ditt mobilnummer.<\/p>\n<p>Over p\u00e5 sportsdelen av casinoet venter det ogs\u00e5 masse kampanjer og bonuser, noe som s\u00f8rger for at du som vil utnytte denne delen av Betzest ogs\u00e5 f\u00e5r noe ekstra inn p\u00e5 kontoen.<\/p>\n<h2>Casinospill og sportsspill i en herlig kombinasjon<\/h2>\n<ul>\n<li><strong>Spilleautomater:<\/strong>\u00a0573<\/li>\n<li><strong>Roulette:\u00a0<\/strong>21<\/li>\n<li><strong>Videopoker:<\/strong>\u00a09<\/li>\n<li><strong>Bingo:<\/strong>\u00a07<\/li>\n<li><strong>Blackjack:\u00a0<\/strong>77<\/li>\n<li><strong>Baccarat:<\/strong>\u00a026<\/li>\n<li><strong>Craps<\/strong>: 0<\/li>\n<li><strong>Keno:<\/strong>\u00a02<\/li>\n<li><strong>Skrapelodd:\u00a0<\/strong>32<\/li>\n<li><strong>Live Casino:<\/strong>\u00a0140<\/li>\n<li><strong>Spillutviklere:<\/strong>\u00a0NetEnt, Evolution Gaming, Microgaming, Quickspin, JFTW, Fortune Factory, Rabcat, Big Time Gaming, Foxium og Pragmatic Play<\/li>\n<\/ul>\n<p>Siden er oversiktlig og god, og det er mange underkategorier, samt opplysninger om antall spill. Dette gj\u00f8r det veldig lett \u00e5 finne de spillene du vil teste, eller lete deg frem til nye spill.<\/p>\n<p>Det som ikke imponerer like mye er antall spilleautomater som er tilgjengelige hos Betzest casino. Med s\u00e5 mange toppleverand\u00f8rer som er popul\u00e6re p\u00e5 det norske markedet, som NetEnt, Pragmatic Play og Quickspin, s\u00e5 burde det v\u00e6re mulig \u00e5 ha flere enn 573 spilleautomater tilgjengelige. Dette er til og med inkludert progressive jackpoter og alle videospilleautomater.<\/p>\n<h3>Live casino<\/h3>\n<p>Live casino, derimot, er en herlig opplevelse. Det er 140 spill med live dealer som du kan spille p\u00e5, og vi er glade for \u00e5 se at det ikke bare er Evolution Gaming sine spill. Ved \u00e5 inkludere spill fra Pragmatic Play p\u00e5 listen, f\u00e5r Betzest casino et utvalg som ikke er tilgjengelig p\u00e5 alle casinoer. Dette er et bra casino for deg som vil ha mange spill med live dealer!<\/p>\n<p>Betzest casino er ogs\u00e5 et godt spillested for deg som vil ha sportsspill i kombinasjon med casinospill. Det er veldig positivt at de har b\u00e5de sporter, live odds, virtuelle sporter og e-sporter i tillegg til de tradisjonelle casinospillene.<\/p>\n<p><strong>Spillenes totalvurdering \u2013 8<\/strong><\/p>\n<h2>Kundeservice er ikke p\u00e5 norsk og ikke d\u00f8gn\u00e5pen<\/h2>\n<ul>\n<li><strong>Live chat<\/strong>: Ja<\/li>\n<li><strong>Telefon<\/strong>: \u2013<\/li>\n<li><strong>Epost<\/strong>: support@betzest.com<\/li>\n<li><strong>\u00c5pningstider<\/strong>: 09:00 \u2013 00:00<\/li>\n<li><strong>Norsk spr\u00e5k<\/strong>: Nei<\/li>\n<\/ul>\n<p>Vi kontakter Betzest og f\u00e5r den hjelpen vi er ute etter. Dessverre kan de ikke tilby oss norsk hjelp, og det er heller ikke noen mulighet for \u00e5 f\u00e5 det vi skriver oversatt. Noe av det mest positive med kundeservice hos Betzest er at hjelpen var p\u00e5 pletten etter kun f\u00e5 sekunder og var meget im\u00f8tekommende og hjelpsomme.<\/p>\n<p><strong>Kundeservicens totalvurdering \u2013 6<\/strong><\/p>\n<h2>Et enormt utvalg av betalingsl\u00f8sninger<\/h2>\n<p>Som registrert Betzest casino spiller kan du velge mellom f\u00f8lgende betalingsmetoder, vi vet fungerer godt b\u00e5de inn og ut av Norge.<\/p>\n<figure>\n<table>\n<thead>\n<tr>\n<th>Betalingsmetode<\/th>\n<th>Min\/maks innskudd<\/th>\n<th>Min\/maks uttak<\/th>\n<th>Uttakstid<\/th>\n<th>Avgift<\/th>\n<\/tr>\n<\/thead>\n<tbody>\n<tr>\n<td>Visa og Mastercard<\/td>\n<td>100 kr \u2013 \/<\/td>\n<td>Fra 100 kr- \/<\/td>\n<td>Opptil fem dager<\/td>\n<td>0%<\/td>\n<\/tr>\n<tr>\n<td>Neteller, Skrill, EcoPayz<\/td>\n<td>100 kr \u2013 \/<\/td>\n<td>Fra 100 kr \u2013 \/<\/td>\n<td>15 min til 24 timer<\/td>\n<td>0%<\/td>\n<\/tr>\n<tr>\n<td>Muchbetter<\/td>\n<td>100 kr \u2013 \/<\/td>\n<td>Fra 100 kr \u2013 \/<\/td>\n<td>15 min til 24 timer<\/td>\n<td>0%<\/td>\n<\/tr>\n<tr>\n<td>Bankoverf\u00f8ring<\/td>\n<td>\u2013<\/td>\n<td>Fra 100 kr \u2013 \/<\/td>\n<td>Fra to til syv dager<\/td>\n<td>0&amp;<\/td>\n<\/tr>\n<\/tbody>\n<\/table>\n<\/figure>\n<p>V\u00e5r erfaring med alle metoder er at de fungerer kjapt og sikkert til og fra ditt utvalgte nettcasino. V\u00e6r klar over at uttak til kortene er avhengig av at du har satt inn penger med kortet og at du ikke kan ta ut mer enn du har satt inn.<\/p>\n<p><strong>Betalingsmetodenes totalvurdering \u2013 10<\/strong><\/p>\n<h2>En god registrering<\/h2>\n<p>Hos Betzest er det en todelt registreringsside, men alt skjer simultant. Det betyr at du ikke trenger \u00e5 fylle ut en side til for \u00e5 velge brukernavn eller passord, for eksempel. Registreringen er s\u00f8ml\u00f8s og lett \u00e5 gjennomf\u00f8re.<\/p>\n<h2>Fungerer ok via mobilen<\/h2>\n<p>Den mobile siden til Betzest fungerer fin og tilpasser seg til skjermen. Det er dog igjen spillutvalget som trekker ned. N\u00e5r du skal spille via mobilen er det enda f\u00e6rre spill tilgjengelige. Derimot finnes alt av sport, live sport og e-sport tilgjengelig.<\/p>\n<p><strong>Registreringsprosessens og mobilcasinoets totalvurdering \u2013 6<\/strong><\/p>\n<\/div><\/div><\/div><\/div><\/div><\/div><\/div><\/section>\n","protected":false},"excerpt":{"rendered":"Betzest Casino Velkomstpakke\u00a03050 kr Lisens\u00a0Malta Omsetningskrav\u00a035 \u00c5pnings\u00e5r\u00a02018 Minste innskudd\u00a0100 kr Live chat p\u00e5 norsk\u00a0Nei Betzest er et casino som satser p\u00e5 b\u00e5de casinospill og sportsbettinger, og har live casino i tillegg. Der hvor vi ikke imponeres over spillutvalget i casinodelen, blir vi glade for \u00e5 se alle bonusene som er tilgjengelige! Sjekk hvor mye du...","protected":false},"author":1,"featured_media":0,"parent":0,"menu_order":0,"comment_status":"closed","ping_status":"closed","template":"","meta":{"_acf_changed":false,"footnotes":""},"class_list":["post-2932","page","type-page","status-publish","hentry"],"acf":[],"rankMath":{"parentDomain":"onlinebettingspace.com","noFollowDomains":[],"noFollowExcludeDomains":[],"noFollowExternalLinks":false,"featuredImageNotice":"The featured image should be at least 200 by 200 pixels to be picked up by Facebook and other social media sites.","pluginReviewed":true,"postSettings":{"linkSuggestions":true,"useFocusKeyword":false},"frontEndScore":false,"postName":"betzest-casino","permalinkFormat":"https:\/\/onlinebettingspace.com\/no\/%pagename%\/","showLockModifiedDate":true,"assessor":{"focusKeywordLink":"https:\/\/onlinebettingspace.com\/wp-admin\/edit.php?focus_keyword=%focus_keyword%&post_type=%post_type%","hasTOCPlugin":false,"primaryTaxonomy":false,"serpData":{"title":"Betzest | Kampanjer, Score og Spillmuligheter","description":"Les ekspertenes vurdering av Betzest, finn ut hvordan du kan f\u00e5 daglige kampanjer og omsetningsfrie freespins. 100% opptil 3000 kr i velkomstbonus venter!","focusKeywords":"BETZEST CASINO","pillarContent":false,"canonicalUrl":"","breadcrumbTitle":"","advancedRobots":[],"facebookTitle":"","facebookDescription":"","facebookImage":"","facebookImageID":"","facebookHasOverlay":false,"facebookImageOverlay":"","facebookAuthor":"","twitterCardType":"","twitterUseFacebook":true,"twitterTitle":"","twitterDescription":"","twitterImage":"","twitterImageID":"","twitterHasOverlay":false,"twitterImageOverlay":"","twitterPlayerUrl":"","twitterPlayerSize":"","twitterPlayerStream":"","twitterPlayerStreamCtype":"","twitterAppDescription":"","twitterAppIphoneName":"","twitterAppIphoneID":"","twitterAppIphoneUrl":"","twitterAppIpadName":"","twitterAppIpadID":"","twitterAppIpadUrl":"","twitterAppGoogleplayName":"","twitterAppGoogleplayID":"","twitterAppGoogleplayUrl":"","twitterAppCountry":"","robots":{"index":true},"twitterAuthor":"username","primaryTerm":0,"authorName":"OBSAdmin","titleTemplate":"%title% %sep% %sitename%","descriptionTemplate":"%excerpt%","showScoreFrontend":true,"lockModifiedDate":false},"powerWords":[],"diacritics":{"A":"[\\u0041\\u24B6\\uFF21\\u00C0\\u00C1\\u00C2\\u1EA6\\u1EA4\\u1EAA\\u1EA8\\u00C3\\u0100\\u0102\\u1EB0\\u1EAE\\u1EB4\\u1EB2\\u0226\\u01E0\\u00C4\\u01DE\\u1EA2\\u00C5\\u01FA\\u01CD\\u0200\\u0202\\u1EA0\\u1EAC\\u1EB6\\u1E00\\u0104\\u023A\\u2C6F]","AA":"[\\uA732]","AE":"[\\u00C6\\u01FC\\u01E2]","AO":"[\\uA734]","AU":"[\\uA736]","AV":"[\\uA738\\uA73A]","AY":"[\\uA73C]","B":"[\\u0042\\u24B7\\uFF22\\u1E02\\u1E04\\u1E06\\u0243\\u0182\\u0181]","C":"[\\u0043\\u24B8\\uFF23\\u0106\\u0108\\u010A\\u010C\\u00C7\\u1E08\\u0187\\u023B\\uA73E]","D":"[\\u0044\\u24B9\\uFF24\\u1E0A\\u010E\\u1E0C\\u1E10\\u1E12\\u1E0E\\u0110\\u018B\\u018A\\u0189\\uA779]","DZ":"[\\u01F1\\u01C4]","Dz":"[\\u01F2\\u01C5]","E":"[\\u0045\\u24BA\\uFF25\\u00C8\\u00C9\\u00CA\\u1EC0\\u1EBE\\u1EC4\\u1EC2\\u1EBC\\u0112\\u1E14\\u1E16\\u0114\\u0116\\u00CB\\u1EBA\\u011A\\u0204\\u0206\\u1EB8\\u1EC6\\u0228\\u1E1C\\u0118\\u1E18\\u1E1A\\u0190\\u018E]","F":"[\\u0046\\u24BB\\uFF26\\u1E1E\\u0191\\uA77B]","G":"[\\u0047\\u24BC\\uFF27\\u01F4\\u011C\\u1E20\\u011E\\u0120\\u01E6\\u0122\\u01E4\\u0193\\uA7A0\\uA77D\\uA77E]","H":"[\\u0048\\u24BD\\uFF28\\u0124\\u1E22\\u1E26\\u021E\\u1E24\\u1E28\\u1E2A\\u0126\\u2C67\\u2C75\\uA78D]","I":"[\\u0049\\u24BE\\uFF29\\u00CC\\u00CD\\u00CE\\u0128\\u012A\\u012C\\u0130\\u00CF\\u1E2E\\u1EC8\\u01CF\\u0208\\u020A\\u1ECA\\u012E\\u1E2C\\u0197]","J":"[\\u004A\\u24BF\\uFF2A\\u0134\\u0248]","K":"[\\u004B\\u24C0\\uFF2B\\u1E30\\u01E8\\u1E32\\u0136\\u1E34\\u0198\\u2C69\\uA740\\uA742\\uA744\\uA7A2]","L":"[\\u004C\\u24C1\\uFF2C\\u013F\\u0139\\u013D\\u1E36\\u1E38\\u013B\\u1E3C\\u1E3A\\u0141\\u023D\\u2C62\\u2C60\\uA748\\uA746\\uA780]","LJ":"[\\u01C7]","Lj":"[\\u01C8]","M":"[\\u004D\\u24C2\\uFF2D\\u1E3E\\u1E40\\u1E42\\u2C6E\\u019C]","N":"[\\u004E\\u24C3\\uFF2E\\u01F8\\u0143\\u00D1\\u1E44\\u0147\\u1E46\\u0145\\u1E4A\\u1E48\\u0220\\u019D\\uA790\\uA7A4]","NJ":"[\\u01CA]","Nj":"[\\u01CB]","O":"[\\u004F\\u24C4\\uFF2F\\u00D2\\u00D3\\u00D4\\u1ED2\\u1ED0\\u1ED6\\u1ED4\\u00D5\\u1E4C\\u022C\\u1E4E\\u014C\\u1E50\\u1E52\\u014E\\u022E\\u0230\\u00D6\\u022A\\u1ECE\\u0150\\u01D1\\u020C\\u020E\\u01A0\\u1EDC\\u1EDA\\u1EE0\\u1EDE\\u1EE2\\u1ECC\\u1ED8\\u01EA\\u01EC\\u00D8\\u01FE\\u0186\\u019F\\uA74A\\uA74C]","OI":"[\\u01A2]","OO":"[\\uA74E]","OU":"[\\u0222]","P":"[\\u0050\\u24C5\\uFF30\\u1E54\\u1E56\\u01A4\\u2C63\\uA750\\uA752\\uA754]","Q":"[\\u0051\\u24C6\\uFF31\\uA756\\uA758\\u024A]","R":"[\\u0052\\u24C7\\uFF32\\u0154\\u1E58\\u0158\\u0210\\u0212\\u1E5A\\u1E5C\\u0156\\u1E5E\\u024C\\u2C64\\uA75A\\uA7A6\\uA782]","S":"[\\u0053\\u24C8\\uFF33\\u1E9E\\u015A\\u1E64\\u015C\\u1E60\\u0160\\u1E66\\u1E62\\u1E68\\u0218\\u015E\\u2C7E\\uA7A8\\uA784]","T":"[\\u0054\\u24C9\\uFF34\\u1E6A\\u0164\\u1E6C\\u021A\\u0162\\u1E70\\u1E6E\\u0166\\u01AC\\u01AE\\u023E\\uA786]","TZ":"[\\uA728]","U":"[\\u0055\\u24CA\\uFF35\\u00D9\\u00DA\\u00DB\\u0168\\u1E78\\u016A\\u1E7A\\u016C\\u00DC\\u01DB\\u01D7\\u01D5\\u01D9\\u1EE6\\u016E\\u0170\\u01D3\\u0214\\u0216\\u01AF\\u1EEA\\u1EE8\\u1EEE\\u1EEC\\u1EF0\\u1EE4\\u1E72\\u0172\\u1E76\\u1E74\\u0244]","V":"[\\u0056\\u24CB\\uFF36\\u1E7C\\u1E7E\\u01B2\\uA75E\\u0245]","VY":"[\\uA760]","W":"[\\u0057\\u24CC\\uFF37\\u1E80\\u1E82\\u0174\\u1E86\\u1E84\\u1E88\\u2C72]","X":"[\\u0058\\u24CD\\uFF38\\u1E8A\\u1E8C]","Y":"[\\u0059\\u24CE\\uFF39\\u1EF2\\u00DD\\u0176\\u1EF8\\u0232\\u1E8E\\u0178\\u1EF6\\u1EF4\\u01B3\\u024E\\u1EFE]","Z":"[\\u005A\\u24CF\\uFF3A\\u0179\\u1E90\\u017B\\u017D\\u1E92\\u1E94\\u01B5\\u0224\\u2C7F\\u2C6B\\uA762]","a":"[\\u0061\\u24D0\\uFF41\\u1E9A\\u00E0\\u00E1\\u00E2\\u1EA7\\u1EA5\\u1EAB\\u1EA9\\u00E3\\u0101\\u0103\\u1EB1\\u1EAF\\u1EB5\\u1EB3\\u0227\\u01E1\\u00E4\\u01DF\\u1EA3\\u00E5\\u01FB\\u01CE\\u0201\\u0203\\u1EA1\\u1EAD\\u1EB7\\u1E01\\u0105\\u2C65\\u0250]","aa":"[\\uA733]","ae":"[\\u00E6\\u01FD\\u01E3]","ao":"[\\uA735]","au":"[\\uA737]","av":"[\\uA739\\uA73B]","ay":"[\\uA73D]","b":"[\\u0062\\u24D1\\uFF42\\u1E03\\u1E05\\u1E07\\u0180\\u0183\\u0253]","c":"[\\u0063\\u24D2\\uFF43\\u0107\\u0109\\u010B\\u010D\\u00E7\\u1E09\\u0188\\u023C\\uA73F\\u2184]","d":"[\\u0064\\u24D3\\uFF44\\u1E0B\\u010F\\u1E0D\\u1E11\\u1E13\\u1E0F\\u0111\\u018C\\u0256\\u0257\\uA77A]","dz":"[\\u01F3\\u01C6]","e":"[\\u0065\\u24D4\\uFF45\\u00E8\\u00E9\\u00EA\\u1EC1\\u1EBF\\u1EC5\\u1EC3\\u1EBD\\u0113\\u1E15\\u1E17\\u0115\\u0117\\u00EB\\u1EBB\\u011B\\u0205\\u0207\\u1EB9\\u1EC7\\u0229\\u1E1D\\u0119\\u1E19\\u1E1B\\u0247\\u025B\\u01DD]","f":"[\\u0066\\u24D5\\uFF46\\u1E1F\\u0192\\uA77C]","g":"[\\u0067\\u24D6\\uFF47\\u01F5\\u011D\\u1E21\\u011F\\u0121\\u01E7\\u0123\\u01E5\\u0260\\uA7A1\\u1D79\\uA77F]","h":"[\\u0068\\u24D7\\uFF48\\u0125\\u1E23\\u1E27\\u021F\\u1E25\\u1E29\\u1E2B\\u1E96\\u0127\\u2C68\\u2C76\\u0265]","hv":"[\\u0195]","i":"[\\u0069\\u24D8\\uFF49\\u00EC\\u00ED\\u00EE\\u0129\\u012B\\u012D\\u00EF\\u1E2F\\u1EC9\\u01D0\\u0209\\u020B\\u1ECB\\u012F\\u1E2D\\u0268\\u0131]","j":"[\\u006A\\u24D9\\uFF4A\\u0135\\u01F0\\u0249]","k":"[\\u006B\\u24DA\\uFF4B\\u1E31\\u01E9\\u1E33\\u0137\\u1E35\\u0199\\u2C6A\\uA741\\uA743\\uA745\\uA7A3]","l":"[\\u006C\\u24DB\\uFF4C\\u0140\\u013A\\u013E\\u1E37\\u1E39\\u013C\\u1E3D\\u1E3B\\u017F\\u0142\\u019A\\u026B\\u2C61\\uA749\\uA781\\uA747]","lj":"[\\u01C9]","m":"[\\u006D\\u24DC\\uFF4D\\u1E3F\\u1E41\\u1E43\\u0271\\u026F]","n":"[\\u006E\\u24DD\\uFF4E\\u01F9\\u0144\\u00F1\\u1E45\\u0148\\u1E47\\u0146\\u1E4B\\u1E49\\u019E\\u0272\\u0149\\uA791\\uA7A5]","nj":"[\\u01CC]","o":"[\\u006F\\u24DE\\uFF4F\\u00F2\\u00F3\\u00F4\\u1ED3\\u1ED1\\u1ED7\\u1ED5\\u00F5\\u1E4D\\u022D\\u1E4F\\u014D\\u1E51\\u1E53\\u014F\\u022F\\u0231\\u00F6\\u022B\\u1ECF\\u0151\\u01D2\\u020D\\u020F\\u01A1\\u1EDD\\u1EDB\\u1EE1\\u1EDF\\u1EE3\\u1ECD\\u1ED9\\u01EB\\u01ED\\u00F8\\u01FF\\u0254\\uA74B\\uA74D\\u0275]","oi":"[\\u01A3]","ou":"[\\u0223]","oo":"[\\uA74F]","p":"[\\u0070\\u24DF\\uFF50\\u1E55\\u1E57\\u01A5\\u1D7D\\uA751\\uA753\\uA755]","q":"[\\u0071\\u24E0\\uFF51\\u024B\\uA757\\uA759]","r":"[\\u0072\\u24E1\\uFF52\\u0155\\u1E59\\u0159\\u0211\\u0213\\u1E5B\\u1E5D\\u0157\\u1E5F\\u024D\\u027D\\uA75B\\uA7A7\\uA783]","s":"[\\u0073\\u24E2\\uFF53\\u015B\\u1E65\\u015D\\u1E61\\u0161\\u1E67\\u1E63\\u1E69\\u0219\\u015F\\u023F\\uA7A9\\uA785\\u1E9B]","ss":"[\\u00DF]","t":"[\\u0074\\u24E3\\uFF54\\u1E6B\\u1E97\\u0165\\u1E6D\\u021B\\u0163\\u1E71\\u1E6F\\u0167\\u01AD\\u0288\\u2C66\\uA787]","tz":"[\\uA729]","u":"[\\u0075\\u24E4\\uFF55\\u00F9\\u00FA\\u00FB\\u0169\\u1E79\\u016B\\u1E7B\\u016D\\u00FC\\u01DC\\u01D8\\u01D6\\u01DA\\u1EE7\\u016F\\u0171\\u01D4\\u0215\\u0217\\u01B0\\u1EEB\\u1EE9\\u1EEF\\u1EED\\u1EF1\\u1EE5\\u1E73\\u0173\\u1E77\\u1E75\\u0289]","v":"[\\u0076\\u24E5\\uFF56\\u1E7D\\u1E7F\\u028B\\uA75F\\u028C]","vy":"[\\uA761]","w":"[\\u0077\\u24E6\\uFF57\\u1E81\\u1E83\\u0175\\u1E87\\u1E85\\u1E98\\u1E89\\u2C73]","x":"[\\u0078\\u24E7\\uFF58\\u1E8B\\u1E8D]","y":"[\\u0079\\u24E8\\uFF59\\u1EF3\\u00FD\\u0177\\u1EF9\\u0233\\u1E8F\\u00FF\\u1EF7\\u1E99\\u1EF5\\u01B4\\u024F\\u1EFF]","z":"[\\u007A\\u24E9\\uFF5A\\u017A\\u1E91\\u017C\\u017E\\u1E93\\u1E95\\u01B6\\u0225\\u0240\\u2C6C\\uA763]"},"researchesTests":["contentHasTOC","contentHasShortParagraphs","contentHasAssets","keywordInTitle","keywordInMetaDescription","keywordInPermalink","keywordIn10Percent","keywordInContent","keywordInSubheadings","keywordInImageAlt","keywordDensity","keywordNotUsed","lengthContent","lengthPermalink","linksHasInternal","linksHasExternals","linksNotAllExternals","titleStartWithKeyword","titleSentiment","titleHasPowerWords","titleHasNumber","hasContentAI"],"hasRedirection":true,"hasBreadcrumb":false},"homeUrl":"https:\/\/onlinebettingspace.com\/no\/","objectID":2932,"objectType":"post","locale":"nb","localeFull":"nb_NO","overlayImages":{"play":{"name":"Play icon","url":"https:\/\/onlinebettingspace.com\/wp-content\/plugins\/seo-by-rank-math\/assets\/admin\/img\/icon-play.png","path":"\/home\/SuperAdmin\/web\/onlinebettingspace.com\/public_html\/wp-content\/plugins\/seo-by-rank-math\/assets\/admin\/img\/icon-play.png","position":"middle_center"},"gif":{"name":"GIF icon","url":"https:\/\/onlinebettingspace.com\/wp-content\/plugins\/seo-by-rank-math\/assets\/admin\/img\/icon-gif.png","path":"\/home\/SuperAdmin\/web\/onlinebettingspace.com\/public_html\/wp-content\/plugins\/seo-by-rank-math\/assets\/admin\/img\/icon-gif.png","position":"middle_center"}},"defautOgImage":"https:\/\/onlinebettingspace.com\/wp-content\/uploads\/2022\/04\/OBS-FULL-LOGO.webp","customPermalinks":true,"isUserRegistered":true,"autoSuggestKeywords":true,"connectSiteUrl":"https:\/\/rankmath.com\/auth?site=https%3A%2F%2Fonlinebettingspace.com%2Fno%2F&r=https%3A%2F%2Fonlinebettingspace.com%2Fno%2Fwp-json%2Fwp%2Fv2%2Fpages%2F2932%3Fnonce%3Dab039ff9e3","maxTags":5,"trendsIcon":"<svg viewBox=\"0 0 610 610\"><path d=\"M18.85,446,174.32,290.48l58.08,58.08L76.93,504a14.54,14.54,0,0,1-20.55,0L18.83,466.48a14.54,14.54,0,0,1,0-20.55Z\" style=\"fill:#4285f4\"\/><path d=\"M242.65,242.66,377.59,377.6l-47.75,47.75a14.54,14.54,0,0,1-20.55,0L174.37,290.43l47.75-47.75A14.52,14.52,0,0,1,242.65,242.66Z\" style=\"fill:#ea4335\"\/><polygon points=\"319.53 319.53 479.26 159.8 537.34 217.88 377.61 377.62 319.53 319.53\" style=\"fill:#fabb05\"\/><path d=\"M594.26,262.73V118.61h0a16.94,16.94,0,0,0-16.94-16.94H433.2a16.94,16.94,0,0,0-12,28.92L565.34,274.71h0a16.94,16.94,0,0,0,28.92-12Z\" style=\"fill:#34a853\"\/><rect width=\"610\" height=\"610\" style=\"fill:none\"\/><\/svg>","showScore":true,"siteFavIcon":"https:\/\/onlinebettingspace.com\/wp-content\/uploads\/2022\/04\/OBS-LOGO-1.webp","canUser":{"general":false,"advanced":false,"snippet":false,"social":false,"analysis":false,"analytics":false,"content_ai":false},"showKeywordIntent":true,"isPro":false,"is_front_page":false,"trendsUpgradeLink":"https:\/\/rankmath.com\/pricing\/?utm_source=Plugin&utm_medium=CE%20General%20Tab%20Trends&utm_campaign=WP","trendsUpgradeLabel":"Upgrade","trendsPreviewImage":"https:\/\/onlinebettingspace.com\/wp-content\/plugins\/seo-by-rank-math\/assets\/admin\/img\/trends-preview.jpg","currentEditor":false,"homepageData":{"assessor":{"powerWords":[],"diacritics":true,"researchesTests":["contentHasTOC","contentHasShortParagraphs","contentHasAssets","keywordInTitle","keywordInMetaDescription","keywordInPermalink","keywordIn10Percent","keywordInContent","keywordInSubheadings","keywordInImageAlt","keywordDensity","keywordNotUsed","lengthContent","lengthPermalink","linksHasInternal","linksHasExternals","linksNotAllExternals","titleStartWithKeyword","titleSentiment","titleHasPowerWords","titleHasNumber","hasContentAI"],"hasBreadcrumb":false,"serpData":{"title":"%sitename% %page% %sep% %sitedesc%","description":"","titleTemplate":"%sitename% %page% %sep% %sitedesc%","descriptionTemplate":"","focusKeywords":"","breadcrumbTitle":"Home","robots":{"index":true},"advancedRobots":[],"facebookTitle":"","facebookDescription":"","facebookImage":"","facebookImageID":""}}},"tocTitle":"Table of Contents","tocExcludeHeadings":[],"listStyle":"ul"},"_links":{"self":[{"href":"https:\/\/onlinebettingspace.com\/no\/wp-json\/wp\/v2\/pages\/2932","targetHints":{"allow":["GET"]}}],"collection":[{"href":"https:\/\/onlinebettingspace.com\/no\/wp-json\/wp\/v2\/pages"}],"about":[{"href":"https:\/\/onlinebettingspace.com\/no\/wp-json\/wp\/v2\/types\/page"}],"author":[{"embeddable":true,"href":"https:\/\/onlinebettingspace.com\/no\/wp-json\/wp\/v2\/users\/1"}],"replies":[{"embeddable":true,"href":"https:\/\/onlinebettingspace.com\/no\/wp-json\/wp\/v2\/comments?post=2932"}],"version-history":[{"count":0,"href":"https:\/\/onlinebettingspace.com\/no\/wp-json\/wp\/v2\/pages\/2932\/revisions"}],"wp:attachment":[{"href":"https:\/\/onlinebettingspace.com\/no\/wp-json\/wp\/v2\/media?parent=2932"}],"curies":[{"name":"wp","href":"https:\/\/api.w.org\/{rel}","templated":true}]}}