{"id":2929,"date":"2022-09-03T23:34:11","date_gmt":"2022-09-03T20:34:11","guid":{"rendered":"https:\/\/onlinebettingspace.com\/?page_id=2929"},"modified":"2022-09-03T23:34:11","modified_gmt":"2022-09-03T20:34:11","slug":"leo-vegas-casino","status":"publish","type":"page","link":"https:\/\/onlinebettingspace.com\/no\/leo-vegas-casino\/","title":{"rendered":"LEO VEGAS CASINO"},"content":{"rendered":"<section class=\"l-section wpb_row height_medium\"><div class=\"l-section-h i-cf\"><div class=\"g-cols vc_row via_flex valign_top type_default stacking_default\"><div class=\"vc_col-sm-12 wpb_column vc_column_container\"><div class=\"vc_column-inner\"><div class=\"wpb_wrapper\"><div class=\"wpb_text_column\"><div class=\"wpb_wrapper\"><h1>Leo Vegas Casino<\/h1>\n<ul>\n<li>Velkomstpakke\u00a06000 kr + 100 FS<\/li>\n<li>Lisens\u00a0Malta, Storbritannia, Sverige, Danmark<\/li>\n<li>Omsetningskrav\u00a020<\/li>\n<li>\u00c5pnings\u00e5r\u00a02012<\/li>\n<li>Minste innskudd\u00a0100 kr<\/li>\n<li>Live chat p\u00e5 norsk\u00a0Nei<\/li>\n<\/ul>\n<p>Leo Vegas er en komplett spilltjeneste som dekker alle behov \u2013 enten man spiller fra PC eller mobil. Dette er blant de r\u00e5este spillsidene p\u00e5 markedet og som scorer h\u00f8yt p\u00e5 de fleste parametere. Spesielt r\u00e5 p\u00e5 bonuser og tilbud.<\/p>\n<h2>Positivt og negativt<\/h2>\n<h2>Positivt<\/h2>\n<ul>\n<li>\n<div>Lukrative velkomstpakker<\/div>\n<\/li>\n<li>\n<div>Sv\u00e6rt gunstige bonusvilk\u00e5r<\/div>\n<\/li>\n<li>\n<div>Enormt spillutvalg<\/div>\n<\/li>\n<li>\n<div>Masse eksklusivt innhold<\/div>\n<\/li>\n<\/ul>\n<div>\n<h2>Negativt<\/h2>\n<ul>\n<li>\n<div>Ikke norsk support 24\/7<\/div>\n<\/li>\n<li>\n<div>Lang svartid p\u00e5 epost<\/div>\n<\/li>\n<\/ul>\n<p>Til tross for at de har mindre enn 10 \u00e5rs fartstid er Leo Vegas en av gigantene i bransjen. Casinoet har tatt verden med storm, og er ogs\u00e5 sv\u00e6rt popul\u00e6re i Norge. Casinoet eies av LeoVegas Gaming som ogs\u00e5 har Royal Panda i portef\u00f8ljen. Med Leo Vegas vet du akkurat hva du f\u00e5r enten du spiller fra telefon eller mobil. Da venter et r\u00e5tt spillutvalg, det beste av bonuser og massevis av kampanjer.<\/p>\n<h2>Bonus<\/h2>\n<p>Hos Leo Vegas, f\u00e5r du bonus p\u00e5 opptil 6000 kr + 100 free spins p\u00e5 LeoVegas MEGAWAYS. Hvor mye du f\u00e5r avhenger av hvor mye du setter inn:<\/p>\n<ul>\n<li>100-499 kr i innskudd gir 10 free spins og 100 kr i ekte penger<\/li>\n<li>500-999 kr i innskudd gir 25 free spins og 500 kr i ekte penger<\/li>\n<li>1000-2999 kr i innskudd gir 50 free spins og 1000 kr i ekte penger<\/li>\n<li>3000-5999 kr i innskudd gir 75 free spins og 3000 kr i ekte penger<\/li>\n<li>6000 kr og mer i innskudd gir 100 free spins og 6000 kr i ekte penger<\/li>\n<\/ul>\n<p>Gratisrundene utbetales umiddelbart etter at innskuddet er gjennomf\u00f8rt. Man har 3 dager p\u00e5 seg til \u00e5 benytte disse. Det er ingen omsetningskrav p\u00e5 gevinster.<\/p>\n<p>Velkomstpakken for live casino og odds er som f\u00f8lgende:<\/p>\n<ul>\n<li>Odds velkomstbonus p\u00e5 3000 kr<\/li>\n<li>Live casino velkomstbonus p\u00e5 4000 kr<\/li>\n<\/ul>\n<h3>Bonus og vilk\u00e5r<\/h3>\n<p>Leo Vegas sin bonuspakke viser at det er et casino som opptrer seri\u00f8st og ryddig. De har valgt \u00e5 g\u00e5 sine egne veier og tilbyr velkomstbonusen som ekte penger. Hvordan fungerer s\u00e5 det?<\/p>\n<ul>\n<li>Du bestemmer deg for hvor mye du vil sette inn<\/li>\n<li>Du f\u00e5r umiddelbart utbetalt det antall gratisrunder som matcher innskuddet ditt iht tabellen over<\/li>\n<li>Du omsetter bonuskravet til Leo Vegas som er 20x av bonusbel\u00f8pet ditt<\/li>\n<li>S\u00e5 snart omsetningskravet er fullf\u00f8rt f\u00e5r du bonusen utbetalt som ekte penger. Det inneb\u00e6rer at du har muligheten til \u00e5 f\u00e5 den utbetalt uten at det stilles sp\u00f8rsm\u00e5l<\/li>\n<\/ul>\n<p>Vi har vanskelig for \u00e5 skjule v\u00e5r begeistring for Leo Vegas casinobonusen. For det f\u00f8rste snakker vi om ekte penger. Du kan fullf\u00f8re omsetningskravet og deretter velge \u00e5 ta ut pengene. Ikke mange andre vil gi deg denne muligheten! I tillegg er omsetningskravet kun p\u00e5 20x av bonusbel\u00f8pet, noe som er ekstremt lavt selv om du bare har 7 dager p\u00e5 deg til \u00e5 fullf\u00f8re det.<\/p>\n<p><strong>Bonusenes totalvurdering \u2013 10<\/strong><\/p>\n<h2>Kampanjer hos Leo Vegas<\/h2>\n<ul>\n<li><strong>Storvinneren<\/strong>: Dette er en kampanje hvor du kan vinne 40\u202f000 kr i f\u00f8rstepremie om du sikrer deg h\u00f8yeste gevinst p\u00e5 ett av tre utvalgte spill. Spillene det gjelder byttes ut jevnlig<\/li>\n<li><strong>Leo Vegas VIP Experience<\/strong>: N\u00e5r du er registrert er du ogs\u00e5 VIP medlem. Du starter p\u00e5 niv\u00e5 1 og vil kunne \u00f8ke i niv\u00e5 etter hvert som du spiller. Som VIP spiller er du automatisk med i casinoet sin m\u00e5nedlige VIP gavetrekning. Her trekkes det ut alt fra Apple telefoner til billetter til eksklusive VIP arrangementer. Som VIP blir du tildelt lodd i trekningen, med flere lodd desto h\u00f8yere VIP niv\u00e5 du har<\/li>\n<\/ul>\n<figure>V\u00e5r favorittkampanje<\/figure>\n<p><strong>Vinn 10\u202f000 kr i ekstrapremier hver uke<\/strong><br \/>\nVed \u00e5 spille p\u00e5 tre norske favoritter gir Leo Vegas deg muligheten til \u00e5 kjempe om ekstra premiepenger. Du m\u00e5 spille p\u00e5 enten Joker Millions, Pirates 2: Mutiny eller Reef Run. Det er helt tilfeldig hvem som vinner premier fra 100 kr og oppover!<\/p>\n<p>LeoVegas bytter jevnlig ut kampanjene sine. Skjer det noe spennende kan du v\u00e6re sikker p\u00e5 at du h\u00f8rer om det fra oss!<\/p>\n<h2>Spill<\/h2>\n<ul>\n<li><strong>Spilleautomater<\/strong>: 1667<\/li>\n<li><strong>Roulette<\/strong>: 57<\/li>\n<li><strong>Videopoker<\/strong>: 5<\/li>\n<li><strong>Bingo<\/strong>: 4<\/li>\n<li><strong>Blackjack<\/strong>: 72<\/li>\n<li><strong>Baccarat<\/strong>: 12<\/li>\n<li><strong>Craps<\/strong>: 0<\/li>\n<li><strong>Keno<\/strong>: 1<\/li>\n<li><strong>Skrapelodd<\/strong>: 13<\/li>\n<li><strong>Live Casino<\/strong>: 135<\/li>\n<li><strong>Spillutviklere<\/strong>: Playtech, Microgaming, NetEnt, Cryptologic, Evolution Gaming, Betsoft, Nyx Interactive, Bally, Play\u2019 N Go, IGT, WMS, NextGen Gaming, Blueprint Gaming, iSoftBet, Genesis Gaming, Quickspin, Yggdrasil, Rabcat, Relax Gaming, Thunderkick, 2 By 2 Gaming, Elk Studios, SG Gaming, Lightning Box, Odobo, Quickfire, Pragmatic Play, Red Tiger Gaming og Playson<\/li>\n<\/ul>\n<p>Leo Vegas presenterer en av de r\u00e5este spillutvalgene som er p\u00e5 markedet i dag. Til tross for at de har over 2000 spill \u00e5 velge mellom er det overraskende lett \u00e5 finne frem. Bruk de mange menyene eller s\u00f8kefunksjonen for \u00e5 navigere. Casinoet byr p\u00e5 masse eksklusive automater og har ogs\u00e5 en imponerende samling av gamle klassiske automater.<\/p>\n<p>Det satses ogs\u00e5 offensivt p\u00e5 nyheter og p\u00e5 en egen nyhetsside finner du siste skrik. En av dem er Pragmatic Play automaten Drago \u2013 Jewels of Fortune. Med en unik 5x4x4x4x5 oppbygging er det vanvittige 1600 m\u00e5ter \u00e5 vinne p\u00e5 og hvor h\u00f8yeste gevinst gir 5000x innsatsen din! Vakker grafikk og massevis av funksjoner gir en god totalopplevelse.<\/p>\n<h3>Live casino<\/h3>\n<p>For deg som liker \u00e5 spille live er et bes\u00f8k i Leo Vegas Live Casino et must. Dette er en av de beste live-tjenestene vi har testet. Ikke bare har de massevis av bordspill og game shows fra de st\u00f8rste akt\u00f8rene. De har ogs\u00e5 sitt helt eget live casino, med tv-studio, egne dealere og hele pakken. Du finner det som Chambre S\u00e9par\u00e9e som er 15 ulike Leo Vegas bord innenfor roulette og Blackjack. Fra de over 100 andre live spillene er egne VIP rom og bord med norske dealere ogs\u00e5 en mulighet.<\/p>\n<p><strong>Spillenes totalvurdering \u2013 9<\/strong><\/p>\n<h2>Kundeservice<\/h2>\n<ul>\n<li>Live chat: Ja<\/li>\n<li>Telefon: Ikke tilgjengelig<\/li>\n<li>Epost: support@leovegas.com<\/li>\n<li>\u00c5pningstider: 24\/7<\/li>\n<li>Norsk spr\u00e5k: Ja<\/li>\n<\/ul>\n<p>Leo Vegas sin support-tjeneste er klare til \u00e5 assistere ved behov. Du finner dem via chat eller p\u00e5 epost. Chat er klart \u00e5 anbefale om du vil ha svar raskt, og innenfor 1 minutt n\u00e5r vi har testet dem. Norsk support har noe begrenset \u00e5pningstid fra 08-01, men likevel godt innenfor tiden de fleste har behov for hjelp. Epost besvarelser virker litt mer tilfeldig hvor responstiden i v\u00e5re tester har lagt fra 15 minutter til ett d\u00f8gn!<\/p>\n<p><strong>Kundeservicens totalvurdering- 8<\/strong><\/p>\n<h2>Betalingsmetoder<\/h2>\n<figure>\n<table>\n<thead>\n<tr>\n<th>Betalingsmetode<\/th>\n<th>Min\/maks innskudd<\/th>\n<th>Min\/maks uttak<\/th>\n<th>Uttakstid<\/th>\n<th>Avgift<\/th>\n<\/tr>\n<\/thead>\n<tbody>\n<tr>\n<td>Visa\/Mastercard<\/td>\n<td>100 kr \u2013 20 000 kr<\/td>\n<td>N\/A<\/td>\n<td>N\/A<\/td>\n<td>0%<\/td>\n<\/tr>\n<tr>\n<td>Neteller<\/td>\n<td>100 kr \u2013 10 000 kr<\/td>\n<td>N\/A<\/td>\n<td>N\/A<\/td>\n<td>0%<\/td>\n<\/tr>\n<tr>\n<td>Skrill<\/td>\n<td>100 kr \u2013 10 000 kr<\/td>\n<td>N\/A<\/td>\n<td>N\/A<\/td>\n<td>0%<\/td>\n<\/tr>\n<tr>\n<td>Paysafecard<\/td>\n<td>100 kr \u2013 10 000 kr<\/td>\n<td>N\/A<\/td>\n<td>N\/A<\/td>\n<td>0%<\/td>\n<\/tr>\n<tr>\n<td>Rapid<\/td>\n<td>100 kr \u2013 40 000 kr<\/td>\n<td>N\/A<\/td>\n<td>N\/A<\/td>\n<td>0%<\/td>\n<\/tr>\n<tr>\n<td>Ecopayz<\/td>\n<td>300 kr \u2013 25 000 kr<\/td>\n<td>N\/A<\/td>\n<td>N\/A<\/td>\n<td>0%<\/td>\n<\/tr>\n<tr>\n<td>Muchetter<\/td>\n<td>N\/A<\/td>\n<td>200 kr \u2013 100 000 kr<\/td>\n<td>200 kr \u2013 100 000 kr<\/td>\n<td>0%<\/td>\n<\/tr>\n<\/tbody>\n<\/table>\n<\/figure>\n<p>I f\u00f8rste \u00f8yekast fremst\u00e5r Leo Vegas som et gebyrfritt casino, men det gjelder bare om du holder deg innenfor 30 dagers perioden med tre gratis uttak. G\u00e5r du utover dette vil du bli trukket 30 kr for hvert uttak. Selv om det ikke er all verden, er et godt tips \u00e5 samle opp til et st\u00f8rre bel\u00f8p f\u00f8r du gj\u00f8r et uttak.<\/p>\n<p><strong>Betalingsmetodenes totalvurdering: 7.5<\/strong><\/p>\n<h2>Registrering<\/h2>\n<p>Leo Vegas tilbyr en enkel og rask registreringsprosess med godt brukergrensesnitt. Det tok oss i underkant av to minutter \u00e5 fullf\u00f8re registreringen. Ting du skal v\u00e6re oppmerksom p\u00e5 her er f\u00f8rst og fremst om du \u00f8nsker \u00e5 motta bonuser og tilbud. I motsetning til de fleste andre casino m\u00e5 du her krysse av om du IKKE vil motta tilbud, noe som kan virke litt p\u00e5trengende. Leo Vegas st\u00f8tter ogs\u00e5 Ansvarlig Spill og lar deg sette grense fra 1 til 16 timer som varighet p\u00e5 spill\u00f8kten din. Dette oppgir du ogs\u00e5 ved registrering. N\u00e5r registreringen er fullf\u00f8rt f\u00e5r du tilsendt en fire-sifret verifiseringskode p\u00e5 sms og epost som m\u00e5 angis f\u00f8r du kan begynne \u00e5 spille.<\/p>\n<h2>Leo Vegas mobilcasino<\/h2>\n<p>Leo Vegas har vunnet flere priser for sin mobill\u00f8sning. For Android brukere har de egen app som gir tilgang til det som kanskje er den r\u00e5este mobilopplevelsen p\u00e5 markedet. \u00d8vrige brukere kan st\u00f8tte seg til nettleser-utgaven som er like innholdsrik hva spillutvalg og kampanjer gjelder. Med nesten 2000 casinospill, full tilgang til odds og live casino og massevis av gode tilbud er dette en mobill\u00f8sning vi tror dere nordmenn vil ha stor glede av.<\/p>\n<p><strong>Registreringsprosessens og mobilcasinoets totalvurdering \u2013 6<\/strong><\/p>\n<\/div><\/div><\/div><\/div><\/div><\/div><\/div><\/section>\n<\/div>\n","protected":false},"excerpt":{"rendered":"Leo Vegas Casino Velkomstpakke\u00a06000 kr + 100 FS Lisens\u00a0Malta, Storbritannia, Sverige, Danmark Omsetningskrav\u00a020 \u00c5pnings\u00e5r\u00a02012 Minste innskudd\u00a0100 kr Live chat p\u00e5 norsk\u00a0Nei Leo Vegas er en komplett spilltjeneste som dekker alle behov \u2013 enten man spiller fra PC eller mobil. Dette er blant de r\u00e5este spillsidene p\u00e5 markedet og som scorer h\u00f8yt p\u00e5 de fleste parametere....","protected":false},"author":1,"featured_media":0,"parent":0,"menu_order":0,"comment_status":"closed","ping_status":"closed","template":"","meta":{"_acf_changed":false,"footnotes":""},"class_list":["post-2929","page","type-page","status-publish","hentry"],"acf":[],"rankMath":{"parentDomain":"onlinebettingspace.com","noFollowDomains":[],"noFollowExcludeDomains":[],"noFollowExternalLinks":false,"featuredImageNotice":"The featured image should be at least 200 by 200 pixels to be picked up by Facebook and other social media sites.","pluginReviewed":true,"postSettings":{"linkSuggestions":true,"useFocusKeyword":false},"frontEndScore":false,"postName":"leo-vegas-casino","permalinkFormat":"https:\/\/onlinebettingspace.com\/no\/%pagename%\/","showLockModifiedDate":true,"assessor":{"focusKeywordLink":"https:\/\/onlinebettingspace.com\/wp-admin\/edit.php?focus_keyword=%focus_keyword%&post_type=%post_type%","hasTOCPlugin":false,"primaryTaxonomy":false,"serpData":{"title":"Leo Vegas anmeldelse \u2013 Bonus, vurderinger og rating","description":"Les ekspertenes vurdering av Leo Vegas og l\u00e6r mer om deres store spillutvalg, kampanjer og bonuser. Nye spillere kan f\u00e5 bonus verdt 6000 kr + 100 free spins","focusKeywords":"LEO VEGAS CASINO","pillarContent":false,"canonicalUrl":"","breadcrumbTitle":"","advancedRobots":[],"facebookTitle":"","facebookDescription":"","facebookImage":"","facebookImageID":"","facebookHasOverlay":false,"facebookImageOverlay":"","facebookAuthor":"","twitterCardType":"","twitterUseFacebook":true,"twitterTitle":"","twitterDescription":"","twitterImage":"","twitterImageID":"","twitterHasOverlay":false,"twitterImageOverlay":"","twitterPlayerUrl":"","twitterPlayerSize":"","twitterPlayerStream":"","twitterPlayerStreamCtype":"","twitterAppDescription":"","twitterAppIphoneName":"","twitterAppIphoneID":"","twitterAppIphoneUrl":"","twitterAppIpadName":"","twitterAppIpadID":"","twitterAppIpadUrl":"","twitterAppGoogleplayName":"","twitterAppGoogleplayID":"","twitterAppGoogleplayUrl":"","twitterAppCountry":"","robots":{"index":true},"twitterAuthor":"username","primaryTerm":0,"authorName":"OBSAdmin","titleTemplate":"%title% %sep% %sitename%","descriptionTemplate":"%excerpt%","showScoreFrontend":true,"lockModifiedDate":false},"powerWords":[],"diacritics":{"A":"[\\u0041\\u24B6\\uFF21\\u00C0\\u00C1\\u00C2\\u1EA6\\u1EA4\\u1EAA\\u1EA8\\u00C3\\u0100\\u0102\\u1EB0\\u1EAE\\u1EB4\\u1EB2\\u0226\\u01E0\\u00C4\\u01DE\\u1EA2\\u00C5\\u01FA\\u01CD\\u0200\\u0202\\u1EA0\\u1EAC\\u1EB6\\u1E00\\u0104\\u023A\\u2C6F]","AA":"[\\uA732]","AE":"[\\u00C6\\u01FC\\u01E2]","AO":"[\\uA734]","AU":"[\\uA736]","AV":"[\\uA738\\uA73A]","AY":"[\\uA73C]","B":"[\\u0042\\u24B7\\uFF22\\u1E02\\u1E04\\u1E06\\u0243\\u0182\\u0181]","C":"[\\u0043\\u24B8\\uFF23\\u0106\\u0108\\u010A\\u010C\\u00C7\\u1E08\\u0187\\u023B\\uA73E]","D":"[\\u0044\\u24B9\\uFF24\\u1E0A\\u010E\\u1E0C\\u1E10\\u1E12\\u1E0E\\u0110\\u018B\\u018A\\u0189\\uA779]","DZ":"[\\u01F1\\u01C4]","Dz":"[\\u01F2\\u01C5]","E":"[\\u0045\\u24BA\\uFF25\\u00C8\\u00C9\\u00CA\\u1EC0\\u1EBE\\u1EC4\\u1EC2\\u1EBC\\u0112\\u1E14\\u1E16\\u0114\\u0116\\u00CB\\u1EBA\\u011A\\u0204\\u0206\\u1EB8\\u1EC6\\u0228\\u1E1C\\u0118\\u1E18\\u1E1A\\u0190\\u018E]","F":"[\\u0046\\u24BB\\uFF26\\u1E1E\\u0191\\uA77B]","G":"[\\u0047\\u24BC\\uFF27\\u01F4\\u011C\\u1E20\\u011E\\u0120\\u01E6\\u0122\\u01E4\\u0193\\uA7A0\\uA77D\\uA77E]","H":"[\\u0048\\u24BD\\uFF28\\u0124\\u1E22\\u1E26\\u021E\\u1E24\\u1E28\\u1E2A\\u0126\\u2C67\\u2C75\\uA78D]","I":"[\\u0049\\u24BE\\uFF29\\u00CC\\u00CD\\u00CE\\u0128\\u012A\\u012C\\u0130\\u00CF\\u1E2E\\u1EC8\\u01CF\\u0208\\u020A\\u1ECA\\u012E\\u1E2C\\u0197]","J":"[\\u004A\\u24BF\\uFF2A\\u0134\\u0248]","K":"[\\u004B\\u24C0\\uFF2B\\u1E30\\u01E8\\u1E32\\u0136\\u1E34\\u0198\\u2C69\\uA740\\uA742\\uA744\\uA7A2]","L":"[\\u004C\\u24C1\\uFF2C\\u013F\\u0139\\u013D\\u1E36\\u1E38\\u013B\\u1E3C\\u1E3A\\u0141\\u023D\\u2C62\\u2C60\\uA748\\uA746\\uA780]","LJ":"[\\u01C7]","Lj":"[\\u01C8]","M":"[\\u004D\\u24C2\\uFF2D\\u1E3E\\u1E40\\u1E42\\u2C6E\\u019C]","N":"[\\u004E\\u24C3\\uFF2E\\u01F8\\u0143\\u00D1\\u1E44\\u0147\\u1E46\\u0145\\u1E4A\\u1E48\\u0220\\u019D\\uA790\\uA7A4]","NJ":"[\\u01CA]","Nj":"[\\u01CB]","O":"[\\u004F\\u24C4\\uFF2F\\u00D2\\u00D3\\u00D4\\u1ED2\\u1ED0\\u1ED6\\u1ED4\\u00D5\\u1E4C\\u022C\\u1E4E\\u014C\\u1E50\\u1E52\\u014E\\u022E\\u0230\\u00D6\\u022A\\u1ECE\\u0150\\u01D1\\u020C\\u020E\\u01A0\\u1EDC\\u1EDA\\u1EE0\\u1EDE\\u1EE2\\u1ECC\\u1ED8\\u01EA\\u01EC\\u00D8\\u01FE\\u0186\\u019F\\uA74A\\uA74C]","OI":"[\\u01A2]","OO":"[\\uA74E]","OU":"[\\u0222]","P":"[\\u0050\\u24C5\\uFF30\\u1E54\\u1E56\\u01A4\\u2C63\\uA750\\uA752\\uA754]","Q":"[\\u0051\\u24C6\\uFF31\\uA756\\uA758\\u024A]","R":"[\\u0052\\u24C7\\uFF32\\u0154\\u1E58\\u0158\\u0210\\u0212\\u1E5A\\u1E5C\\u0156\\u1E5E\\u024C\\u2C64\\uA75A\\uA7A6\\uA782]","S":"[\\u0053\\u24C8\\uFF33\\u1E9E\\u015A\\u1E64\\u015C\\u1E60\\u0160\\u1E66\\u1E62\\u1E68\\u0218\\u015E\\u2C7E\\uA7A8\\uA784]","T":"[\\u0054\\u24C9\\uFF34\\u1E6A\\u0164\\u1E6C\\u021A\\u0162\\u1E70\\u1E6E\\u0166\\u01AC\\u01AE\\u023E\\uA786]","TZ":"[\\uA728]","U":"[\\u0055\\u24CA\\uFF35\\u00D9\\u00DA\\u00DB\\u0168\\u1E78\\u016A\\u1E7A\\u016C\\u00DC\\u01DB\\u01D7\\u01D5\\u01D9\\u1EE6\\u016E\\u0170\\u01D3\\u0214\\u0216\\u01AF\\u1EEA\\u1EE8\\u1EEE\\u1EEC\\u1EF0\\u1EE4\\u1E72\\u0172\\u1E76\\u1E74\\u0244]","V":"[\\u0056\\u24CB\\uFF36\\u1E7C\\u1E7E\\u01B2\\uA75E\\u0245]","VY":"[\\uA760]","W":"[\\u0057\\u24CC\\uFF37\\u1E80\\u1E82\\u0174\\u1E86\\u1E84\\u1E88\\u2C72]","X":"[\\u0058\\u24CD\\uFF38\\u1E8A\\u1E8C]","Y":"[\\u0059\\u24CE\\uFF39\\u1EF2\\u00DD\\u0176\\u1EF8\\u0232\\u1E8E\\u0178\\u1EF6\\u1EF4\\u01B3\\u024E\\u1EFE]","Z":"[\\u005A\\u24CF\\uFF3A\\u0179\\u1E90\\u017B\\u017D\\u1E92\\u1E94\\u01B5\\u0224\\u2C7F\\u2C6B\\uA762]","a":"[\\u0061\\u24D0\\uFF41\\u1E9A\\u00E0\\u00E1\\u00E2\\u1EA7\\u1EA5\\u1EAB\\u1EA9\\u00E3\\u0101\\u0103\\u1EB1\\u1EAF\\u1EB5\\u1EB3\\u0227\\u01E1\\u00E4\\u01DF\\u1EA3\\u00E5\\u01FB\\u01CE\\u0201\\u0203\\u1EA1\\u1EAD\\u1EB7\\u1E01\\u0105\\u2C65\\u0250]","aa":"[\\uA733]","ae":"[\\u00E6\\u01FD\\u01E3]","ao":"[\\uA735]","au":"[\\uA737]","av":"[\\uA739\\uA73B]","ay":"[\\uA73D]","b":"[\\u0062\\u24D1\\uFF42\\u1E03\\u1E05\\u1E07\\u0180\\u0183\\u0253]","c":"[\\u0063\\u24D2\\uFF43\\u0107\\u0109\\u010B\\u010D\\u00E7\\u1E09\\u0188\\u023C\\uA73F\\u2184]","d":"[\\u0064\\u24D3\\uFF44\\u1E0B\\u010F\\u1E0D\\u1E11\\u1E13\\u1E0F\\u0111\\u018C\\u0256\\u0257\\uA77A]","dz":"[\\u01F3\\u01C6]","e":"[\\u0065\\u24D4\\uFF45\\u00E8\\u00E9\\u00EA\\u1EC1\\u1EBF\\u1EC5\\u1EC3\\u1EBD\\u0113\\u1E15\\u1E17\\u0115\\u0117\\u00EB\\u1EBB\\u011B\\u0205\\u0207\\u1EB9\\u1EC7\\u0229\\u1E1D\\u0119\\u1E19\\u1E1B\\u0247\\u025B\\u01DD]","f":"[\\u0066\\u24D5\\uFF46\\u1E1F\\u0192\\uA77C]","g":"[\\u0067\\u24D6\\uFF47\\u01F5\\u011D\\u1E21\\u011F\\u0121\\u01E7\\u0123\\u01E5\\u0260\\uA7A1\\u1D79\\uA77F]","h":"[\\u0068\\u24D7\\uFF48\\u0125\\u1E23\\u1E27\\u021F\\u1E25\\u1E29\\u1E2B\\u1E96\\u0127\\u2C68\\u2C76\\u0265]","hv":"[\\u0195]","i":"[\\u0069\\u24D8\\uFF49\\u00EC\\u00ED\\u00EE\\u0129\\u012B\\u012D\\u00EF\\u1E2F\\u1EC9\\u01D0\\u0209\\u020B\\u1ECB\\u012F\\u1E2D\\u0268\\u0131]","j":"[\\u006A\\u24D9\\uFF4A\\u0135\\u01F0\\u0249]","k":"[\\u006B\\u24DA\\uFF4B\\u1E31\\u01E9\\u1E33\\u0137\\u1E35\\u0199\\u2C6A\\uA741\\uA743\\uA745\\uA7A3]","l":"[\\u006C\\u24DB\\uFF4C\\u0140\\u013A\\u013E\\u1E37\\u1E39\\u013C\\u1E3D\\u1E3B\\u017F\\u0142\\u019A\\u026B\\u2C61\\uA749\\uA781\\uA747]","lj":"[\\u01C9]","m":"[\\u006D\\u24DC\\uFF4D\\u1E3F\\u1E41\\u1E43\\u0271\\u026F]","n":"[\\u006E\\u24DD\\uFF4E\\u01F9\\u0144\\u00F1\\u1E45\\u0148\\u1E47\\u0146\\u1E4B\\u1E49\\u019E\\u0272\\u0149\\uA791\\uA7A5]","nj":"[\\u01CC]","o":"[\\u006F\\u24DE\\uFF4F\\u00F2\\u00F3\\u00F4\\u1ED3\\u1ED1\\u1ED7\\u1ED5\\u00F5\\u1E4D\\u022D\\u1E4F\\u014D\\u1E51\\u1E53\\u014F\\u022F\\u0231\\u00F6\\u022B\\u1ECF\\u0151\\u01D2\\u020D\\u020F\\u01A1\\u1EDD\\u1EDB\\u1EE1\\u1EDF\\u1EE3\\u1ECD\\u1ED9\\u01EB\\u01ED\\u00F8\\u01FF\\u0254\\uA74B\\uA74D\\u0275]","oi":"[\\u01A3]","ou":"[\\u0223]","oo":"[\\uA74F]","p":"[\\u0070\\u24DF\\uFF50\\u1E55\\u1E57\\u01A5\\u1D7D\\uA751\\uA753\\uA755]","q":"[\\u0071\\u24E0\\uFF51\\u024B\\uA757\\uA759]","r":"[\\u0072\\u24E1\\uFF52\\u0155\\u1E59\\u0159\\u0211\\u0213\\u1E5B\\u1E5D\\u0157\\u1E5F\\u024D\\u027D\\uA75B\\uA7A7\\uA783]","s":"[\\u0073\\u24E2\\uFF53\\u015B\\u1E65\\u015D\\u1E61\\u0161\\u1E67\\u1E63\\u1E69\\u0219\\u015F\\u023F\\uA7A9\\uA785\\u1E9B]","ss":"[\\u00DF]","t":"[\\u0074\\u24E3\\uFF54\\u1E6B\\u1E97\\u0165\\u1E6D\\u021B\\u0163\\u1E71\\u1E6F\\u0167\\u01AD\\u0288\\u2C66\\uA787]","tz":"[\\uA729]","u":"[\\u0075\\u24E4\\uFF55\\u00F9\\u00FA\\u00FB\\u0169\\u1E79\\u016B\\u1E7B\\u016D\\u00FC\\u01DC\\u01D8\\u01D6\\u01DA\\u1EE7\\u016F\\u0171\\u01D4\\u0215\\u0217\\u01B0\\u1EEB\\u1EE9\\u1EEF\\u1EED\\u1EF1\\u1EE5\\u1E73\\u0173\\u1E77\\u1E75\\u0289]","v":"[\\u0076\\u24E5\\uFF56\\u1E7D\\u1E7F\\u028B\\uA75F\\u028C]","vy":"[\\uA761]","w":"[\\u0077\\u24E6\\uFF57\\u1E81\\u1E83\\u0175\\u1E87\\u1E85\\u1E98\\u1E89\\u2C73]","x":"[\\u0078\\u24E7\\uFF58\\u1E8B\\u1E8D]","y":"[\\u0079\\u24E8\\uFF59\\u1EF3\\u00FD\\u0177\\u1EF9\\u0233\\u1E8F\\u00FF\\u1EF7\\u1E99\\u1EF5\\u01B4\\u024F\\u1EFF]","z":"[\\u007A\\u24E9\\uFF5A\\u017A\\u1E91\\u017C\\u017E\\u1E93\\u1E95\\u01B6\\u0225\\u0240\\u2C6C\\uA763]"},"researchesTests":["contentHasTOC","contentHasShortParagraphs","contentHasAssets","keywordInTitle","keywordInMetaDescription","keywordInPermalink","keywordIn10Percent","keywordInContent","keywordInSubheadings","keywordInImageAlt","keywordDensity","keywordNotUsed","lengthContent","lengthPermalink","linksHasInternal","linksHasExternals","linksNotAllExternals","titleStartWithKeyword","titleSentiment","titleHasPowerWords","titleHasNumber","hasContentAI"],"hasRedirection":true,"hasBreadcrumb":false},"homeUrl":"https:\/\/onlinebettingspace.com\/no\/","objectID":2929,"objectType":"post","locale":"nb","localeFull":"nb_NO","overlayImages":{"play":{"name":"Play icon","url":"https:\/\/onlinebettingspace.com\/wp-content\/plugins\/seo-by-rank-math\/assets\/admin\/img\/icon-play.png","path":"\/home\/SuperAdmin\/web\/onlinebettingspace.com\/public_html\/wp-content\/plugins\/seo-by-rank-math\/assets\/admin\/img\/icon-play.png","position":"middle_center"},"gif":{"name":"GIF icon","url":"https:\/\/onlinebettingspace.com\/wp-content\/plugins\/seo-by-rank-math\/assets\/admin\/img\/icon-gif.png","path":"\/home\/SuperAdmin\/web\/onlinebettingspace.com\/public_html\/wp-content\/plugins\/seo-by-rank-math\/assets\/admin\/img\/icon-gif.png","position":"middle_center"}},"defautOgImage":"https:\/\/onlinebettingspace.com\/wp-content\/uploads\/2022\/04\/OBS-FULL-LOGO.webp","customPermalinks":true,"isUserRegistered":true,"autoSuggestKeywords":true,"connectSiteUrl":"https:\/\/rankmath.com\/auth?site=https%3A%2F%2Fonlinebettingspace.com%2Fno%2F&r=https%3A%2F%2Fonlinebettingspace.com%2Fno%2Fwp-json%2Fwp%2Fv2%2Fpages%2F2929%3Fnonce%3D1c2e10c0d4","maxTags":5,"trendsIcon":"<svg viewBox=\"0 0 610 610\"><path d=\"M18.85,446,174.32,290.48l58.08,58.08L76.93,504a14.54,14.54,0,0,1-20.55,0L18.83,466.48a14.54,14.54,0,0,1,0-20.55Z\" style=\"fill:#4285f4\"\/><path d=\"M242.65,242.66,377.59,377.6l-47.75,47.75a14.54,14.54,0,0,1-20.55,0L174.37,290.43l47.75-47.75A14.52,14.52,0,0,1,242.65,242.66Z\" style=\"fill:#ea4335\"\/><polygon points=\"319.53 319.53 479.26 159.8 537.34 217.88 377.61 377.62 319.53 319.53\" style=\"fill:#fabb05\"\/><path d=\"M594.26,262.73V118.61h0a16.94,16.94,0,0,0-16.94-16.94H433.2a16.94,16.94,0,0,0-12,28.92L565.34,274.71h0a16.94,16.94,0,0,0,28.92-12Z\" style=\"fill:#34a853\"\/><rect width=\"610\" height=\"610\" style=\"fill:none\"\/><\/svg>","showScore":true,"siteFavIcon":"https:\/\/onlinebettingspace.com\/wp-content\/uploads\/2022\/04\/OBS-LOGO-1.webp","canUser":{"general":false,"advanced":false,"snippet":false,"social":false,"analysis":false,"analytics":false,"content_ai":false},"showKeywordIntent":true,"isPro":false,"is_front_page":false,"trendsUpgradeLink":"https:\/\/rankmath.com\/pricing\/?utm_source=Plugin&utm_medium=CE%20General%20Tab%20Trends&utm_campaign=WP","trendsUpgradeLabel":"Upgrade","trendsPreviewImage":"https:\/\/onlinebettingspace.com\/wp-content\/plugins\/seo-by-rank-math\/assets\/admin\/img\/trends-preview.jpg","currentEditor":false,"homepageData":{"assessor":{"powerWords":[],"diacritics":true,"researchesTests":["contentHasTOC","contentHasShortParagraphs","contentHasAssets","keywordInTitle","keywordInMetaDescription","keywordInPermalink","keywordIn10Percent","keywordInContent","keywordInSubheadings","keywordInImageAlt","keywordDensity","keywordNotUsed","lengthContent","lengthPermalink","linksHasInternal","linksHasExternals","linksNotAllExternals","titleStartWithKeyword","titleSentiment","titleHasPowerWords","titleHasNumber","hasContentAI"],"hasBreadcrumb":false,"serpData":{"title":"%sitename% %page% %sep% %sitedesc%","description":"","titleTemplate":"%sitename% %page% %sep% %sitedesc%","descriptionTemplate":"","focusKeywords":"","breadcrumbTitle":"Home","robots":{"index":true},"advancedRobots":[],"facebookTitle":"","facebookDescription":"","facebookImage":"","facebookImageID":""}}},"tocTitle":"Table of Contents","tocExcludeHeadings":[],"listStyle":"ul"},"_links":{"self":[{"href":"https:\/\/onlinebettingspace.com\/no\/wp-json\/wp\/v2\/pages\/2929","targetHints":{"allow":["GET"]}}],"collection":[{"href":"https:\/\/onlinebettingspace.com\/no\/wp-json\/wp\/v2\/pages"}],"about":[{"href":"https:\/\/onlinebettingspace.com\/no\/wp-json\/wp\/v2\/types\/page"}],"author":[{"embeddable":true,"href":"https:\/\/onlinebettingspace.com\/no\/wp-json\/wp\/v2\/users\/1"}],"replies":[{"embeddable":true,"href":"https:\/\/onlinebettingspace.com\/no\/wp-json\/wp\/v2\/comments?post=2929"}],"version-history":[{"count":0,"href":"https:\/\/onlinebettingspace.com\/no\/wp-json\/wp\/v2\/pages\/2929\/revisions"}],"wp:attachment":[{"href":"https:\/\/onlinebettingspace.com\/no\/wp-json\/wp\/v2\/media?parent=2929"}],"curies":[{"name":"wp","href":"https:\/\/api.w.org\/{rel}","templated":true}]}}