{"id":2890,"date":"2022-09-02T18:10:58","date_gmt":"2022-09-02T15:10:58","guid":{"rendered":"https:\/\/onlinebettingspace.com\/?page_id=2890"},"modified":"2022-09-02T18:10:58","modified_gmt":"2022-09-02T15:10:58","slug":"norskespill-casino","status":"publish","type":"page","link":"https:\/\/onlinebettingspace.com\/no\/norskespill-casino\/","title":{"rendered":"NORSKESPILL CASINO"},"content":{"rendered":"<section class=\"l-section wpb_row height_medium\"><div class=\"l-section-h i-cf\"><div class=\"g-cols vc_row via_flex valign_top type_default stacking_default\"><div class=\"vc_col-sm-12 wpb_column vc_column_container\"><div class=\"vc_column-inner\"><div class=\"wpb_wrapper\"><div class=\"wpb_text_column\"><div class=\"wpb_wrapper\"><h1 class=\"col-sm-5 col-xs-12\">Norskespill Casino<\/h1>\n<p class=\"header\">Hvorfor b\u00f8r jeg spille hos dette casinoet?<\/p>\n<ul class=\"readMore\">\n<li>Stort utvalg av spill som inkluderer de norske spilleautomatene og popul\u00e6re bordspill.<\/li>\n<li>Stort utvalg av betalingsmuligheter, og ingen avgifter p\u00e5 innskudd.<\/li>\n<li>Med spillgiganter som NetEnt og Microgaming p\u00e5 laget er programvaren optimal.<\/li>\n<li class=\"bold\">Bruk bonuskoden NORSKHIGH og f\u00e5 hele 100% p\u00e5 opptil 5000kr + 50 gratis spinns p\u00e5 Starburst i velkomstbonus<\/li>\n<\/ul>\n<p><q>\u00a0Norskespill er et nettcasino laget av nordmenn for nordmenn. Vi har sett n\u00e6rmere p\u00e5 deres bonuser, spillutvalg, programvare og betingelser i v\u00e5r Norskespill anmeldelse.\u00a0<\/q><br \/>\nCasino info<\/p>\n<ul>\n<li>Nettside:\u00a0www.norskespill.com<\/li>\n<li>Etablert: 2012<\/li>\n<li>Software: Betsoft, Microgaming, NetEnt, Play\u2019n Go<\/li>\n<li>Alternativer: Spill direkte p\u00e5 nettsiden<\/li>\n<li>Kundeservice : support@norskespill.com<\/li>\n<li>Betalingsalternativer:<\/li>\n<\/ul>\n<p>Norskespill.com er en av de som har oppdaget og forst\u00e5tt det norske casinomarkedet. De vet at nordmenn er glade i sine spill og den spenningen som man kan f\u00e5 p\u00e5 et casino. Derfor er de ikke mer ubeskjedne enn at\u00a0<strong>vil bli st\u00f8rste \u2013 i Norge<\/strong>. Dette skal de gj\u00f8re blant annet gjennom \u00e5 tilby deg flere spill en de fleste og en skandinavisk kundesupport.\u00a0<strong>Norskespill.com har rundt 700 spill i sitt sortiment.<\/strong>\u00a0Dette er en bredde du sjelden ser hos et casino. Det er\u00a0<a href=\"\/no\/spilleautomater\/\" data-track=\"\">spilleautomater<\/a>\u00a0som er hovedfokuset hos Norskespill.\u00a0Denne Sareptas krukke fylt med spill lar deg glemme hverdagstrivialitetene for en stund, enten du er nybegynner eller en erfaren spiller.<\/p>\n<h2>Norskespill bonuser<\/h2>\n<p>Norskespill.com vet \u00e5 sette pris p\u00e5 sine kunder og har derfor laget et hyggelig todelt bonuspgram, tilpasset de som spiller lite eller mye.\u00a0Som ny kunde kan du velge mellom en\u00a0<strong>bonus p\u00e5\u00a0100% p\u00e5 opptil 5000kr (bonuskode:\u00a0NSCASINO), eller\u00a0100% opp til\u00a0\u20ac 75 (bonuskode:\u00a0<b>CASINO100)\u00a0<\/b><\/strong>.<\/p>\n<h2>Bonusvilk\u00e5r<\/h2>\n<p>Blant de vilk\u00e5r du finner for denne bonusen er:<\/p>\n<ul>\n<li>Minimumsinnskudd for lav bonuser kr 80<\/li>\n<li>Minimumsinnskud for h\u00f8y bonus er 500kr<\/li>\n<\/ul>\n<p><strong>Ikke alle spill bidrar likt n\u00e5r du skal m\u00f8te omsetningskravet<\/strong>. For denne bonusen gjelder f\u00f8lgende:<\/p>\n<ul>\n<li>Innsatser satt p\u00e5 alle slotsmaskiner, skrapelodd og andre spill bidrar 100 %<\/li>\n<li>Alle innsatser p\u00e5 Bordspill og Video-Poker bidrar med 10% med f\u00f8lgende unntak: Jackpot 6000, Mega Joker, Pirate\u2019s Gold and Safari Madness, Blood Suckers, Devils Delight, Kings of Chicago, Jack Hammer, Jack Hammer 2, Lucky8line og Simsalabim bidrar 20%,<\/li>\n<li>Alle Hi-Low og Casino Hold\u2019em spill bidrar 10%,<\/li>\n<li>Alle Jacks or Better spill bidrar 5%,<\/li>\n<li>Alle Roulette, Black Jack, Punto Banco, Pontoon, Baccarat og Oasis Poker spill bidrar 1%.<\/li>\n<li>Hall of Gods, Mega Fortune og Arabian Nights bidrar ikke til \u00e5 redusere en spillers omsetningskrav.<\/li>\n<\/ul>\n<p>Vi anbefaler at du leser alle regler og vilk\u00e5r f\u00f8r du aksepterer \u00e5 motta en bonus eller delta i en kampanje. Mer informasjon om bonusvilk\u00e5r\u00a0<a href=\"\/no\/casino-bonus\/frispillingskrav\/\" data-track=\"\">finner du her<\/a>.<\/p>\n<h2>Norskespill kampanjer<\/h2>\n<p>Etter at du har brukt opp velkomstbonusen er det mange kampanjer\u00a0som vil gi det litt\u00a0ekstra spille for. Kampanjene er gjerne tidsavgrenset, og kan ha forskjellig frekvens.<\/p>\n<h3>Friday Mobil Mania<\/h3>\n<p><strong>Hver fredag f\u00e5r du 10 gratis spinn<\/strong>\u00a0p\u00e5 en utvalgt spilleautomat dersom du har satt inn penger p\u00e5 din konto mellom torsdag kl. 16.01 og neste torsdag kl. 16.00.\u00a0Hvilke spilleautomat som er valgt ut kan du lese om p\u00e5 norskespill.com<\/p>\n<h3>Vilk\u00e5r<\/h3>\n<p>Du minst sette inn kr 80 og gevinstene fra gratisspilene m\u00e5 omsettes 25 ganger f\u00f8r de kan tas ut.\u00a0Sett deg inn i de fullstendige vilk\u00e5r og regler f\u00f8r du aksepterer \u00e5 delta i kampanjen.<\/p>\n<h2>Spillutvalg<\/h2>\n<p>Norskespill.com har rundt 700 spill i sitt sortiment. I tillegg finner du en omfattende Sportsbook hvor du kan sette dine spill p\u00e5 en rekke sportsarrangement. De tilbyr ogs\u00e5 live betting som definitivt kan v\u00e6re med p\u00e5 \u00e5 live opp en litt langtekkelig fotballkamp.<\/p>\n<p>Med s\u00e5 mange spill tilgjengelig, har de valgt \u00e5\u00a0<strong>dele opp spillene i to avdelinger<\/strong>.<strong>I automater finner du 3D automater, videoautomater og mer klassiske spilleautomater\u00a0<\/strong>som f.eks de norske spilleautomatene. Her finner du blant annet spilleautomatene\u00a0<a href=\"\/no\/spilleautomater\/jackpot-6000\/\" data-track=\"\">Jackpot 6000<\/a>\u00a0og\u00a0<a title=\"Super Nudge 6000\" href=\"\/no\/spilleautomater\/super-nudge-6000\/\" data-track=\"\">Super Nudge 6000<\/a>. Er du fan av bandet Plumbo kan Norskepill friste med den unike\u00a0<a href=\"\/no\/spilleautomater\/plumboautomaten\/\" data-track=\"\">Plumboautomaten<\/a>\u00a0som kun er tilgjengelig hos dem.<\/p>\n<p><strong>I Casino avdelingen kan du spille Jackpot automater, bordspill som blackjack, roulette og baccarat og du kan spille videopoker.<br \/>\n<\/strong><\/p>\n<h3>Norskepill odds<\/h3>\n<p>Under Norskespill odds finner du\u00a0<strong>mye fotball<\/strong>, men ogs\u00e5 en rekke andre sportsarrangementer du kan sette noe kroner p\u00e5. Du finner over 20 ligaer i deres oddsavdelingen f\u00f8rst og fremst fra Europa, men ogs\u00e5 S\u00f8r Amerika og Asia. Andre idretter inkluderer ishockey, rugby og snooker.<\/p>\n<h3>Programvare<\/h3>\n<p>Norskespill.com har knyttet seg opp mot noe av de aller beste.\u00a0<strong>Microgaming<\/strong>\u00a0er kanskje den st\u00f8rste leverand\u00f8r av online spill, mens\u00a0<strong>Net Entertainment<\/strong>\u00a0leverer mange av de mest popul\u00e6re spillene. Fra NetEnt kommer blant annet de norske spillautomatene Jackpot 6000 og Mega Fortune, med den fantastiske\u00a0progressive jackpoten\u00a0som har gledet s\u00e5 mange nordmenn.\u00a0Du husker vel studenten som vant over kr 90 millioner? Det var p\u00e5 Mega Fortune .I tillegg f\u00e5r de spill fra\u00a0<strong>svenske Play`N G<\/strong>o som er en \u201dup and coming\u201d leverand\u00f8r til iGaming markedet og\u00a0<strong>Betsoft Gaming<\/strong>\u00a0som lager fantastiske 3D spill med filmatisk grafikk.<\/p>\n<h3>Norskespill mobil<\/h3>\n<p>Norskespill.com har en mobill\u00f8sning med et av de st\u00f8rste utvalgene av spill. Totalt tilbyr de\u00a0<strong>rundt 160 spill<\/strong>, og utvalget bare \u00f8ker.<br \/>\nFor \u00e5 gj\u00f8re tilgangen til spillene enklere har de delt dem opp i 5 kategorier:<\/p>\n<ul>\n<li><strong>Popul\u00e6re spill<\/strong>. Her finner du blant annet Starburst, blackjack og roulette. Totalt inneholder denne delen 12 spill<\/li>\n<li><strong>Spilleautomater<\/strong>. Dette er den st\u00f8rste avdelingen med 125 spill. Blant disse finner du Twin Spin, Super Joker og den flotte 3D automaten The Slotfather.<\/li>\n<li><strong>Bordspill<\/strong>\u00a0avdelingen inneholder 8 klassiske kasinospillene som blackjack, roulette og baccarat.<\/li>\n<li><strong>Videopoker<\/strong>\u00a0er en avdelingen med flere poker varianter som Jacks or Better. Totalt finner du 8 spill.<\/li>\n<li><strong>Andre spill<\/strong>\u00a0er en liten samling av 4 forskjellige spill. Du finner blant annet Keno og skrapelodd.<\/li>\n<\/ul>\n<p>Spillene er tilgjengelig uansett om du er p\u00e5 en iOS eller Android plattform. For \u00e5 f\u00e5 tilgang til mobill\u00f8sningen kan du enten laste ned en egen app eller du kan g\u00e5 til mobile.norskespill.com p\u00e5 ditt nettbrett eller din mobil.<\/p>\n<h2>Kundeservice<\/h2>\n<p>\u00c5pningstider: \u00a0Skandinavisk kundeservice er \u00e5pen mellom kl. 13.00 og 24.00<br \/>\nFAQ: Ja<br \/>\nChat: Ja<br \/>\nE-post: Du benytter l\u00f8sningen p\u00e5 deres sider<br \/>\nTelefon: Nei<\/p>\n<h2>Innskudd og uttak<\/h2>\n<p>Norskepill casino tilbyr de vanligste betalingsmetodene. Under finner du tabeller over de mest brukte innskudds og uttaks metodene.<\/p>\n<p><strong>Innskudd<\/strong><\/p>\n<table border=\"1\" cellspacing=\"1\" cellpadding=\"1\">\n<tbody>\n<tr>\n<td><strong>Type<\/strong><\/td>\n<td><strong>Avgift<\/strong><\/td>\n<td><strong>Behandlingstid<\/strong><\/td>\n<td><strong>Maks\/Min innskudd<\/strong><\/td>\n<\/tr>\n<tr>\n<td>Visa<\/td>\n<td>3%<\/td>\n<td>Umiddelbart<\/td>\n<td>Kr 12 400\/ Kr 90<\/td>\n<\/tr>\n<tr>\n<td>Fundsend<\/td>\n<td>3%<\/td>\n<td>Umiddelbart<\/td>\n<td>Kr 41 400\/ Kr 90<\/td>\n<\/tr>\n<tr>\n<td>MasterCard<\/td>\n<td>3%<\/td>\n<td>Umiddelbart<\/td>\n<td>Kr 12 400\/ Kr 90<\/td>\n<\/tr>\n<tr>\n<td>Entropay<\/td>\n<td>3%<\/td>\n<td>Umiddelbart<\/td>\n<td>Kr 12 400\/ Kr 90<\/td>\n<\/tr>\n<tr>\n<td>Skrill<\/td>\n<td>3%<\/td>\n<td>Umiddelbart<\/td>\n<td>Kr 4000\/ Kr 80<\/td>\n<\/tr>\n<tr>\n<td>UKash<\/td>\n<td>5%<\/td>\n<td>Umiddelbart<\/td>\n<td>Kr 2000\/ Kr 80<\/td>\n<\/tr>\n<tr>\n<td>Bankoverf\u00f8ring<\/td>\n<td>0%<\/td>\n<td>3-5 virkedager<\/td>\n<td>Varierer<\/td>\n<\/tr>\n<\/tbody>\n<\/table>\n<p><strong>Uttak<\/strong><\/p>\n<table border=\"1\" cellspacing=\"1\" cellpadding=\"1\">\n<tbody>\n<tr>\n<td><strong>Type<\/strong><\/td>\n<td><strong>Avgift<\/strong><\/td>\n<td><strong>Behandlingstid<\/strong><\/td>\n<td><strong>Maks\/Min innskudd<\/strong><\/td>\n<\/tr>\n<tr>\n<td>Bankoverf\u00f8ring<\/td>\n<td>2%<\/td>\n<td>3-4 virkedager<\/td>\n<td>Kr 18 900\/ kr 90<\/td>\n<\/tr>\n<\/tbody>\n<\/table>\n<h2>Eiere<\/h2>\n<p>Norskespill Casino eies av engelske Smart Magazines ltd. De opererer under en white-lable l\u00f8sning fra Oddsmatrix. Oddsmatrix tilbyr turn-key l\u00f8sninger for iGaming industrien og har en spillisens p\u00e5 Malta.\u00a0NorskeSpill.com opererer gjennom OddsMatrix, Suite 1, Number 62\/63, Morina Court, Borg Olivier Street, St. Lulians STJ 1081 (Registreringsnummer: C44411), medlem av EU siden mai 2004, som opererer under regulering og lisens fra Lotteri&amp;Spillmyndighetene i Malta, lisensnummer: LGA\/CL2\/497\/2008 utstedt 3. februar 2009<\/p>\n<section class=\"prosCons col-xs-12 col-sm-8\"><strong>Plus<\/strong><\/p>\n<ul>\n<li>En av markedets beste velkomstbonuser<\/li>\n<li>24-timers kundeservice<\/li>\n<li>Mange spennende og nye spill<\/li>\n<li>Alt er p\u00e5 norsk<\/li>\n<\/ul>\n<p><strong>Minus<\/strong><\/p>\n<ul>\n<li>Stavefeil og kjedelig design trekker ned helhetsinntrykket<\/li>\n<\/ul>\n<p>Fersk casinospiller? Her har du 4 gode tips!<\/p>\n<ul>\n<li>Test casinoet i gratismodus<\/li>\n<li>Benytt de beste bonustilbudene, men sjekk alltid hvilke frispillingskrav som f\u00f8lger med<\/li>\n<li>Hold deg til et spill over lenger tid, men spill gjerne flere spill samtidig<\/li>\n<li>Ha det g\u00f8y! Om spillingen ikke lenger er moro, s\u00f8k hjelp umiddelbart<\/li>\n<\/ul>\n<\/section>\n<\/div><\/div><\/div><\/div><\/div><\/div><\/div><\/section>\n","protected":false},"excerpt":{"rendered":"Norskespill Casino Hvorfor b\u00f8r jeg spille hos dette casinoet? Stort utvalg av spill som inkluderer de norske spilleautomatene og popul\u00e6re bordspill. Stort utvalg av betalingsmuligheter, og ingen avgifter p\u00e5 innskudd. Med spillgiganter som NetEnt og Microgaming p\u00e5 laget er programvaren optimal. Bruk bonuskoden NORSKHIGH og f\u00e5 hele 100% p\u00e5 opptil 5000kr + 50 gratis spinns...","protected":false},"author":1,"featured_media":0,"parent":0,"menu_order":0,"comment_status":"closed","ping_status":"closed","template":"","meta":{"_acf_changed":false,"footnotes":""},"class_list":["post-2890","page","type-page","status-publish","hentry"],"acf":[],"rankMath":{"parentDomain":"onlinebettingspace.com","noFollowDomains":[],"noFollowExcludeDomains":[],"noFollowExternalLinks":false,"featuredImageNotice":"The featured image should be at least 200 by 200 pixels to be picked up by Facebook and other social media sites.","pluginReviewed":true,"postSettings":{"linkSuggestions":true,"useFocusKeyword":false},"frontEndScore":false,"postName":"norskespill-casino","permalinkFormat":"https:\/\/onlinebettingspace.com\/no\/%pagename%\/","showLockModifiedDate":true,"assessor":{"focusKeywordLink":"https:\/\/onlinebettingspace.com\/wp-admin\/edit.php?focus_keyword=%focus_keyword%&post_type=%post_type%","hasTOCPlugin":false,"primaryTaxonomy":false,"serpData":{"title":"Norskespill Casino - 100% opptil 5000kr +50 freespins","description":"Norskespill casino har over 700 spill, inkludert spilleautomater, blackjack og roulette. Les mer om Norskespill kundeservice, bonustilbud m.m. her","focusKeywords":"NORSKESPILL CASINO","pillarContent":false,"canonicalUrl":"","breadcrumbTitle":"","advancedRobots":[],"facebookTitle":"","facebookDescription":"","facebookImage":"","facebookImageID":"","facebookHasOverlay":false,"facebookImageOverlay":"","facebookAuthor":"","twitterCardType":"","twitterUseFacebook":true,"twitterTitle":"","twitterDescription":"","twitterImage":"","twitterImageID":"","twitterHasOverlay":false,"twitterImageOverlay":"","twitterPlayerUrl":"","twitterPlayerSize":"","twitterPlayerStream":"","twitterPlayerStreamCtype":"","twitterAppDescription":"","twitterAppIphoneName":"","twitterAppIphoneID":"","twitterAppIphoneUrl":"","twitterAppIpadName":"","twitterAppIpadID":"","twitterAppIpadUrl":"","twitterAppGoogleplayName":"","twitterAppGoogleplayID":"","twitterAppGoogleplayUrl":"","twitterAppCountry":"","robots":{"index":true},"twitterAuthor":"username","primaryTerm":0,"authorName":"OBSAdmin","titleTemplate":"%title% %sep% %sitename%","descriptionTemplate":"%excerpt%","showScoreFrontend":true,"lockModifiedDate":false},"powerWords":[],"diacritics":{"A":"[\\u0041\\u24B6\\uFF21\\u00C0\\u00C1\\u00C2\\u1EA6\\u1EA4\\u1EAA\\u1EA8\\u00C3\\u0100\\u0102\\u1EB0\\u1EAE\\u1EB4\\u1EB2\\u0226\\u01E0\\u00C4\\u01DE\\u1EA2\\u00C5\\u01FA\\u01CD\\u0200\\u0202\\u1EA0\\u1EAC\\u1EB6\\u1E00\\u0104\\u023A\\u2C6F]","AA":"[\\uA732]","AE":"[\\u00C6\\u01FC\\u01E2]","AO":"[\\uA734]","AU":"[\\uA736]","AV":"[\\uA738\\uA73A]","AY":"[\\uA73C]","B":"[\\u0042\\u24B7\\uFF22\\u1E02\\u1E04\\u1E06\\u0243\\u0182\\u0181]","C":"[\\u0043\\u24B8\\uFF23\\u0106\\u0108\\u010A\\u010C\\u00C7\\u1E08\\u0187\\u023B\\uA73E]","D":"[\\u0044\\u24B9\\uFF24\\u1E0A\\u010E\\u1E0C\\u1E10\\u1E12\\u1E0E\\u0110\\u018B\\u018A\\u0189\\uA779]","DZ":"[\\u01F1\\u01C4]","Dz":"[\\u01F2\\u01C5]","E":"[\\u0045\\u24BA\\uFF25\\u00C8\\u00C9\\u00CA\\u1EC0\\u1EBE\\u1EC4\\u1EC2\\u1EBC\\u0112\\u1E14\\u1E16\\u0114\\u0116\\u00CB\\u1EBA\\u011A\\u0204\\u0206\\u1EB8\\u1EC6\\u0228\\u1E1C\\u0118\\u1E18\\u1E1A\\u0190\\u018E]","F":"[\\u0046\\u24BB\\uFF26\\u1E1E\\u0191\\uA77B]","G":"[\\u0047\\u24BC\\uFF27\\u01F4\\u011C\\u1E20\\u011E\\u0120\\u01E6\\u0122\\u01E4\\u0193\\uA7A0\\uA77D\\uA77E]","H":"[\\u0048\\u24BD\\uFF28\\u0124\\u1E22\\u1E26\\u021E\\u1E24\\u1E28\\u1E2A\\u0126\\u2C67\\u2C75\\uA78D]","I":"[\\u0049\\u24BE\\uFF29\\u00CC\\u00CD\\u00CE\\u0128\\u012A\\u012C\\u0130\\u00CF\\u1E2E\\u1EC8\\u01CF\\u0208\\u020A\\u1ECA\\u012E\\u1E2C\\u0197]","J":"[\\u004A\\u24BF\\uFF2A\\u0134\\u0248]","K":"[\\u004B\\u24C0\\uFF2B\\u1E30\\u01E8\\u1E32\\u0136\\u1E34\\u0198\\u2C69\\uA740\\uA742\\uA744\\uA7A2]","L":"[\\u004C\\u24C1\\uFF2C\\u013F\\u0139\\u013D\\u1E36\\u1E38\\u013B\\u1E3C\\u1E3A\\u0141\\u023D\\u2C62\\u2C60\\uA748\\uA746\\uA780]","LJ":"[\\u01C7]","Lj":"[\\u01C8]","M":"[\\u004D\\u24C2\\uFF2D\\u1E3E\\u1E40\\u1E42\\u2C6E\\u019C]","N":"[\\u004E\\u24C3\\uFF2E\\u01F8\\u0143\\u00D1\\u1E44\\u0147\\u1E46\\u0145\\u1E4A\\u1E48\\u0220\\u019D\\uA790\\uA7A4]","NJ":"[\\u01CA]","Nj":"[\\u01CB]","O":"[\\u004F\\u24C4\\uFF2F\\u00D2\\u00D3\\u00D4\\u1ED2\\u1ED0\\u1ED6\\u1ED4\\u00D5\\u1E4C\\u022C\\u1E4E\\u014C\\u1E50\\u1E52\\u014E\\u022E\\u0230\\u00D6\\u022A\\u1ECE\\u0150\\u01D1\\u020C\\u020E\\u01A0\\u1EDC\\u1EDA\\u1EE0\\u1EDE\\u1EE2\\u1ECC\\u1ED8\\u01EA\\u01EC\\u00D8\\u01FE\\u0186\\u019F\\uA74A\\uA74C]","OI":"[\\u01A2]","OO":"[\\uA74E]","OU":"[\\u0222]","P":"[\\u0050\\u24C5\\uFF30\\u1E54\\u1E56\\u01A4\\u2C63\\uA750\\uA752\\uA754]","Q":"[\\u0051\\u24C6\\uFF31\\uA756\\uA758\\u024A]","R":"[\\u0052\\u24C7\\uFF32\\u0154\\u1E58\\u0158\\u0210\\u0212\\u1E5A\\u1E5C\\u0156\\u1E5E\\u024C\\u2C64\\uA75A\\uA7A6\\uA782]","S":"[\\u0053\\u24C8\\uFF33\\u1E9E\\u015A\\u1E64\\u015C\\u1E60\\u0160\\u1E66\\u1E62\\u1E68\\u0218\\u015E\\u2C7E\\uA7A8\\uA784]","T":"[\\u0054\\u24C9\\uFF34\\u1E6A\\u0164\\u1E6C\\u021A\\u0162\\u1E70\\u1E6E\\u0166\\u01AC\\u01AE\\u023E\\uA786]","TZ":"[\\uA728]","U":"[\\u0055\\u24CA\\uFF35\\u00D9\\u00DA\\u00DB\\u0168\\u1E78\\u016A\\u1E7A\\u016C\\u00DC\\u01DB\\u01D7\\u01D5\\u01D9\\u1EE6\\u016E\\u0170\\u01D3\\u0214\\u0216\\u01AF\\u1EEA\\u1EE8\\u1EEE\\u1EEC\\u1EF0\\u1EE4\\u1E72\\u0172\\u1E76\\u1E74\\u0244]","V":"[\\u0056\\u24CB\\uFF36\\u1E7C\\u1E7E\\u01B2\\uA75E\\u0245]","VY":"[\\uA760]","W":"[\\u0057\\u24CC\\uFF37\\u1E80\\u1E82\\u0174\\u1E86\\u1E84\\u1E88\\u2C72]","X":"[\\u0058\\u24CD\\uFF38\\u1E8A\\u1E8C]","Y":"[\\u0059\\u24CE\\uFF39\\u1EF2\\u00DD\\u0176\\u1EF8\\u0232\\u1E8E\\u0178\\u1EF6\\u1EF4\\u01B3\\u024E\\u1EFE]","Z":"[\\u005A\\u24CF\\uFF3A\\u0179\\u1E90\\u017B\\u017D\\u1E92\\u1E94\\u01B5\\u0224\\u2C7F\\u2C6B\\uA762]","a":"[\\u0061\\u24D0\\uFF41\\u1E9A\\u00E0\\u00E1\\u00E2\\u1EA7\\u1EA5\\u1EAB\\u1EA9\\u00E3\\u0101\\u0103\\u1EB1\\u1EAF\\u1EB5\\u1EB3\\u0227\\u01E1\\u00E4\\u01DF\\u1EA3\\u00E5\\u01FB\\u01CE\\u0201\\u0203\\u1EA1\\u1EAD\\u1EB7\\u1E01\\u0105\\u2C65\\u0250]","aa":"[\\uA733]","ae":"[\\u00E6\\u01FD\\u01E3]","ao":"[\\uA735]","au":"[\\uA737]","av":"[\\uA739\\uA73B]","ay":"[\\uA73D]","b":"[\\u0062\\u24D1\\uFF42\\u1E03\\u1E05\\u1E07\\u0180\\u0183\\u0253]","c":"[\\u0063\\u24D2\\uFF43\\u0107\\u0109\\u010B\\u010D\\u00E7\\u1E09\\u0188\\u023C\\uA73F\\u2184]","d":"[\\u0064\\u24D3\\uFF44\\u1E0B\\u010F\\u1E0D\\u1E11\\u1E13\\u1E0F\\u0111\\u018C\\u0256\\u0257\\uA77A]","dz":"[\\u01F3\\u01C6]","e":"[\\u0065\\u24D4\\uFF45\\u00E8\\u00E9\\u00EA\\u1EC1\\u1EBF\\u1EC5\\u1EC3\\u1EBD\\u0113\\u1E15\\u1E17\\u0115\\u0117\\u00EB\\u1EBB\\u011B\\u0205\\u0207\\u1EB9\\u1EC7\\u0229\\u1E1D\\u0119\\u1E19\\u1E1B\\u0247\\u025B\\u01DD]","f":"[\\u0066\\u24D5\\uFF46\\u1E1F\\u0192\\uA77C]","g":"[\\u0067\\u24D6\\uFF47\\u01F5\\u011D\\u1E21\\u011F\\u0121\\u01E7\\u0123\\u01E5\\u0260\\uA7A1\\u1D79\\uA77F]","h":"[\\u0068\\u24D7\\uFF48\\u0125\\u1E23\\u1E27\\u021F\\u1E25\\u1E29\\u1E2B\\u1E96\\u0127\\u2C68\\u2C76\\u0265]","hv":"[\\u0195]","i":"[\\u0069\\u24D8\\uFF49\\u00EC\\u00ED\\u00EE\\u0129\\u012B\\u012D\\u00EF\\u1E2F\\u1EC9\\u01D0\\u0209\\u020B\\u1ECB\\u012F\\u1E2D\\u0268\\u0131]","j":"[\\u006A\\u24D9\\uFF4A\\u0135\\u01F0\\u0249]","k":"[\\u006B\\u24DA\\uFF4B\\u1E31\\u01E9\\u1E33\\u0137\\u1E35\\u0199\\u2C6A\\uA741\\uA743\\uA745\\uA7A3]","l":"[\\u006C\\u24DB\\uFF4C\\u0140\\u013A\\u013E\\u1E37\\u1E39\\u013C\\u1E3D\\u1E3B\\u017F\\u0142\\u019A\\u026B\\u2C61\\uA749\\uA781\\uA747]","lj":"[\\u01C9]","m":"[\\u006D\\u24DC\\uFF4D\\u1E3F\\u1E41\\u1E43\\u0271\\u026F]","n":"[\\u006E\\u24DD\\uFF4E\\u01F9\\u0144\\u00F1\\u1E45\\u0148\\u1E47\\u0146\\u1E4B\\u1E49\\u019E\\u0272\\u0149\\uA791\\uA7A5]","nj":"[\\u01CC]","o":"[\\u006F\\u24DE\\uFF4F\\u00F2\\u00F3\\u00F4\\u1ED3\\u1ED1\\u1ED7\\u1ED5\\u00F5\\u1E4D\\u022D\\u1E4F\\u014D\\u1E51\\u1E53\\u014F\\u022F\\u0231\\u00F6\\u022B\\u1ECF\\u0151\\u01D2\\u020D\\u020F\\u01A1\\u1EDD\\u1EDB\\u1EE1\\u1EDF\\u1EE3\\u1ECD\\u1ED9\\u01EB\\u01ED\\u00F8\\u01FF\\u0254\\uA74B\\uA74D\\u0275]","oi":"[\\u01A3]","ou":"[\\u0223]","oo":"[\\uA74F]","p":"[\\u0070\\u24DF\\uFF50\\u1E55\\u1E57\\u01A5\\u1D7D\\uA751\\uA753\\uA755]","q":"[\\u0071\\u24E0\\uFF51\\u024B\\uA757\\uA759]","r":"[\\u0072\\u24E1\\uFF52\\u0155\\u1E59\\u0159\\u0211\\u0213\\u1E5B\\u1E5D\\u0157\\u1E5F\\u024D\\u027D\\uA75B\\uA7A7\\uA783]","s":"[\\u0073\\u24E2\\uFF53\\u015B\\u1E65\\u015D\\u1E61\\u0161\\u1E67\\u1E63\\u1E69\\u0219\\u015F\\u023F\\uA7A9\\uA785\\u1E9B]","ss":"[\\u00DF]","t":"[\\u0074\\u24E3\\uFF54\\u1E6B\\u1E97\\u0165\\u1E6D\\u021B\\u0163\\u1E71\\u1E6F\\u0167\\u01AD\\u0288\\u2C66\\uA787]","tz":"[\\uA729]","u":"[\\u0075\\u24E4\\uFF55\\u00F9\\u00FA\\u00FB\\u0169\\u1E79\\u016B\\u1E7B\\u016D\\u00FC\\u01DC\\u01D8\\u01D6\\u01DA\\u1EE7\\u016F\\u0171\\u01D4\\u0215\\u0217\\u01B0\\u1EEB\\u1EE9\\u1EEF\\u1EED\\u1EF1\\u1EE5\\u1E73\\u0173\\u1E77\\u1E75\\u0289]","v":"[\\u0076\\u24E5\\uFF56\\u1E7D\\u1E7F\\u028B\\uA75F\\u028C]","vy":"[\\uA761]","w":"[\\u0077\\u24E6\\uFF57\\u1E81\\u1E83\\u0175\\u1E87\\u1E85\\u1E98\\u1E89\\u2C73]","x":"[\\u0078\\u24E7\\uFF58\\u1E8B\\u1E8D]","y":"[\\u0079\\u24E8\\uFF59\\u1EF3\\u00FD\\u0177\\u1EF9\\u0233\\u1E8F\\u00FF\\u1EF7\\u1E99\\u1EF5\\u01B4\\u024F\\u1EFF]","z":"[\\u007A\\u24E9\\uFF5A\\u017A\\u1E91\\u017C\\u017E\\u1E93\\u1E95\\u01B6\\u0225\\u0240\\u2C6C\\uA763]"},"researchesTests":["contentHasTOC","contentHasShortParagraphs","contentHasAssets","keywordInTitle","keywordInMetaDescription","keywordInPermalink","keywordIn10Percent","keywordInContent","keywordInSubheadings","keywordInImageAlt","keywordDensity","keywordNotUsed","lengthContent","lengthPermalink","linksHasInternal","linksHasExternals","linksNotAllExternals","titleStartWithKeyword","titleSentiment","titleHasPowerWords","titleHasNumber","hasContentAI"],"hasRedirection":true,"hasBreadcrumb":false},"homeUrl":"https:\/\/onlinebettingspace.com\/no\/","objectID":2890,"objectType":"post","locale":"nb","localeFull":"nb_NO","overlayImages":{"play":{"name":"Play icon","url":"https:\/\/onlinebettingspace.com\/wp-content\/plugins\/seo-by-rank-math\/assets\/admin\/img\/icon-play.png","path":"\/home\/SuperAdmin\/web\/onlinebettingspace.com\/public_html\/wp-content\/plugins\/seo-by-rank-math\/assets\/admin\/img\/icon-play.png","position":"middle_center"},"gif":{"name":"GIF icon","url":"https:\/\/onlinebettingspace.com\/wp-content\/plugins\/seo-by-rank-math\/assets\/admin\/img\/icon-gif.png","path":"\/home\/SuperAdmin\/web\/onlinebettingspace.com\/public_html\/wp-content\/plugins\/seo-by-rank-math\/assets\/admin\/img\/icon-gif.png","position":"middle_center"}},"defautOgImage":"https:\/\/onlinebettingspace.com\/wp-content\/uploads\/2022\/04\/OBS-FULL-LOGO.webp","customPermalinks":true,"isUserRegistered":true,"autoSuggestKeywords":true,"connectSiteUrl":"https:\/\/rankmath.com\/auth?site=https%3A%2F%2Fonlinebettingspace.com%2Fno%2F&r=https%3A%2F%2Fonlinebettingspace.com%2Fno%2Fwp-json%2Fwp%2Fv2%2Fpages%2F2890%3Fnonce%3D3c5053353b","maxTags":5,"trendsIcon":"<svg viewBox=\"0 0 610 610\"><path d=\"M18.85,446,174.32,290.48l58.08,58.08L76.93,504a14.54,14.54,0,0,1-20.55,0L18.83,466.48a14.54,14.54,0,0,1,0-20.55Z\" style=\"fill:#4285f4\"\/><path d=\"M242.65,242.66,377.59,377.6l-47.75,47.75a14.54,14.54,0,0,1-20.55,0L174.37,290.43l47.75-47.75A14.52,14.52,0,0,1,242.65,242.66Z\" style=\"fill:#ea4335\"\/><polygon points=\"319.53 319.53 479.26 159.8 537.34 217.88 377.61 377.62 319.53 319.53\" style=\"fill:#fabb05\"\/><path d=\"M594.26,262.73V118.61h0a16.94,16.94,0,0,0-16.94-16.94H433.2a16.94,16.94,0,0,0-12,28.92L565.34,274.71h0a16.94,16.94,0,0,0,28.92-12Z\" style=\"fill:#34a853\"\/><rect width=\"610\" height=\"610\" style=\"fill:none\"\/><\/svg>","showScore":true,"siteFavIcon":"https:\/\/onlinebettingspace.com\/wp-content\/uploads\/2022\/04\/OBS-LOGO-1.webp","canUser":{"general":false,"advanced":false,"snippet":false,"social":false,"analysis":false,"analytics":false,"content_ai":false},"showKeywordIntent":true,"isPro":false,"is_front_page":false,"trendsUpgradeLink":"https:\/\/rankmath.com\/pricing\/?utm_source=Plugin&utm_medium=CE%20General%20Tab%20Trends&utm_campaign=WP","trendsUpgradeLabel":"Upgrade","trendsPreviewImage":"https:\/\/onlinebettingspace.com\/wp-content\/plugins\/seo-by-rank-math\/assets\/admin\/img\/trends-preview.jpg","currentEditor":false,"homepageData":{"assessor":{"powerWords":[],"diacritics":true,"researchesTests":["contentHasTOC","contentHasShortParagraphs","contentHasAssets","keywordInTitle","keywordInMetaDescription","keywordInPermalink","keywordIn10Percent","keywordInContent","keywordInSubheadings","keywordInImageAlt","keywordDensity","keywordNotUsed","lengthContent","lengthPermalink","linksHasInternal","linksHasExternals","linksNotAllExternals","titleStartWithKeyword","titleSentiment","titleHasPowerWords","titleHasNumber","hasContentAI"],"hasBreadcrumb":false,"serpData":{"title":"%sitename% %page% %sep% %sitedesc%","description":"","titleTemplate":"%sitename% %page% %sep% %sitedesc%","descriptionTemplate":"","focusKeywords":"","breadcrumbTitle":"Home","robots":{"index":true},"advancedRobots":[],"facebookTitle":"","facebookDescription":"","facebookImage":"","facebookImageID":""}}},"tocTitle":"Table of Contents","tocExcludeHeadings":[],"listStyle":"ul"},"_links":{"self":[{"href":"https:\/\/onlinebettingspace.com\/no\/wp-json\/wp\/v2\/pages\/2890","targetHints":{"allow":["GET"]}}],"collection":[{"href":"https:\/\/onlinebettingspace.com\/no\/wp-json\/wp\/v2\/pages"}],"about":[{"href":"https:\/\/onlinebettingspace.com\/no\/wp-json\/wp\/v2\/types\/page"}],"author":[{"embeddable":true,"href":"https:\/\/onlinebettingspace.com\/no\/wp-json\/wp\/v2\/users\/1"}],"replies":[{"embeddable":true,"href":"https:\/\/onlinebettingspace.com\/no\/wp-json\/wp\/v2\/comments?post=2890"}],"version-history":[{"count":0,"href":"https:\/\/onlinebettingspace.com\/no\/wp-json\/wp\/v2\/pages\/2890\/revisions"}],"wp:attachment":[{"href":"https:\/\/onlinebettingspace.com\/no\/wp-json\/wp\/v2\/media?parent=2890"}],"curies":[{"name":"wp","href":"https:\/\/api.w.org\/{rel}","templated":true}]}}