{"id":2887,"date":"2022-09-02T17:35:24","date_gmt":"2022-09-02T14:35:24","guid":{"rendered":"https:\/\/onlinebettingspace.com\/?page_id=2887"},"modified":"2022-09-02T17:35:24","modified_gmt":"2022-09-02T14:35:24","slug":"casinoeuro","status":"publish","type":"page","link":"https:\/\/onlinebettingspace.com\/no\/casinoeuro\/","title":{"rendered":"CASINOEURO"},"content":{"rendered":"<section class=\"l-section wpb_row height_medium\"><div class=\"l-section-h i-cf\"><div class=\"g-cols vc_row via_flex valign_top type_default stacking_default\"><div class=\"vc_col-sm-12 wpb_column vc_column_container\"><div class=\"vc_column-inner\"><div class=\"wpb_wrapper\"><div class=\"wpb_text_column\"><div class=\"wpb_wrapper\"><h1 class=\"col-sm-5 col-xs-12\">Casino Euro<\/h1>\n<p class=\"header\">Hvorfor b\u00f8r jeg spille hos dette casinoet?<\/p>\n<ul class=\"readMore\">\n<li>Ingen avgifter ved innskudd eller uttak<\/li>\n<li>Norsk kundeservice 24\/7<\/li>\n<li>Et av markedets st\u00f8rste spillutvalg<\/li>\n<li>De har hatt til sammen over 750 000 norske kunder<\/li>\n<li class=\"bold\">Ved f\u00f8rste innskudd mottar du en 100% bonus opptil kr 2000<\/li>\n<\/ul>\n<p><q>\u00a0CasinoEuro er et velkjent og etablert europeisk nettcasino. I v\u00e5r anmeldelse har vi sett n\u00e6rmere p\u00e5 bonuser, kampanjer, spill, betalingsl\u00f8sninger og kundeservice m.m.\u00a0<\/q><br \/>\nCasino info<\/p>\n<ul>\n<li>Nettside:\u00a0www.casinoeuro.com<\/li>\n<li>Etablert: 2002<\/li>\n<li>Software: Mazooma, Microgaming, NetEnt<\/li>\n<li>Alternativer: Spill direkte p\u00e5 nettsiden, Last ned casinoet, Live Casino, VIP<\/li>\n<li>Kundeservice : support-no@casinoeuro.com<\/li>\n<li>Betalingsalternativer:<\/li>\n<\/ul>\n<p>Casinoeuro.com ble lansert i 2002 og er en del av en gruppe med mer enn 40 \u00e5rs erfaring fra bransjen. De tilbyr n\u00e6rmere 300\u00a0<a href=\"\/no\/casinospill\/\" data-track=\"\">casinospill<\/a>\u00a0og har et omfattende bonus, kampanje og turneringsprogram som gj\u00f8r det til et godt\u00a0<strong>casino for spillere som setter pris p\u00e5 et h\u00f8yt aktivitetsniv\u00e5<\/strong>.\u00a0I denne Casinoeuro anmeldelsen vil vi gj\u00f8re deg bedre kjent med kasinoet som i hele Europa f\u00e5r annerkjennelse for sine raske og sikre pengeoverf\u00f8ringer.\u00a0Casinoet har siden starten hatt\u00a0<strong>mer enn 750 000 norske kunder<\/strong>\u00a0som har kunnet glede seg over norsk kundeservice.<\/p>\n<h2>Bonuser<\/h2>\n<p>En av Casinoeuro sine\u00a0<strong>store fordeler er det store Casinoeuro bonuser, kampanje og turneringsprogrammet de tilbyr<\/strong>. Allerede som ny kunde kan du oppleve dette. Du trenger ingen Casinoeuro bonuskode.<\/p>\n<h3>Velkomstpakke<\/h3>\n<p>Casino Euro tilbyr nye spillere en velkomstpakke hvor du mottar:<br \/>\n<strong>En 100% bonus opptil kr 2000 ved f\u00f8rste innskudd<\/strong><\/p>\n<h2>Vilk\u00e5r for bonuser<\/h2>\n<h3>Velkomstpakke<\/h3>\n<p>F\u00f8r du kan gj\u00f8re uttak av bonusen m\u00e5 du<strong>\u00a0omsette bonus 40 ganger.<\/strong><\/p>\n<p>Eksempel: Et innskudd p\u00e5 1000 kroner gir deg en bonus p\u00e5 1000 kroner slik at du har 2000 kroner til \u00e5 spille for. Du m\u00e5 dermed satse kr 1000 x 40 = 40000 kroner i kasinoet f\u00f8r du kan gj\u00f8re et uttak. For \u00e5 se bonusen din og hvor mye du m\u00e5 satse kan du g\u00e5 til mine bonuser under \u00abKasserer\u00bb.<\/p>\n<h3>Pengeoverraskelser<\/h3>\n<ul>\n<li>Du m\u00e5 omsette bonusen 10 ganger f\u00f8r du kan gj\u00f8re uttak.<\/li>\n<li>Du m\u00e5 logge deg inn p\u00e5 kontoen din i l\u00f8pet av 48 timer etter at du har mottatt bonusen, ellers vil den g\u00e5 tapt.<\/li>\n<\/ul>\n<p>Vi har her gjengitt deler av de krav som stilles. Vi\u00a0<strong>anbefaler at du setter deg inn i de komplette kravene f\u00f8r du aksepterer \u00e5 motta en bonus<\/strong>\u00a0eller delta i en konkurranse. For mer informasjon om bonuskrav hos nettcasinoer kan du g\u00e5 til denne siden.<\/p>\n<h2>Kampanjer<\/h2>\n<p>Casinoeuro.com sine kampanjer knyttes gjerne opp mot aktuelle hendelser som f.eks lanseringen av et nytt spill. Kampanjer er gjerne tidsbegrenset og de vi nevner her, m\u00e5 betraktes som eksempler.<\/p>\n<h3>Vinn \u20ac5000<\/h3>\n<p>Hver gang du gj\u00f8r et\u00a0<strong>innskudd p\u00e5 \u20ac30 eller mer vil du motta et lodd i deres Innskuddslotteri hvor du kan vinne \u20ac5000<\/strong>. Jo flere innskudd du gj\u00f8r, jo flere lodd f\u00e5r du og jo st\u00f8rre blir dine vinnersjanser.\u00a0P\u00e5 deres hjemmeside vil du se hvor lenge det er igjen til neste trekning og du vil kunne melde deg p\u00e5 kampanjen.<\/p>\n<h3>Vinn 1200 gratis spinn<\/h3>\n<p>Ved lanseringen av Aliens gav casinoet deg en mulighet til \u00e5 motta opptil 1200 gratis spinn. Du deltar p\u00e5 f\u00f8lgende m\u00e5te:<\/p>\n<ul>\n<li>Du spiller Aliens p\u00e5 definerte dager og gratis spinn var tilgjengelig dagen etter<\/li>\n<li>Satte du inn \u20ac25 og spilte for det samme bel\u00f8pet fikk du 25 gratis spinn<\/li>\n<li>Satte du inn \u20ac50 og spilte for \u20ac50, fikk du 50 gratis spinn dagen etter<\/li>\n<li>Satte du inn \u20ac100 og spilte for samme bel\u00f8p, mottok du 100 freespins dagen etter<\/li>\n<\/ul>\n<p>F\u00f8lgende vilk\u00e5r gjelder for kampanjen:<\/p>\n<ul>\n<li>Du m\u00e5 omsette gevinster 15 ganger f\u00f8r du kan gj\u00f8re et uttak.<\/li>\n<li>Omsetningskravet m\u00e5 oppfylles i l\u00f8pet av 5 dager.<\/li>\n<\/ul>\n<h3>Vinn en tur til Brasil<\/h3>\n<p>Foran fotball VM i Brasil lagde Eurocasino.com en kampanje hvor du kunne\u00a0<strong>vinne en tur for to til Brasil for \u00e5 se Fotball VM<\/strong>. Du deltar p\u00e5 f\u00f8lgende m\u00e5te:<\/p>\n<ul>\n<li>Satte du inn \u20ac30 i en definert periode, fikk du et lodd i trekningen av turen.<\/li>\n<li>Jo flere innskudd du gj\u00f8r, jo flere lodd og jo st\u00f8rre vinnersjanser f\u00e5r du.<\/li>\n<\/ul>\n<h3>Turneringer<\/h3>\n<p>Hver m\u00e5ned lager Casinoeuro.com en egne turneringskalender som du finner p\u00e5 deres hjemmeside. Her kan du se datoer, tider og hvilke spill som deltar i turneringen.<\/p>\n<h3>Inviter en venn<\/h3>\n<p>Du vil motta\u00a0<strong>\u20ac40 for hver venn som melder seg inn<\/strong>, gj\u00f8r et innskudd og spiller i casinoet. Din venn vil selv motta en bonus p\u00e5 \u20ac20.<\/p>\n<p>Casino euro tilbyr en mange spill. For \u00e5 finne lettere fram har de delt casinoet inn i flere seksjoner.\u00a0Videoautomater inneholder n\u00e6rmere 200 spill fra flere forskjellige leverand\u00f8rer. Her finner du alt fra\u00a0<a href=\"\/no\/spilleautomater\/progressiv-jackpot\/\" data-track=\"\">spilleautomater med progressiv jackpot<\/a>\u00a0som Hall of Gods og Mega Fortune, til automater basert p\u00e5 kjente tegneseriefigurer som Supermann.I seksjonen for\u00a0<strong>Vegas automater<\/strong>\u00a0finner du rundt 40 automater du kanskje kjenner igjen dersom du har gjort turen Las Vegas og spilt p\u00e5 de automatene du finner der.<\/p>\n<h3>Norske spilleautomater<\/h3>\n<p>Klassiske automater er stedet for deg som liker\u00a0<strong>de norske automatene<\/strong>. Her finner du blant annet\u00a0<strong>Jackpot 6000, Super Nudge 6000 og Mega Joker<\/strong>.\u00a0Jackpot spill gleder mange med stor spenning og store utbetalinger. Hos Casinoeuro sin avdeling for jackpot spill finnes n\u00e6rmere 30 automater. Her finner du b\u00e5de automater med fast og progressiv jackpot.<\/p>\n<h3>Casinospill<\/h3>\n<p><a href=\"\/no\/blackjack\/\" data-track=\"\">Blackjack<\/a>\u00a0er et popul\u00e6rt spill som har blitt utviklet i flere varianter. Casinoeuro gir deg flere\u00a0<strong>blackjack automater sammen med muligheten til \u00e5 spille live blackjack<\/strong>.\u00a0<a href=\"\/no\/rulett\/\" data-track=\"\">Rulett<\/a>\u00a0er p\u00e5 samme m\u00e5te som blackjack en casinoklassiker som h\u00f8rer hjemme i Casinoeuro online casino. Du finner\u00a0<strong>fransk, amerikansk og en rekke andre roulette varianter<\/strong>.\u00a0Under avdelingen for bordspill vil se finne spill som poker, baccarat, Punto banco og terning.<\/p>\n<p><a href=\"\/no\/videopoker\/\" data-track=\"\">Videopoker<\/a>\u00a0er popul\u00e6rt online og du finner en gruppe med popul\u00e6re videopokeralternativer som Jacks or Better og All American.\u00a0I deres\u00a0<strong>live casino<\/strong>\u00a0er det de klassiske kasinospillene som gjelder. Her kan du spille roulette, baccarat, blackjack og casino Hold`em.\u00a0Casinoeuro kan skilte med n\u00e6rmere 20 skrapelodd og en del arkadespill som Bingo og Keno.<\/p>\n<h3>CasinoEuro gratis spill<\/h3>\n<p>Som hos alle andre s\u00e5 m\u00e5 du satse for \u00e5 vinne. Men det er ogs\u00e5 gode grunner for at du skal spille CasinoEuro gratis. Hver gang det kommer en ny automat vil du ha behov for \u00e5\u00a0<strong>l\u00e6re deg automatens funksjoner og regler.<\/strong>\u00a0Dette gj\u00f8r du best\u00a0<strong>i gratis modus<\/strong>. Det samme gjelder dersom du vil l\u00e6re deg en ny strategi i poker eller blackjack. Da er det smart spille Casinoeuro gratis. Gratis spill er flott n\u00e5r du skal l\u00e6re deg nye ting og f\u00e5 mer erfaring.<\/p>\n<h2>Mobilversjon<\/h2>\n<p>Casinoeuro mobil er en grei l\u00f8sning som gir deg muligheten til \u00e5 spille n\u00e5r og hvor du vil. Du finner mer enn 70 spill og du kan bruke l\u00f8sningen uansett om du er p\u00e5 en Android eller en iOS plattform.\u00a0G\u00e5 til\u00a0www.casinoeuro.com\u00a0og logg deg inn. Du bruker de samme innloggingsdetaljer som p\u00e5 din desktop.<\/p>\n<h2>Kundeservice<\/h2>\n<p>Hos CasinoEuro tilbys du en d\u00f8gn\u00e5pen norsk kundeservice.<\/p>\n<p>\u00c5pningstider: 24\/7<br \/>\nFAQ: Ja<br \/>\nEpost: support-no@casinoeuro.com<br \/>\nTelefon: 800 19 438<br \/>\nLive Chat: Ja<\/p>\n<h2>Innskudd og uttak<\/h2>\n<p>Kasino euro tilbyr et stort utvalg betalingsl\u00f8sninger. Vi nevner noen av de tilgjengelige l\u00f8sninger nedenfor. Merk deg at\u00a0<strong>du spiller i Euro og at det kan tilkomme valutakostnader<\/strong>.<\/p>\n<h5>Innskudd<\/h5>\n<table border=\"1\" cellspacing=\"1\" cellpadding=\"1\">\n<tbody>\n<tr>\n<td><strong>Type<\/strong><\/td>\n<td><strong>Avgift<\/strong><\/td>\n<td><strong>Behandlingstid<\/strong><\/td>\n<td><strong>Min \/ Maks innskudd i Euro<\/strong><\/td>\n<\/tr>\n<tr>\n<td>Visa<\/td>\n<td>Ingen avgift<\/td>\n<td>Umiddelbart<\/td>\n<td>\u20ac10 \/ Ikke oppgitt<\/td>\n<\/tr>\n<tr>\n<td>Fundsend<\/td>\n<td>Ingen avgift<\/td>\n<td>Umiddelbart<\/td>\n<td>\u20ac10 \/ Ikke oppgitt<\/td>\n<\/tr>\n<tr>\n<td>Entropay<\/td>\n<td>Ingen avgift<\/td>\n<td>Umiddelbart<\/td>\n<td>\u20ac10 \/ Ikke oppgitt<\/td>\n<\/tr>\n<tr>\n<td>Neteller<\/td>\n<td>Ingen avgift<\/td>\n<td>Umiddelbart<\/td>\n<td>\u20ac10 \/ Ikke oppgitt<\/td>\n<\/tr>\n<tr>\n<td>Skrill<\/td>\n<td>Ingen avgift<\/td>\n<td>Umiddelbart<\/td>\n<td>\u20ac10 \/ Ikke oppgitt<\/td>\n<\/tr>\n<tr>\n<td>Paysafe<\/td>\n<td>Ingen avgift<\/td>\n<td>Umiddelbart<\/td>\n<td>\u20ac10 \/ Ikke oppgitt<\/td>\n<\/tr>\n<\/tbody>\n<\/table>\n<h5>Uttak<\/h5>\n<table border=\"1\" cellspacing=\"1\" cellpadding=\"1\">\n<tbody>\n<tr>\n<td><strong>Type<\/strong><\/td>\n<td><strong>Avgift<\/strong><\/td>\n<td><strong>Behandlingstid<\/strong><\/td>\n<td><strong>Min \/ Maks uttak i \u20ac<\/strong><\/td>\n<\/tr>\n<tr>\n<td>Bankoverf\u00f8ring<\/td>\n<td>Ingen avgift<\/td>\n<td>2-7 virkedager<\/td>\n<td>\u20ac20 \/ Ikke oppgitt<\/td>\n<\/tr>\n<tr>\n<td>Visa<\/td>\n<td>Ingen avgift<\/td>\n<td>3-5 virkedager<\/td>\n<td>\u20ac20 \/ Ikke oppgitt<\/td>\n<\/tr>\n<\/tbody>\n<\/table>\n<h2>Eiere<\/h2>\n<p>Operat\u00f8ren av nettsiden www.CasinoEuro.com er BML Group Ltd, maltesisk organisasjonsnummer C-34836 og adresse Experience Center, Ta\u2019 Xbiex Seafront, Ta\u2019 Xbiex, XBX 1027, Malta. Nettsiden driftes av BML Group Ltd og er regulert av f\u00f8lgende lisenser utstedt av lotteri- og spillmyndighetene p\u00e5 Malta: LGA\/CL1\/183\/2004 (utstedt 30. mars 2006), LGA\/CL3\/183\/2004 (utstedt 17. mars 2009).<\/p>\n<p>BML Group Ltd. er et\u00a0<strong>datterselskap av Betsson AB<\/strong>, et svensk selskap med mange \u00e5rs erfaring i spillebransjen. Betsson AB er registrer p\u00e5 den svenske b\u00f8rs (BETS-B) og har mer enn 100 personer ansatt.<\/p>\n<h2>Oppsumering<\/h2>\n<p>Casinoeuro.com er p\u00e5 alle m\u00e5ter et klassisk casino. Her finner du alle de gode automatene og kasinospillene. De tilbyr live casino til deg som heller vil spille mot live dealer.\u00a0Spillportef\u00f8ljen sammen med et stort og omfattende bonus, kampanje og turneringsprogram gj\u00f8r Casinoeuro til\u00a0<strong>et godt kasino for de som liker et h\u00f8yt aktivitetsniv\u00e5<\/strong>.\u00a0De har trygge eier gjennom BML Group og de tilbyr raske og sikre pengeoverf\u00f8ringer uten avgifter.<\/p>\n<p><strong>Plus<\/strong><\/p>\n<ul>\n<li>Effektiv og god kunde support<\/li>\n<li>Raske utbetalinger<\/li>\n<li>Litt umoderne layout<\/li>\n<\/ul>\n<p><strong><span class=\"col-xs-12 col-sm-6\"><span class=\"title col-xs-12 col-sm-8 col-md-12\">Minus<\/span><\/span><\/strong><\/p>\n<ul>\n<li>Innskudd og uttak skjer i Euro, hvilket kan inneb\u00e6re valutagebryrer<\/li>\n<\/ul>\n<p>Fersk casinospiller? Her har du 4 gode tips!<\/p>\n<ul>\n<li>Test casinoet i gratismodus<\/li>\n<li>Benytt de beste bonustilbudene, men sjekk alltid hvilke frispillingskrav som f\u00f8lger med<\/li>\n<li>Hold deg til et spill over lenger tid, men spill gjerne flere spill samtidig<\/li>\n<li>Ha det g\u00f8y! Om spillingen ikke lenger er moro, s\u00f8k hjelp umiddelbart<\/li>\n<\/ul>\n<\/div><\/div><\/div><\/div><\/div><\/div><\/div><\/section>\n","protected":false},"excerpt":{"rendered":"Casino Euro Hvorfor b\u00f8r jeg spille hos dette casinoet? Ingen avgifter ved innskudd eller uttak Norsk kundeservice 24\/7 Et av markedets st\u00f8rste spillutvalg De har hatt til sammen over 750 000 norske kunder Ved f\u00f8rste innskudd mottar du en 100% bonus opptil kr 2000 \u00a0CasinoEuro er et velkjent og etablert europeisk nettcasino. I v\u00e5r anmeldelse...","protected":false},"author":1,"featured_media":0,"parent":0,"menu_order":0,"comment_status":"closed","ping_status":"closed","template":"","meta":{"_acf_changed":false,"footnotes":""},"class_list":["post-2887","page","type-page","status-publish","hentry"],"acf":[],"rankMath":{"parentDomain":"onlinebettingspace.com","noFollowDomains":[],"noFollowExcludeDomains":[],"noFollowExternalLinks":false,"featuredImageNotice":"The featured image should be at least 200 by 200 pixels to be picked up by Facebook and other social media sites.","pluginReviewed":true,"postSettings":{"linkSuggestions":true,"useFocusKeyword":false},"frontEndScore":false,"postName":"casinoeuro","permalinkFormat":"https:\/\/onlinebettingspace.com\/no\/%pagename%\/","showLockModifiedDate":true,"assessor":{"focusKeywordLink":"https:\/\/onlinebettingspace.com\/wp-admin\/edit.php?focus_keyword=%focus_keyword%&post_type=%post_type%","hasTOCPlugin":false,"primaryTaxonomy":false,"serpData":{"title":"Casino Euro \u2013 100% ekstra p\u00e5 opptil \u20ac 500 i bonus","description":"CasinoEuro er et av de st\u00f8rste nettcasinonene med sine 750 000 norske kunder. Vi har vurdert deres bonuser, kampanjer, kundeservicetilbud &amp; betalingsmetoder","focusKeywords":"CASINOEURO","pillarContent":false,"canonicalUrl":"","breadcrumbTitle":"","advancedRobots":[],"facebookTitle":"","facebookDescription":"","facebookImage":"","facebookImageID":"","facebookHasOverlay":false,"facebookImageOverlay":"","facebookAuthor":"","twitterCardType":"","twitterUseFacebook":true,"twitterTitle":"","twitterDescription":"","twitterImage":"","twitterImageID":"","twitterHasOverlay":false,"twitterImageOverlay":"","twitterPlayerUrl":"","twitterPlayerSize":"","twitterPlayerStream":"","twitterPlayerStreamCtype":"","twitterAppDescription":"","twitterAppIphoneName":"","twitterAppIphoneID":"","twitterAppIphoneUrl":"","twitterAppIpadName":"","twitterAppIpadID":"","twitterAppIpadUrl":"","twitterAppGoogleplayName":"","twitterAppGoogleplayID":"","twitterAppGoogleplayUrl":"","twitterAppCountry":"","robots":{"index":true},"twitterAuthor":"username","primaryTerm":0,"authorName":"OBSAdmin","titleTemplate":"%title% %sep% %sitename%","descriptionTemplate":"%excerpt%","showScoreFrontend":true,"lockModifiedDate":false},"powerWords":[],"diacritics":{"A":"[\\u0041\\u24B6\\uFF21\\u00C0\\u00C1\\u00C2\\u1EA6\\u1EA4\\u1EAA\\u1EA8\\u00C3\\u0100\\u0102\\u1EB0\\u1EAE\\u1EB4\\u1EB2\\u0226\\u01E0\\u00C4\\u01DE\\u1EA2\\u00C5\\u01FA\\u01CD\\u0200\\u0202\\u1EA0\\u1EAC\\u1EB6\\u1E00\\u0104\\u023A\\u2C6F]","AA":"[\\uA732]","AE":"[\\u00C6\\u01FC\\u01E2]","AO":"[\\uA734]","AU":"[\\uA736]","AV":"[\\uA738\\uA73A]","AY":"[\\uA73C]","B":"[\\u0042\\u24B7\\uFF22\\u1E02\\u1E04\\u1E06\\u0243\\u0182\\u0181]","C":"[\\u0043\\u24B8\\uFF23\\u0106\\u0108\\u010A\\u010C\\u00C7\\u1E08\\u0187\\u023B\\uA73E]","D":"[\\u0044\\u24B9\\uFF24\\u1E0A\\u010E\\u1E0C\\u1E10\\u1E12\\u1E0E\\u0110\\u018B\\u018A\\u0189\\uA779]","DZ":"[\\u01F1\\u01C4]","Dz":"[\\u01F2\\u01C5]","E":"[\\u0045\\u24BA\\uFF25\\u00C8\\u00C9\\u00CA\\u1EC0\\u1EBE\\u1EC4\\u1EC2\\u1EBC\\u0112\\u1E14\\u1E16\\u0114\\u0116\\u00CB\\u1EBA\\u011A\\u0204\\u0206\\u1EB8\\u1EC6\\u0228\\u1E1C\\u0118\\u1E18\\u1E1A\\u0190\\u018E]","F":"[\\u0046\\u24BB\\uFF26\\u1E1E\\u0191\\uA77B]","G":"[\\u0047\\u24BC\\uFF27\\u01F4\\u011C\\u1E20\\u011E\\u0120\\u01E6\\u0122\\u01E4\\u0193\\uA7A0\\uA77D\\uA77E]","H":"[\\u0048\\u24BD\\uFF28\\u0124\\u1E22\\u1E26\\u021E\\u1E24\\u1E28\\u1E2A\\u0126\\u2C67\\u2C75\\uA78D]","I":"[\\u0049\\u24BE\\uFF29\\u00CC\\u00CD\\u00CE\\u0128\\u012A\\u012C\\u0130\\u00CF\\u1E2E\\u1EC8\\u01CF\\u0208\\u020A\\u1ECA\\u012E\\u1E2C\\u0197]","J":"[\\u004A\\u24BF\\uFF2A\\u0134\\u0248]","K":"[\\u004B\\u24C0\\uFF2B\\u1E30\\u01E8\\u1E32\\u0136\\u1E34\\u0198\\u2C69\\uA740\\uA742\\uA744\\uA7A2]","L":"[\\u004C\\u24C1\\uFF2C\\u013F\\u0139\\u013D\\u1E36\\u1E38\\u013B\\u1E3C\\u1E3A\\u0141\\u023D\\u2C62\\u2C60\\uA748\\uA746\\uA780]","LJ":"[\\u01C7]","Lj":"[\\u01C8]","M":"[\\u004D\\u24C2\\uFF2D\\u1E3E\\u1E40\\u1E42\\u2C6E\\u019C]","N":"[\\u004E\\u24C3\\uFF2E\\u01F8\\u0143\\u00D1\\u1E44\\u0147\\u1E46\\u0145\\u1E4A\\u1E48\\u0220\\u019D\\uA790\\uA7A4]","NJ":"[\\u01CA]","Nj":"[\\u01CB]","O":"[\\u004F\\u24C4\\uFF2F\\u00D2\\u00D3\\u00D4\\u1ED2\\u1ED0\\u1ED6\\u1ED4\\u00D5\\u1E4C\\u022C\\u1E4E\\u014C\\u1E50\\u1E52\\u014E\\u022E\\u0230\\u00D6\\u022A\\u1ECE\\u0150\\u01D1\\u020C\\u020E\\u01A0\\u1EDC\\u1EDA\\u1EE0\\u1EDE\\u1EE2\\u1ECC\\u1ED8\\u01EA\\u01EC\\u00D8\\u01FE\\u0186\\u019F\\uA74A\\uA74C]","OI":"[\\u01A2]","OO":"[\\uA74E]","OU":"[\\u0222]","P":"[\\u0050\\u24C5\\uFF30\\u1E54\\u1E56\\u01A4\\u2C63\\uA750\\uA752\\uA754]","Q":"[\\u0051\\u24C6\\uFF31\\uA756\\uA758\\u024A]","R":"[\\u0052\\u24C7\\uFF32\\u0154\\u1E58\\u0158\\u0210\\u0212\\u1E5A\\u1E5C\\u0156\\u1E5E\\u024C\\u2C64\\uA75A\\uA7A6\\uA782]","S":"[\\u0053\\u24C8\\uFF33\\u1E9E\\u015A\\u1E64\\u015C\\u1E60\\u0160\\u1E66\\u1E62\\u1E68\\u0218\\u015E\\u2C7E\\uA7A8\\uA784]","T":"[\\u0054\\u24C9\\uFF34\\u1E6A\\u0164\\u1E6C\\u021A\\u0162\\u1E70\\u1E6E\\u0166\\u01AC\\u01AE\\u023E\\uA786]","TZ":"[\\uA728]","U":"[\\u0055\\u24CA\\uFF35\\u00D9\\u00DA\\u00DB\\u0168\\u1E78\\u016A\\u1E7A\\u016C\\u00DC\\u01DB\\u01D7\\u01D5\\u01D9\\u1EE6\\u016E\\u0170\\u01D3\\u0214\\u0216\\u01AF\\u1EEA\\u1EE8\\u1EEE\\u1EEC\\u1EF0\\u1EE4\\u1E72\\u0172\\u1E76\\u1E74\\u0244]","V":"[\\u0056\\u24CB\\uFF36\\u1E7C\\u1E7E\\u01B2\\uA75E\\u0245]","VY":"[\\uA760]","W":"[\\u0057\\u24CC\\uFF37\\u1E80\\u1E82\\u0174\\u1E86\\u1E84\\u1E88\\u2C72]","X":"[\\u0058\\u24CD\\uFF38\\u1E8A\\u1E8C]","Y":"[\\u0059\\u24CE\\uFF39\\u1EF2\\u00DD\\u0176\\u1EF8\\u0232\\u1E8E\\u0178\\u1EF6\\u1EF4\\u01B3\\u024E\\u1EFE]","Z":"[\\u005A\\u24CF\\uFF3A\\u0179\\u1E90\\u017B\\u017D\\u1E92\\u1E94\\u01B5\\u0224\\u2C7F\\u2C6B\\uA762]","a":"[\\u0061\\u24D0\\uFF41\\u1E9A\\u00E0\\u00E1\\u00E2\\u1EA7\\u1EA5\\u1EAB\\u1EA9\\u00E3\\u0101\\u0103\\u1EB1\\u1EAF\\u1EB5\\u1EB3\\u0227\\u01E1\\u00E4\\u01DF\\u1EA3\\u00E5\\u01FB\\u01CE\\u0201\\u0203\\u1EA1\\u1EAD\\u1EB7\\u1E01\\u0105\\u2C65\\u0250]","aa":"[\\uA733]","ae":"[\\u00E6\\u01FD\\u01E3]","ao":"[\\uA735]","au":"[\\uA737]","av":"[\\uA739\\uA73B]","ay":"[\\uA73D]","b":"[\\u0062\\u24D1\\uFF42\\u1E03\\u1E05\\u1E07\\u0180\\u0183\\u0253]","c":"[\\u0063\\u24D2\\uFF43\\u0107\\u0109\\u010B\\u010D\\u00E7\\u1E09\\u0188\\u023C\\uA73F\\u2184]","d":"[\\u0064\\u24D3\\uFF44\\u1E0B\\u010F\\u1E0D\\u1E11\\u1E13\\u1E0F\\u0111\\u018C\\u0256\\u0257\\uA77A]","dz":"[\\u01F3\\u01C6]","e":"[\\u0065\\u24D4\\uFF45\\u00E8\\u00E9\\u00EA\\u1EC1\\u1EBF\\u1EC5\\u1EC3\\u1EBD\\u0113\\u1E15\\u1E17\\u0115\\u0117\\u00EB\\u1EBB\\u011B\\u0205\\u0207\\u1EB9\\u1EC7\\u0229\\u1E1D\\u0119\\u1E19\\u1E1B\\u0247\\u025B\\u01DD]","f":"[\\u0066\\u24D5\\uFF46\\u1E1F\\u0192\\uA77C]","g":"[\\u0067\\u24D6\\uFF47\\u01F5\\u011D\\u1E21\\u011F\\u0121\\u01E7\\u0123\\u01E5\\u0260\\uA7A1\\u1D79\\uA77F]","h":"[\\u0068\\u24D7\\uFF48\\u0125\\u1E23\\u1E27\\u021F\\u1E25\\u1E29\\u1E2B\\u1E96\\u0127\\u2C68\\u2C76\\u0265]","hv":"[\\u0195]","i":"[\\u0069\\u24D8\\uFF49\\u00EC\\u00ED\\u00EE\\u0129\\u012B\\u012D\\u00EF\\u1E2F\\u1EC9\\u01D0\\u0209\\u020B\\u1ECB\\u012F\\u1E2D\\u0268\\u0131]","j":"[\\u006A\\u24D9\\uFF4A\\u0135\\u01F0\\u0249]","k":"[\\u006B\\u24DA\\uFF4B\\u1E31\\u01E9\\u1E33\\u0137\\u1E35\\u0199\\u2C6A\\uA741\\uA743\\uA745\\uA7A3]","l":"[\\u006C\\u24DB\\uFF4C\\u0140\\u013A\\u013E\\u1E37\\u1E39\\u013C\\u1E3D\\u1E3B\\u017F\\u0142\\u019A\\u026B\\u2C61\\uA749\\uA781\\uA747]","lj":"[\\u01C9]","m":"[\\u006D\\u24DC\\uFF4D\\u1E3F\\u1E41\\u1E43\\u0271\\u026F]","n":"[\\u006E\\u24DD\\uFF4E\\u01F9\\u0144\\u00F1\\u1E45\\u0148\\u1E47\\u0146\\u1E4B\\u1E49\\u019E\\u0272\\u0149\\uA791\\uA7A5]","nj":"[\\u01CC]","o":"[\\u006F\\u24DE\\uFF4F\\u00F2\\u00F3\\u00F4\\u1ED3\\u1ED1\\u1ED7\\u1ED5\\u00F5\\u1E4D\\u022D\\u1E4F\\u014D\\u1E51\\u1E53\\u014F\\u022F\\u0231\\u00F6\\u022B\\u1ECF\\u0151\\u01D2\\u020D\\u020F\\u01A1\\u1EDD\\u1EDB\\u1EE1\\u1EDF\\u1EE3\\u1ECD\\u1ED9\\u01EB\\u01ED\\u00F8\\u01FF\\u0254\\uA74B\\uA74D\\u0275]","oi":"[\\u01A3]","ou":"[\\u0223]","oo":"[\\uA74F]","p":"[\\u0070\\u24DF\\uFF50\\u1E55\\u1E57\\u01A5\\u1D7D\\uA751\\uA753\\uA755]","q":"[\\u0071\\u24E0\\uFF51\\u024B\\uA757\\uA759]","r":"[\\u0072\\u24E1\\uFF52\\u0155\\u1E59\\u0159\\u0211\\u0213\\u1E5B\\u1E5D\\u0157\\u1E5F\\u024D\\u027D\\uA75B\\uA7A7\\uA783]","s":"[\\u0073\\u24E2\\uFF53\\u015B\\u1E65\\u015D\\u1E61\\u0161\\u1E67\\u1E63\\u1E69\\u0219\\u015F\\u023F\\uA7A9\\uA785\\u1E9B]","ss":"[\\u00DF]","t":"[\\u0074\\u24E3\\uFF54\\u1E6B\\u1E97\\u0165\\u1E6D\\u021B\\u0163\\u1E71\\u1E6F\\u0167\\u01AD\\u0288\\u2C66\\uA787]","tz":"[\\uA729]","u":"[\\u0075\\u24E4\\uFF55\\u00F9\\u00FA\\u00FB\\u0169\\u1E79\\u016B\\u1E7B\\u016D\\u00FC\\u01DC\\u01D8\\u01D6\\u01DA\\u1EE7\\u016F\\u0171\\u01D4\\u0215\\u0217\\u01B0\\u1EEB\\u1EE9\\u1EEF\\u1EED\\u1EF1\\u1EE5\\u1E73\\u0173\\u1E77\\u1E75\\u0289]","v":"[\\u0076\\u24E5\\uFF56\\u1E7D\\u1E7F\\u028B\\uA75F\\u028C]","vy":"[\\uA761]","w":"[\\u0077\\u24E6\\uFF57\\u1E81\\u1E83\\u0175\\u1E87\\u1E85\\u1E98\\u1E89\\u2C73]","x":"[\\u0078\\u24E7\\uFF58\\u1E8B\\u1E8D]","y":"[\\u0079\\u24E8\\uFF59\\u1EF3\\u00FD\\u0177\\u1EF9\\u0233\\u1E8F\\u00FF\\u1EF7\\u1E99\\u1EF5\\u01B4\\u024F\\u1EFF]","z":"[\\u007A\\u24E9\\uFF5A\\u017A\\u1E91\\u017C\\u017E\\u1E93\\u1E95\\u01B6\\u0225\\u0240\\u2C6C\\uA763]"},"researchesTests":["contentHasTOC","contentHasShortParagraphs","contentHasAssets","keywordInTitle","keywordInMetaDescription","keywordInPermalink","keywordIn10Percent","keywordInContent","keywordInSubheadings","keywordInImageAlt","keywordDensity","keywordNotUsed","lengthContent","lengthPermalink","linksHasInternal","linksHasExternals","linksNotAllExternals","titleStartWithKeyword","titleSentiment","titleHasPowerWords","titleHasNumber","hasContentAI"],"hasRedirection":true,"hasBreadcrumb":false},"homeUrl":"https:\/\/onlinebettingspace.com\/no\/","objectID":2887,"objectType":"post","locale":"nb","localeFull":"nb_NO","overlayImages":{"play":{"name":"Play icon","url":"https:\/\/onlinebettingspace.com\/wp-content\/plugins\/seo-by-rank-math\/assets\/admin\/img\/icon-play.png","path":"\/home\/SuperAdmin\/web\/onlinebettingspace.com\/public_html\/wp-content\/plugins\/seo-by-rank-math\/assets\/admin\/img\/icon-play.png","position":"middle_center"},"gif":{"name":"GIF icon","url":"https:\/\/onlinebettingspace.com\/wp-content\/plugins\/seo-by-rank-math\/assets\/admin\/img\/icon-gif.png","path":"\/home\/SuperAdmin\/web\/onlinebettingspace.com\/public_html\/wp-content\/plugins\/seo-by-rank-math\/assets\/admin\/img\/icon-gif.png","position":"middle_center"}},"defautOgImage":"https:\/\/onlinebettingspace.com\/wp-content\/uploads\/2022\/04\/OBS-FULL-LOGO.webp","customPermalinks":true,"isUserRegistered":true,"autoSuggestKeywords":true,"connectSiteUrl":"https:\/\/rankmath.com\/auth?site=https%3A%2F%2Fonlinebettingspace.com%2Fno%2F&r=https%3A%2F%2Fonlinebettingspace.com%2Fno%2Fwp-json%2Fwp%2Fv2%2Fpages%2F2887%3Fnonce%3D3c5053353b","maxTags":5,"trendsIcon":"<svg viewBox=\"0 0 610 610\"><path d=\"M18.85,446,174.32,290.48l58.08,58.08L76.93,504a14.54,14.54,0,0,1-20.55,0L18.83,466.48a14.54,14.54,0,0,1,0-20.55Z\" style=\"fill:#4285f4\"\/><path d=\"M242.65,242.66,377.59,377.6l-47.75,47.75a14.54,14.54,0,0,1-20.55,0L174.37,290.43l47.75-47.75A14.52,14.52,0,0,1,242.65,242.66Z\" style=\"fill:#ea4335\"\/><polygon points=\"319.53 319.53 479.26 159.8 537.34 217.88 377.61 377.62 319.53 319.53\" style=\"fill:#fabb05\"\/><path d=\"M594.26,262.73V118.61h0a16.94,16.94,0,0,0-16.94-16.94H433.2a16.94,16.94,0,0,0-12,28.92L565.34,274.71h0a16.94,16.94,0,0,0,28.92-12Z\" style=\"fill:#34a853\"\/><rect width=\"610\" height=\"610\" style=\"fill:none\"\/><\/svg>","showScore":true,"siteFavIcon":"https:\/\/onlinebettingspace.com\/wp-content\/uploads\/2022\/04\/OBS-LOGO-1.webp","canUser":{"general":false,"advanced":false,"snippet":false,"social":false,"analysis":false,"analytics":false,"content_ai":false},"showKeywordIntent":true,"isPro":false,"is_front_page":false,"trendsUpgradeLink":"https:\/\/rankmath.com\/pricing\/?utm_source=Plugin&utm_medium=CE%20General%20Tab%20Trends&utm_campaign=WP","trendsUpgradeLabel":"Upgrade","trendsPreviewImage":"https:\/\/onlinebettingspace.com\/wp-content\/plugins\/seo-by-rank-math\/assets\/admin\/img\/trends-preview.jpg","currentEditor":false,"homepageData":{"assessor":{"powerWords":[],"diacritics":true,"researchesTests":["contentHasTOC","contentHasShortParagraphs","contentHasAssets","keywordInTitle","keywordInMetaDescription","keywordInPermalink","keywordIn10Percent","keywordInContent","keywordInSubheadings","keywordInImageAlt","keywordDensity","keywordNotUsed","lengthContent","lengthPermalink","linksHasInternal","linksHasExternals","linksNotAllExternals","titleStartWithKeyword","titleSentiment","titleHasPowerWords","titleHasNumber","hasContentAI"],"hasBreadcrumb":false,"serpData":{"title":"%sitename% %page% %sep% %sitedesc%","description":"","titleTemplate":"%sitename% %page% %sep% %sitedesc%","descriptionTemplate":"","focusKeywords":"","breadcrumbTitle":"Home","robots":{"index":true},"advancedRobots":[],"facebookTitle":"","facebookDescription":"","facebookImage":"","facebookImageID":""}}},"tocTitle":"Table of Contents","tocExcludeHeadings":[],"listStyle":"ul"},"_links":{"self":[{"href":"https:\/\/onlinebettingspace.com\/no\/wp-json\/wp\/v2\/pages\/2887","targetHints":{"allow":["GET"]}}],"collection":[{"href":"https:\/\/onlinebettingspace.com\/no\/wp-json\/wp\/v2\/pages"}],"about":[{"href":"https:\/\/onlinebettingspace.com\/no\/wp-json\/wp\/v2\/types\/page"}],"author":[{"embeddable":true,"href":"https:\/\/onlinebettingspace.com\/no\/wp-json\/wp\/v2\/users\/1"}],"replies":[{"embeddable":true,"href":"https:\/\/onlinebettingspace.com\/no\/wp-json\/wp\/v2\/comments?post=2887"}],"version-history":[{"count":0,"href":"https:\/\/onlinebettingspace.com\/no\/wp-json\/wp\/v2\/pages\/2887\/revisions"}],"wp:attachment":[{"href":"https:\/\/onlinebettingspace.com\/no\/wp-json\/wp\/v2\/media?parent=2887"}],"curies":[{"name":"wp","href":"https:\/\/api.w.org\/{rel}","templated":true}]}}