{"id":2875,"date":"2022-09-02T17:11:38","date_gmt":"2022-09-02T14:11:38","guid":{"rendered":"https:\/\/onlinebettingspace.com\/?page_id=2875"},"modified":"2022-09-02T17:11:38","modified_gmt":"2022-09-02T14:11:38","slug":"spinit-casino","status":"publish","type":"page","link":"https:\/\/onlinebettingspace.com\/no\/spinit-casino\/","title":{"rendered":"SPINIT CASINO"},"content":{"rendered":"<section class=\"l-section wpb_row height_medium\"><div class=\"l-section-h i-cf\"><div class=\"g-cols vc_row via_flex valign_top type_default stacking_default\"><div class=\"vc_col-sm-12 wpb_column vc_column_container\"><div class=\"vc_column-inner\"><div class=\"wpb_wrapper\"><div class=\"wpb_text_column\"><div class=\"wpb_wrapper\"><h1 class=\"col-sm-5 col-xs-12\">Spinit Casino<\/h1>\n<p class=\"header\">Hvorfor b\u00f8r jeg spille hos dette casinoet?<\/p>\n<ul class=\"readMore\">\n<li>Samme gjengen som utviklet Casino Cruise<\/li>\n<li>Byr p\u00e5 utrolige 1200 forskjellige spill<\/li>\n<li>Meget spennende VIP program<\/li>\n<li class=\"bold\">10 000 kr i velkomstbonus, pluss 200 freespins<\/li>\n<\/ul>\n<p><q>\u00a0I denne anmeldelsen har vi sett n\u00e6rmere p\u00e5 Spinit Casino \u2013 et nytt casino utviklet av samme gjengen som stod bak suksessen Casino Cruise. Les mer om deres utrolige spillutvalg, bonuser, m.m.\u00a0<\/q><br \/>\nCasino info<\/p>\n<ul>\n<li>Nettside:\u00a0https:\/\/www.spinit.com\/<\/li>\n<li>Etablert: 2016<\/li>\n<li>Software: Evolution, Microgaming, NetEnt, NYX Interactive, Play\u2019n Go<\/li>\n<li>Alternativer: Spill direkte p\u00e5 nettsiden, Live Casino, VIP<\/li>\n<li>Kundeservice : support@spinit.com<\/li>\n<li>Betalingsalternativer:<\/li>\n<\/ul>\n<div class=\"WYSIWYG row\">\n<p>Et av de siste nye casinoene vi vil stifte bekjentskap med i 2016 er Spinit.com, som \u00e5pnet d\u00f8rene 1. oktober. Her blir man tatt imot med vid\u00e5pne armer og tatt med til en opplevelse av de sjeldne. Spinit Casino kan nemlig friste med over 1200 forskjellige spill, et utvalg som legger seg helt der oppe blant de aller beste. For deg som liker store valgmuligheter er det sannsynligvis ikke noe \u00e5 vente p\u00e5\u2026<\/p>\n<p>Spinit har gjort det til sitt store oppdrag \u00e5 tilby deg den beste online spillopplevelsen du kan tenke deg. Spillutvalg er en ting, men her er det ogs\u00e5 bonuser og kampanjer som er med \u00e5 st\u00f8tte opp under de ambisi\u00f8se m\u00e5lene. En velkomstpakke som inneholder alt du kan tenke deg og mere til, og et VIP program av de bedre er ogs\u00e5 noe \u00e5 se frem til. Norsk spr\u00e5k og kundeservice l\u00f8fter ogs\u00e5 Spinit online casino opplevelsen<strong>.<\/strong><\/p>\n<h2>Bonuser<\/h2>\n<h3>Velkomstbonus<\/h3>\n<p>Spinit casino online strekker seg langt for \u00e5 gi deg en god start, og har derfor lyst til \u00e5 gi deg bonus p\u00e5 dine 4 f\u00f8rste innskudd:<\/p>\n<ul>\n<li>100 % bonus opp til 2000 kr p\u00e5 f\u00f8rste innskudd + 200 freespins<\/li>\n<li>50 % bonus opp til 2000 kr p\u00e5 andre innskudd<\/li>\n<li>25 % bonus opp til 3000 kr p\u00e5 tredje innskudd<\/li>\n<li>25 % bonus opp til 3000 kr p\u00e5 fjerde innskudd<\/li>\n<\/ul>\n<h2>Vilk\u00e5r<\/h2>\n<p>Minste innskudd for \u00e5 f\u00e5 bonus er p\u00e5 200 kr. Deretter m\u00e5 bonusbel\u00f8pet ditt omsettes 40 ganger f\u00f8r bonuspenger og eventuelle gevinst kan utbetales. Tar du ut maks bonus gir dette et samlet omsetningskrav p\u00e5 400\u00a0000 kr (10\u00a0000 kr x 40). Benytter du Skrill eller Neteller til \u00e5 sette inn penger vil du ikke v\u00e6re kvalifisert til \u00e5 motta bonusene. N\u00e5r det gjelder gratisrundene s\u00e5 er omsetningskravet det samme, og merk deg ogs\u00e5 at\u00a0<a href=\"\/no\/spilleautomater\/starburst\/\" data-track=\"\">disse utbetales p\u00e5 spilleautomaten Starburst<\/a>\u00a0i doser p\u00e5 20 av gangen.<\/p>\n<p>F\u00f8lgende vekting er lagt til grunn for de ulike spillene:<\/p>\n<p>\u00b7\u00a0\u00a0\u00a0\u00a0\u00a0\u00a0\u00a0\u00a0 Videospill og andre spill: 100 %<\/p>\n<p>\u00b7\u00a0\u00a0\u00a0\u00a0\u00a0\u00a0\u00a0\u00a0 Alle spill under de \u00abklassiske spillemaskinene\u00bb: 75 %<\/p>\n<p>\u00b7\u00a0\u00a0\u00a0\u00a0\u00a0\u00a0\u00a0\u00a0 Alle bordspill og Alle Blackjack: 10 %<\/p>\n<p>\u00b7\u00a0\u00a0\u00a0\u00a0\u00a0\u00a0\u00a0\u00a0 Alle Video Poker: 5 %<\/p>\n<p>\u00b7\u00a0\u00a0\u00a0\u00a0\u00a0\u00a0\u00a0\u00a0 F\u00f8lgende videospill vil bli ekskludert fra \u00e5 spille med bonusbalanse: Alle jackpot-spill, Alle livespill, Pearls of India, Tower quest, Castle Builder, Forsaken Kingdom, Tomb Raider, Tomb Raider 2, Untamed Bengal Tiger, Untamed Crowned Eagle, Untamed Giant Panda, Untamed Wolf Pack, Peek-a-Boo, Aliens, Blood suckers, Big Bang, Champion of the Track, Dead or Alive, Devil\u2019s Delight\u2122, Jackpot 6000, Kings of Chicago, Mega Joker, Robin Hood, Super nudge 6000, The Wish Master<\/p>\n<p>\u00b7\u00a0\u00a0\u00a0\u00a0\u00a0\u00a0\u00a0\u00a0 F\u00f8lgende video Slots vil bidra til 20 % mot bonussatsingen: Simsalabim, Big Bad Wolf, Supernova, Hot Ink, Arabian Rose<\/p>\n<h2>Kampanjer<\/h2>\n<p>Spinit har flere faste kampanjeinnslag du kan benytte deg av. Hver mandag kan du fylle opp igjen konten etter helgens aktiviteter med en reload bonus p\u00e5 25 % opp til 1000 kr. I tillegg har de hver eneste onsdag en bonus som de kaller Spinnernes valg, et tilbud som sikrer deg gratisrunder p\u00e5 ukens spill og en reload bonus. F\u00f8lg ogs\u00e5 med p\u00e5 innboksen din p\u00e5 Spinit kontoen for flere tilbud.<\/p>\n<h2>Spillutvalg<\/h2>\n<ul>\n<li>Bordspill: Blackjack og rulett<\/li>\n<li>Spilleautomater<\/li>\n<li>Videopoker<\/li>\n<li>Live Casino<\/li>\n<\/ul>\n<p>N\u00e5r det kommer til spillutvalg er nykommeren Spinit i en klasse for seg. Over 1200 spill venter p\u00e5 deg, i et utvalg du neppe har sett maken til f\u00f8r hos noen\u00a0<a href=\"\/no\/alle-casino\/\" data-track=\"\">andre casino<\/a>. Bordspill, videopoker, spilleautomater og en rekke sm\u00e5spill venter p\u00e5 deg. I tillegg har de et eget\u00a0<strong>live casino\u00a0<\/strong>hvor du kan pr\u00f8ve lykken i utvalgte bordspill mot profesjonelle dealere.<\/p>\n<p>Med 1200 spill i sortimentet er det kanskje ikke en overraskelse at flesteparten av dem er spilleautomater. Med s\u00e5 mange spill p\u00e5 lager er det kanskje heller ikke en overraskelse at Spinit Casino spiller p\u00e5 lag med de aller beste utviklerne. Hvem de er kan du lese mer om under, men alle de store titlene finnes her. Pr\u00f8v for eksempel den klassiske automaten Jackpot Jester 50\u00a0000, eller en av de legendariske videoautomatene\u00a0\u00a0<a href=\"\/no\/spilleautomater\/gonzosquest\/\" data-track=\"\">Gonzo\u2019s Quest<\/a>\u00a0eller\u00a0<a href=\"\/no\/spilleautomater\/mega-moolah\/\" data-track=\"\">Mega Moolah<\/a><strong>.\u00a0<\/strong>Her er det garantert noe for enhver smak, og finner du ikke det du ser etter hos Spinit, s\u00e5 er det godt mulig at spillet ikke finnes!<\/p>\n<h3>Programvare<\/h3>\n<p>P\u00e5 spinit.com finner du programvare fra et st\u00f8rre antall spillutviklere. Her er noen av de mest kjente: NetEnt, NYX, Evolution Gaming, Microgaming, Play\u2019N Go og Lucky Streak.<\/p>\n<p>Med Spinit Mobilcasino har du tilgang til over 200 spill n\u00e6r sagt uansett hvor du befinner deg. Her leveres ogs\u00e5 spill fra de beste i bransjen, selv om utvalget er en god del mindre enn p\u00e5 PC. Tjenesten er basert p\u00e5 spill fra nettleseren p\u00e5 enheten din og fungerer like bra p\u00e5 mobiltelefon som nettbrett. Det tilbys st\u00f8tte for b\u00e5de iOS og Android.<\/p>\n<h2>Kundeservice<\/h2>\n<p>Spinit sin kundeservice kan kontaktes alle dager mellom klokken 7-23. Norsk support er \u00e5pen i deler av \u00e5pningstiden, men det er ikke definert n\u00e5r. Hvis ikke foreg\u00e5r kommunikasjonen p\u00e5 engelsk. Du finner epost til kundeservice under, og hvis det er noe du er misforn\u00f8yd med kan du ogs\u00e5 benytte epost complaints@spinit.com.<\/p>\n<p><strong>\u00c5pningstider<\/strong>: 07.00 \u2013 23.00<br \/>\n<strong>Live chat<\/strong>: Ja<br \/>\n<strong>Telefon<\/strong>: +356 27781766 (Malta)<br \/>\n<strong>Epost<\/strong>: support@spinit.com<br \/>\n<strong>FAQ<\/strong>: Ja<\/p>\n<h2>Innskudd og uttak<\/h2>\n<table border=\"1\" cellspacing=\"1\" cellpadding=\"1\">\n<tbody>\n<tr>\n<td><strong>Type<\/strong><\/td>\n<td><strong>Avgift<\/strong><\/td>\n<td><strong>Behandlingstid<\/strong><\/td>\n<td><strong>Min\/Maks innskudd<\/strong><\/td>\n<\/tr>\n<tr>\n<td>Visa<\/td>\n<td>Gratis<\/td>\n<td>Umiddelbart<\/td>\n<td>10 \/ 2500<\/td>\n<\/tr>\n<tr>\n<td>Mastercard<\/td>\n<td>Gratis<\/td>\n<td>Umiddelbart<\/td>\n<td>10 \/ 2500<\/td>\n<\/tr>\n<tr>\n<td>Neteller<\/td>\n<td>Gratis<\/td>\n<td>Umiddelbart<\/td>\n<td>10 \/ 2500<\/td>\n<\/tr>\n<tr>\n<td>Skrill<\/td>\n<td>Gratis<\/td>\n<td>Umiddelbart<\/td>\n<td>10 \/ 2500<\/td>\n<\/tr>\n<tr>\n<td>Trustly<\/td>\n<td>Gratis<\/td>\n<td>Umiddelbart<\/td>\n<td>10 \/ 2500<\/td>\n<\/tr>\n<\/tbody>\n<\/table>\n<p><strong>Uttak<\/strong><\/p>\n<table border=\"1\" cellspacing=\"1\" cellpadding=\"1\">\n<tbody>\n<tr>\n<td><strong>Type<\/strong><\/td>\n<td><strong>Avgift<\/strong><\/td>\n<td><strong>Behandlingstid<\/strong><\/td>\n<td><strong>Min\/Maks uttak<\/strong><\/td>\n<\/tr>\n<tr>\n<td>Visa<\/td>\n<td>Gratis<\/td>\n<td>3-4 dager<\/td>\n<td>10 \/ 2500<\/td>\n<\/tr>\n<tr>\n<td>Mastercard<\/td>\n<td>Gratis<\/td>\n<td>3-4 dager<\/td>\n<td>10 \/ 2500<\/td>\n<\/tr>\n<tr>\n<td>Neteller<\/td>\n<td>Gratis<\/td>\n<td>1-2 dager<\/td>\n<td>10 \/ 2500<\/td>\n<\/tr>\n<tr>\n<td>Skrill<\/td>\n<td>Gratis<\/td>\n<td>2-7 dager<\/td>\n<td>10 \/ 2500<\/td>\n<\/tr>\n<tr>\n<td>Trustly<\/td>\n<td>Gratis<\/td>\n<td>3-4 dager<\/td>\n<td>10 \/ 2500<\/td>\n<\/tr>\n<\/tbody>\n<\/table>\n<h2>Eiere<\/h2>\n<p>Spinit.com kommer fra samme gjengen som driver popul\u00e6re\u00a0<a href=\"\/no\/casino-cruise\/\" data-track=\"\">Casino Cruise<\/a>\u00a0og drives av \u00a0Genesis Global Limited, med adresse Tower Gate Place, Tal-Qroqq Street, Msida, Msd 1703\u2013 Malta. Global Genesis er et selskap registrert i henhold til maltesisk lovgivning med registreringsnummer C65325, og drives med en Class 1 on 4-lisens, med lisensnummer:<\/p>\n<ul>\n<li>MGA\/CL1\/1150\/2015.<\/li>\n<\/ul>\n<p>Casinoet er ogs\u00e5 regulert av UK Gambling Commission, med lisensnummer:<\/p>\n<ul>\n<li>000-045235-R-324169-001<\/li>\n<\/ul>\n<h2>Oppsummering<\/h2>\n<p>Er du klar for et spillutvalg det lukter svidd av er det ingen vei utenom Spinit. Med over 1200 spill p\u00e5 menyen, et utvalg i stadig vekst og levert fra de beste i industrien, har du en stor spillopplevelse \u00e5 se frem til. Utvalget er godt krydret av en attraktiv velkomstbonus som gj\u00f8r det vel verdt pengene, og ikke minst et VIP program du kommer til \u00e5 nyte hvert sekund av om du blir tatt opp som medlem. God tilpasning til norsk gj\u00f8r ogs\u00e5 opplevelsen enda bedre. Er du skeptisk til at de er nye er Casino Cruise en god referanse, ettersom det er samme selskap som st\u00e5r bak de to casinoene. Slik er det i det hele tatt sv\u00e6rt lite \u00e5 utsette p\u00e5 nykommeren Spinit som vi anbefaler p\u00e5 det sterkeste \u00e5 pr\u00f8ve.<\/p>\n<p>Plus<\/p>\n<ul>\n<li>1200 spill fra de beste akt\u00f8rene<\/li>\n<li>Alt innhold er tilgjengelig p\u00e5 norsk<\/li>\n<li>Gode bonuser og kampanjer<\/li>\n<\/ul>\n<p>Minus<\/p>\n<ul>\n<li>Begrensede \u00e5pningstider for support<\/li>\n<\/ul>\n<p>Fersk casinospiller? Her har du 4 gode tips!<\/p>\n<ul>\n<li>Test casinoet i gratismodus<\/li>\n<li>Benytt de beste bonustilbudene, men sjekk alltid hvilke frispillingskrav som f\u00f8lger med<\/li>\n<li>Hold deg til et spill over lenger tid, men spill gjerne flere spill samtidig<\/li>\n<li>Ha det g\u00f8y! Om spillingen ikke lenger er moro, s\u00f8k hjelp umiddelbart<\/li>\n<\/ul>\n<\/div>\n<\/div><\/div><\/div><\/div><\/div><\/div><\/div><\/section>\n","protected":false},"excerpt":{"rendered":"Spinit Casino Hvorfor b\u00f8r jeg spille hos dette casinoet? Samme gjengen som utviklet Casino Cruise Byr p\u00e5 utrolige 1200 forskjellige spill Meget spennende VIP program 10 000 kr i velkomstbonus, pluss 200 freespins \u00a0I denne anmeldelsen har vi sett n\u00e6rmere p\u00e5 Spinit Casino \u2013 et nytt casino utviklet av samme gjengen som stod bak suksessen...","protected":false},"author":1,"featured_media":0,"parent":0,"menu_order":0,"comment_status":"closed","ping_status":"closed","template":"","meta":{"_acf_changed":false,"footnotes":""},"class_list":["post-2875","page","type-page","status-publish","hentry"],"acf":[],"rankMath":{"parentDomain":"onlinebettingspace.com","noFollowDomains":[],"noFollowExcludeDomains":[],"noFollowExternalLinks":false,"featuredImageNotice":"The featured image should be at least 200 by 200 pixels to be picked up by Facebook and other social media sites.","pluginReviewed":true,"postSettings":{"linkSuggestions":true,"useFocusKeyword":false},"frontEndScore":false,"postName":"spinit-casino","permalinkFormat":"https:\/\/onlinebettingspace.com\/no\/%pagename%\/","showLockModifiedDate":true,"assessor":{"focusKeywordLink":"https:\/\/onlinebettingspace.com\/wp-admin\/edit.php?focus_keyword=%focus_keyword%&post_type=%post_type%","hasTOCPlugin":false,"primaryTaxonomy":false,"serpData":{"title":"Spinit Casino \u2013 Velkomstpakke 10 000 kr + 200 spinns","description":"Spinn deg svimmel med nykommeren Spinit Casino som byr p\u00e5 fantastiske 1200 spill. Kos deg med et av markedets beste utvalg og nyt suverene bonuser","focusKeywords":"SPINIT CASINO","pillarContent":false,"canonicalUrl":"","breadcrumbTitle":"","advancedRobots":[],"facebookTitle":"","facebookDescription":"","facebookImage":"","facebookImageID":"","facebookHasOverlay":false,"facebookImageOverlay":"","facebookAuthor":"","twitterCardType":"","twitterUseFacebook":true,"twitterTitle":"","twitterDescription":"","twitterImage":"","twitterImageID":"","twitterHasOverlay":false,"twitterImageOverlay":"","twitterPlayerUrl":"","twitterPlayerSize":"","twitterPlayerStream":"","twitterPlayerStreamCtype":"","twitterAppDescription":"","twitterAppIphoneName":"","twitterAppIphoneID":"","twitterAppIphoneUrl":"","twitterAppIpadName":"","twitterAppIpadID":"","twitterAppIpadUrl":"","twitterAppGoogleplayName":"","twitterAppGoogleplayID":"","twitterAppGoogleplayUrl":"","twitterAppCountry":"","robots":{"index":true},"twitterAuthor":"username","primaryTerm":0,"authorName":"OBSAdmin","titleTemplate":"%title% %sep% %sitename%","descriptionTemplate":"%excerpt%","showScoreFrontend":true,"lockModifiedDate":false},"powerWords":[],"diacritics":{"A":"[\\u0041\\u24B6\\uFF21\\u00C0\\u00C1\\u00C2\\u1EA6\\u1EA4\\u1EAA\\u1EA8\\u00C3\\u0100\\u0102\\u1EB0\\u1EAE\\u1EB4\\u1EB2\\u0226\\u01E0\\u00C4\\u01DE\\u1EA2\\u00C5\\u01FA\\u01CD\\u0200\\u0202\\u1EA0\\u1EAC\\u1EB6\\u1E00\\u0104\\u023A\\u2C6F]","AA":"[\\uA732]","AE":"[\\u00C6\\u01FC\\u01E2]","AO":"[\\uA734]","AU":"[\\uA736]","AV":"[\\uA738\\uA73A]","AY":"[\\uA73C]","B":"[\\u0042\\u24B7\\uFF22\\u1E02\\u1E04\\u1E06\\u0243\\u0182\\u0181]","C":"[\\u0043\\u24B8\\uFF23\\u0106\\u0108\\u010A\\u010C\\u00C7\\u1E08\\u0187\\u023B\\uA73E]","D":"[\\u0044\\u24B9\\uFF24\\u1E0A\\u010E\\u1E0C\\u1E10\\u1E12\\u1E0E\\u0110\\u018B\\u018A\\u0189\\uA779]","DZ":"[\\u01F1\\u01C4]","Dz":"[\\u01F2\\u01C5]","E":"[\\u0045\\u24BA\\uFF25\\u00C8\\u00C9\\u00CA\\u1EC0\\u1EBE\\u1EC4\\u1EC2\\u1EBC\\u0112\\u1E14\\u1E16\\u0114\\u0116\\u00CB\\u1EBA\\u011A\\u0204\\u0206\\u1EB8\\u1EC6\\u0228\\u1E1C\\u0118\\u1E18\\u1E1A\\u0190\\u018E]","F":"[\\u0046\\u24BB\\uFF26\\u1E1E\\u0191\\uA77B]","G":"[\\u0047\\u24BC\\uFF27\\u01F4\\u011C\\u1E20\\u011E\\u0120\\u01E6\\u0122\\u01E4\\u0193\\uA7A0\\uA77D\\uA77E]","H":"[\\u0048\\u24BD\\uFF28\\u0124\\u1E22\\u1E26\\u021E\\u1E24\\u1E28\\u1E2A\\u0126\\u2C67\\u2C75\\uA78D]","I":"[\\u0049\\u24BE\\uFF29\\u00CC\\u00CD\\u00CE\\u0128\\u012A\\u012C\\u0130\\u00CF\\u1E2E\\u1EC8\\u01CF\\u0208\\u020A\\u1ECA\\u012E\\u1E2C\\u0197]","J":"[\\u004A\\u24BF\\uFF2A\\u0134\\u0248]","K":"[\\u004B\\u24C0\\uFF2B\\u1E30\\u01E8\\u1E32\\u0136\\u1E34\\u0198\\u2C69\\uA740\\uA742\\uA744\\uA7A2]","L":"[\\u004C\\u24C1\\uFF2C\\u013F\\u0139\\u013D\\u1E36\\u1E38\\u013B\\u1E3C\\u1E3A\\u0141\\u023D\\u2C62\\u2C60\\uA748\\uA746\\uA780]","LJ":"[\\u01C7]","Lj":"[\\u01C8]","M":"[\\u004D\\u24C2\\uFF2D\\u1E3E\\u1E40\\u1E42\\u2C6E\\u019C]","N":"[\\u004E\\u24C3\\uFF2E\\u01F8\\u0143\\u00D1\\u1E44\\u0147\\u1E46\\u0145\\u1E4A\\u1E48\\u0220\\u019D\\uA790\\uA7A4]","NJ":"[\\u01CA]","Nj":"[\\u01CB]","O":"[\\u004F\\u24C4\\uFF2F\\u00D2\\u00D3\\u00D4\\u1ED2\\u1ED0\\u1ED6\\u1ED4\\u00D5\\u1E4C\\u022C\\u1E4E\\u014C\\u1E50\\u1E52\\u014E\\u022E\\u0230\\u00D6\\u022A\\u1ECE\\u0150\\u01D1\\u020C\\u020E\\u01A0\\u1EDC\\u1EDA\\u1EE0\\u1EDE\\u1EE2\\u1ECC\\u1ED8\\u01EA\\u01EC\\u00D8\\u01FE\\u0186\\u019F\\uA74A\\uA74C]","OI":"[\\u01A2]","OO":"[\\uA74E]","OU":"[\\u0222]","P":"[\\u0050\\u24C5\\uFF30\\u1E54\\u1E56\\u01A4\\u2C63\\uA750\\uA752\\uA754]","Q":"[\\u0051\\u24C6\\uFF31\\uA756\\uA758\\u024A]","R":"[\\u0052\\u24C7\\uFF32\\u0154\\u1E58\\u0158\\u0210\\u0212\\u1E5A\\u1E5C\\u0156\\u1E5E\\u024C\\u2C64\\uA75A\\uA7A6\\uA782]","S":"[\\u0053\\u24C8\\uFF33\\u1E9E\\u015A\\u1E64\\u015C\\u1E60\\u0160\\u1E66\\u1E62\\u1E68\\u0218\\u015E\\u2C7E\\uA7A8\\uA784]","T":"[\\u0054\\u24C9\\uFF34\\u1E6A\\u0164\\u1E6C\\u021A\\u0162\\u1E70\\u1E6E\\u0166\\u01AC\\u01AE\\u023E\\uA786]","TZ":"[\\uA728]","U":"[\\u0055\\u24CA\\uFF35\\u00D9\\u00DA\\u00DB\\u0168\\u1E78\\u016A\\u1E7A\\u016C\\u00DC\\u01DB\\u01D7\\u01D5\\u01D9\\u1EE6\\u016E\\u0170\\u01D3\\u0214\\u0216\\u01AF\\u1EEA\\u1EE8\\u1EEE\\u1EEC\\u1EF0\\u1EE4\\u1E72\\u0172\\u1E76\\u1E74\\u0244]","V":"[\\u0056\\u24CB\\uFF36\\u1E7C\\u1E7E\\u01B2\\uA75E\\u0245]","VY":"[\\uA760]","W":"[\\u0057\\u24CC\\uFF37\\u1E80\\u1E82\\u0174\\u1E86\\u1E84\\u1E88\\u2C72]","X":"[\\u0058\\u24CD\\uFF38\\u1E8A\\u1E8C]","Y":"[\\u0059\\u24CE\\uFF39\\u1EF2\\u00DD\\u0176\\u1EF8\\u0232\\u1E8E\\u0178\\u1EF6\\u1EF4\\u01B3\\u024E\\u1EFE]","Z":"[\\u005A\\u24CF\\uFF3A\\u0179\\u1E90\\u017B\\u017D\\u1E92\\u1E94\\u01B5\\u0224\\u2C7F\\u2C6B\\uA762]","a":"[\\u0061\\u24D0\\uFF41\\u1E9A\\u00E0\\u00E1\\u00E2\\u1EA7\\u1EA5\\u1EAB\\u1EA9\\u00E3\\u0101\\u0103\\u1EB1\\u1EAF\\u1EB5\\u1EB3\\u0227\\u01E1\\u00E4\\u01DF\\u1EA3\\u00E5\\u01FB\\u01CE\\u0201\\u0203\\u1EA1\\u1EAD\\u1EB7\\u1E01\\u0105\\u2C65\\u0250]","aa":"[\\uA733]","ae":"[\\u00E6\\u01FD\\u01E3]","ao":"[\\uA735]","au":"[\\uA737]","av":"[\\uA739\\uA73B]","ay":"[\\uA73D]","b":"[\\u0062\\u24D1\\uFF42\\u1E03\\u1E05\\u1E07\\u0180\\u0183\\u0253]","c":"[\\u0063\\u24D2\\uFF43\\u0107\\u0109\\u010B\\u010D\\u00E7\\u1E09\\u0188\\u023C\\uA73F\\u2184]","d":"[\\u0064\\u24D3\\uFF44\\u1E0B\\u010F\\u1E0D\\u1E11\\u1E13\\u1E0F\\u0111\\u018C\\u0256\\u0257\\uA77A]","dz":"[\\u01F3\\u01C6]","e":"[\\u0065\\u24D4\\uFF45\\u00E8\\u00E9\\u00EA\\u1EC1\\u1EBF\\u1EC5\\u1EC3\\u1EBD\\u0113\\u1E15\\u1E17\\u0115\\u0117\\u00EB\\u1EBB\\u011B\\u0205\\u0207\\u1EB9\\u1EC7\\u0229\\u1E1D\\u0119\\u1E19\\u1E1B\\u0247\\u025B\\u01DD]","f":"[\\u0066\\u24D5\\uFF46\\u1E1F\\u0192\\uA77C]","g":"[\\u0067\\u24D6\\uFF47\\u01F5\\u011D\\u1E21\\u011F\\u0121\\u01E7\\u0123\\u01E5\\u0260\\uA7A1\\u1D79\\uA77F]","h":"[\\u0068\\u24D7\\uFF48\\u0125\\u1E23\\u1E27\\u021F\\u1E25\\u1E29\\u1E2B\\u1E96\\u0127\\u2C68\\u2C76\\u0265]","hv":"[\\u0195]","i":"[\\u0069\\u24D8\\uFF49\\u00EC\\u00ED\\u00EE\\u0129\\u012B\\u012D\\u00EF\\u1E2F\\u1EC9\\u01D0\\u0209\\u020B\\u1ECB\\u012F\\u1E2D\\u0268\\u0131]","j":"[\\u006A\\u24D9\\uFF4A\\u0135\\u01F0\\u0249]","k":"[\\u006B\\u24DA\\uFF4B\\u1E31\\u01E9\\u1E33\\u0137\\u1E35\\u0199\\u2C6A\\uA741\\uA743\\uA745\\uA7A3]","l":"[\\u006C\\u24DB\\uFF4C\\u0140\\u013A\\u013E\\u1E37\\u1E39\\u013C\\u1E3D\\u1E3B\\u017F\\u0142\\u019A\\u026B\\u2C61\\uA749\\uA781\\uA747]","lj":"[\\u01C9]","m":"[\\u006D\\u24DC\\uFF4D\\u1E3F\\u1E41\\u1E43\\u0271\\u026F]","n":"[\\u006E\\u24DD\\uFF4E\\u01F9\\u0144\\u00F1\\u1E45\\u0148\\u1E47\\u0146\\u1E4B\\u1E49\\u019E\\u0272\\u0149\\uA791\\uA7A5]","nj":"[\\u01CC]","o":"[\\u006F\\u24DE\\uFF4F\\u00F2\\u00F3\\u00F4\\u1ED3\\u1ED1\\u1ED7\\u1ED5\\u00F5\\u1E4D\\u022D\\u1E4F\\u014D\\u1E51\\u1E53\\u014F\\u022F\\u0231\\u00F6\\u022B\\u1ECF\\u0151\\u01D2\\u020D\\u020F\\u01A1\\u1EDD\\u1EDB\\u1EE1\\u1EDF\\u1EE3\\u1ECD\\u1ED9\\u01EB\\u01ED\\u00F8\\u01FF\\u0254\\uA74B\\uA74D\\u0275]","oi":"[\\u01A3]","ou":"[\\u0223]","oo":"[\\uA74F]","p":"[\\u0070\\u24DF\\uFF50\\u1E55\\u1E57\\u01A5\\u1D7D\\uA751\\uA753\\uA755]","q":"[\\u0071\\u24E0\\uFF51\\u024B\\uA757\\uA759]","r":"[\\u0072\\u24E1\\uFF52\\u0155\\u1E59\\u0159\\u0211\\u0213\\u1E5B\\u1E5D\\u0157\\u1E5F\\u024D\\u027D\\uA75B\\uA7A7\\uA783]","s":"[\\u0073\\u24E2\\uFF53\\u015B\\u1E65\\u015D\\u1E61\\u0161\\u1E67\\u1E63\\u1E69\\u0219\\u015F\\u023F\\uA7A9\\uA785\\u1E9B]","ss":"[\\u00DF]","t":"[\\u0074\\u24E3\\uFF54\\u1E6B\\u1E97\\u0165\\u1E6D\\u021B\\u0163\\u1E71\\u1E6F\\u0167\\u01AD\\u0288\\u2C66\\uA787]","tz":"[\\uA729]","u":"[\\u0075\\u24E4\\uFF55\\u00F9\\u00FA\\u00FB\\u0169\\u1E79\\u016B\\u1E7B\\u016D\\u00FC\\u01DC\\u01D8\\u01D6\\u01DA\\u1EE7\\u016F\\u0171\\u01D4\\u0215\\u0217\\u01B0\\u1EEB\\u1EE9\\u1EEF\\u1EED\\u1EF1\\u1EE5\\u1E73\\u0173\\u1E77\\u1E75\\u0289]","v":"[\\u0076\\u24E5\\uFF56\\u1E7D\\u1E7F\\u028B\\uA75F\\u028C]","vy":"[\\uA761]","w":"[\\u0077\\u24E6\\uFF57\\u1E81\\u1E83\\u0175\\u1E87\\u1E85\\u1E98\\u1E89\\u2C73]","x":"[\\u0078\\u24E7\\uFF58\\u1E8B\\u1E8D]","y":"[\\u0079\\u24E8\\uFF59\\u1EF3\\u00FD\\u0177\\u1EF9\\u0233\\u1E8F\\u00FF\\u1EF7\\u1E99\\u1EF5\\u01B4\\u024F\\u1EFF]","z":"[\\u007A\\u24E9\\uFF5A\\u017A\\u1E91\\u017C\\u017E\\u1E93\\u1E95\\u01B6\\u0225\\u0240\\u2C6C\\uA763]"},"researchesTests":["contentHasTOC","contentHasShortParagraphs","contentHasAssets","keywordInTitle","keywordInMetaDescription","keywordInPermalink","keywordIn10Percent","keywordInContent","keywordInSubheadings","keywordInImageAlt","keywordDensity","keywordNotUsed","lengthContent","lengthPermalink","linksHasInternal","linksHasExternals","linksNotAllExternals","titleStartWithKeyword","titleSentiment","titleHasPowerWords","titleHasNumber","hasContentAI"],"hasRedirection":true,"hasBreadcrumb":false},"homeUrl":"https:\/\/onlinebettingspace.com\/no\/","objectID":2875,"objectType":"post","locale":"nb","localeFull":"nb_NO","overlayImages":{"play":{"name":"Play icon","url":"https:\/\/onlinebettingspace.com\/wp-content\/plugins\/seo-by-rank-math\/assets\/admin\/img\/icon-play.png","path":"\/home\/SuperAdmin\/web\/onlinebettingspace.com\/public_html\/wp-content\/plugins\/seo-by-rank-math\/assets\/admin\/img\/icon-play.png","position":"middle_center"},"gif":{"name":"GIF icon","url":"https:\/\/onlinebettingspace.com\/wp-content\/plugins\/seo-by-rank-math\/assets\/admin\/img\/icon-gif.png","path":"\/home\/SuperAdmin\/web\/onlinebettingspace.com\/public_html\/wp-content\/plugins\/seo-by-rank-math\/assets\/admin\/img\/icon-gif.png","position":"middle_center"}},"defautOgImage":"https:\/\/onlinebettingspace.com\/wp-content\/uploads\/2022\/04\/OBS-FULL-LOGO.webp","customPermalinks":true,"isUserRegistered":true,"autoSuggestKeywords":true,"connectSiteUrl":"https:\/\/rankmath.com\/auth?site=https%3A%2F%2Fonlinebettingspace.com%2Fno%2F&r=https%3A%2F%2Fonlinebettingspace.com%2Fno%2Fwp-json%2Fwp%2Fv2%2Fpages%2F2875%3Fnonce%3D378e8040c1","maxTags":5,"trendsIcon":"<svg viewBox=\"0 0 610 610\"><path d=\"M18.85,446,174.32,290.48l58.08,58.08L76.93,504a14.54,14.54,0,0,1-20.55,0L18.83,466.48a14.54,14.54,0,0,1,0-20.55Z\" style=\"fill:#4285f4\"\/><path d=\"M242.65,242.66,377.59,377.6l-47.75,47.75a14.54,14.54,0,0,1-20.55,0L174.37,290.43l47.75-47.75A14.52,14.52,0,0,1,242.65,242.66Z\" style=\"fill:#ea4335\"\/><polygon points=\"319.53 319.53 479.26 159.8 537.34 217.88 377.61 377.62 319.53 319.53\" style=\"fill:#fabb05\"\/><path d=\"M594.26,262.73V118.61h0a16.94,16.94,0,0,0-16.94-16.94H433.2a16.94,16.94,0,0,0-12,28.92L565.34,274.71h0a16.94,16.94,0,0,0,28.92-12Z\" style=\"fill:#34a853\"\/><rect width=\"610\" height=\"610\" style=\"fill:none\"\/><\/svg>","showScore":true,"siteFavIcon":"https:\/\/onlinebettingspace.com\/wp-content\/uploads\/2022\/04\/OBS-LOGO-1.webp","canUser":{"general":false,"advanced":false,"snippet":false,"social":false,"analysis":false,"analytics":false,"content_ai":false},"showKeywordIntent":true,"isPro":false,"is_front_page":false,"trendsUpgradeLink":"https:\/\/rankmath.com\/pricing\/?utm_source=Plugin&utm_medium=CE%20General%20Tab%20Trends&utm_campaign=WP","trendsUpgradeLabel":"Upgrade","trendsPreviewImage":"https:\/\/onlinebettingspace.com\/wp-content\/plugins\/seo-by-rank-math\/assets\/admin\/img\/trends-preview.jpg","currentEditor":false,"homepageData":{"assessor":{"powerWords":[],"diacritics":true,"researchesTests":["contentHasTOC","contentHasShortParagraphs","contentHasAssets","keywordInTitle","keywordInMetaDescription","keywordInPermalink","keywordIn10Percent","keywordInContent","keywordInSubheadings","keywordInImageAlt","keywordDensity","keywordNotUsed","lengthContent","lengthPermalink","linksHasInternal","linksHasExternals","linksNotAllExternals","titleStartWithKeyword","titleSentiment","titleHasPowerWords","titleHasNumber","hasContentAI"],"hasBreadcrumb":false,"serpData":{"title":"%sitename% %page% %sep% %sitedesc%","description":"","titleTemplate":"%sitename% %page% %sep% %sitedesc%","descriptionTemplate":"","focusKeywords":"","breadcrumbTitle":"Home","robots":{"index":true},"advancedRobots":[],"facebookTitle":"","facebookDescription":"","facebookImage":"","facebookImageID":""}}},"tocTitle":"Table of Contents","tocExcludeHeadings":[],"listStyle":"ul"},"_links":{"self":[{"href":"https:\/\/onlinebettingspace.com\/no\/wp-json\/wp\/v2\/pages\/2875","targetHints":{"allow":["GET"]}}],"collection":[{"href":"https:\/\/onlinebettingspace.com\/no\/wp-json\/wp\/v2\/pages"}],"about":[{"href":"https:\/\/onlinebettingspace.com\/no\/wp-json\/wp\/v2\/types\/page"}],"author":[{"embeddable":true,"href":"https:\/\/onlinebettingspace.com\/no\/wp-json\/wp\/v2\/users\/1"}],"replies":[{"embeddable":true,"href":"https:\/\/onlinebettingspace.com\/no\/wp-json\/wp\/v2\/comments?post=2875"}],"version-history":[{"count":0,"href":"https:\/\/onlinebettingspace.com\/no\/wp-json\/wp\/v2\/pages\/2875\/revisions"}],"wp:attachment":[{"href":"https:\/\/onlinebettingspace.com\/no\/wp-json\/wp\/v2\/media?parent=2875"}],"curies":[{"name":"wp","href":"https:\/\/api.w.org\/{rel}","templated":true}]}}