{"id":2871,"date":"2022-09-02T17:02:31","date_gmt":"2022-09-02T14:02:31","guid":{"rendered":"https:\/\/onlinebettingspace.com\/?page_id=2871"},"modified":"2022-09-02T17:02:31","modified_gmt":"2022-09-02T14:02:31","slug":"casimba-casino","status":"publish","type":"page","link":"https:\/\/onlinebettingspace.com\/no\/casimba-casino\/","title":{"rendered":"CASIMBA CASINO"},"content":{"rendered":"<section class=\"l-section wpb_row height_medium\"><div class=\"l-section-h i-cf\"><div class=\"g-cols vc_row via_flex valign_top type_default stacking_default\"><div class=\"vc_col-sm-12 wpb_column vc_column_container\"><div class=\"vc_column-inner\"><div class=\"wpb_wrapper\"><div class=\"wpb_text_column\"><div class=\"wpb_wrapper\"><h1 class=\" col-sm-5 _1o col-xs-12 _2g \">Casimba Casino<\/h1>\n<p class=\" header _5j \">Hvorfor b\u00f8r jeg spille hos dette casinoet?<\/p>\n<ul class=\" readMore _47 \">\n<li>Spill fra 100 utviklere \u2013 mest p\u00e5 nettet?<\/li>\n<li>Trekker en vinner av safari i Afrika hver m\u00e5ned<\/li>\n<li class=\" bold _dh \">200 % bonus opptil 25 000 kr p\u00e5 f\u00f8rste innskudd + 50 free spins<\/li>\n<\/ul>\n<ul>\n<li>Etablert: 2017<\/li>\n<li>Programvare: Amaya Gaming Software, Evolution, Games Warehouse, Genisis, Microgaming<\/li>\n<li>Alternativer: Spill direkte p\u00e5 nettsiden, Live Casino, VIP<\/li>\n<li>Kundeservice : support@casimba.com<\/li>\n<li>Betalingsalternativer:<\/li>\n<\/ul>\n<table id=\"tablepress-57\" class=\" tablepress _4d tablepress-id-57 tablepress-responsive _h8 \">\n<tbody class=\" row-hover \">\n<tr class=\" row-1 odd _h1 \">\n<td class=\" column-1 \">BONUS<\/td>\n<td class=\" column-2 \"><strong>Velkomstbonus:<\/strong><\/p>\n<ul>\n<li style=\"list-style-type: none;\">\n<ul>\n<li>32 500 kr + 125 free spins + 500 lojalitetspoeng<\/li>\n<\/ul>\n<\/li>\n<\/ul>\n<\/td>\n<td class=\" column-3 \"><strong>F\u00f8rste innskuddsbonus:<\/strong><\/p>\n<ul>\n<li style=\"list-style-type: none;\">\n<ul>\n<li>200 % opptil 25 000 kr + 50 free spins + 500 lojalitetspoeng<\/li>\n<\/ul>\n<\/li>\n<\/ul>\n<\/td>\n<td class=\" column-4 \"><strong>Bonuskrav:<\/strong>\u00a035x<\/td>\n<td class=\" column-5 \"><strong>Free spins bonuskrav:<\/strong>\u00a035x<\/td>\n<\/tr>\n<tr class=\" row-2 even _h2 \">\n<td class=\" column-1 \">SPILL<\/td>\n<td class=\" column-2 \"><strong>Antall spill:<\/strong>\u00a01200+ on desktop and 800+ on mobile<\/td>\n<td class=\" column-3 \"><strong>Spillutviklere:<\/strong>\u00a01&#215;2 Gaming, 2by2 Games, 4ThePlayer, Adptit Publishing, AGS, Ainsworth, Alchemy Gaming, All41 Studios, Asylum Labs, Bally, Barcrest, BB Games, Betdigital, Big Time Gaming, Bla Bla Studios, Blueprint<\/td>\n<td class=\" column-4 \"><strong>Live casino:<\/strong>\u00a0Ja<\/td>\n<td class=\" column-5 \"><strong>VIP casino:<\/strong>\u00a0Ja<\/td>\n<\/tr>\n<tr class=\" row-3 odd _h1 \">\n<td class=\" column-1 \">BETALINGER OG UTTAK<\/td>\n<td class=\" column-2 \"><strong>Betalingsmetoder:<\/strong>VISA, Rapid, PaysafeCard, Skrill, Neteller og Revolt Cards<\/td>\n<td class=\" column-3 \"><strong>Tid f\u00f8r du m\u00e5 spille med penger:<\/strong>\u00a0Ingen info tilgjengelig<\/td>\n<td class=\" column-4 \"><strong>Minimum innskudd:<\/strong>\u00a0100 kr<\/td>\n<td class=\" column-5 \"><strong>Uttakstid:<\/strong>\u00a03-7 dager<\/td>\n<\/tr>\n<tr class=\" row-4 even _h2 \">\n<td class=\" column-1 \">KUNDESUPPORT<\/td>\n<td class=\" column-2 \"><strong>Live chat:<\/strong><br \/>\nJa<\/td>\n<td class=\" column-3 \"><strong>Telefon:<\/strong>\u00a0Ja<\/td>\n<td class=\" column-4 \"><strong>Epost:<\/strong>\u00a0support@casimba.com<\/td>\n<td class=\" column-5 \"><strong>\u00c5pningstider:<\/strong>\u00a024\/7<\/td>\n<\/tr>\n<\/tbody>\n<\/table>\n<p>I 2017 lanserte Caddell Limited NV Casinos Casimba Casino. Dette er samme eier som st\u00e5r bak casino som Spin Station, Spinland og The Grand Ivy. Casimba har de laget som et rendyrket casino, med et bra spillutvalg og en bredde du neppe har sett maken til. 100 spillutviklere leverer innhold til dem, et antall vi ikke kjenner mange andre som kan matche. Norsk spr\u00e5k er st\u00f8ttet, men er i hovedsak en oversettelse fra engelsk som \u00e5penbart er hovedsatsingen til Casimba.<\/p>\n<p><em>Les videre for \u00e5 bli bedre kjent med Casimba. Har du selv erfaringer med dem fra f\u00f8r som du vil dele med Norskcasino sine lesere? Vi setter stor pris p\u00e5 om du legger igjen en kommentar nederst \u2013 b\u00e5de gode og mindre gode erfaringer mottas med takk.<\/em><\/p>\n<h2><strong>Daglige tilbud<\/strong><\/h2>\n<p>Casimba bel\u00f8nner deg hver dag hele uken. Dette er ikke de tradisjonelle daglige tilbudene som du sikkert har sett andre steder, som innskuddsbonuser og free spins. Her handler det om \u00e5 bel\u00f8nne deg med lojalitetspoeng. De f\u00f8rste 500 f\u00e5r du ved registrering, og herfra samler du poeng hver eneste gang du spiller. Omsett penger p\u00e5 spilleautomater eller bordspill og du vil se at poengsaldoen din \u00f8ker etter hvert som du spiller. Poengene kan senere brukes til \u00e5 veksle inn til bonuskreditter, slik at du vil ha mer penger \u00e5 spille for. Et bra tilbud som gir deg fordeler p\u00e5 sikt, selv om det tar en stund \u00e5 komme i gang. Her vil nok enkelte kunne bli ut\u00e5lmodig i s\u00f8knen etter tradisjonelle bel\u00f8nninger.<\/p>\n<p>Det er ogs\u00e5 et VIP program med massevis av fordeler, laget for de mest trofaste spillerne. Jo mer du spiller, desto bedre status vil du f\u00e5. Men ogs\u00e5 her kreves det tid og mye omsetning for \u00e5 hente ut bel\u00f8nninger. Det er en \u00e6rlig sak at dette ikke passer for alle. Det som derimot er bra, er at de gir deg sjansen hver eneste m\u00e5ned til \u00e5 vinne en safaritur til S\u00f8r-Afrika eller Thailand. Det kan v\u00e6re en liten gulrot \u00e5 strekke seg etter og et middel til \u00e5 holde litt mer p\u00e5 t\u00e5lmodigheten.<\/p>\n<p><em>Hvert eneste spill hos Casimba teller. Samle poeng og veksle dem inn til penger p\u00e5 dine spillfavoritter.<\/em><\/p>\n<h2><strong>Bonus og vilk\u00e5r<\/strong><\/h2>\n<p>Det er tydelig at Casimba har v\u00e6rt opptatt av \u00e5 tilby en velkomstpakke som fremst\u00e5r som attraktiv b\u00e5de for nybegynnere og mer erfarne spillere. Bonusen p\u00e5 200 % gj\u00f8r at man kan g\u00e5 inn med liten risiko, og kun 100 kr i innskudd vil gi 300 kr \u00e5 spille for. For de mer erfarne spillerne, og spesielt highrollere (spillere som spiller med h\u00f8y innsats) vil helt opptil 25\u00a0000 kr i bonuspenger v\u00e6re sv\u00e6rt attraktivt.<\/p>\n<p>Det er ogs\u00e5 verdt \u00e5 merke seg at bonuspakken ogs\u00e5 best\u00e5r av free spins OG lojalitspoeng. At man kan velge \u00e5 bruke gratisrundene p\u00e5 hele utvalget av NetEnt spill syntes vi er helt topp. Da har du nesten 200 spill \u00e5 velge mellom n\u00e5r du skal bruke dem.<\/p>\n<p>N\u00e5r det kommer til bonusvilk\u00e5r er det viktig \u00e5 holde tungen beint i munnen. Det er flere begrensninger vi merker oss som det er viktig \u00e5 f\u00e5 med seg. En ting er at betalingsmetodene Skrill og Neteller er begrenset fra bonusen. Enda viktigere er at det at b\u00e5de bonuspenger og innskudd regnes inn i bonuskravet. Relativt sett betyr kravet p\u00e5 35x at summen av bonusen m\u00e5 omsettes 70x som selvsagt er t\u00f8ft. At det ogs\u00e5 er en begrensning p\u00e5 500 kr i gevinster fra free spins er ogs\u00e5 uheldig. Med 125 spinns er det lett \u00e5 n\u00e5 denne grensen.<\/p>\n<p><em>Vi anbefaler deg \u00e5 velge en bonus som passer lommeboken din bra, b\u00e5de i forhold til mengden av bonuspenger og ikke minst at du ser p\u00e5 forh\u00e5nd at du klarer bonuskravene.<\/em><\/p>\n<h2><strong>Registrering<\/strong><\/h2>\n<p>Casimba har gjort det enkelt for nye spillere \u00e5 sette opp en konto. Visuelt syntes vi de har l\u00f8st dette bra hvor du f\u00f8lger tre trinn for \u00e5 f\u00e5 satt opp en konto. I f\u00f8rste trinn legger du inn navn og bekrefter alder, mens du i steg to legger inn adresse og epost. I siste trinn velger du brukernavn og passord f\u00f8r du til slutt bekrefter kontoen din og angir om du \u00f8nsker \u00e5 motta bonuser og tilbud p\u00e5 epost. Det tok oss i rett i overkant av 1 minutt \u00e5 fullf\u00f8re registreringen.<\/p>\n<p>N\u00e5r registreringen er fullf\u00f8rt, vil du automatisk f\u00e5 opp bonustilbudet ditt. Litt kj\u00f8pepress her alts\u00e5, men ikke mer enn man kan forvente.<\/p>\n<p><em>God og rett fram registreringsprosess som er unnagjort p\u00e5 kort tid.<\/em><\/p>\n<h2><strong>Spill og programvare<\/strong><\/h2>\n<p>Teamet bak Norskcasino har bred erfaring innenfor casinospill og har vurdert hundrevis av casino. Her m\u00e5 vi innr\u00f8mme at sv\u00e6rt f\u00e5 andre kan matche Casimba p\u00e5 spillutvalg. 100 spillutviklere leverer alts\u00e5 innhold, og selv om noen bare bidrar med 1-2 spill gir det en bredde som er helt enorm. Da liker vi ekstra godt at de har laget en funksjon hvor man kan spille et helt tilfeldig spill. Hvilken bedre mulighet er det til \u00e5 pr\u00f8ve noe nytt du ikke har pr\u00f8vd f\u00f8r! Bredde har de ogs\u00e5 i utvalget for \u00f8vrig som dekker de aller fleste typer casinospill, inkludert skrapelodd. Vi liker sorteringen og inndelingen godt, med god funksjonalitet som gj\u00f8r det lett \u00e5 finne frem.<\/p>\n<p><em>Bredden og innholdet av spill hos Casimba er rett og slett utrolig og forbilledlig for andre i bransjen.<\/em><\/p>\n<h2><strong>Mobil opplevelse<\/strong><\/h2>\n<p>Man skulle kanskje ikke tro det var mulig, men mobilcasinoet er nesten like innholdsrikt og variert som desktop utgaven. Vi teller 96 forskjellige utviklere, som kun er 4 f\u00e6rre enn p\u00e5 desktop. Antallet spill ligger ogs\u00e5 p\u00e5 over 800, noe som gj\u00f8r at du f\u00e5r en likeverdig spilltjeneste p\u00e5 mobil. Vi registrerer at mobilutgaven er noe enklere, som egentlig er en fordel med tanke p\u00e5 at du navigerer p\u00e5 en mindre skjerm. Det er kort lastetid rett i nettleseren hvor det forel\u00f8pig ikke tilbys egen casino app. Vi kan for \u00f8vrig bekrefte at b\u00e5de bonuser og tilbud er tilgjengelig p\u00e5 mobil.<\/p>\n<p><em>Imponerende mobilcasino med spill fra 96 forskjellige produsenter.<\/em><\/p>\n<h2><strong>Live casino<\/strong><\/h2>\n<p>Med i overkant av 10 live bord er det tydelig at det live casino ikke har hovedfokus hos Casimba. NetEnt og Evolution Gaming leverer innholdet som best\u00e5r av et mindre antall Blackjack og rulettbord, i tillegg til Baccarat, Dragon Tiger og poker. Da det kun finnes 1-2 bord av hver type kan utfordringen v\u00e6re at det kan v\u00e6re fult ved bordene og dermed noe ventetid. Norske dealere har de ikke. Det finnes for \u00f8vrig en rekke spesialspill slik som Deal or No Deal, Monopol og Football Studio. Niv\u00e5et p\u00e5 bordene er bra med profesjonelle og erfarne dealere som vet hva dette dreier seg om.<\/p>\n<p><em>Live casino er ikke satsingsomr\u00e5de og for deg som s\u00f8ker denne spilltypen er Casimba kanskje ikke det beste alternativet.<\/em><\/p>\n<h2><strong>Kundeservice<\/strong><\/h2>\n<p>Casimba sin kundeservice er 24\/7 p\u00e5 chat og mail. For deg som er norsk kan det v\u00e6re greit \u00e5 vite at \u00e5pningstiden her er fra 08.00 til midnatt. I \u00f8vrig tidsrom er det engelsk som gjelder. V\u00e5re erfaringer med Casimba support er gode da de svarer sv\u00e6rt raskt og med medarbeidere som gir mye info og tilbyr gode l\u00f8sninger. Chat ble i nesten alle tilfeller besvart innen 30 sekunder som er meget bra. P\u00e5 epost g\u00e5r det noe lenger tid og vi har opplevd at vi ikke har f\u00e5tt svar samme dag. FAQ sidene deres har stort forbedringspotensial. Disse er b\u00e5de lite funksjonelle og informative og hadde trengt en st\u00f8rre oppgradering.<\/p>\n<p><em>Rask kundeservice med gode \u00e5pningstider for norsk support.<\/em><\/p>\n<h2><strong>Oppsummering<\/strong><\/h2>\n<p>Den beste grunnen til \u00e5 velge Casimba ligger p\u00e5 spillutvalget. Vi har sjelden sett en like stor bredde av spill som det Casimba byr p\u00e5. Godt st\u00f8ttet av gode bonuser fremst\u00e5r de som gode p\u00e5 to n\u00f8kkelomr\u00e5der. Selv om Casimba ikke har norsk som hovedfokus setter vi pris p\u00e5 norsk support (fra 8 til midnatt). Et casino som egner seg bra b\u00e5de for nybegynnere og erfarne spillere, men ikke den beste plassen for deg som i hovedsak s\u00f8ker live spill.<\/p>\n<p><strong>Plus<\/strong><\/p>\n<ul>\n<li>Spill fra over 100 utviklere<\/li>\n<li>Bonuser som passer alle spillere<\/li>\n<li>Deler ut reiser hver m\u00e5ned<\/li>\n<li>Lojalitetspoeng p\u00e5 alle spill<\/li>\n<\/ul>\n<p><strong>Minus<\/strong><\/p>\n<ul>\n<li>D\u00e5rlige FAQ sider<\/li>\n<li>F\u00e5 live spill<\/li>\n<li>Ikke norsk support 24\/7<\/li>\n<\/ul>\n<\/div><\/div><\/div><\/div><\/div><\/div><\/div><\/section>\n","protected":false},"excerpt":{"rendered":"Casimba Casino Hvorfor b\u00f8r jeg spille hos dette casinoet? Spill fra 100 utviklere \u2013 mest p\u00e5 nettet? Trekker en vinner av safari i Afrika hver m\u00e5ned 200 % bonus opptil 25 000 kr p\u00e5 f\u00f8rste innskudd + 50 free spins Etablert: 2017 Programvare: Amaya Gaming Software, Evolution, Games Warehouse, Genisis, Microgaming Alternativer: Spill direkte p\u00e5...","protected":false},"author":1,"featured_media":0,"parent":0,"menu_order":0,"comment_status":"closed","ping_status":"closed","template":"","meta":{"_acf_changed":false,"footnotes":""},"class_list":["post-2871","page","type-page","status-publish","hentry"],"acf":[],"rankMath":{"parentDomain":"onlinebettingspace.com","noFollowDomains":[],"noFollowExcludeDomains":[],"noFollowExternalLinks":false,"featuredImageNotice":"The featured image should be at least 200 by 200 pixels to be picked up by Facebook and other social media sites.","pluginReviewed":true,"postSettings":{"linkSuggestions":true,"useFocusKeyword":false},"frontEndScore":false,"postName":"casimba-casino","permalinkFormat":"https:\/\/onlinebettingspace.com\/no\/%pagename%\/","showLockModifiedDate":true,"assessor":{"focusKeywordLink":"https:\/\/onlinebettingspace.com\/wp-admin\/edit.php?focus_keyword=%focus_keyword%&post_type=%post_type%","hasTOCPlugin":false,"primaryTaxonomy":false,"serpData":{"title":"Casimba Casino anmeldelse \u2013 200% bonus fra topp casino","description":"Les v\u00e5r ekspert anmeldelse og f\u00e5 tilgang til bonuser og jackpoter. Hos Casimba venter opptil 50 000 kr i bonuspenger og over 100 millioner kr i jackpoter","focusKeywords":"CASIMBA CASINO","pillarContent":false,"canonicalUrl":"","breadcrumbTitle":"","advancedRobots":[],"facebookTitle":"","facebookDescription":"","facebookImage":"","facebookImageID":"","facebookHasOverlay":false,"facebookImageOverlay":"","facebookAuthor":"","twitterCardType":"","twitterUseFacebook":true,"twitterTitle":"","twitterDescription":"","twitterImage":"","twitterImageID":"","twitterHasOverlay":false,"twitterImageOverlay":"","twitterPlayerUrl":"","twitterPlayerSize":"","twitterPlayerStream":"","twitterPlayerStreamCtype":"","twitterAppDescription":"","twitterAppIphoneName":"","twitterAppIphoneID":"","twitterAppIphoneUrl":"","twitterAppIpadName":"","twitterAppIpadID":"","twitterAppIpadUrl":"","twitterAppGoogleplayName":"","twitterAppGoogleplayID":"","twitterAppGoogleplayUrl":"","twitterAppCountry":"","robots":{"index":true},"twitterAuthor":"username","primaryTerm":0,"authorName":"OBSAdmin","titleTemplate":"%title% %sep% %sitename%","descriptionTemplate":"%excerpt%","showScoreFrontend":true,"lockModifiedDate":false},"powerWords":[],"diacritics":{"A":"[\\u0041\\u24B6\\uFF21\\u00C0\\u00C1\\u00C2\\u1EA6\\u1EA4\\u1EAA\\u1EA8\\u00C3\\u0100\\u0102\\u1EB0\\u1EAE\\u1EB4\\u1EB2\\u0226\\u01E0\\u00C4\\u01DE\\u1EA2\\u00C5\\u01FA\\u01CD\\u0200\\u0202\\u1EA0\\u1EAC\\u1EB6\\u1E00\\u0104\\u023A\\u2C6F]","AA":"[\\uA732]","AE":"[\\u00C6\\u01FC\\u01E2]","AO":"[\\uA734]","AU":"[\\uA736]","AV":"[\\uA738\\uA73A]","AY":"[\\uA73C]","B":"[\\u0042\\u24B7\\uFF22\\u1E02\\u1E04\\u1E06\\u0243\\u0182\\u0181]","C":"[\\u0043\\u24B8\\uFF23\\u0106\\u0108\\u010A\\u010C\\u00C7\\u1E08\\u0187\\u023B\\uA73E]","D":"[\\u0044\\u24B9\\uFF24\\u1E0A\\u010E\\u1E0C\\u1E10\\u1E12\\u1E0E\\u0110\\u018B\\u018A\\u0189\\uA779]","DZ":"[\\u01F1\\u01C4]","Dz":"[\\u01F2\\u01C5]","E":"[\\u0045\\u24BA\\uFF25\\u00C8\\u00C9\\u00CA\\u1EC0\\u1EBE\\u1EC4\\u1EC2\\u1EBC\\u0112\\u1E14\\u1E16\\u0114\\u0116\\u00CB\\u1EBA\\u011A\\u0204\\u0206\\u1EB8\\u1EC6\\u0228\\u1E1C\\u0118\\u1E18\\u1E1A\\u0190\\u018E]","F":"[\\u0046\\u24BB\\uFF26\\u1E1E\\u0191\\uA77B]","G":"[\\u0047\\u24BC\\uFF27\\u01F4\\u011C\\u1E20\\u011E\\u0120\\u01E6\\u0122\\u01E4\\u0193\\uA7A0\\uA77D\\uA77E]","H":"[\\u0048\\u24BD\\uFF28\\u0124\\u1E22\\u1E26\\u021E\\u1E24\\u1E28\\u1E2A\\u0126\\u2C67\\u2C75\\uA78D]","I":"[\\u0049\\u24BE\\uFF29\\u00CC\\u00CD\\u00CE\\u0128\\u012A\\u012C\\u0130\\u00CF\\u1E2E\\u1EC8\\u01CF\\u0208\\u020A\\u1ECA\\u012E\\u1E2C\\u0197]","J":"[\\u004A\\u24BF\\uFF2A\\u0134\\u0248]","K":"[\\u004B\\u24C0\\uFF2B\\u1E30\\u01E8\\u1E32\\u0136\\u1E34\\u0198\\u2C69\\uA740\\uA742\\uA744\\uA7A2]","L":"[\\u004C\\u24C1\\uFF2C\\u013F\\u0139\\u013D\\u1E36\\u1E38\\u013B\\u1E3C\\u1E3A\\u0141\\u023D\\u2C62\\u2C60\\uA748\\uA746\\uA780]","LJ":"[\\u01C7]","Lj":"[\\u01C8]","M":"[\\u004D\\u24C2\\uFF2D\\u1E3E\\u1E40\\u1E42\\u2C6E\\u019C]","N":"[\\u004E\\u24C3\\uFF2E\\u01F8\\u0143\\u00D1\\u1E44\\u0147\\u1E46\\u0145\\u1E4A\\u1E48\\u0220\\u019D\\uA790\\uA7A4]","NJ":"[\\u01CA]","Nj":"[\\u01CB]","O":"[\\u004F\\u24C4\\uFF2F\\u00D2\\u00D3\\u00D4\\u1ED2\\u1ED0\\u1ED6\\u1ED4\\u00D5\\u1E4C\\u022C\\u1E4E\\u014C\\u1E50\\u1E52\\u014E\\u022E\\u0230\\u00D6\\u022A\\u1ECE\\u0150\\u01D1\\u020C\\u020E\\u01A0\\u1EDC\\u1EDA\\u1EE0\\u1EDE\\u1EE2\\u1ECC\\u1ED8\\u01EA\\u01EC\\u00D8\\u01FE\\u0186\\u019F\\uA74A\\uA74C]","OI":"[\\u01A2]","OO":"[\\uA74E]","OU":"[\\u0222]","P":"[\\u0050\\u24C5\\uFF30\\u1E54\\u1E56\\u01A4\\u2C63\\uA750\\uA752\\uA754]","Q":"[\\u0051\\u24C6\\uFF31\\uA756\\uA758\\u024A]","R":"[\\u0052\\u24C7\\uFF32\\u0154\\u1E58\\u0158\\u0210\\u0212\\u1E5A\\u1E5C\\u0156\\u1E5E\\u024C\\u2C64\\uA75A\\uA7A6\\uA782]","S":"[\\u0053\\u24C8\\uFF33\\u1E9E\\u015A\\u1E64\\u015C\\u1E60\\u0160\\u1E66\\u1E62\\u1E68\\u0218\\u015E\\u2C7E\\uA7A8\\uA784]","T":"[\\u0054\\u24C9\\uFF34\\u1E6A\\u0164\\u1E6C\\u021A\\u0162\\u1E70\\u1E6E\\u0166\\u01AC\\u01AE\\u023E\\uA786]","TZ":"[\\uA728]","U":"[\\u0055\\u24CA\\uFF35\\u00D9\\u00DA\\u00DB\\u0168\\u1E78\\u016A\\u1E7A\\u016C\\u00DC\\u01DB\\u01D7\\u01D5\\u01D9\\u1EE6\\u016E\\u0170\\u01D3\\u0214\\u0216\\u01AF\\u1EEA\\u1EE8\\u1EEE\\u1EEC\\u1EF0\\u1EE4\\u1E72\\u0172\\u1E76\\u1E74\\u0244]","V":"[\\u0056\\u24CB\\uFF36\\u1E7C\\u1E7E\\u01B2\\uA75E\\u0245]","VY":"[\\uA760]","W":"[\\u0057\\u24CC\\uFF37\\u1E80\\u1E82\\u0174\\u1E86\\u1E84\\u1E88\\u2C72]","X":"[\\u0058\\u24CD\\uFF38\\u1E8A\\u1E8C]","Y":"[\\u0059\\u24CE\\uFF39\\u1EF2\\u00DD\\u0176\\u1EF8\\u0232\\u1E8E\\u0178\\u1EF6\\u1EF4\\u01B3\\u024E\\u1EFE]","Z":"[\\u005A\\u24CF\\uFF3A\\u0179\\u1E90\\u017B\\u017D\\u1E92\\u1E94\\u01B5\\u0224\\u2C7F\\u2C6B\\uA762]","a":"[\\u0061\\u24D0\\uFF41\\u1E9A\\u00E0\\u00E1\\u00E2\\u1EA7\\u1EA5\\u1EAB\\u1EA9\\u00E3\\u0101\\u0103\\u1EB1\\u1EAF\\u1EB5\\u1EB3\\u0227\\u01E1\\u00E4\\u01DF\\u1EA3\\u00E5\\u01FB\\u01CE\\u0201\\u0203\\u1EA1\\u1EAD\\u1EB7\\u1E01\\u0105\\u2C65\\u0250]","aa":"[\\uA733]","ae":"[\\u00E6\\u01FD\\u01E3]","ao":"[\\uA735]","au":"[\\uA737]","av":"[\\uA739\\uA73B]","ay":"[\\uA73D]","b":"[\\u0062\\u24D1\\uFF42\\u1E03\\u1E05\\u1E07\\u0180\\u0183\\u0253]","c":"[\\u0063\\u24D2\\uFF43\\u0107\\u0109\\u010B\\u010D\\u00E7\\u1E09\\u0188\\u023C\\uA73F\\u2184]","d":"[\\u0064\\u24D3\\uFF44\\u1E0B\\u010F\\u1E0D\\u1E11\\u1E13\\u1E0F\\u0111\\u018C\\u0256\\u0257\\uA77A]","dz":"[\\u01F3\\u01C6]","e":"[\\u0065\\u24D4\\uFF45\\u00E8\\u00E9\\u00EA\\u1EC1\\u1EBF\\u1EC5\\u1EC3\\u1EBD\\u0113\\u1E15\\u1E17\\u0115\\u0117\\u00EB\\u1EBB\\u011B\\u0205\\u0207\\u1EB9\\u1EC7\\u0229\\u1E1D\\u0119\\u1E19\\u1E1B\\u0247\\u025B\\u01DD]","f":"[\\u0066\\u24D5\\uFF46\\u1E1F\\u0192\\uA77C]","g":"[\\u0067\\u24D6\\uFF47\\u01F5\\u011D\\u1E21\\u011F\\u0121\\u01E7\\u0123\\u01E5\\u0260\\uA7A1\\u1D79\\uA77F]","h":"[\\u0068\\u24D7\\uFF48\\u0125\\u1E23\\u1E27\\u021F\\u1E25\\u1E29\\u1E2B\\u1E96\\u0127\\u2C68\\u2C76\\u0265]","hv":"[\\u0195]","i":"[\\u0069\\u24D8\\uFF49\\u00EC\\u00ED\\u00EE\\u0129\\u012B\\u012D\\u00EF\\u1E2F\\u1EC9\\u01D0\\u0209\\u020B\\u1ECB\\u012F\\u1E2D\\u0268\\u0131]","j":"[\\u006A\\u24D9\\uFF4A\\u0135\\u01F0\\u0249]","k":"[\\u006B\\u24DA\\uFF4B\\u1E31\\u01E9\\u1E33\\u0137\\u1E35\\u0199\\u2C6A\\uA741\\uA743\\uA745\\uA7A3]","l":"[\\u006C\\u24DB\\uFF4C\\u0140\\u013A\\u013E\\u1E37\\u1E39\\u013C\\u1E3D\\u1E3B\\u017F\\u0142\\u019A\\u026B\\u2C61\\uA749\\uA781\\uA747]","lj":"[\\u01C9]","m":"[\\u006D\\u24DC\\uFF4D\\u1E3F\\u1E41\\u1E43\\u0271\\u026F]","n":"[\\u006E\\u24DD\\uFF4E\\u01F9\\u0144\\u00F1\\u1E45\\u0148\\u1E47\\u0146\\u1E4B\\u1E49\\u019E\\u0272\\u0149\\uA791\\uA7A5]","nj":"[\\u01CC]","o":"[\\u006F\\u24DE\\uFF4F\\u00F2\\u00F3\\u00F4\\u1ED3\\u1ED1\\u1ED7\\u1ED5\\u00F5\\u1E4D\\u022D\\u1E4F\\u014D\\u1E51\\u1E53\\u014F\\u022F\\u0231\\u00F6\\u022B\\u1ECF\\u0151\\u01D2\\u020D\\u020F\\u01A1\\u1EDD\\u1EDB\\u1EE1\\u1EDF\\u1EE3\\u1ECD\\u1ED9\\u01EB\\u01ED\\u00F8\\u01FF\\u0254\\uA74B\\uA74D\\u0275]","oi":"[\\u01A3]","ou":"[\\u0223]","oo":"[\\uA74F]","p":"[\\u0070\\u24DF\\uFF50\\u1E55\\u1E57\\u01A5\\u1D7D\\uA751\\uA753\\uA755]","q":"[\\u0071\\u24E0\\uFF51\\u024B\\uA757\\uA759]","r":"[\\u0072\\u24E1\\uFF52\\u0155\\u1E59\\u0159\\u0211\\u0213\\u1E5B\\u1E5D\\u0157\\u1E5F\\u024D\\u027D\\uA75B\\uA7A7\\uA783]","s":"[\\u0073\\u24E2\\uFF53\\u015B\\u1E65\\u015D\\u1E61\\u0161\\u1E67\\u1E63\\u1E69\\u0219\\u015F\\u023F\\uA7A9\\uA785\\u1E9B]","ss":"[\\u00DF]","t":"[\\u0074\\u24E3\\uFF54\\u1E6B\\u1E97\\u0165\\u1E6D\\u021B\\u0163\\u1E71\\u1E6F\\u0167\\u01AD\\u0288\\u2C66\\uA787]","tz":"[\\uA729]","u":"[\\u0075\\u24E4\\uFF55\\u00F9\\u00FA\\u00FB\\u0169\\u1E79\\u016B\\u1E7B\\u016D\\u00FC\\u01DC\\u01D8\\u01D6\\u01DA\\u1EE7\\u016F\\u0171\\u01D4\\u0215\\u0217\\u01B0\\u1EEB\\u1EE9\\u1EEF\\u1EED\\u1EF1\\u1EE5\\u1E73\\u0173\\u1E77\\u1E75\\u0289]","v":"[\\u0076\\u24E5\\uFF56\\u1E7D\\u1E7F\\u028B\\uA75F\\u028C]","vy":"[\\uA761]","w":"[\\u0077\\u24E6\\uFF57\\u1E81\\u1E83\\u0175\\u1E87\\u1E85\\u1E98\\u1E89\\u2C73]","x":"[\\u0078\\u24E7\\uFF58\\u1E8B\\u1E8D]","y":"[\\u0079\\u24E8\\uFF59\\u1EF3\\u00FD\\u0177\\u1EF9\\u0233\\u1E8F\\u00FF\\u1EF7\\u1E99\\u1EF5\\u01B4\\u024F\\u1EFF]","z":"[\\u007A\\u24E9\\uFF5A\\u017A\\u1E91\\u017C\\u017E\\u1E93\\u1E95\\u01B6\\u0225\\u0240\\u2C6C\\uA763]"},"researchesTests":["contentHasTOC","contentHasShortParagraphs","contentHasAssets","keywordInTitle","keywordInMetaDescription","keywordInPermalink","keywordIn10Percent","keywordInContent","keywordInSubheadings","keywordInImageAlt","keywordDensity","keywordNotUsed","lengthContent","lengthPermalink","linksHasInternal","linksHasExternals","linksNotAllExternals","titleStartWithKeyword","titleSentiment","titleHasPowerWords","titleHasNumber","hasContentAI"],"hasRedirection":true,"hasBreadcrumb":false},"homeUrl":"https:\/\/onlinebettingspace.com\/no\/","objectID":2871,"objectType":"post","locale":"nb","localeFull":"nb_NO","overlayImages":{"play":{"name":"Play icon","url":"https:\/\/onlinebettingspace.com\/wp-content\/plugins\/seo-by-rank-math\/assets\/admin\/img\/icon-play.png","path":"\/home\/SuperAdmin\/web\/onlinebettingspace.com\/public_html\/wp-content\/plugins\/seo-by-rank-math\/assets\/admin\/img\/icon-play.png","position":"middle_center"},"gif":{"name":"GIF icon","url":"https:\/\/onlinebettingspace.com\/wp-content\/plugins\/seo-by-rank-math\/assets\/admin\/img\/icon-gif.png","path":"\/home\/SuperAdmin\/web\/onlinebettingspace.com\/public_html\/wp-content\/plugins\/seo-by-rank-math\/assets\/admin\/img\/icon-gif.png","position":"middle_center"}},"defautOgImage":"https:\/\/onlinebettingspace.com\/wp-content\/uploads\/2022\/04\/OBS-FULL-LOGO.webp","customPermalinks":true,"isUserRegistered":true,"autoSuggestKeywords":true,"connectSiteUrl":"https:\/\/rankmath.com\/auth?site=https%3A%2F%2Fonlinebettingspace.com%2Fno%2F&r=https%3A%2F%2Fonlinebettingspace.com%2Fno%2Fwp-json%2Fwp%2Fv2%2Fpages%2F2871%3Fnonce%3D36f3f8a61e","maxTags":5,"trendsIcon":"<svg viewBox=\"0 0 610 610\"><path d=\"M18.85,446,174.32,290.48l58.08,58.08L76.93,504a14.54,14.54,0,0,1-20.55,0L18.83,466.48a14.54,14.54,0,0,1,0-20.55Z\" style=\"fill:#4285f4\"\/><path d=\"M242.65,242.66,377.59,377.6l-47.75,47.75a14.54,14.54,0,0,1-20.55,0L174.37,290.43l47.75-47.75A14.52,14.52,0,0,1,242.65,242.66Z\" style=\"fill:#ea4335\"\/><polygon points=\"319.53 319.53 479.26 159.8 537.34 217.88 377.61 377.62 319.53 319.53\" style=\"fill:#fabb05\"\/><path d=\"M594.26,262.73V118.61h0a16.94,16.94,0,0,0-16.94-16.94H433.2a16.94,16.94,0,0,0-12,28.92L565.34,274.71h0a16.94,16.94,0,0,0,28.92-12Z\" style=\"fill:#34a853\"\/><rect width=\"610\" height=\"610\" style=\"fill:none\"\/><\/svg>","showScore":true,"siteFavIcon":"https:\/\/onlinebettingspace.com\/wp-content\/uploads\/2022\/04\/OBS-LOGO-1.webp","canUser":{"general":false,"advanced":false,"snippet":false,"social":false,"analysis":false,"analytics":false,"content_ai":false},"showKeywordIntent":true,"isPro":false,"is_front_page":false,"trendsUpgradeLink":"https:\/\/rankmath.com\/pricing\/?utm_source=Plugin&utm_medium=CE%20General%20Tab%20Trends&utm_campaign=WP","trendsUpgradeLabel":"Upgrade","trendsPreviewImage":"https:\/\/onlinebettingspace.com\/wp-content\/plugins\/seo-by-rank-math\/assets\/admin\/img\/trends-preview.jpg","currentEditor":false,"homepageData":{"assessor":{"powerWords":[],"diacritics":true,"researchesTests":["contentHasTOC","contentHasShortParagraphs","contentHasAssets","keywordInTitle","keywordInMetaDescription","keywordInPermalink","keywordIn10Percent","keywordInContent","keywordInSubheadings","keywordInImageAlt","keywordDensity","keywordNotUsed","lengthContent","lengthPermalink","linksHasInternal","linksHasExternals","linksNotAllExternals","titleStartWithKeyword","titleSentiment","titleHasPowerWords","titleHasNumber","hasContentAI"],"hasBreadcrumb":false,"serpData":{"title":"%sitename% %page% %sep% %sitedesc%","description":"","titleTemplate":"%sitename% %page% %sep% %sitedesc%","descriptionTemplate":"","focusKeywords":"","breadcrumbTitle":"Home","robots":{"index":true},"advancedRobots":[],"facebookTitle":"","facebookDescription":"","facebookImage":"","facebookImageID":""}}},"tocTitle":"Table of Contents","tocExcludeHeadings":[],"listStyle":"ul"},"_links":{"self":[{"href":"https:\/\/onlinebettingspace.com\/no\/wp-json\/wp\/v2\/pages\/2871","targetHints":{"allow":["GET"]}}],"collection":[{"href":"https:\/\/onlinebettingspace.com\/no\/wp-json\/wp\/v2\/pages"}],"about":[{"href":"https:\/\/onlinebettingspace.com\/no\/wp-json\/wp\/v2\/types\/page"}],"author":[{"embeddable":true,"href":"https:\/\/onlinebettingspace.com\/no\/wp-json\/wp\/v2\/users\/1"}],"replies":[{"embeddable":true,"href":"https:\/\/onlinebettingspace.com\/no\/wp-json\/wp\/v2\/comments?post=2871"}],"version-history":[{"count":0,"href":"https:\/\/onlinebettingspace.com\/no\/wp-json\/wp\/v2\/pages\/2871\/revisions"}],"wp:attachment":[{"href":"https:\/\/onlinebettingspace.com\/no\/wp-json\/wp\/v2\/media?parent=2871"}],"curies":[{"name":"wp","href":"https:\/\/api.w.org\/{rel}","templated":true}]}}