{"id":2832,"date":"2022-09-02T00:01:45","date_gmt":"2022-09-01T21:01:45","guid":{"rendered":"https:\/\/onlinebettingspace.com\/?page_id=2832"},"modified":"2022-09-02T00:03:35","modified_gmt":"2022-09-01T21:03:35","slug":"videopoker","status":"publish","type":"page","link":"https:\/\/onlinebettingspace.com\/no\/videopoker\/","title":{"rendered":"VIDEOPOKER"},"content":{"rendered":"<section class=\"l-section wpb_row height_medium\"><div class=\"l-section-h i-cf\"><div class=\"g-cols vc_row via_flex valign_top type_default stacking_default\"><div class=\"vc_col-sm-12 wpb_column vc_column_container\"><div class=\"vc_column-inner\"><div class=\"wpb_wrapper\"><div class=\"wpb_text_column\"><div class=\"wpb_wrapper\"><h1>Video Poker<\/h1>\n<p>Video-poker er et relativt nytt spill sammenliknet med de mer velkjente kasinospillene, slik som spilleautomater som har v\u00e6rt tilstede siden 1800-tallet. Folk flest anser video-poker som en variasjon av spilleautomater, men la ikke utseende lure deg; video-poker har noen av de beste oddsene av alle kasinospill. Dersom du er interessert i \u00e5 spille, anbefaler vi deg \u00e5 benytte deg av et av kasinoene som st\u00e5r oppf\u00f8rt nedenfor; de tilbyr et stort utvalg av video-pokerspill.<\/p>\n<h2>Video poker: mer poker enn spilleautomat<\/h2>\n<p>Akkurat som poker krever videopoker en viss t\u00e5lmodighet og \u00f8velse for \u00e5 utvikle en god strategi. Men fordelen er at du kun spiller mot en maskin og trenger ikke bekymre deg over \u00e5 konkurrere mot andre spillere. N\u00e5r du har utviklet deg en grunnleggende strategi er det enkelt \u00e5 oppn\u00e5 en teoretisk tilbakebetalingsprosent p\u00e5 99 % i det lange l\u00f8p. Og dersom du tar deg tiden til \u00e5 l\u00e6re den beste strategien for din favorittvariant kan du pressen prosenten over 100%.<\/p>\n<div class=\"col-sm-4 combination com2\" data-payout=\"50.0000\" data-com=\"h9-ht-hj-hq-hk\"><i>?<\/i>\u00a0Delt straight flush<\/div>\n<div class=\"col-sm-4 combination com3\" data-payout=\"25.0000\" data-com=\"s2-h2-c2-hq-d2\"><i>?<\/i>\u00a0Delt fire like<\/div>\n<div class=\"col-sm-4 combination com4\" data-payout=\"18.3617\" data-com=\"c6-ht-hj-hq-hk\"><i>?<\/i>\u00a04 i en royal flush<\/div>\n<div class=\"col-sm-4 combination com5\" data-payout=\"9.0000\" data-com=\"h3-c3-cj-hj-cj\"><i>?<\/i>\u00a0Delt fullt hus<\/div>\n<div class=\"col-sm-4 combination com6\" data-payout=\"6.0000\" data-com=\"c2-ct-cj-cq-ca\"><i>?<\/i>\u00a0Delt flush<\/div>\n<div class=\"col-sm-4 combination com7\" data-payout=\"4.3025\" data-com=\"cj-hq-cq-sq-ck\"><i>?<\/i>\u00a03 like<\/div>\n<div class=\"col-sm-4 combination com8\" data-payout=\"4.0000\" data-com=\"h9-ht-hj-sq-hk\"><i>?<\/i>\u00a0Delt straight<\/div>\n<div class=\"col-sm-4 combination com9\" data-payout=\"3.5319\" data-com=\"h4-h5-h6-h7-s8\"><i>?<\/i>\u00a04 i en straight flush<\/div>\n<div class=\"col-sm-4 combination com10\" data-payout=\"2.59574\" data-com=\"h4-s4-c8-h8-ca\"><i>?<\/i>\u00a02 par<\/div>\n<div class=\"col-sm-4 combination com11\" data-payout=\"1.5365\" data-com=\"h4-h5-c8-ha-ca\"><i>?<\/i>\u00a0H\u00f8yt par<\/div>\n<div class=\"col-sm-4 combination com12\" data-payout=\"1.2868\" data-com=\"cj-hq-cq-sq-ck\"><i>?<\/i>\u00a03 i en royal flush<\/div>\n<div class=\"col-sm-4 combination com13\" data-payout=\"1.2766\" data-com=\"s4-s5-h6-s7-sq\"><i>?<\/i>\u00a04 i en flush<\/div>\n<div class=\"col-sm-4 combination com14\" data-payout=\"0.8723\" data-com=\"ct-ht-sj-hq-hk\"><i>?<\/i>\u00a010JQK i ulik farge<\/div>\n<div class=\"col-sm-4 combination com15\" data-payout=\"0.8237\" data-com=\"s3-h3-s5-s7-s9\"><i>?<\/i>\u00a0Lavt par<\/div>\n<div class=\"col-sm-4 combination com16\" data-payout=\"0.6809\" data-com=\"c2-h7-h8-h9-st\"><i>?<\/i>\u00a04 i en outside straight med 0-2 h\u00f8ye kort<\/div>\n<div class=\"col-sm-4 combination com17\" data-payout=\"0.6207 to 0.6429\" data-com=\"c4-c5-c6-hj-hq\"><i>?<\/i>\u00a03 i en straight flush (type 1)<\/div>\n<div class=\"col-sm-4 combination com18\" data-payout=\"0.6004\" data-com=\"h3-c4-h5-sj-sq\"><i>?<\/i>\u00a0QJ i lik farge<\/div>\n<div class=\"col-sm-4 combination com19\" data-payout=\"0.5957\" data-com=\"d7-ht-cj-sk-ha\"><i>?<\/i>\u00a04 i en inside straight, 4 h\u00f8ye kort<\/div>\n<div class=\"col-sm-4 combination com20\" data-payout=\"0.5821\" data-com=\"h3-c4-h5-sk-sq\"><i>?<\/i>\u00a0KQ eller KJ i lik farge<\/div>\n<div class=\"col-sm-4 combination com21\" data-payout=\"0.5678\" data-com=\"h3-c4-h5-sk-sa\"><i>?<\/i>\u00a0AK, AQ eller AJ i lik farge<\/div>\n<div class=\"col-sm-4 combination com22\" data-payout=\"0.5319\" data-com=\"d9-ht-cj-sq-ha\"><i>?<\/i>\u00a04 i en inside straight, 3 h\u00f8ye kort<\/div>\n<div class=\"col-sm-4 combination com23\" data-payout=\"0.5227 to 0.5097\" data-com=\"s2-h4-c7-ct-cj\"><i>?<\/i>\u00a03 i en straight flush (type 2)<\/div>\n<div class=\"col-sm-4 combination com24\" data-payout=\"0.5005\" data-com=\"s2-h9-hj-cq-hk\"><i>?<\/i>\u00a0JQK i ulik farge<\/div>\n<div class=\"col-sm-4 combination com25\" data-payout=\"0.4980\" data-com=\"s2-h9-hj-cq-h5\"><i>?<\/i>\u00a0JQ i ulik farge<\/div>\n<div class=\"col-sm-4 combination com26\" data-payout=\"0.4968\" data-com=\"h2-h4-h6-st-sj\"><i>?<\/i>\u00a010J i lik farge<\/div>\n<div class=\"col-sm-4 combination com27\" data-payout=\"0.4862\" data-com=\"s2-h9-h6-cq-hk\"><i>?<\/i>\u00a02 ulike h\u00f8ye kort med konge som h\u00f8yeste<\/div>\n<div class=\"col-sm-4 combination com28\" data-payout=\"0.4825\" data-com=\"h3-c4-h5-st-sq\"><i>?<\/i>\u00a0TQ i lik farge<\/div>\n<div class=\"col-sm-4 combination com29\" data-payout=\"0.4743\" data-com=\"d7-ht-cj-s7-ha\"><i>?<\/i>\u00a02 ulike h\u00f8ye kort med ess som h\u00f8yeste<\/div>\n<div class=\"col-sm-4 combination com30\" data-payout=\"0.4713\" data-com=\"c3-c5-c7-h8-hj\"><i>?<\/i>\u00a0Kun J<\/div>\n<div class=\"col-sm-4 combination com31\" data-payout=\"0.4682\" data-com=\"h2-h4-h6-st-sk\"><i>?<\/i>\u00a0TK i lik farge<\/div>\n<div class=\"col-sm-4 combination com32\" data-payout=\"0.4681\" data-com=\"c3-c5-c7-h8-hq\"><i>?<\/i>\u00a0Kun Q<\/div>\n<div class=\"col-sm-4 combination com33\" data-payout=\"0.4649\" data-com=\"c3-c5-c7-h8-hk\"><i>?<\/i>\u00a0Kun K<\/div>\n<div class=\"col-sm-4 combination com34\" data-payout=\"0.4640\" data-com=\"c3-c5-c7-h8-ha\"><i>?<\/i>\u00a0Kun A<\/div>\n<div class=\"col-sm-4 combination com35\" data-payout=\"0.4431\" data-com=\"h2-h4-h6-st-sj\"><i>?<\/i>\u00a03 i en straight flush (type 3)<\/div>\n<div class=\"col-sm-4 combination com36\" data-payout=\"0.3597\" data-com=\"s2-h9-d5-c7-h4\"><i>?<\/i>\u00a0Du har ingenting, kast deg<\/div>\n<div data-payout=\"0.3597\" data-com=\"s2-h9-d5-c7-h4\"><\/div>\n<p>Hvis du har denne listen i n\u00e6rheten &#8211; eller enda bedre, l\u00e6rer den utenat &#8211; da lover jeg deg at du \u00f8ker sjansene dine for \u00e5 vinne i videopoker<\/p>\n<h2>Videopoker bonus<\/h2>\n<p>Videopoker bonuser er tilgjengelig hos de aller fleste nettcasino. Disse bonusene vil f\u00f8lge alt fra velkomstbonuser til refill-bonuser, og den store fordelen er at du f\u00e5r ekstra penger til \u00e5 spille p\u00e5 dine videopoker favoritter. Men fordi man f\u00e5r s\u00e5 gode odds i videopoker, hender det ofte at casinoene ikke lar deg spille p\u00e5 videopoker og samtidig oppfylle bonusens gjennomspillingskrav, eller ofte kalt omsetningskrav.<\/p>\n<p>Til forskjell fra spilleautomater hvor hver eneste krone spilt som regel bidrar 100 % mot omsetningskravene til bonusen, kan det hende at spill p\u00e5 videopoker bare bidrar med 10 % \u2013 30 % eller ingenting i det hele tatt. Denne prosenten m\u00e5 tas med i ligningen f\u00f8r man kalkulerer casinoets gjennomspillingskrav, som i det nevnte eksempelet vil bety at du m\u00e5 omsette langt h\u00f8yere p\u00e5 videopoker f\u00f8r bonusen og eventuelle gevinster er spilt fri.<\/p>\n<p><a href=\"\/no\/videopoker\/deuces-wild\/\" data-track=\"\"><span class=\"name\">Deuces Wild Poker<\/span><\/a><\/p>\n<p><a href=\"\/no\/videopoker\/jokerpoker\/\" data-track=\"\"><span class=\"name\">Joker Poker<\/span><\/a><\/p>\n<h2>Jacks or Better<\/h2>\n<p>En av de store favorittene innenfor videopoker er Jacks or Better. \u00c5rsaken til dette er at det er lett \u00e5 l\u00e6re, stabilt og du kan mestre strategien for spillet som statistisk sett garanterer en retur p\u00e5 hele 99.54 % i det lange l\u00f8p. Andre spill som Deuces Wild eller Joker Poker involverer mer kompliserte strategier p\u00e5 grunn av de ekstra vinnerkombinasjonene deres og wild cards som til slutt krever mer tid og t\u00e5lmodighet for \u00e5 utvikle en perfekt strategi.<\/p>\n<p>Fordi Jacks or Better er et popul\u00e6rt spill, er det rikelig med varianter av spillet tilgjengelig i casinoene som er ment \u00e5 lokke deg dit. Det er derfor viktig at du holder utkikk etter den rette utgaven som er 9\/6 fullutbetalingsmaskinen, som har veldig lave husfordeler n\u00e5r du spiller med perfekt strategi. Du kan lett skille fullbetalingsversjonen fra de andre fordi utbetalingstabellen vil tydelig spesifisere en 9 mynters utbetaling for et fullt hus og 6 mynter for en flush.<\/p>\n<h2>Video poker online<\/h2>\n<p>I live kasinoer finner du grupper av spillere som speider ut video-pokermaskinene med de h\u00f8yeste utbetalingsprosentene og veksler p\u00e5 \u00e5 spille p\u00e5 dem, slik at den gjennomsnittlige spillere m\u00e5 n\u00f8ye seg med maskinene med lavere utbetalingsprosenter. Men dersom du spiller online har du fordelen av \u00e5 finne den beste maskinen uten \u00e5 m\u00e5tte vente. P\u00e5 online kasinoer har du ogs\u00e5 muligheten til \u00e5 spille med hvilken valuta du \u00f8nsker, delta i online-turneringer og vinne bonuspenger for spilletiden din.<\/p>\n<\/div><\/div><\/div><\/div><\/div><\/div><\/div><\/section>\n","protected":false},"excerpt":{"rendered":"Video Poker Video-poker er et relativt nytt spill sammenliknet med de mer velkjente kasinospillene, slik som spilleautomater som har v\u00e6rt tilstede siden 1800-tallet. Folk flest anser video-poker som en variasjon av spilleautomater, men la ikke utseende lure deg; video-poker har noen av de beste oddsene av alle kasinospill. Dersom du er interessert i \u00e5 spille,...","protected":false},"author":1,"featured_media":0,"parent":0,"menu_order":0,"comment_status":"closed","ping_status":"closed","template":"","meta":{"_acf_changed":false,"footnotes":""},"class_list":["post-2832","page","type-page","status-publish","hentry"],"acf":[],"rankMath":{"parentDomain":"onlinebettingspace.com","noFollowDomains":[],"noFollowExcludeDomains":[],"noFollowExternalLinks":false,"featuredImageNotice":"The featured image should be at least 200 by 200 pixels to be picked up by Facebook and other social media sites.","pluginReviewed":true,"postSettings":{"linkSuggestions":true,"useFocusKeyword":false},"frontEndScore":false,"postName":"videopoker","permalinkFormat":"https:\/\/onlinebettingspace.com\/no\/%pagename%\/","showLockModifiedDate":true,"assessor":{"focusKeywordLink":"https:\/\/onlinebettingspace.com\/wp-admin\/edit.php?focus_keyword=%focus_keyword%&post_type=%post_type%","hasTOCPlugin":false,"primaryTaxonomy":false,"serpData":{"title":"Video Poker - Spill mot lavest oppn\u00e5elig husfordeler i Videopoker","description":"Video Poker er et relativt ungt spill men er i nettsammenheng et av de st\u00f8rste. Du finner alt du trenger \u00e5 vite om Video Poker i v\u00e5re artikler.","focusKeywords":"VIDEOPOKER","pillarContent":false,"canonicalUrl":"","breadcrumbTitle":"","advancedRobots":[],"facebookTitle":"","facebookDescription":"","facebookImage":"","facebookImageID":"","facebookHasOverlay":false,"facebookImageOverlay":"","facebookAuthor":"","twitterCardType":"","twitterUseFacebook":true,"twitterTitle":"","twitterDescription":"","twitterImage":"","twitterImageID":"","twitterHasOverlay":false,"twitterImageOverlay":"","twitterPlayerUrl":"","twitterPlayerSize":"","twitterPlayerStream":"","twitterPlayerStreamCtype":"","twitterAppDescription":"","twitterAppIphoneName":"","twitterAppIphoneID":"","twitterAppIphoneUrl":"","twitterAppIpadName":"","twitterAppIpadID":"","twitterAppIpadUrl":"","twitterAppGoogleplayName":"","twitterAppGoogleplayID":"","twitterAppGoogleplayUrl":"","twitterAppCountry":"","robots":{"index":true},"twitterAuthor":"username","primaryTerm":0,"authorName":"OBSAdmin","titleTemplate":"%title% %sep% %sitename%","descriptionTemplate":"%excerpt%","showScoreFrontend":true,"lockModifiedDate":false},"powerWords":[],"diacritics":{"A":"[\\u0041\\u24B6\\uFF21\\u00C0\\u00C1\\u00C2\\u1EA6\\u1EA4\\u1EAA\\u1EA8\\u00C3\\u0100\\u0102\\u1EB0\\u1EAE\\u1EB4\\u1EB2\\u0226\\u01E0\\u00C4\\u01DE\\u1EA2\\u00C5\\u01FA\\u01CD\\u0200\\u0202\\u1EA0\\u1EAC\\u1EB6\\u1E00\\u0104\\u023A\\u2C6F]","AA":"[\\uA732]","AE":"[\\u00C6\\u01FC\\u01E2]","AO":"[\\uA734]","AU":"[\\uA736]","AV":"[\\uA738\\uA73A]","AY":"[\\uA73C]","B":"[\\u0042\\u24B7\\uFF22\\u1E02\\u1E04\\u1E06\\u0243\\u0182\\u0181]","C":"[\\u0043\\u24B8\\uFF23\\u0106\\u0108\\u010A\\u010C\\u00C7\\u1E08\\u0187\\u023B\\uA73E]","D":"[\\u0044\\u24B9\\uFF24\\u1E0A\\u010E\\u1E0C\\u1E10\\u1E12\\u1E0E\\u0110\\u018B\\u018A\\u0189\\uA779]","DZ":"[\\u01F1\\u01C4]","Dz":"[\\u01F2\\u01C5]","E":"[\\u0045\\u24BA\\uFF25\\u00C8\\u00C9\\u00CA\\u1EC0\\u1EBE\\u1EC4\\u1EC2\\u1EBC\\u0112\\u1E14\\u1E16\\u0114\\u0116\\u00CB\\u1EBA\\u011A\\u0204\\u0206\\u1EB8\\u1EC6\\u0228\\u1E1C\\u0118\\u1E18\\u1E1A\\u0190\\u018E]","F":"[\\u0046\\u24BB\\uFF26\\u1E1E\\u0191\\uA77B]","G":"[\\u0047\\u24BC\\uFF27\\u01F4\\u011C\\u1E20\\u011E\\u0120\\u01E6\\u0122\\u01E4\\u0193\\uA7A0\\uA77D\\uA77E]","H":"[\\u0048\\u24BD\\uFF28\\u0124\\u1E22\\u1E26\\u021E\\u1E24\\u1E28\\u1E2A\\u0126\\u2C67\\u2C75\\uA78D]","I":"[\\u0049\\u24BE\\uFF29\\u00CC\\u00CD\\u00CE\\u0128\\u012A\\u012C\\u0130\\u00CF\\u1E2E\\u1EC8\\u01CF\\u0208\\u020A\\u1ECA\\u012E\\u1E2C\\u0197]","J":"[\\u004A\\u24BF\\uFF2A\\u0134\\u0248]","K":"[\\u004B\\u24C0\\uFF2B\\u1E30\\u01E8\\u1E32\\u0136\\u1E34\\u0198\\u2C69\\uA740\\uA742\\uA744\\uA7A2]","L":"[\\u004C\\u24C1\\uFF2C\\u013F\\u0139\\u013D\\u1E36\\u1E38\\u013B\\u1E3C\\u1E3A\\u0141\\u023D\\u2C62\\u2C60\\uA748\\uA746\\uA780]","LJ":"[\\u01C7]","Lj":"[\\u01C8]","M":"[\\u004D\\u24C2\\uFF2D\\u1E3E\\u1E40\\u1E42\\u2C6E\\u019C]","N":"[\\u004E\\u24C3\\uFF2E\\u01F8\\u0143\\u00D1\\u1E44\\u0147\\u1E46\\u0145\\u1E4A\\u1E48\\u0220\\u019D\\uA790\\uA7A4]","NJ":"[\\u01CA]","Nj":"[\\u01CB]","O":"[\\u004F\\u24C4\\uFF2F\\u00D2\\u00D3\\u00D4\\u1ED2\\u1ED0\\u1ED6\\u1ED4\\u00D5\\u1E4C\\u022C\\u1E4E\\u014C\\u1E50\\u1E52\\u014E\\u022E\\u0230\\u00D6\\u022A\\u1ECE\\u0150\\u01D1\\u020C\\u020E\\u01A0\\u1EDC\\u1EDA\\u1EE0\\u1EDE\\u1EE2\\u1ECC\\u1ED8\\u01EA\\u01EC\\u00D8\\u01FE\\u0186\\u019F\\uA74A\\uA74C]","OI":"[\\u01A2]","OO":"[\\uA74E]","OU":"[\\u0222]","P":"[\\u0050\\u24C5\\uFF30\\u1E54\\u1E56\\u01A4\\u2C63\\uA750\\uA752\\uA754]","Q":"[\\u0051\\u24C6\\uFF31\\uA756\\uA758\\u024A]","R":"[\\u0052\\u24C7\\uFF32\\u0154\\u1E58\\u0158\\u0210\\u0212\\u1E5A\\u1E5C\\u0156\\u1E5E\\u024C\\u2C64\\uA75A\\uA7A6\\uA782]","S":"[\\u0053\\u24C8\\uFF33\\u1E9E\\u015A\\u1E64\\u015C\\u1E60\\u0160\\u1E66\\u1E62\\u1E68\\u0218\\u015E\\u2C7E\\uA7A8\\uA784]","T":"[\\u0054\\u24C9\\uFF34\\u1E6A\\u0164\\u1E6C\\u021A\\u0162\\u1E70\\u1E6E\\u0166\\u01AC\\u01AE\\u023E\\uA786]","TZ":"[\\uA728]","U":"[\\u0055\\u24CA\\uFF35\\u00D9\\u00DA\\u00DB\\u0168\\u1E78\\u016A\\u1E7A\\u016C\\u00DC\\u01DB\\u01D7\\u01D5\\u01D9\\u1EE6\\u016E\\u0170\\u01D3\\u0214\\u0216\\u01AF\\u1EEA\\u1EE8\\u1EEE\\u1EEC\\u1EF0\\u1EE4\\u1E72\\u0172\\u1E76\\u1E74\\u0244]","V":"[\\u0056\\u24CB\\uFF36\\u1E7C\\u1E7E\\u01B2\\uA75E\\u0245]","VY":"[\\uA760]","W":"[\\u0057\\u24CC\\uFF37\\u1E80\\u1E82\\u0174\\u1E86\\u1E84\\u1E88\\u2C72]","X":"[\\u0058\\u24CD\\uFF38\\u1E8A\\u1E8C]","Y":"[\\u0059\\u24CE\\uFF39\\u1EF2\\u00DD\\u0176\\u1EF8\\u0232\\u1E8E\\u0178\\u1EF6\\u1EF4\\u01B3\\u024E\\u1EFE]","Z":"[\\u005A\\u24CF\\uFF3A\\u0179\\u1E90\\u017B\\u017D\\u1E92\\u1E94\\u01B5\\u0224\\u2C7F\\u2C6B\\uA762]","a":"[\\u0061\\u24D0\\uFF41\\u1E9A\\u00E0\\u00E1\\u00E2\\u1EA7\\u1EA5\\u1EAB\\u1EA9\\u00E3\\u0101\\u0103\\u1EB1\\u1EAF\\u1EB5\\u1EB3\\u0227\\u01E1\\u00E4\\u01DF\\u1EA3\\u00E5\\u01FB\\u01CE\\u0201\\u0203\\u1EA1\\u1EAD\\u1EB7\\u1E01\\u0105\\u2C65\\u0250]","aa":"[\\uA733]","ae":"[\\u00E6\\u01FD\\u01E3]","ao":"[\\uA735]","au":"[\\uA737]","av":"[\\uA739\\uA73B]","ay":"[\\uA73D]","b":"[\\u0062\\u24D1\\uFF42\\u1E03\\u1E05\\u1E07\\u0180\\u0183\\u0253]","c":"[\\u0063\\u24D2\\uFF43\\u0107\\u0109\\u010B\\u010D\\u00E7\\u1E09\\u0188\\u023C\\uA73F\\u2184]","d":"[\\u0064\\u24D3\\uFF44\\u1E0B\\u010F\\u1E0D\\u1E11\\u1E13\\u1E0F\\u0111\\u018C\\u0256\\u0257\\uA77A]","dz":"[\\u01F3\\u01C6]","e":"[\\u0065\\u24D4\\uFF45\\u00E8\\u00E9\\u00EA\\u1EC1\\u1EBF\\u1EC5\\u1EC3\\u1EBD\\u0113\\u1E15\\u1E17\\u0115\\u0117\\u00EB\\u1EBB\\u011B\\u0205\\u0207\\u1EB9\\u1EC7\\u0229\\u1E1D\\u0119\\u1E19\\u1E1B\\u0247\\u025B\\u01DD]","f":"[\\u0066\\u24D5\\uFF46\\u1E1F\\u0192\\uA77C]","g":"[\\u0067\\u24D6\\uFF47\\u01F5\\u011D\\u1E21\\u011F\\u0121\\u01E7\\u0123\\u01E5\\u0260\\uA7A1\\u1D79\\uA77F]","h":"[\\u0068\\u24D7\\uFF48\\u0125\\u1E23\\u1E27\\u021F\\u1E25\\u1E29\\u1E2B\\u1E96\\u0127\\u2C68\\u2C76\\u0265]","hv":"[\\u0195]","i":"[\\u0069\\u24D8\\uFF49\\u00EC\\u00ED\\u00EE\\u0129\\u012B\\u012D\\u00EF\\u1E2F\\u1EC9\\u01D0\\u0209\\u020B\\u1ECB\\u012F\\u1E2D\\u0268\\u0131]","j":"[\\u006A\\u24D9\\uFF4A\\u0135\\u01F0\\u0249]","k":"[\\u006B\\u24DA\\uFF4B\\u1E31\\u01E9\\u1E33\\u0137\\u1E35\\u0199\\u2C6A\\uA741\\uA743\\uA745\\uA7A3]","l":"[\\u006C\\u24DB\\uFF4C\\u0140\\u013A\\u013E\\u1E37\\u1E39\\u013C\\u1E3D\\u1E3B\\u017F\\u0142\\u019A\\u026B\\u2C61\\uA749\\uA781\\uA747]","lj":"[\\u01C9]","m":"[\\u006D\\u24DC\\uFF4D\\u1E3F\\u1E41\\u1E43\\u0271\\u026F]","n":"[\\u006E\\u24DD\\uFF4E\\u01F9\\u0144\\u00F1\\u1E45\\u0148\\u1E47\\u0146\\u1E4B\\u1E49\\u019E\\u0272\\u0149\\uA791\\uA7A5]","nj":"[\\u01CC]","o":"[\\u006F\\u24DE\\uFF4F\\u00F2\\u00F3\\u00F4\\u1ED3\\u1ED1\\u1ED7\\u1ED5\\u00F5\\u1E4D\\u022D\\u1E4F\\u014D\\u1E51\\u1E53\\u014F\\u022F\\u0231\\u00F6\\u022B\\u1ECF\\u0151\\u01D2\\u020D\\u020F\\u01A1\\u1EDD\\u1EDB\\u1EE1\\u1EDF\\u1EE3\\u1ECD\\u1ED9\\u01EB\\u01ED\\u00F8\\u01FF\\u0254\\uA74B\\uA74D\\u0275]","oi":"[\\u01A3]","ou":"[\\u0223]","oo":"[\\uA74F]","p":"[\\u0070\\u24DF\\uFF50\\u1E55\\u1E57\\u01A5\\u1D7D\\uA751\\uA753\\uA755]","q":"[\\u0071\\u24E0\\uFF51\\u024B\\uA757\\uA759]","r":"[\\u0072\\u24E1\\uFF52\\u0155\\u1E59\\u0159\\u0211\\u0213\\u1E5B\\u1E5D\\u0157\\u1E5F\\u024D\\u027D\\uA75B\\uA7A7\\uA783]","s":"[\\u0073\\u24E2\\uFF53\\u015B\\u1E65\\u015D\\u1E61\\u0161\\u1E67\\u1E63\\u1E69\\u0219\\u015F\\u023F\\uA7A9\\uA785\\u1E9B]","ss":"[\\u00DF]","t":"[\\u0074\\u24E3\\uFF54\\u1E6B\\u1E97\\u0165\\u1E6D\\u021B\\u0163\\u1E71\\u1E6F\\u0167\\u01AD\\u0288\\u2C66\\uA787]","tz":"[\\uA729]","u":"[\\u0075\\u24E4\\uFF55\\u00F9\\u00FA\\u00FB\\u0169\\u1E79\\u016B\\u1E7B\\u016D\\u00FC\\u01DC\\u01D8\\u01D6\\u01DA\\u1EE7\\u016F\\u0171\\u01D4\\u0215\\u0217\\u01B0\\u1EEB\\u1EE9\\u1EEF\\u1EED\\u1EF1\\u1EE5\\u1E73\\u0173\\u1E77\\u1E75\\u0289]","v":"[\\u0076\\u24E5\\uFF56\\u1E7D\\u1E7F\\u028B\\uA75F\\u028C]","vy":"[\\uA761]","w":"[\\u0077\\u24E6\\uFF57\\u1E81\\u1E83\\u0175\\u1E87\\u1E85\\u1E98\\u1E89\\u2C73]","x":"[\\u0078\\u24E7\\uFF58\\u1E8B\\u1E8D]","y":"[\\u0079\\u24E8\\uFF59\\u1EF3\\u00FD\\u0177\\u1EF9\\u0233\\u1E8F\\u00FF\\u1EF7\\u1E99\\u1EF5\\u01B4\\u024F\\u1EFF]","z":"[\\u007A\\u24E9\\uFF5A\\u017A\\u1E91\\u017C\\u017E\\u1E93\\u1E95\\u01B6\\u0225\\u0240\\u2C6C\\uA763]"},"researchesTests":["contentHasTOC","contentHasShortParagraphs","contentHasAssets","keywordInTitle","keywordInMetaDescription","keywordInPermalink","keywordIn10Percent","keywordInContent","keywordInSubheadings","keywordInImageAlt","keywordDensity","keywordNotUsed","lengthContent","lengthPermalink","linksHasInternal","linksHasExternals","linksNotAllExternals","titleStartWithKeyword","titleSentiment","titleHasPowerWords","titleHasNumber","hasContentAI"],"hasRedirection":true,"hasBreadcrumb":false},"homeUrl":"https:\/\/onlinebettingspace.com\/no\/","objectID":2832,"objectType":"post","locale":"nb","localeFull":"nb_NO","overlayImages":{"play":{"name":"Play icon","url":"https:\/\/onlinebettingspace.com\/wp-content\/plugins\/seo-by-rank-math\/assets\/admin\/img\/icon-play.png","path":"\/home\/SuperAdmin\/web\/onlinebettingspace.com\/public_html\/wp-content\/plugins\/seo-by-rank-math\/assets\/admin\/img\/icon-play.png","position":"middle_center"},"gif":{"name":"GIF icon","url":"https:\/\/onlinebettingspace.com\/wp-content\/plugins\/seo-by-rank-math\/assets\/admin\/img\/icon-gif.png","path":"\/home\/SuperAdmin\/web\/onlinebettingspace.com\/public_html\/wp-content\/plugins\/seo-by-rank-math\/assets\/admin\/img\/icon-gif.png","position":"middle_center"}},"defautOgImage":"https:\/\/onlinebettingspace.com\/wp-content\/uploads\/2022\/04\/OBS-FULL-LOGO.webp","customPermalinks":true,"isUserRegistered":true,"autoSuggestKeywords":true,"connectSiteUrl":"https:\/\/rankmath.com\/auth?site=https%3A%2F%2Fonlinebettingspace.com%2Fno%2F&r=https%3A%2F%2Fonlinebettingspace.com%2Fno%2Fwp-json%2Fwp%2Fv2%2Fpages%2F2832%3Fnonce%3D74fa977b27","maxTags":5,"trendsIcon":"<svg viewBox=\"0 0 610 610\"><path d=\"M18.85,446,174.32,290.48l58.08,58.08L76.93,504a14.54,14.54,0,0,1-20.55,0L18.83,466.48a14.54,14.54,0,0,1,0-20.55Z\" style=\"fill:#4285f4\"\/><path d=\"M242.65,242.66,377.59,377.6l-47.75,47.75a14.54,14.54,0,0,1-20.55,0L174.37,290.43l47.75-47.75A14.52,14.52,0,0,1,242.65,242.66Z\" style=\"fill:#ea4335\"\/><polygon points=\"319.53 319.53 479.26 159.8 537.34 217.88 377.61 377.62 319.53 319.53\" style=\"fill:#fabb05\"\/><path d=\"M594.26,262.73V118.61h0a16.94,16.94,0,0,0-16.94-16.94H433.2a16.94,16.94,0,0,0-12,28.92L565.34,274.71h0a16.94,16.94,0,0,0,28.92-12Z\" style=\"fill:#34a853\"\/><rect width=\"610\" height=\"610\" style=\"fill:none\"\/><\/svg>","showScore":true,"siteFavIcon":"https:\/\/onlinebettingspace.com\/wp-content\/uploads\/2022\/04\/OBS-LOGO-1.webp","canUser":{"general":false,"advanced":false,"snippet":false,"social":false,"analysis":false,"analytics":false,"content_ai":false},"showKeywordIntent":true,"isPro":false,"is_front_page":false,"trendsUpgradeLink":"https:\/\/rankmath.com\/pricing\/?utm_source=Plugin&utm_medium=CE%20General%20Tab%20Trends&utm_campaign=WP","trendsUpgradeLabel":"Upgrade","trendsPreviewImage":"https:\/\/onlinebettingspace.com\/wp-content\/plugins\/seo-by-rank-math\/assets\/admin\/img\/trends-preview.jpg","currentEditor":false,"homepageData":{"assessor":{"powerWords":[],"diacritics":true,"researchesTests":["contentHasTOC","contentHasShortParagraphs","contentHasAssets","keywordInTitle","keywordInMetaDescription","keywordInPermalink","keywordIn10Percent","keywordInContent","keywordInSubheadings","keywordInImageAlt","keywordDensity","keywordNotUsed","lengthContent","lengthPermalink","linksHasInternal","linksHasExternals","linksNotAllExternals","titleStartWithKeyword","titleSentiment","titleHasPowerWords","titleHasNumber","hasContentAI"],"hasBreadcrumb":false,"serpData":{"title":"%sitename% %page% %sep% %sitedesc%","description":"","titleTemplate":"%sitename% %page% %sep% %sitedesc%","descriptionTemplate":"","focusKeywords":"","breadcrumbTitle":"Home","robots":{"index":true},"advancedRobots":[],"facebookTitle":"","facebookDescription":"","facebookImage":"","facebookImageID":""}}},"tocTitle":"Table of Contents","tocExcludeHeadings":[],"listStyle":"ul"},"_links":{"self":[{"href":"https:\/\/onlinebettingspace.com\/no\/wp-json\/wp\/v2\/pages\/2832","targetHints":{"allow":["GET"]}}],"collection":[{"href":"https:\/\/onlinebettingspace.com\/no\/wp-json\/wp\/v2\/pages"}],"about":[{"href":"https:\/\/onlinebettingspace.com\/no\/wp-json\/wp\/v2\/types\/page"}],"author":[{"embeddable":true,"href":"https:\/\/onlinebettingspace.com\/no\/wp-json\/wp\/v2\/users\/1"}],"replies":[{"embeddable":true,"href":"https:\/\/onlinebettingspace.com\/no\/wp-json\/wp\/v2\/comments?post=2832"}],"version-history":[{"count":0,"href":"https:\/\/onlinebettingspace.com\/no\/wp-json\/wp\/v2\/pages\/2832\/revisions"}],"wp:attachment":[{"href":"https:\/\/onlinebettingspace.com\/no\/wp-json\/wp\/v2\/media?parent=2832"}],"curies":[{"name":"wp","href":"https:\/\/api.w.org\/{rel}","templated":true}]}}