{"id":2793,"date":"2022-09-01T23:10:27","date_gmt":"2022-09-01T20:10:27","guid":{"rendered":"https:\/\/onlinebettingspace.com\/?page_id=2793"},"modified":"2022-09-01T23:10:27","modified_gmt":"2022-09-01T20:10:27","slug":"jackpot-6000","status":"publish","type":"page","link":"https:\/\/onlinebettingspace.com\/no\/spilleautomater\/jackpot-6000\/","title":{"rendered":"JACKPOT 6000"},"content":{"rendered":"<section class=\"l-section wpb_row height_medium\"><div class=\"l-section-h i-cf\"><div class=\"g-cols vc_row via_flex valign_top type_default stacking_default\"><div class=\"vc_col-sm-12 wpb_column vc_column_container\"><div class=\"vc_column-inner\"><div class=\"wpb_wrapper\"><div class=\"wpb_text_column\"><div class=\"wpb_wrapper\"><h1>Jackpot 6000<\/h1>\n<p>Jackpot 6000 er en klassisk og tradisjonelt utseende automat, med jokere som krydrer tilv\u00e6relsen litt ekstra. Automaten har mange likhetstrekk med spilleautomatene Mega Joker og Super Nudge som regnes for \u00e5 v\u00e6re de klassiske norske spilleautomatene.<br \/>\nDet spesielle med Jackpot6000 er at den var den f\u00f8rste klassiske automaten, basert p\u00e5 landbasert automat, noe en\u00a0<a href=\"\/no\/spilleautomater\/norske-spilleautomater\/\" data-track=\"\">nordmann kan tilskrives \u00e6ren for.<\/a>\u00a0Spilleautomaten finnes hos alle de store norske nettcasinoene, og du kan ogs\u00e5 teste den gratis og helt uten risiko her p\u00e5 siden. Du ser et utvalg her i v\u00e5r toppliste og du kan ogs\u00e5 bes\u00f8ke v\u00e5re sider med\u00a0<a href=\"http:\/\/web.archive.org\/web\/20171030165312\/http:\/\/www.norskcasino.com\/casino-anmeldelser\/\" data-track=\"\" rel=\"noopener\">casinoanmeldelser<\/a>.<\/p>\n<h2>Pluss og minus<\/h2>\n<ul class=\"pros col-sm-6 col-xs-12\">\n<li class=\"row\"><i class=\"fa fa-thumbs-up col-xs-1 \"><\/i><span class=\"col-xs-11\">Tilgjengelig i omtrent alle casino<\/span><\/li>\n<li class=\"row\"><i class=\"fa fa-thumbs-up col-xs-1 \"><\/i><span class=\"col-xs-11\">Har en meget l\u00f8nnsom supermeterfunksjon<\/span><\/li>\n<li class=\"row\"><i class=\"fa fa-thumbs-up col-xs-1 \"><\/i><span class=\"col-xs-11\">Jackpot6000 er ogs\u00e5 tilgjengelig p\u00e5 mobil<\/span><\/li>\n<\/ul>\n<ul class=\"cons col-sm-6 col-xs-12\">\n<li class=\"row\"><i class=\"fa fa-thumbs-down col-xs-1 \"><\/i><span class=\"col-xs-11\">Det tar litt tid mellom utbetalingene<\/span><\/li>\n<\/ul>\n<p><q>Den norske automatlegenden p\u00e5 nett som tilfredsstiller den enkle spillgleden og forsvarer tittelen med sin gode funksjonalitet<\/q><\/p>\n<h2>Funksjoner<\/h2>\n<p>En spilleautomat med 5 hjul og 10 gevinstlinjer som har b\u00e5de scattersymbol og wilds som erstatter symbolene du vil trenge for \u00e5 vinne. Dens enkelhet og h\u00f8ye volatilitet hjelper ogs\u00e5 p\u00e5 populariteten.<\/p>\n<ul class=\"col-sm-6 col-xs-12\">\n<li>Programvareleverand\u00f8r:<\/li>\n<li>Hjul: 3<\/li>\n<li># Gevinstlinjer : 10<\/li>\n<li>Type : Video Slot<\/li>\n<li>Jackpot : Ingen<\/li>\n<li>Bonus spill : Ja<\/li>\n<li>Wild &#8211; reel eller symbol: Ja<\/li>\n<\/ul>\n<ul class=\"col-sm-6 col-xs-12\">\n<li>Scatter : Ja<\/li>\n<li>Free Spins : Nei<\/li>\n<li>Min\/Maks innsats: $0.1kr &#8211; $10kr<\/li>\n<li>Available on mobile:\u00a0<i class=\"fa fa-apple\"><\/i>\u00a0<i class=\"fa fa-android\"><\/i><\/li>\n<li>Maks utbetaling: 98%<\/li>\n<\/ul>\n<h2>Hvorfor s\u00e5 popul\u00e6r?<\/h2>\n<p>Mye av suksessen til spilleautomaten skyldes 4 ting:<br \/>\n1.\u00a0\u00a0 \u00a0Det er en enkel spilleautomat som tilfredsstiller mye av den dype og enkle spillgleden.<br \/>\n2.\u00a0\u00a0 \u00a0Du beh\u00f8ver ikke sette deg inn i mange kompliserte funksjoner f\u00f8r du starter opp.<br \/>\n3.\u00a0\u00a0 \u00a0Den appellerer til det nostalgiske hos nordmenn.<br \/>\n4.\u00a0\u00a0 \u00a0Den bringer tilbake mange minner fra den gang den fantes i butikker og kiosker.<br \/>\nAutomaten har relativt lav volatilitet. Det betyr at den gir ofte fra seg\u00a0<strong>gevinster og egne Jackpot6000 bonuser, noe som gleder mange i tilhengerskaren.<\/strong>\u00a0Nettutgaven gir flere og st\u00f8rre gevinster enn den utgaven du husker fra tidligere.<\/p>\n<p><a href=\"\/no\/spilleautomater\/norske-spilleautomater\/\" data-track=\"\">Alle de kjente norske nettcasinoene<\/a>\u00a0tilbyr automaten og den er ofte en del av kampanjer og velkomsttilbud, slik som hos ComeOn. Andre casino som tilbyr automaten inkluderer Betsafe, Mr Green, Vera John, Betway, Casino Heroes, Casino Cruise og Norgesspill.<\/p>\n<h2>Hvordan spille Jackpot 6000?<\/h2>\n<p>Jackpot 6000 har 3 hjul og 5 spillelinjer. Den har et morsomt dobling spill og et spennende supermeter spill.\u00a0<strong>Totalt kan du vinne 6000 kreditter per runde.<\/strong><\/p>\n<h3>Hovedspillet<\/h3>\n<p>Du starter hovedspillet i Jackpot6000 ved \u00e5 velge en av 6 forskjellige innsatsniv\u00e5er. Antallet spillelinjer du spiller p\u00e5 avhenger av hvilke niv\u00e5 du velger. Deretter velger du myntverdi.<br \/>\nN\u00e5r du spiller i hovedspillet har du 50 % sjanse til \u00e5 doble gevinsten ved \u00e5 spille \u201dmynt eller kron\u201d funksjonen. S\u00e5 lenge du vinner kan du fortsette \u00e5 spille \u201dmynt eller kron\u201d. Alternativt kan du ta ut pengene eller fortsette i supermeteret.<\/p>\n<h3>Supermeter<\/h3>\n<p>Du kan kun spille i supermeteret n\u00e5r du spiller med maks innsats. Innsatsen her er h\u00f8yere. Der settes det automatisk 20 mynter p\u00e5 alle 5 linjer. N\u00e5r det er sagt s\u00e5 skal du ogs\u00e5 vite at gevinstene er h\u00f8yere. Vinner du i hovedspillet kan du g\u00e5 til super meter modus ved \u00e5 klikke SPINN.<br \/>\nGevinsten fra hovedspillet blir da lagt til i supermeter displayet p\u00e5 toppen av spillet. Klikker du p\u00e5 SPINN en gang til starter spillet. Du kan spille helt til du er tom for mynter. Da blir du bragt tilbake til hovedspillet. Du kan ogs\u00e5 avslutte spillet i super meter tidligere ved \u00e5 klikke TRANSFER eller COLLECT.<\/p>\n<h3>Innsatsgrenser<\/h3>\n<p>Jackpot 6000 har 6 forskjellige innsatsniv\u00e5er og 2 forskjellige myntverdier. Minste innsats er 1 mynt p\u00e5 en linje. Maks innsats er 2 mynter p\u00e5 alle 5 linjer.<\/p>\n<h3>Utbetalingstabell<\/h3>\n<p>P\u00e5 fremsiden av automaten kan du se vinnerkombinasjoner og deres verdi. Du finner ogs\u00e5 en joker tabell som viser gevinsten for hver innsats. Spiller du med en mynt halveres gevinsten. Spiller du i super meter kan to tilfeldige jokere gi deg en hemmelig gevinst som varierer fra 10 opp til 6000 mynter.<\/p>\n<h3>Bonuser og freespins<\/h3>\n<p>Jackpot 6000 er en enkel automat med enkle funksjoner. Her finner du:<br \/>\n\u2022\u00a0\u00a0 \u00a0\u201dMynt eller kron\u201d funksjon som gj\u00f8r at du kan doble gevinstene dine<br \/>\n\u2022\u00a0\u00a0 \u00a0Jokere, som n\u00e5r de dukker opp i supermeter modus, kan gi deg en bonus fra 10 til 6000 mynter.<\/p>\n<h2>Beste Jackpot 6000 tips<\/h2>\n<p>Dette er en 3 hjul og 5 spillelinjers spilleautomat med, jokere, \u201dkron eller mynt\u201d, double up funksjon og et supermeter modus. Skal du spille i supermeter modus m\u00e5 du satse og spille med maks innsats. Jackpot6000 er utviklet av Net Entertainment, og spilleautomatens funksjoner er enkle:<br \/>\n\u2022\u00a0\u00a0 \u00a0Med maks innsats starter du spillet p\u00e5 maks antall innsatslinjer, h\u00f8yeste innsatsniv\u00e5 og den myntverdien du har valgt.<br \/>\n\u2022\u00a0\u00a0 \u00a0Du finner vinnerkombinasjoner og utbetalinger i utbetalingstabellen<\/p>\n<h2>Mobil<\/h2>\n<p>Jackpot 6000 er blant Norges mest popul\u00e6re spill og NetEnt har naturligvis laget en versjon som du kan spille p\u00e5 nettbrett og mobil. Spillet er lagt ut p\u00e5 den prisvinnende plattformen NetEnt Touch som s\u00f8rger for sv\u00e6rt god gjengivelse fra PC utgaven. Du kan glede deg over et prikk likt design, og den samme gode funksjonaliteten som du kjenner fra f\u00f8r. G\u00e5 til Mr Green eller et annet casino som har NetEnt spill i sortimentet og spill dette underholdende og enkle spillet.<\/p>\n<h2>Andre spill fra Net Entertainment<\/h2>\n<p>Svenske NetEnt har tatt markedet med storm. Du finner at deres spill er representert hos mer enn 100 av de store og seri\u00f8se nettcasino hvor nordmenn spiller. Deres spillkatalog har vokst stort de senere \u00e5rene og her finner du blant annet:<\/p>\n<ul>\n<li>Spilleautomater som Jimi Hendrix, Guns N`Roses, Aliens, Eggomatic, Jack and the Beanstalk,\u00a0<a href=\"\/no\/spilleautomater\/south-park\/\" data-track=\"\">South Park<\/a>\u00a0og\u00a0<a href=\"http:\/\/web.archive.org\/web\/20171030165312\/http:\/\/www.norskcasino.com\/spilleautomater\/starburst\/\" data-track=\"\" rel=\"noopener\">Starburst<\/a><\/li>\n<li>Bordspillene er klassiskere i et casino og NetEnt har laget utgaver av rulett, Baccarat, blackjack og poker.<\/li>\n<li>Jackpotautomatene er det ogs\u00e5 mange av. Blant disse finner du Mega Fortune,\u00a0<a href=\"\/no\/spilleautomater\/arabian-nights\/\" data-track=\"\">Arabian Nights<\/a>\u00a0og Cosmic Fortune<\/li>\n<li>Av andre spill finner du blant annet Keno og Jacks or Better.<\/li>\n<li>Live Casino har kommet for de av dere som gjerne vil spille mot ekte dealere. NetEnt har laget sin utgave.<\/li>\n<\/ul>\n<h2>Redakt\u00f8rens mening<\/h2>\n<p>Er det en automat klassiker vi skal verne om, s\u00e5 er det Jackpot 6000. Den f\u00e5r i dag konkurranse fra flotte videoautomater med spennende tema som\u00a03D automater som ikke st\u00e5r tilbake for animasjonsfilmer og andre jackpot automater med progressive jackpoter hvor du kan vinne millioner.\u00a0Midt opp i alt dette st\u00e5r spilleautomater som Jackpot 6000,\u00a0<a title=\"Super Nudge 6000\" href=\"\/no\/spilleautomater\/super-nudge-6000\/\" data-track=\"\">Super Nudge 6000<\/a>\u00a0og\u00a0<a href=\"\/no\/spilleautomater\/mega-joker\/\" data-track=\"\">Mega Joker<\/a>\u00a0fortsatt som\u00a0<strong>et godt alternativ for de som foretrekker de klassiske spilleautomatene<\/strong>. Velg ditt Jackpot 6000 casino fra v\u00e5re\u00a0<a href=\"\/no\/casino-anmeldelser\/\" data-track=\"\">beste anmeldelser<\/a>\u00a0og begynn jakten p\u00e5 de store gevinstene idag!<\/p>\n<\/div><\/div><\/div><\/div><\/div><\/div><\/div><\/section>\n","protected":false},"excerpt":{"rendered":"Jackpot 6000 Jackpot 6000 er en klassisk og tradisjonelt utseende automat, med jokere som krydrer tilv\u00e6relsen litt ekstra. Automaten har mange likhetstrekk med spilleautomatene Mega Joker og Super Nudge som regnes for \u00e5 v\u00e6re de klassiske norske spilleautomatene. Det spesielle med Jackpot6000 er at den var den f\u00f8rste klassiske automaten, basert p\u00e5 landbasert automat, noe...","protected":false},"author":1,"featured_media":0,"parent":2758,"menu_order":0,"comment_status":"closed","ping_status":"closed","template":"","meta":{"_acf_changed":false,"footnotes":""},"class_list":["post-2793","page","type-page","status-publish","hentry"],"acf":[],"rankMath":{"parentDomain":"onlinebettingspace.com","noFollowDomains":[],"noFollowExcludeDomains":[],"noFollowExternalLinks":false,"featuredImageNotice":"The featured image should be at least 200 by 200 pixels to be picked up by Facebook and other social media sites.","pluginReviewed":true,"postSettings":{"linkSuggestions":true,"useFocusKeyword":false},"frontEndScore":false,"postName":"jackpot-6000","permalinkFormat":"https:\/\/onlinebettingspace.com\/no\/%pagename%\/","showLockModifiedDate":true,"assessor":{"focusKeywordLink":"https:\/\/onlinebettingspace.com\/wp-admin\/edit.php?focus_keyword=%focus_keyword%&post_type=%post_type%","hasTOCPlugin":false,"primaryTaxonomy":false,"serpData":{"title":"Jackpot 6000 - pr\u00f8v den norske spilleautomaten gratis!","description":"Pr\u00f8v spilleautomaten Jackpot 6000 gratis og f\u00e5 eksklusive tips om \u2713bonuser \u2713freespins \u2713kampanjer p\u00e5 Jackpot6000 hos online casinoer hos onlinebettingspace.com","focusKeywords":"JACKPOT 6000","pillarContent":false,"canonicalUrl":"","breadcrumbTitle":"","advancedRobots":[],"facebookTitle":"","facebookDescription":"","facebookImage":"","facebookImageID":"","facebookHasOverlay":false,"facebookImageOverlay":"","facebookAuthor":"","twitterCardType":"","twitterUseFacebook":true,"twitterTitle":"","twitterDescription":"","twitterImage":"","twitterImageID":"","twitterHasOverlay":false,"twitterImageOverlay":"","twitterPlayerUrl":"","twitterPlayerSize":"","twitterPlayerStream":"","twitterPlayerStreamCtype":"","twitterAppDescription":"","twitterAppIphoneName":"","twitterAppIphoneID":"","twitterAppIphoneUrl":"","twitterAppIpadName":"","twitterAppIpadID":"","twitterAppIpadUrl":"","twitterAppGoogleplayName":"","twitterAppGoogleplayID":"","twitterAppGoogleplayUrl":"","twitterAppCountry":"","robots":{"index":true},"twitterAuthor":"username","primaryTerm":0,"authorName":"OBSAdmin","titleTemplate":"%title% %sep% %sitename%","descriptionTemplate":"%excerpt%","showScoreFrontend":true,"lockModifiedDate":false},"powerWords":[],"diacritics":{"A":"[\\u0041\\u24B6\\uFF21\\u00C0\\u00C1\\u00C2\\u1EA6\\u1EA4\\u1EAA\\u1EA8\\u00C3\\u0100\\u0102\\u1EB0\\u1EAE\\u1EB4\\u1EB2\\u0226\\u01E0\\u00C4\\u01DE\\u1EA2\\u00C5\\u01FA\\u01CD\\u0200\\u0202\\u1EA0\\u1EAC\\u1EB6\\u1E00\\u0104\\u023A\\u2C6F]","AA":"[\\uA732]","AE":"[\\u00C6\\u01FC\\u01E2]","AO":"[\\uA734]","AU":"[\\uA736]","AV":"[\\uA738\\uA73A]","AY":"[\\uA73C]","B":"[\\u0042\\u24B7\\uFF22\\u1E02\\u1E04\\u1E06\\u0243\\u0182\\u0181]","C":"[\\u0043\\u24B8\\uFF23\\u0106\\u0108\\u010A\\u010C\\u00C7\\u1E08\\u0187\\u023B\\uA73E]","D":"[\\u0044\\u24B9\\uFF24\\u1E0A\\u010E\\u1E0C\\u1E10\\u1E12\\u1E0E\\u0110\\u018B\\u018A\\u0189\\uA779]","DZ":"[\\u01F1\\u01C4]","Dz":"[\\u01F2\\u01C5]","E":"[\\u0045\\u24BA\\uFF25\\u00C8\\u00C9\\u00CA\\u1EC0\\u1EBE\\u1EC4\\u1EC2\\u1EBC\\u0112\\u1E14\\u1E16\\u0114\\u0116\\u00CB\\u1EBA\\u011A\\u0204\\u0206\\u1EB8\\u1EC6\\u0228\\u1E1C\\u0118\\u1E18\\u1E1A\\u0190\\u018E]","F":"[\\u0046\\u24BB\\uFF26\\u1E1E\\u0191\\uA77B]","G":"[\\u0047\\u24BC\\uFF27\\u01F4\\u011C\\u1E20\\u011E\\u0120\\u01E6\\u0122\\u01E4\\u0193\\uA7A0\\uA77D\\uA77E]","H":"[\\u0048\\u24BD\\uFF28\\u0124\\u1E22\\u1E26\\u021E\\u1E24\\u1E28\\u1E2A\\u0126\\u2C67\\u2C75\\uA78D]","I":"[\\u0049\\u24BE\\uFF29\\u00CC\\u00CD\\u00CE\\u0128\\u012A\\u012C\\u0130\\u00CF\\u1E2E\\u1EC8\\u01CF\\u0208\\u020A\\u1ECA\\u012E\\u1E2C\\u0197]","J":"[\\u004A\\u24BF\\uFF2A\\u0134\\u0248]","K":"[\\u004B\\u24C0\\uFF2B\\u1E30\\u01E8\\u1E32\\u0136\\u1E34\\u0198\\u2C69\\uA740\\uA742\\uA744\\uA7A2]","L":"[\\u004C\\u24C1\\uFF2C\\u013F\\u0139\\u013D\\u1E36\\u1E38\\u013B\\u1E3C\\u1E3A\\u0141\\u023D\\u2C62\\u2C60\\uA748\\uA746\\uA780]","LJ":"[\\u01C7]","Lj":"[\\u01C8]","M":"[\\u004D\\u24C2\\uFF2D\\u1E3E\\u1E40\\u1E42\\u2C6E\\u019C]","N":"[\\u004E\\u24C3\\uFF2E\\u01F8\\u0143\\u00D1\\u1E44\\u0147\\u1E46\\u0145\\u1E4A\\u1E48\\u0220\\u019D\\uA790\\uA7A4]","NJ":"[\\u01CA]","Nj":"[\\u01CB]","O":"[\\u004F\\u24C4\\uFF2F\\u00D2\\u00D3\\u00D4\\u1ED2\\u1ED0\\u1ED6\\u1ED4\\u00D5\\u1E4C\\u022C\\u1E4E\\u014C\\u1E50\\u1E52\\u014E\\u022E\\u0230\\u00D6\\u022A\\u1ECE\\u0150\\u01D1\\u020C\\u020E\\u01A0\\u1EDC\\u1EDA\\u1EE0\\u1EDE\\u1EE2\\u1ECC\\u1ED8\\u01EA\\u01EC\\u00D8\\u01FE\\u0186\\u019F\\uA74A\\uA74C]","OI":"[\\u01A2]","OO":"[\\uA74E]","OU":"[\\u0222]","P":"[\\u0050\\u24C5\\uFF30\\u1E54\\u1E56\\u01A4\\u2C63\\uA750\\uA752\\uA754]","Q":"[\\u0051\\u24C6\\uFF31\\uA756\\uA758\\u024A]","R":"[\\u0052\\u24C7\\uFF32\\u0154\\u1E58\\u0158\\u0210\\u0212\\u1E5A\\u1E5C\\u0156\\u1E5E\\u024C\\u2C64\\uA75A\\uA7A6\\uA782]","S":"[\\u0053\\u24C8\\uFF33\\u1E9E\\u015A\\u1E64\\u015C\\u1E60\\u0160\\u1E66\\u1E62\\u1E68\\u0218\\u015E\\u2C7E\\uA7A8\\uA784]","T":"[\\u0054\\u24C9\\uFF34\\u1E6A\\u0164\\u1E6C\\u021A\\u0162\\u1E70\\u1E6E\\u0166\\u01AC\\u01AE\\u023E\\uA786]","TZ":"[\\uA728]","U":"[\\u0055\\u24CA\\uFF35\\u00D9\\u00DA\\u00DB\\u0168\\u1E78\\u016A\\u1E7A\\u016C\\u00DC\\u01DB\\u01D7\\u01D5\\u01D9\\u1EE6\\u016E\\u0170\\u01D3\\u0214\\u0216\\u01AF\\u1EEA\\u1EE8\\u1EEE\\u1EEC\\u1EF0\\u1EE4\\u1E72\\u0172\\u1E76\\u1E74\\u0244]","V":"[\\u0056\\u24CB\\uFF36\\u1E7C\\u1E7E\\u01B2\\uA75E\\u0245]","VY":"[\\uA760]","W":"[\\u0057\\u24CC\\uFF37\\u1E80\\u1E82\\u0174\\u1E86\\u1E84\\u1E88\\u2C72]","X":"[\\u0058\\u24CD\\uFF38\\u1E8A\\u1E8C]","Y":"[\\u0059\\u24CE\\uFF39\\u1EF2\\u00DD\\u0176\\u1EF8\\u0232\\u1E8E\\u0178\\u1EF6\\u1EF4\\u01B3\\u024E\\u1EFE]","Z":"[\\u005A\\u24CF\\uFF3A\\u0179\\u1E90\\u017B\\u017D\\u1E92\\u1E94\\u01B5\\u0224\\u2C7F\\u2C6B\\uA762]","a":"[\\u0061\\u24D0\\uFF41\\u1E9A\\u00E0\\u00E1\\u00E2\\u1EA7\\u1EA5\\u1EAB\\u1EA9\\u00E3\\u0101\\u0103\\u1EB1\\u1EAF\\u1EB5\\u1EB3\\u0227\\u01E1\\u00E4\\u01DF\\u1EA3\\u00E5\\u01FB\\u01CE\\u0201\\u0203\\u1EA1\\u1EAD\\u1EB7\\u1E01\\u0105\\u2C65\\u0250]","aa":"[\\uA733]","ae":"[\\u00E6\\u01FD\\u01E3]","ao":"[\\uA735]","au":"[\\uA737]","av":"[\\uA739\\uA73B]","ay":"[\\uA73D]","b":"[\\u0062\\u24D1\\uFF42\\u1E03\\u1E05\\u1E07\\u0180\\u0183\\u0253]","c":"[\\u0063\\u24D2\\uFF43\\u0107\\u0109\\u010B\\u010D\\u00E7\\u1E09\\u0188\\u023C\\uA73F\\u2184]","d":"[\\u0064\\u24D3\\uFF44\\u1E0B\\u010F\\u1E0D\\u1E11\\u1E13\\u1E0F\\u0111\\u018C\\u0256\\u0257\\uA77A]","dz":"[\\u01F3\\u01C6]","e":"[\\u0065\\u24D4\\uFF45\\u00E8\\u00E9\\u00EA\\u1EC1\\u1EBF\\u1EC5\\u1EC3\\u1EBD\\u0113\\u1E15\\u1E17\\u0115\\u0117\\u00EB\\u1EBB\\u011B\\u0205\\u0207\\u1EB9\\u1EC7\\u0229\\u1E1D\\u0119\\u1E19\\u1E1B\\u0247\\u025B\\u01DD]","f":"[\\u0066\\u24D5\\uFF46\\u1E1F\\u0192\\uA77C]","g":"[\\u0067\\u24D6\\uFF47\\u01F5\\u011D\\u1E21\\u011F\\u0121\\u01E7\\u0123\\u01E5\\u0260\\uA7A1\\u1D79\\uA77F]","h":"[\\u0068\\u24D7\\uFF48\\u0125\\u1E23\\u1E27\\u021F\\u1E25\\u1E29\\u1E2B\\u1E96\\u0127\\u2C68\\u2C76\\u0265]","hv":"[\\u0195]","i":"[\\u0069\\u24D8\\uFF49\\u00EC\\u00ED\\u00EE\\u0129\\u012B\\u012D\\u00EF\\u1E2F\\u1EC9\\u01D0\\u0209\\u020B\\u1ECB\\u012F\\u1E2D\\u0268\\u0131]","j":"[\\u006A\\u24D9\\uFF4A\\u0135\\u01F0\\u0249]","k":"[\\u006B\\u24DA\\uFF4B\\u1E31\\u01E9\\u1E33\\u0137\\u1E35\\u0199\\u2C6A\\uA741\\uA743\\uA745\\uA7A3]","l":"[\\u006C\\u24DB\\uFF4C\\u0140\\u013A\\u013E\\u1E37\\u1E39\\u013C\\u1E3D\\u1E3B\\u017F\\u0142\\u019A\\u026B\\u2C61\\uA749\\uA781\\uA747]","lj":"[\\u01C9]","m":"[\\u006D\\u24DC\\uFF4D\\u1E3F\\u1E41\\u1E43\\u0271\\u026F]","n":"[\\u006E\\u24DD\\uFF4E\\u01F9\\u0144\\u00F1\\u1E45\\u0148\\u1E47\\u0146\\u1E4B\\u1E49\\u019E\\u0272\\u0149\\uA791\\uA7A5]","nj":"[\\u01CC]","o":"[\\u006F\\u24DE\\uFF4F\\u00F2\\u00F3\\u00F4\\u1ED3\\u1ED1\\u1ED7\\u1ED5\\u00F5\\u1E4D\\u022D\\u1E4F\\u014D\\u1E51\\u1E53\\u014F\\u022F\\u0231\\u00F6\\u022B\\u1ECF\\u0151\\u01D2\\u020D\\u020F\\u01A1\\u1EDD\\u1EDB\\u1EE1\\u1EDF\\u1EE3\\u1ECD\\u1ED9\\u01EB\\u01ED\\u00F8\\u01FF\\u0254\\uA74B\\uA74D\\u0275]","oi":"[\\u01A3]","ou":"[\\u0223]","oo":"[\\uA74F]","p":"[\\u0070\\u24DF\\uFF50\\u1E55\\u1E57\\u01A5\\u1D7D\\uA751\\uA753\\uA755]","q":"[\\u0071\\u24E0\\uFF51\\u024B\\uA757\\uA759]","r":"[\\u0072\\u24E1\\uFF52\\u0155\\u1E59\\u0159\\u0211\\u0213\\u1E5B\\u1E5D\\u0157\\u1E5F\\u024D\\u027D\\uA75B\\uA7A7\\uA783]","s":"[\\u0073\\u24E2\\uFF53\\u015B\\u1E65\\u015D\\u1E61\\u0161\\u1E67\\u1E63\\u1E69\\u0219\\u015F\\u023F\\uA7A9\\uA785\\u1E9B]","ss":"[\\u00DF]","t":"[\\u0074\\u24E3\\uFF54\\u1E6B\\u1E97\\u0165\\u1E6D\\u021B\\u0163\\u1E71\\u1E6F\\u0167\\u01AD\\u0288\\u2C66\\uA787]","tz":"[\\uA729]","u":"[\\u0075\\u24E4\\uFF55\\u00F9\\u00FA\\u00FB\\u0169\\u1E79\\u016B\\u1E7B\\u016D\\u00FC\\u01DC\\u01D8\\u01D6\\u01DA\\u1EE7\\u016F\\u0171\\u01D4\\u0215\\u0217\\u01B0\\u1EEB\\u1EE9\\u1EEF\\u1EED\\u1EF1\\u1EE5\\u1E73\\u0173\\u1E77\\u1E75\\u0289]","v":"[\\u0076\\u24E5\\uFF56\\u1E7D\\u1E7F\\u028B\\uA75F\\u028C]","vy":"[\\uA761]","w":"[\\u0077\\u24E6\\uFF57\\u1E81\\u1E83\\u0175\\u1E87\\u1E85\\u1E98\\u1E89\\u2C73]","x":"[\\u0078\\u24E7\\uFF58\\u1E8B\\u1E8D]","y":"[\\u0079\\u24E8\\uFF59\\u1EF3\\u00FD\\u0177\\u1EF9\\u0233\\u1E8F\\u00FF\\u1EF7\\u1E99\\u1EF5\\u01B4\\u024F\\u1EFF]","z":"[\\u007A\\u24E9\\uFF5A\\u017A\\u1E91\\u017C\\u017E\\u1E93\\u1E95\\u01B6\\u0225\\u0240\\u2C6C\\uA763]"},"researchesTests":["contentHasTOC","contentHasShortParagraphs","contentHasAssets","keywordInTitle","keywordInMetaDescription","keywordInPermalink","keywordIn10Percent","keywordInContent","keywordInSubheadings","keywordInImageAlt","keywordDensity","keywordNotUsed","lengthContent","lengthPermalink","linksHasInternal","linksHasExternals","linksNotAllExternals","titleStartWithKeyword","titleSentiment","titleHasPowerWords","titleHasNumber","hasContentAI"],"hasRedirection":true,"hasBreadcrumb":false},"homeUrl":"https:\/\/onlinebettingspace.com\/no\/","objectID":2793,"objectType":"post","locale":"nb","localeFull":"nb_NO","overlayImages":{"play":{"name":"Play icon","url":"https:\/\/onlinebettingspace.com\/wp-content\/plugins\/seo-by-rank-math\/assets\/admin\/img\/icon-play.png","path":"\/home\/SuperAdmin\/web\/onlinebettingspace.com\/public_html\/wp-content\/plugins\/seo-by-rank-math\/assets\/admin\/img\/icon-play.png","position":"middle_center"},"gif":{"name":"GIF icon","url":"https:\/\/onlinebettingspace.com\/wp-content\/plugins\/seo-by-rank-math\/assets\/admin\/img\/icon-gif.png","path":"\/home\/SuperAdmin\/web\/onlinebettingspace.com\/public_html\/wp-content\/plugins\/seo-by-rank-math\/assets\/admin\/img\/icon-gif.png","position":"middle_center"}},"defautOgImage":"https:\/\/onlinebettingspace.com\/wp-content\/uploads\/2022\/04\/OBS-FULL-LOGO.webp","customPermalinks":true,"isUserRegistered":true,"autoSuggestKeywords":true,"connectSiteUrl":"https:\/\/rankmath.com\/auth?site=https%3A%2F%2Fonlinebettingspace.com%2Fno%2F&r=https%3A%2F%2Fonlinebettingspace.com%2Fno%2Fwp-json%2Fwp%2Fv2%2Fpages%2F2793%3Fnonce%3D3399f0178d","maxTags":5,"trendsIcon":"<svg viewBox=\"0 0 610 610\"><path d=\"M18.85,446,174.32,290.48l58.08,58.08L76.93,504a14.54,14.54,0,0,1-20.55,0L18.83,466.48a14.54,14.54,0,0,1,0-20.55Z\" style=\"fill:#4285f4\"\/><path d=\"M242.65,242.66,377.59,377.6l-47.75,47.75a14.54,14.54,0,0,1-20.55,0L174.37,290.43l47.75-47.75A14.52,14.52,0,0,1,242.65,242.66Z\" style=\"fill:#ea4335\"\/><polygon points=\"319.53 319.53 479.26 159.8 537.34 217.88 377.61 377.62 319.53 319.53\" style=\"fill:#fabb05\"\/><path d=\"M594.26,262.73V118.61h0a16.94,16.94,0,0,0-16.94-16.94H433.2a16.94,16.94,0,0,0-12,28.92L565.34,274.71h0a16.94,16.94,0,0,0,28.92-12Z\" style=\"fill:#34a853\"\/><rect width=\"610\" height=\"610\" style=\"fill:none\"\/><\/svg>","showScore":true,"siteFavIcon":"https:\/\/onlinebettingspace.com\/wp-content\/uploads\/2022\/04\/OBS-LOGO-1.webp","canUser":{"general":false,"advanced":false,"snippet":false,"social":false,"analysis":false,"analytics":false,"content_ai":false},"showKeywordIntent":true,"isPro":false,"is_front_page":false,"trendsUpgradeLink":"https:\/\/rankmath.com\/pricing\/?utm_source=Plugin&utm_medium=CE%20General%20Tab%20Trends&utm_campaign=WP","trendsUpgradeLabel":"Upgrade","trendsPreviewImage":"https:\/\/onlinebettingspace.com\/wp-content\/plugins\/seo-by-rank-math\/assets\/admin\/img\/trends-preview.jpg","currentEditor":false,"homepageData":{"assessor":{"powerWords":[],"diacritics":true,"researchesTests":["contentHasTOC","contentHasShortParagraphs","contentHasAssets","keywordInTitle","keywordInMetaDescription","keywordInPermalink","keywordIn10Percent","keywordInContent","keywordInSubheadings","keywordInImageAlt","keywordDensity","keywordNotUsed","lengthContent","lengthPermalink","linksHasInternal","linksHasExternals","linksNotAllExternals","titleStartWithKeyword","titleSentiment","titleHasPowerWords","titleHasNumber","hasContentAI"],"hasBreadcrumb":false,"serpData":{"title":"%sitename% %page% %sep% %sitedesc%","description":"","titleTemplate":"%sitename% %page% %sep% %sitedesc%","descriptionTemplate":"","focusKeywords":"","breadcrumbTitle":"Home","robots":{"index":true},"advancedRobots":[],"facebookTitle":"","facebookDescription":"","facebookImage":"","facebookImageID":""}}},"tocTitle":"Table of Contents","tocExcludeHeadings":[],"listStyle":"ul"},"_links":{"self":[{"href":"https:\/\/onlinebettingspace.com\/no\/wp-json\/wp\/v2\/pages\/2793","targetHints":{"allow":["GET"]}}],"collection":[{"href":"https:\/\/onlinebettingspace.com\/no\/wp-json\/wp\/v2\/pages"}],"about":[{"href":"https:\/\/onlinebettingspace.com\/no\/wp-json\/wp\/v2\/types\/page"}],"author":[{"embeddable":true,"href":"https:\/\/onlinebettingspace.com\/no\/wp-json\/wp\/v2\/users\/1"}],"replies":[{"embeddable":true,"href":"https:\/\/onlinebettingspace.com\/no\/wp-json\/wp\/v2\/comments?post=2793"}],"version-history":[{"count":0,"href":"https:\/\/onlinebettingspace.com\/no\/wp-json\/wp\/v2\/pages\/2793\/revisions"}],"up":[{"embeddable":true,"href":"https:\/\/onlinebettingspace.com\/no\/wp-json\/wp\/v2\/pages\/2758"}],"wp:attachment":[{"href":"https:\/\/onlinebettingspace.com\/no\/wp-json\/wp\/v2\/media?parent=2793"}],"curies":[{"name":"wp","href":"https:\/\/api.w.org\/{rel}","templated":true}]}}