{"id":2772,"date":"2022-09-01T15:58:02","date_gmt":"2022-09-01T12:58:02","guid":{"rendered":"https:\/\/onlinebettingspace.com\/?page_id=2772"},"modified":"2022-09-01T15:58:02","modified_gmt":"2022-09-01T12:58:02","slug":"casino-anmeldelser","status":"publish","type":"page","link":"https:\/\/onlinebettingspace.com\/no\/casino-anmeldelser\/","title":{"rendered":"CASINO ANMELDELSER"},"content":{"rendered":"<section class=\"l-section wpb_row height_medium\"><div class=\"l-section-h i-cf\"><div class=\"g-cols vc_row via_flex valign_top type_default stacking_default\"><div class=\"vc_col-sm-12 wpb_column vc_column_container\"><div class=\"vc_column-inner\"><div class=\"wpb_wrapper\"><div class=\"wpb_text_column\"><div class=\"wpb_wrapper\"><h1>Casino Anmeldelser<\/h1>\n<p><strong>Her p\u00e5 Norskcasino.com legger vi v\u00e5r sjel i \u00e5 gi deg best og mest mulig informasjon om casinoene p\u00e5 nett vi trygt kan anbefale.<\/strong>\u00a0Er de ikke 100 % sikre for deg, s\u00e5 anbefaler vi de ikke. Casinoene sitt tilbud av spill, kampanjer og bonuser er ogs\u00e5 sv\u00e6rt dynamisk \u2013 de forandrer seg nesten hele tiden.<\/p>\n<p>Det som du trodde var et aktuelt tilbud den ene dagen kan v\u00e6re borte og forandret av et helt annet tilbud neste dag. Derfor\u00a0<strong>jobber vi hardt med \u00e5 overv\u00e5ke nett casinoene sine tilbud<\/strong>\u00a0slik at vi alltid kan holde bonuser, spillutvalg b\u00e5de for desktop og mobil, kampanjer og omsetningskrav oppdatert. Vi legger ogs\u00e5 mye tid ned i prosessen med \u00e5 fortelle deg hvorfor du skal velge akkurat dette online casinoet.<\/p>\n<h2>Hvilket casino b\u00f8r jeg velge?<\/h2>\n<p>For \u00e5 finne det beste nettcasino for deg, b\u00f8r du vite hva du vil og hva du trives med. De ulike casinooperat\u00f8rene har forskjellige strategier som gj\u00f8r at utformingen av\u00a0<strong>tilbudet i casinoene vil variere<\/strong>. I v\u00e5re casino anmeldelser dekker vi alle disse omr\u00e5dene slik at du lett f\u00e5r oversikt over hvilke casinoer som tilbyr hva.<\/p>\n<p>Hos et casino som\u00a0<a href=\"\/no\/betson\/\" data-track=\"\">Betsson<\/a>\u00a0vil du finne alt. De gir deg et av de st\u00f8rste online oddsspill tilbudene p\u00e5 markedet. Her finner du live poker, spille- og videoautomater, bordspill som blackjack, roulette og baccarat, skrapelodd og bingo. Nettopp bredden i tilbudet tiltaler mange spillere. Det gj\u00f8r at de finner alt p\u00e5 et sted og beh\u00f8ver \u00e5 bruke tid p\u00e5 \u00e5 hoppe fra casino til casino<\/p>\n<p>Andre av oss er kanskje ikke s\u00e5 opptatt av oddsspill og setter derfor st\u00f8rre pris p\u00e5 de casino som har fokus p\u00e5 casinospill og de tilleggende kvaliteter.\u00a0<a href=\"\/no\/thrills-casino\/\" data-track=\"\">Thrills\u00a0Casino\u00a0<\/a>er et eksempel p\u00e5 et casino hvor spille.- og videoautomater, casinospill som blackjack, poker og roulette st\u00e5r i fokus. S\u00e5 legger de til kvaliteter som gode bonuser, raske og sikre utbetalinger og et annerledes og hyggelig design. Til sammen blir dette en pakke som mange vil foretrekke.<\/p>\n<h2>V\u00e5re kriterier for vurdering av casino<\/h2>\n<p>Alle v\u00e5re casino p\u00e5 nett anmeldelser\u00a0g\u00e5r gjennom en revisjon\u00a0hvor<strong>\u00a0vi legger vekt p\u00e5 hvordan casinoet forholder seg til ansvarlig spill, driften, markedsf\u00f8ringen, lisenser og garantier<\/strong>. Revisjonen gjennomf\u00f8res f\u00f8r f\u00f8rste omtale hos oss og vi oppdatererderetter med jevne mellomrom slik at du alltid vil finne oppdatert informasjon om markedets beste nettcasino.<\/p>\n<p>Den delen av revisjonen som inneholder flest elementer og som v\u00e5re lesere vil ha st\u00f8rst forhold til, er driften. For \u00e5 avgj\u00f8re hvilke casinoer som holder den standarden vi mener de beste online casino b\u00f8r ha stiller vi f\u00f8lgende sp\u00f8rsm\u00e5l:<\/p>\n<ul>\n<li>Hvilke og hvor mange spill tilbys? Hvilke bonuser tilbys og hvordan er de utformet?<\/li>\n<li>Hvilke regler og vilk\u00e5r f\u00f8lger med bonusene?<\/li>\n<li>Er siden p\u00e5 norsk?<\/li>\n<li>Finnes det norsk kundeservice, n\u00e5r er den \u00e5pen og hvilke kontaktmuligheter finnes?<\/li>\n<li>Tilbyr casinoet en brukervennlig mobill\u00f8sning som kan brukes p\u00e5 flere plattformer?<\/li>\n<li>Hvilke og hvor mange spill tilbys p\u00e5 mobil? Hvilke betalingsl\u00f8sninger tilbys?<\/li>\n<li>Hvor lang tid tar det \u00e5 sette inn og ta ut penger?<\/li>\n<\/ul>\n<p>Disse og flere kriteria g\u00e5r vi gjennom f\u00f8r vi gir et casino v\u00e5r score og omtale. Hver \u00e5r k\u00e5rer vi ogs\u00e5 \u00e5rets beste casinoer i ulike kategorier, og i 2013 var det Vera og John som stakk av med den gjeveste prisen for \u00e5rets beste casino. Under finner du en kort oppsummering om hva vi legger til grunne for v\u00e5re casino anmeldelser.<\/p>\n<h3>Programvare<\/h3>\n<p>Siden de beste nett casinoer tilbyr de samme spillene, er den st\u00f8rste forskjellen hvilken programvareleverand\u00f8r som har utviklet spillene. Vi har s\u00f8rget for \u00e5 teste casino-spillene for \u00e5 kontrollere kvaliteten p\u00e5 grafikken og lyden, spr\u00e5kst\u00f8tten og gode utbetalingsprosenter. Dersom du \u00f8nsker mer informasjon om en bestemt leverand\u00f8r, les v\u00e5re artikler om\u00a0<a href=\"\/no\/casino-software\/\" data-track=\"\">casino-software<\/a>.<\/p>\n<h3>Bonuser<\/h3>\n<p>S\u00e5 og si alle online casinoer tilbyr en form for\u00a0<a href=\"\/no\/casino-bonus\/\" data-track=\"\">casinobonus<\/a>\u00a0til nye kunder. Vi rapporterer de h\u00f8yeste bonusene ved et bestemt nett casino og informerer deg om innsats- og\/eller omsetningskrav som er en del av den bonusen, og bonuser er noe av det vi legger mest vekt p\u00e5 i v\u00e5re casino anmeldelser. P\u00e5 denne m\u00e5ten kan du enkelt sammenlikne casinobonuser. Du b\u00f8r imidlertid ogs\u00e5 lese bonuskravene for \u00e5 se om du kan benytte deg av favorittspillene dine til bonusspill.<\/p>\n<h3>Kampanjer<\/h3>\n<p>I tillegg til en velkomstbonus, tilbyr mange casinoer ytterligere kampanjer. Vi forklarer hvilke typer kampanjer de har, som kan v\u00e6re alt fra ytterligere\u00a0<strong>bonuser, pengepremier, turneringer, til og med ferieturer<\/strong>.\u00a0<a href=\"\/no\/betsafe-casino\/\" data-track=\"\">Betsafe<\/a>\u00a0er kanskje det aller beste casino n\u00e5r det gjelder kampanjer, men du kan lese mer om kampanjer i de forskjellige casinoanmeldelser.<\/p>\n<h3>Mobil<\/h3>\n<p>Spill p\u00e5 mobil og nettbrett er sterkt voksende. Vi fors\u00f8ker \u00e5 gi informasjon om hvilke spill som er tilgjengelig for\u00a0<a href=\"\/no\/mobil-casino\/\" data-track=\"\">mobil casino<\/a>, hvilke telefoner mobill\u00f8sningen passer p\u00e5, om det finnes en app eller om du du logger deg inn gjennom din nettleser.<\/p>\n<h3>Kundest\u00f8tte<\/h3>\n<p>Det er n\u00f8dvendig for casinoer \u00e5 ha ulike tilbud for kundest\u00f8tte. Ved \u00e5 lese casino-anmeldelsene v\u00e5re, kan du finne ut om et kasino tilbyr st\u00f8tte 24 timer om dagen, 7 dager i uken via e-post, telefontjeneste, live chat, og\/eller gjennom et online skjema. Du f\u00e5r konkret informasjon om kundeservice i casinoanmeldelsene.<\/p>\n<h3>Sikkerhet<\/h3>\n<p>\u00c5 spille p\u00e5 et trygt nett casino er veldig viktig for enhver casino-spiller. Vi unders\u00f8ker og anmelder de ulike sikkerhetstiltakene (brannmurer, SSL-sertifikater) som casinoet bruker for \u00e5 sikre et trygt milj\u00f8. Det dukker stadig opp\u00a0<a href=\"\/no\/nye-casino\/\" data-track=\"\">nye casino<\/a>, og\u00a0<strong>de casinoene vi regner som usikre eller tvilsomme tar vi ikke med i v\u00e5r norsk casinoguide<\/strong>.<\/p>\n<h3>Betalingsmetoder<\/h3>\n<p>Vi s\u00f8rger for \u00e5 fortelle deg hvilke alternativer som er tilgjengelige for innskudd og uttak av penger.Som oftest godtar casinoer de store kredittkortene (gjennom e-lommeb\u00f8ker), debet-kort og bankoverf\u00f8ringer.\u00a0<a href=\"\/no\/betalingsmetoder\/\" data-track=\"\">Betalingsmetoder<\/a>\u00a0p\u00e5 nett kan variere med tanke p\u00e5 hvilket land du befinner deg i, s\u00e5 s\u00f8rg for \u00e5 sjekke om det finnes noen restriksjoner gjeldende for ditt land. V\u00e5re casinoanmeldelser gir deg konkret informasjon om betalingsl\u00f8sninger.<\/p>\n<h2>Norske casino anmeldelser<\/h2>\n<p>V\u00e5re casino anmeldelser fokuserer p\u00e5 det som passer best for norske spillere online. Det betyr at vi p\u00e5ser at det er god standard, at casinoet er trygt og godkjent av internasjonale organisasjoner for <a href=\"\/no\/online-gambling\/\" data-track=\"\">online gambling<\/a>\u00a0og tallspill. I tillegg er vi p\u00e5 jakt etter\u00a0<strong>casinoer som er p\u00e5 norsk, har norsk kundeservice og norske spilleautomater som Mega Joker og Jackpot 6000<\/strong>.<\/p>\n<p>Et stort pluss er om de bruker norsk valuta og betalingsmuligheter som e-lommeb\u00f8ker som er trygt \u00e5 bruke. Selv om et casino ikke n\u00f8dvendigvis tilbys p\u00e5 norsk betyr det ikke dermed at det ikke er et godt casino, men det er allikevel disse casinoene vi hos norsk casino vil regne som de beste casino.<\/p>\n<\/div><\/div><\/div><\/div><\/div><\/div><\/div><\/section>\n","protected":false},"excerpt":{"rendered":"Casino Anmeldelser Her p\u00e5 Norskcasino.com legger vi v\u00e5r sjel i \u00e5 gi deg best og mest mulig informasjon om casinoene p\u00e5 nett vi trygt kan anbefale.\u00a0Er de ikke 100 % sikre for deg, s\u00e5 anbefaler vi de ikke. Casinoene sitt tilbud av spill, kampanjer og bonuser er ogs\u00e5 sv\u00e6rt dynamisk \u2013 de forandrer seg nesten...","protected":false},"author":1,"featured_media":0,"parent":0,"menu_order":0,"comment_status":"closed","ping_status":"closed","template":"","meta":{"_acf_changed":false,"footnotes":""},"class_list":["post-2772","page","type-page","status-publish","hentry"],"acf":[],"rankMath":{"parentDomain":"onlinebettingspace.com","noFollowDomains":[],"noFollowExcludeDomains":[],"noFollowExternalLinks":false,"featuredImageNotice":"The featured image should be at least 200 by 200 pixels to be picked up by Facebook and other social media sites.","pluginReviewed":true,"postSettings":{"linkSuggestions":true,"useFocusKeyword":false},"frontEndScore":false,"postName":"casino-anmeldelser","permalinkFormat":"https:\/\/onlinebettingspace.com\/no\/%pagename%\/","showLockModifiedDate":true,"assessor":{"focusKeywordLink":"https:\/\/onlinebettingspace.com\/wp-admin\/edit.php?focus_keyword=%focus_keyword%&post_type=%post_type%","hasTOCPlugin":false,"primaryTaxonomy":false,"serpData":{"title":"Casino anmeldelser \u2013 finn det casinoet som passer deg!","description":"V\u00e5re casinoeksperter anmelder markedets beste online casino med tanke p\u00e5 bonuser, kampanjer, kundeservice etc. Finn ut hvilke casinoer du b\u00f8r teste \/ unng\u00e5","focusKeywords":"CASINO ANMELDELSER","pillarContent":false,"canonicalUrl":"","breadcrumbTitle":"","advancedRobots":[],"facebookTitle":"","facebookDescription":"","facebookImage":"","facebookImageID":"","facebookHasOverlay":false,"facebookImageOverlay":"","facebookAuthor":"","twitterCardType":"","twitterUseFacebook":true,"twitterTitle":"","twitterDescription":"","twitterImage":"","twitterImageID":"","twitterHasOverlay":false,"twitterImageOverlay":"","twitterPlayerUrl":"","twitterPlayerSize":"","twitterPlayerStream":"","twitterPlayerStreamCtype":"","twitterAppDescription":"","twitterAppIphoneName":"","twitterAppIphoneID":"","twitterAppIphoneUrl":"","twitterAppIpadName":"","twitterAppIpadID":"","twitterAppIpadUrl":"","twitterAppGoogleplayName":"","twitterAppGoogleplayID":"","twitterAppGoogleplayUrl":"","twitterAppCountry":"","robots":{"index":true},"twitterAuthor":"username","primaryTerm":0,"authorName":"OBSAdmin","titleTemplate":"%title% %sep% %sitename%","descriptionTemplate":"%excerpt%","showScoreFrontend":true,"lockModifiedDate":false},"powerWords":[],"diacritics":{"A":"[\\u0041\\u24B6\\uFF21\\u00C0\\u00C1\\u00C2\\u1EA6\\u1EA4\\u1EAA\\u1EA8\\u00C3\\u0100\\u0102\\u1EB0\\u1EAE\\u1EB4\\u1EB2\\u0226\\u01E0\\u00C4\\u01DE\\u1EA2\\u00C5\\u01FA\\u01CD\\u0200\\u0202\\u1EA0\\u1EAC\\u1EB6\\u1E00\\u0104\\u023A\\u2C6F]","AA":"[\\uA732]","AE":"[\\u00C6\\u01FC\\u01E2]","AO":"[\\uA734]","AU":"[\\uA736]","AV":"[\\uA738\\uA73A]","AY":"[\\uA73C]","B":"[\\u0042\\u24B7\\uFF22\\u1E02\\u1E04\\u1E06\\u0243\\u0182\\u0181]","C":"[\\u0043\\u24B8\\uFF23\\u0106\\u0108\\u010A\\u010C\\u00C7\\u1E08\\u0187\\u023B\\uA73E]","D":"[\\u0044\\u24B9\\uFF24\\u1E0A\\u010E\\u1E0C\\u1E10\\u1E12\\u1E0E\\u0110\\u018B\\u018A\\u0189\\uA779]","DZ":"[\\u01F1\\u01C4]","Dz":"[\\u01F2\\u01C5]","E":"[\\u0045\\u24BA\\uFF25\\u00C8\\u00C9\\u00CA\\u1EC0\\u1EBE\\u1EC4\\u1EC2\\u1EBC\\u0112\\u1E14\\u1E16\\u0114\\u0116\\u00CB\\u1EBA\\u011A\\u0204\\u0206\\u1EB8\\u1EC6\\u0228\\u1E1C\\u0118\\u1E18\\u1E1A\\u0190\\u018E]","F":"[\\u0046\\u24BB\\uFF26\\u1E1E\\u0191\\uA77B]","G":"[\\u0047\\u24BC\\uFF27\\u01F4\\u011C\\u1E20\\u011E\\u0120\\u01E6\\u0122\\u01E4\\u0193\\uA7A0\\uA77D\\uA77E]","H":"[\\u0048\\u24BD\\uFF28\\u0124\\u1E22\\u1E26\\u021E\\u1E24\\u1E28\\u1E2A\\u0126\\u2C67\\u2C75\\uA78D]","I":"[\\u0049\\u24BE\\uFF29\\u00CC\\u00CD\\u00CE\\u0128\\u012A\\u012C\\u0130\\u00CF\\u1E2E\\u1EC8\\u01CF\\u0208\\u020A\\u1ECA\\u012E\\u1E2C\\u0197]","J":"[\\u004A\\u24BF\\uFF2A\\u0134\\u0248]","K":"[\\u004B\\u24C0\\uFF2B\\u1E30\\u01E8\\u1E32\\u0136\\u1E34\\u0198\\u2C69\\uA740\\uA742\\uA744\\uA7A2]","L":"[\\u004C\\u24C1\\uFF2C\\u013F\\u0139\\u013D\\u1E36\\u1E38\\u013B\\u1E3C\\u1E3A\\u0141\\u023D\\u2C62\\u2C60\\uA748\\uA746\\uA780]","LJ":"[\\u01C7]","Lj":"[\\u01C8]","M":"[\\u004D\\u24C2\\uFF2D\\u1E3E\\u1E40\\u1E42\\u2C6E\\u019C]","N":"[\\u004E\\u24C3\\uFF2E\\u01F8\\u0143\\u00D1\\u1E44\\u0147\\u1E46\\u0145\\u1E4A\\u1E48\\u0220\\u019D\\uA790\\uA7A4]","NJ":"[\\u01CA]","Nj":"[\\u01CB]","O":"[\\u004F\\u24C4\\uFF2F\\u00D2\\u00D3\\u00D4\\u1ED2\\u1ED0\\u1ED6\\u1ED4\\u00D5\\u1E4C\\u022C\\u1E4E\\u014C\\u1E50\\u1E52\\u014E\\u022E\\u0230\\u00D6\\u022A\\u1ECE\\u0150\\u01D1\\u020C\\u020E\\u01A0\\u1EDC\\u1EDA\\u1EE0\\u1EDE\\u1EE2\\u1ECC\\u1ED8\\u01EA\\u01EC\\u00D8\\u01FE\\u0186\\u019F\\uA74A\\uA74C]","OI":"[\\u01A2]","OO":"[\\uA74E]","OU":"[\\u0222]","P":"[\\u0050\\u24C5\\uFF30\\u1E54\\u1E56\\u01A4\\u2C63\\uA750\\uA752\\uA754]","Q":"[\\u0051\\u24C6\\uFF31\\uA756\\uA758\\u024A]","R":"[\\u0052\\u24C7\\uFF32\\u0154\\u1E58\\u0158\\u0210\\u0212\\u1E5A\\u1E5C\\u0156\\u1E5E\\u024C\\u2C64\\uA75A\\uA7A6\\uA782]","S":"[\\u0053\\u24C8\\uFF33\\u1E9E\\u015A\\u1E64\\u015C\\u1E60\\u0160\\u1E66\\u1E62\\u1E68\\u0218\\u015E\\u2C7E\\uA7A8\\uA784]","T":"[\\u0054\\u24C9\\uFF34\\u1E6A\\u0164\\u1E6C\\u021A\\u0162\\u1E70\\u1E6E\\u0166\\u01AC\\u01AE\\u023E\\uA786]","TZ":"[\\uA728]","U":"[\\u0055\\u24CA\\uFF35\\u00D9\\u00DA\\u00DB\\u0168\\u1E78\\u016A\\u1E7A\\u016C\\u00DC\\u01DB\\u01D7\\u01D5\\u01D9\\u1EE6\\u016E\\u0170\\u01D3\\u0214\\u0216\\u01AF\\u1EEA\\u1EE8\\u1EEE\\u1EEC\\u1EF0\\u1EE4\\u1E72\\u0172\\u1E76\\u1E74\\u0244]","V":"[\\u0056\\u24CB\\uFF36\\u1E7C\\u1E7E\\u01B2\\uA75E\\u0245]","VY":"[\\uA760]","W":"[\\u0057\\u24CC\\uFF37\\u1E80\\u1E82\\u0174\\u1E86\\u1E84\\u1E88\\u2C72]","X":"[\\u0058\\u24CD\\uFF38\\u1E8A\\u1E8C]","Y":"[\\u0059\\u24CE\\uFF39\\u1EF2\\u00DD\\u0176\\u1EF8\\u0232\\u1E8E\\u0178\\u1EF6\\u1EF4\\u01B3\\u024E\\u1EFE]","Z":"[\\u005A\\u24CF\\uFF3A\\u0179\\u1E90\\u017B\\u017D\\u1E92\\u1E94\\u01B5\\u0224\\u2C7F\\u2C6B\\uA762]","a":"[\\u0061\\u24D0\\uFF41\\u1E9A\\u00E0\\u00E1\\u00E2\\u1EA7\\u1EA5\\u1EAB\\u1EA9\\u00E3\\u0101\\u0103\\u1EB1\\u1EAF\\u1EB5\\u1EB3\\u0227\\u01E1\\u00E4\\u01DF\\u1EA3\\u00E5\\u01FB\\u01CE\\u0201\\u0203\\u1EA1\\u1EAD\\u1EB7\\u1E01\\u0105\\u2C65\\u0250]","aa":"[\\uA733]","ae":"[\\u00E6\\u01FD\\u01E3]","ao":"[\\uA735]","au":"[\\uA737]","av":"[\\uA739\\uA73B]","ay":"[\\uA73D]","b":"[\\u0062\\u24D1\\uFF42\\u1E03\\u1E05\\u1E07\\u0180\\u0183\\u0253]","c":"[\\u0063\\u24D2\\uFF43\\u0107\\u0109\\u010B\\u010D\\u00E7\\u1E09\\u0188\\u023C\\uA73F\\u2184]","d":"[\\u0064\\u24D3\\uFF44\\u1E0B\\u010F\\u1E0D\\u1E11\\u1E13\\u1E0F\\u0111\\u018C\\u0256\\u0257\\uA77A]","dz":"[\\u01F3\\u01C6]","e":"[\\u0065\\u24D4\\uFF45\\u00E8\\u00E9\\u00EA\\u1EC1\\u1EBF\\u1EC5\\u1EC3\\u1EBD\\u0113\\u1E15\\u1E17\\u0115\\u0117\\u00EB\\u1EBB\\u011B\\u0205\\u0207\\u1EB9\\u1EC7\\u0229\\u1E1D\\u0119\\u1E19\\u1E1B\\u0247\\u025B\\u01DD]","f":"[\\u0066\\u24D5\\uFF46\\u1E1F\\u0192\\uA77C]","g":"[\\u0067\\u24D6\\uFF47\\u01F5\\u011D\\u1E21\\u011F\\u0121\\u01E7\\u0123\\u01E5\\u0260\\uA7A1\\u1D79\\uA77F]","h":"[\\u0068\\u24D7\\uFF48\\u0125\\u1E23\\u1E27\\u021F\\u1E25\\u1E29\\u1E2B\\u1E96\\u0127\\u2C68\\u2C76\\u0265]","hv":"[\\u0195]","i":"[\\u0069\\u24D8\\uFF49\\u00EC\\u00ED\\u00EE\\u0129\\u012B\\u012D\\u00EF\\u1E2F\\u1EC9\\u01D0\\u0209\\u020B\\u1ECB\\u012F\\u1E2D\\u0268\\u0131]","j":"[\\u006A\\u24D9\\uFF4A\\u0135\\u01F0\\u0249]","k":"[\\u006B\\u24DA\\uFF4B\\u1E31\\u01E9\\u1E33\\u0137\\u1E35\\u0199\\u2C6A\\uA741\\uA743\\uA745\\uA7A3]","l":"[\\u006C\\u24DB\\uFF4C\\u0140\\u013A\\u013E\\u1E37\\u1E39\\u013C\\u1E3D\\u1E3B\\u017F\\u0142\\u019A\\u026B\\u2C61\\uA749\\uA781\\uA747]","lj":"[\\u01C9]","m":"[\\u006D\\u24DC\\uFF4D\\u1E3F\\u1E41\\u1E43\\u0271\\u026F]","n":"[\\u006E\\u24DD\\uFF4E\\u01F9\\u0144\\u00F1\\u1E45\\u0148\\u1E47\\u0146\\u1E4B\\u1E49\\u019E\\u0272\\u0149\\uA791\\uA7A5]","nj":"[\\u01CC]","o":"[\\u006F\\u24DE\\uFF4F\\u00F2\\u00F3\\u00F4\\u1ED3\\u1ED1\\u1ED7\\u1ED5\\u00F5\\u1E4D\\u022D\\u1E4F\\u014D\\u1E51\\u1E53\\u014F\\u022F\\u0231\\u00F6\\u022B\\u1ECF\\u0151\\u01D2\\u020D\\u020F\\u01A1\\u1EDD\\u1EDB\\u1EE1\\u1EDF\\u1EE3\\u1ECD\\u1ED9\\u01EB\\u01ED\\u00F8\\u01FF\\u0254\\uA74B\\uA74D\\u0275]","oi":"[\\u01A3]","ou":"[\\u0223]","oo":"[\\uA74F]","p":"[\\u0070\\u24DF\\uFF50\\u1E55\\u1E57\\u01A5\\u1D7D\\uA751\\uA753\\uA755]","q":"[\\u0071\\u24E0\\uFF51\\u024B\\uA757\\uA759]","r":"[\\u0072\\u24E1\\uFF52\\u0155\\u1E59\\u0159\\u0211\\u0213\\u1E5B\\u1E5D\\u0157\\u1E5F\\u024D\\u027D\\uA75B\\uA7A7\\uA783]","s":"[\\u0073\\u24E2\\uFF53\\u015B\\u1E65\\u015D\\u1E61\\u0161\\u1E67\\u1E63\\u1E69\\u0219\\u015F\\u023F\\uA7A9\\uA785\\u1E9B]","ss":"[\\u00DF]","t":"[\\u0074\\u24E3\\uFF54\\u1E6B\\u1E97\\u0165\\u1E6D\\u021B\\u0163\\u1E71\\u1E6F\\u0167\\u01AD\\u0288\\u2C66\\uA787]","tz":"[\\uA729]","u":"[\\u0075\\u24E4\\uFF55\\u00F9\\u00FA\\u00FB\\u0169\\u1E79\\u016B\\u1E7B\\u016D\\u00FC\\u01DC\\u01D8\\u01D6\\u01DA\\u1EE7\\u016F\\u0171\\u01D4\\u0215\\u0217\\u01B0\\u1EEB\\u1EE9\\u1EEF\\u1EED\\u1EF1\\u1EE5\\u1E73\\u0173\\u1E77\\u1E75\\u0289]","v":"[\\u0076\\u24E5\\uFF56\\u1E7D\\u1E7F\\u028B\\uA75F\\u028C]","vy":"[\\uA761]","w":"[\\u0077\\u24E6\\uFF57\\u1E81\\u1E83\\u0175\\u1E87\\u1E85\\u1E98\\u1E89\\u2C73]","x":"[\\u0078\\u24E7\\uFF58\\u1E8B\\u1E8D]","y":"[\\u0079\\u24E8\\uFF59\\u1EF3\\u00FD\\u0177\\u1EF9\\u0233\\u1E8F\\u00FF\\u1EF7\\u1E99\\u1EF5\\u01B4\\u024F\\u1EFF]","z":"[\\u007A\\u24E9\\uFF5A\\u017A\\u1E91\\u017C\\u017E\\u1E93\\u1E95\\u01B6\\u0225\\u0240\\u2C6C\\uA763]"},"researchesTests":["contentHasTOC","contentHasShortParagraphs","contentHasAssets","keywordInTitle","keywordInMetaDescription","keywordInPermalink","keywordIn10Percent","keywordInContent","keywordInSubheadings","keywordInImageAlt","keywordDensity","keywordNotUsed","lengthContent","lengthPermalink","linksHasInternal","linksHasExternals","linksNotAllExternals","titleStartWithKeyword","titleSentiment","titleHasPowerWords","titleHasNumber","hasContentAI"],"hasRedirection":true,"hasBreadcrumb":false},"homeUrl":"https:\/\/onlinebettingspace.com\/no\/","objectID":2772,"objectType":"post","locale":"nb","localeFull":"nb_NO","overlayImages":{"play":{"name":"Play icon","url":"https:\/\/onlinebettingspace.com\/wp-content\/plugins\/seo-by-rank-math\/assets\/admin\/img\/icon-play.png","path":"\/home\/SuperAdmin\/web\/onlinebettingspace.com\/public_html\/wp-content\/plugins\/seo-by-rank-math\/assets\/admin\/img\/icon-play.png","position":"middle_center"},"gif":{"name":"GIF icon","url":"https:\/\/onlinebettingspace.com\/wp-content\/plugins\/seo-by-rank-math\/assets\/admin\/img\/icon-gif.png","path":"\/home\/SuperAdmin\/web\/onlinebettingspace.com\/public_html\/wp-content\/plugins\/seo-by-rank-math\/assets\/admin\/img\/icon-gif.png","position":"middle_center"}},"defautOgImage":"https:\/\/onlinebettingspace.com\/wp-content\/uploads\/2022\/04\/OBS-FULL-LOGO.webp","customPermalinks":true,"isUserRegistered":true,"autoSuggestKeywords":true,"connectSiteUrl":"https:\/\/rankmath.com\/auth?site=https%3A%2F%2Fonlinebettingspace.com%2Fno%2F&r=https%3A%2F%2Fonlinebettingspace.com%2Fno%2Fwp-json%2Fwp%2Fv2%2Fpages%2F2772%3Fnonce%3D3399f0178d","maxTags":5,"trendsIcon":"<svg viewBox=\"0 0 610 610\"><path d=\"M18.85,446,174.32,290.48l58.08,58.08L76.93,504a14.54,14.54,0,0,1-20.55,0L18.83,466.48a14.54,14.54,0,0,1,0-20.55Z\" style=\"fill:#4285f4\"\/><path d=\"M242.65,242.66,377.59,377.6l-47.75,47.75a14.54,14.54,0,0,1-20.55,0L174.37,290.43l47.75-47.75A14.52,14.52,0,0,1,242.65,242.66Z\" style=\"fill:#ea4335\"\/><polygon points=\"319.53 319.53 479.26 159.8 537.34 217.88 377.61 377.62 319.53 319.53\" style=\"fill:#fabb05\"\/><path d=\"M594.26,262.73V118.61h0a16.94,16.94,0,0,0-16.94-16.94H433.2a16.94,16.94,0,0,0-12,28.92L565.34,274.71h0a16.94,16.94,0,0,0,28.92-12Z\" style=\"fill:#34a853\"\/><rect width=\"610\" height=\"610\" style=\"fill:none\"\/><\/svg>","showScore":true,"siteFavIcon":"https:\/\/onlinebettingspace.com\/wp-content\/uploads\/2022\/04\/OBS-LOGO-1.webp","canUser":{"general":false,"advanced":false,"snippet":false,"social":false,"analysis":false,"analytics":false,"content_ai":false},"showKeywordIntent":true,"isPro":false,"is_front_page":false,"trendsUpgradeLink":"https:\/\/rankmath.com\/pricing\/?utm_source=Plugin&utm_medium=CE%20General%20Tab%20Trends&utm_campaign=WP","trendsUpgradeLabel":"Upgrade","trendsPreviewImage":"https:\/\/onlinebettingspace.com\/wp-content\/plugins\/seo-by-rank-math\/assets\/admin\/img\/trends-preview.jpg","currentEditor":false,"homepageData":{"assessor":{"powerWords":[],"diacritics":true,"researchesTests":["contentHasTOC","contentHasShortParagraphs","contentHasAssets","keywordInTitle","keywordInMetaDescription","keywordInPermalink","keywordIn10Percent","keywordInContent","keywordInSubheadings","keywordInImageAlt","keywordDensity","keywordNotUsed","lengthContent","lengthPermalink","linksHasInternal","linksHasExternals","linksNotAllExternals","titleStartWithKeyword","titleSentiment","titleHasPowerWords","titleHasNumber","hasContentAI"],"hasBreadcrumb":false,"serpData":{"title":"%sitename% %page% %sep% %sitedesc%","description":"","titleTemplate":"%sitename% %page% %sep% %sitedesc%","descriptionTemplate":"","focusKeywords":"","breadcrumbTitle":"Home","robots":{"index":true},"advancedRobots":[],"facebookTitle":"","facebookDescription":"","facebookImage":"","facebookImageID":""}}},"tocTitle":"Table of Contents","tocExcludeHeadings":[],"listStyle":"ul"},"_links":{"self":[{"href":"https:\/\/onlinebettingspace.com\/no\/wp-json\/wp\/v2\/pages\/2772","targetHints":{"allow":["GET"]}}],"collection":[{"href":"https:\/\/onlinebettingspace.com\/no\/wp-json\/wp\/v2\/pages"}],"about":[{"href":"https:\/\/onlinebettingspace.com\/no\/wp-json\/wp\/v2\/types\/page"}],"author":[{"embeddable":true,"href":"https:\/\/onlinebettingspace.com\/no\/wp-json\/wp\/v2\/users\/1"}],"replies":[{"embeddable":true,"href":"https:\/\/onlinebettingspace.com\/no\/wp-json\/wp\/v2\/comments?post=2772"}],"version-history":[{"count":0,"href":"https:\/\/onlinebettingspace.com\/no\/wp-json\/wp\/v2\/pages\/2772\/revisions"}],"wp:attachment":[{"href":"https:\/\/onlinebettingspace.com\/no\/wp-json\/wp\/v2\/media?parent=2772"}],"curies":[{"name":"wp","href":"https:\/\/api.w.org\/{rel}","templated":true}]}}