{"id":2755,"date":"2022-09-01T01:12:39","date_gmt":"2022-08-31T22:12:39","guid":{"rendered":"https:\/\/onlinebettingspace.com\/?page_id=2755"},"modified":"2022-09-01T01:12:39","modified_gmt":"2022-08-31T22:12:39","slug":"mobil-casino","status":"publish","type":"page","link":"https:\/\/onlinebettingspace.com\/no\/mobil-casino\/","title":{"rendered":"MOBIL CASINO"},"content":{"rendered":"<section class=\"l-section wpb_row height_medium\"><div class=\"l-section-h i-cf\"><div class=\"g-cols vc_row via_flex valign_top type_default stacking_default\"><div class=\"vc_col-sm-12 wpb_column vc_column_container\"><div class=\"vc_column-inner\"><div class=\"wpb_wrapper\"><div class=\"wpb_text_column\"><div class=\"wpb_wrapper\"><h1>Mobil Casino<\/h1>\n<p>Mobil Casino har etter hvert blitt et must for alle online casino. Etter noen \u00e5r med spill p\u00e5 desktop er det n\u00e5 spill p\u00e5 mobil og nettbrett som gjelder. Med favorittspillene tilgjengelig p\u00e5 mobil brytes gamle begrensinger om sted og tid ned. N\u00e5 kan du spille uansett hvor du er og n\u00e5r p\u00e5 d\u00f8gnet lysten kommer. Det eneste du trenger er nettilgang og penger p\u00e5 konto.<\/p>\n<p>Utviklingen innen mobil casino har utviklet mye fra de f\u00f8rste tekniske l\u00f8sningen som var tilpasset \u00e8n plattform, til dagens l\u00f8sningen hvor det ikke spiller noen rolle om du er p\u00e5 en<strong>\u00a0Android, iOS eller Windows plattform<\/strong>. Spillene fungerer uansett. Under finner du en liste over de beste mobilcasino l\u00f8sningene.<\/p>\n<p>Utviklingen innen mobil casino p\u00e5 nett har utviklet mye fra de f\u00f8rste tekniske l\u00f8sningen som var tilpasset \u00e8n plattform, til dagens l\u00f8sningen hvor det<strong>\u00a0ikke spiller noen rolle om du er p\u00e5 en Android, iOS eller Windows plattform<\/strong>. Spillene fungerer uansett. Under finner du en liste over de beste mobilcasino l\u00f8sningene.<\/p>\n<h2>Hvordan fungerer et mobilcasino?<\/h2>\n<p>Spill p\u00e5 mobil casino er\u00a0<strong>like enkelt som p\u00e5 desktop<\/strong>. Enkelte casino har laget en egen app som gj\u00f8r innloggingen ekstra enkel. Uansett app eller ikke s\u00e5 kan du logge deg inn p\u00e5 vanlig m\u00e5te ved \u00e5 skrive rett url i adresselinjen.\u00a0N\u00e5r du endelig er inne, kan du benytte deg av de samme innloggingsdetaljer som du ellers bruker p\u00e5 din desktop, eller du kan teste ditt uvalgte online mobil casino gratis uten \u00e5 registrere deg.<\/p>\n<h2>Spillutvalg<\/h2>\n<p>Selv om spillutvalget er noe redusert s\u00e5 vil du hos enkelte finne opp mot 200 automater. Du finner de mest popul\u00e6re spille- og videoautomatene, poker, blackjack, skrapelodd og andre casinospill. Hos de som tilbyr en Sportsbook s\u00e5 vil du kunne sette dine\u00a0<a href=\"\/no\/odds-pa-nett\/\" data-track=\"\">odds<\/a>.\u00a0Spillene du finner er optimalisert for mobil spilling. De store spilleverand\u00f8rene optimalisere spillene ut fra de krav som settes til online spill p\u00e5 mobil, uten at de \u00f8delegger verken grafikk eller spillgleden du kjenner fra desktop spillingen.<\/p>\n<h2>Bonuser og freespins<\/h2>\n<p>Bonuser, freespins og kampanjer vil du se er tilgjengelig ogs\u00e5 p\u00e5 mobil casino. Du g\u00e5r med andre ord ikke glipp av noe selv om du bare velger \u00e5 v\u00e6re en fingerferdig mobil spiller. Enkelte casinoer som f.eks.\u00a0<a href=\"\/no\/betsafe-casino\/\" data-track=\"\">Betsafe<\/a>\u00a0tilbyr ogs\u00e5\u00a0<strong>egne nett bonuser for deg som vil pr\u00f8ve mobilcasinoet<\/strong>\u00a0i tillegg til de ordin\u00e6re bonusene.<\/p>\n<h2>Kundeservice<\/h2>\n<p>Kundeservice er der for deg ogs\u00e5 p\u00e5 mobil eller nettbrett. Har du sp\u00f8rsm\u00e5l s\u00e5 skal du ikke n\u00f8le med \u00e5 ta kontakt. Bruk de kontaktmuligheter som er laget. Casinoene er tjenestevillige og hjelper deg gjerne.<\/p>\n<h2>Sikkerhet<\/h2>\n<p>Sikkerheten er ogs\u00e5 godt ivaretatt.\u00a0<strong>Casinoene vil kryptere informasjon p\u00e5 ordin\u00e6r m\u00e5te og pengene dine blir h\u00e5ndtert p\u00e5 samme forsiktige m\u00e5te som n\u00e5r du spiller p\u00e5 desktop<\/strong>.\u00a0Innskudd og uttak er fortsatt et\u00a0omr\u00e5de som du gjerne gj\u00f8r fra desktop, men\u00a0det finnes enkelte online l\u00f8sninger for mobil som blant annet\u00a0<a href=\"\/no\/comeon-casino\/\" data-track=\"\">ComeOn<\/a>\u00a0har tatt i bruk. \u00a0De fleste tilbyr i dag muligheten til \u00e5 sette inn penger via norsk Visa, Mastercard og e-lommeb\u00f8ker som Skrill og Neteller.<\/p>\n<h2>Hvilke spill kan du finne p\u00e5 mobil?<\/h2>\n<p>De store online spillutviklerne som Net Entertainment eller Microgaming tilpasser sine online desktop spill til mobil casino spill. De g\u00e5r gjennom forskjellen i spillingen og formatene og gj\u00f8r\u00a0<strong>n\u00f8dvendige endringer uten at det g\u00e5r ut over grafikken eller spillgleden<\/strong>\u00a0som du kjenner fra desktop.<\/p>\n<p>Spill som er tilpasset mobilt bruk legges gjerne i egne serie. NetEnt sin mobil serie kalles Touch, mens Microgaming sine mobilspill kalles Go.\u00a0Det er gjerne\u00a0<strong>de mest popul\u00e6re spillene som har blitt tilpasset f\u00f8rst<\/strong>. Du kan forvente \u00e5 finne f\u00f8lgende spill i et standard mobil casino:<\/p>\n<ul>\n<li>Fra NetEnt kan du blant annet glede deg over den popul\u00e6re\u00a0<a href=\"\/no\/spilleautomater\/starburst\/\" data-track=\"\">Starburst<\/a>\u00a0og roulette . Du finner ogs\u00e5 den enormt popul\u00e6re\u00a0<strong>Mega Fortune<\/strong>\u00a0med sin kjente progressive jackpot. NetEnt har forel\u00f8pig en begrenset mobil portef\u00f8lje, men den vokser hele tiden.<\/li>\n<li><a href=\"\/no\/casino-software\/microgaming-casino-software\/\" data-track=\"\">Microgaming\u00a0<\/a>er en av de st\u00f8rste leverand\u00f8rer av online spill. Dette gjelder ogs\u00e5 p\u00e5 mobil. Deres allerede store tilbud \u00f8ker hvert \u00e5r. N\u00e5r de n\u00e5 lanserer et nytt spill for desktop lanserer de gjerne samme spillet i en Go versjon.<\/li>\n<li>Playtech er en av de store og innovative leverand\u00f8rene som utvikler nett spill i\u00a0<strong>samarbeide med store filmprodusenter og mediehus som Marvel, MGM, NBC Universal og HBO<\/strong>. Deres mobile serie er enn\u00e5 ikke like stor som hos de aller st\u00f8rste, men med en utviklingsvekst p\u00e5 n\u00e6rmere 50 spill i \u00e5ret, vokser ogs\u00e5 deres sortiment raskt.<\/li>\n<li>Play`n Go er en relativt ny spillutvikler som har markert seg i markedet. De tilbyr mange titalls spill du vil kjenne igjen fra desktop.<\/li>\n<\/ul>\n<p>N\u00e6r sagt alle leverand\u00f8rer lager n\u00e5 mobil utgaver og vi kan forvente at tilbudet \u00f8ker betraktelig i \u00e5rene som kommer i tr\u00e5d med alle\u00a0<a href=\"\/no\/nye-casino\/\" data-track=\"\">nye casino<\/a>\u00a0som stadig dukker opp.<\/p>\n<h2>Hvilke bonuser gjelder for mobilcasino?<\/h2>\n<p>De aller fleste casino gir deg som ny kunde en velkomstbonus. Det mest vanlige er en innskuddsbonus p\u00e5 f.eks 100 eller 200%. Denne kan ogs\u00e5 kombineres med freespins p\u00e5 en eller flere definerte automater.\u00a0<strong>Casinobonusene er gjerne til bruk b\u00e5de p\u00e5 desktop og p\u00e5 mobil, og det er heller ikke uvanlig at de har en egen mobil casino bonus.<\/strong>\u00a0En av de st\u00f8rste mobil casinoene er\u00a0<a href=\"\/no\/leo-vegas-casino\/\" data-track=\"\">Leo Vegas<\/a>. Som ny kunde her f\u00e5r bonus p\u00e5 dine fire f\u00f8rste innskudd i tillegg til at de gir deg 200 gratis spinn p\u00e5 den popul\u00e6re automaten Starburst.<\/p>\n<p><a href=\"\/no\/casumo\/\" data-track=\"\">Casumo<\/a>\u00a0er et av de raskets voksende casino p\u00e5 nett. Logger du deg inn via mobil eller nettbrett kommer du til deres utmerkede mobilutgave. Her, som p\u00e5 desktop, dobler de ditt f\u00f8rste innskudd ved registrering i tillegg til at du motta 110 freespins.<\/p>\n<p>Du vil av og til finne\u00a0<strong>kampanjer med bonuser og freespins laget spesielt for mobil<\/strong>. Bruk dem gjerne, men husk \u00e5 lese alle vilk\u00e5r og regler som f\u00f8lger, f\u00f8r du aksepterer.<\/p>\n<h2>Android eller iPhone?<\/h2>\n<p>Tidligere satset spillutviklerne gjerne mest p\u00e5 kun en plattform, noe som ofte gjorde det vanskelig \u00e5 tilfredsstille markedet. I dag har heldigvis teknologien g\u00e5tt videre, og\u00a0lanseringen av HTML5 har bidratt sterkt til at de fleste spill i dag kan spilles uansett om du er p\u00e5 en iOS, Android og kanskje ogs\u00e5 en Windows plattform.\u00a0Bruker du en iPad eller et annet nettbrett s\u00e5 er det naturlig \u00e5 bruke de mobile casino utgavene. Du vil spille de samme spillene og\u00a0<strong>den eneste forskjellen mellom de ulike mobilene vil v\u00e6re skjermst\u00f8rrelse<\/strong>.<\/p>\n<p>Per idag spiller det med andre ord ingen rolle hvilket operativsystem du benytter deg av om du vil benytte deg av et mobil casino. Om du oftest spiller nett casino p\u00e5 mobil er det f\u00f8rst og fremst spillutvalg og bonuser du b\u00f8r se p\u00e5. Det beste mobilcasinoet for spill er kanskje\u00a0<a href=\"\/no\/casinoeuro\/\" data-track=\"\">Casino Euro<\/a>. De var blant de f\u00f8rste som lanserte sitt eget mobil casino, noe de fremdeles drar nytte av i dag.\u00a0Benytt muligheten av \u00e5 spille gratis f\u00f8rst, det kan du som regel gj\u00f8re i alle mobil casino.<\/p>\n<\/div><\/div><\/div><\/div><\/div><\/div><\/div><\/section>\n","protected":false},"excerpt":{"rendered":"Mobil Casino Mobil Casino har etter hvert blitt et must for alle online casino. Etter noen \u00e5r med spill p\u00e5 desktop er det n\u00e5 spill p\u00e5 mobil og nettbrett som gjelder. Med favorittspillene tilgjengelig p\u00e5 mobil brytes gamle begrensinger om sted og tid ned. N\u00e5 kan du spille uansett hvor du er og n\u00e5r p\u00e5...","protected":false},"author":1,"featured_media":0,"parent":0,"menu_order":0,"comment_status":"closed","ping_status":"closed","template":"","meta":{"_acf_changed":false,"footnotes":""},"class_list":["post-2755","page","type-page","status-publish","hentry"],"acf":[],"rankMath":{"parentDomain":"onlinebettingspace.com","noFollowDomains":[],"noFollowExcludeDomains":[],"noFollowExternalLinks":false,"featuredImageNotice":"The featured image should be at least 200 by 200 pixels to be picked up by Facebook and other social media sites.","pluginReviewed":true,"postSettings":{"linkSuggestions":true,"useFocusKeyword":false},"frontEndScore":false,"postName":"mobil-casino","permalinkFormat":"https:\/\/onlinebettingspace.com\/no\/%pagename%\/","showLockModifiedDate":true,"assessor":{"focusKeywordLink":"https:\/\/onlinebettingspace.com\/wp-admin\/edit.php?focus_keyword=%focus_keyword%&post_type=%post_type%","hasTOCPlugin":false,"primaryTaxonomy":false,"serpData":{"title":"Mobil Casino | Bonuser og freespins til mobilcasino!","description":"Hvilke nettcasinoer er tilgjengelige som mobilcasino? Vi har samlet informasjon om Android og IOS casino, bonuser, freespins, spillutvalg, gratis spill +++","focusKeywords":"MOBIL CASINO","pillarContent":false,"canonicalUrl":"","breadcrumbTitle":"","advancedRobots":[],"facebookTitle":"","facebookDescription":"","facebookImage":"","facebookImageID":"","facebookHasOverlay":false,"facebookImageOverlay":"","facebookAuthor":"","twitterCardType":"","twitterUseFacebook":true,"twitterTitle":"","twitterDescription":"","twitterImage":"","twitterImageID":"","twitterHasOverlay":false,"twitterImageOverlay":"","twitterPlayerUrl":"","twitterPlayerSize":"","twitterPlayerStream":"","twitterPlayerStreamCtype":"","twitterAppDescription":"","twitterAppIphoneName":"","twitterAppIphoneID":"","twitterAppIphoneUrl":"","twitterAppIpadName":"","twitterAppIpadID":"","twitterAppIpadUrl":"","twitterAppGoogleplayName":"","twitterAppGoogleplayID":"","twitterAppGoogleplayUrl":"","twitterAppCountry":"","robots":{"index":true},"twitterAuthor":"username","primaryTerm":0,"authorName":"OBSAdmin","titleTemplate":"%title% %sep% %sitename%","descriptionTemplate":"%excerpt%","showScoreFrontend":true,"lockModifiedDate":false},"powerWords":[],"diacritics":{"A":"[\\u0041\\u24B6\\uFF21\\u00C0\\u00C1\\u00C2\\u1EA6\\u1EA4\\u1EAA\\u1EA8\\u00C3\\u0100\\u0102\\u1EB0\\u1EAE\\u1EB4\\u1EB2\\u0226\\u01E0\\u00C4\\u01DE\\u1EA2\\u00C5\\u01FA\\u01CD\\u0200\\u0202\\u1EA0\\u1EAC\\u1EB6\\u1E00\\u0104\\u023A\\u2C6F]","AA":"[\\uA732]","AE":"[\\u00C6\\u01FC\\u01E2]","AO":"[\\uA734]","AU":"[\\uA736]","AV":"[\\uA738\\uA73A]","AY":"[\\uA73C]","B":"[\\u0042\\u24B7\\uFF22\\u1E02\\u1E04\\u1E06\\u0243\\u0182\\u0181]","C":"[\\u0043\\u24B8\\uFF23\\u0106\\u0108\\u010A\\u010C\\u00C7\\u1E08\\u0187\\u023B\\uA73E]","D":"[\\u0044\\u24B9\\uFF24\\u1E0A\\u010E\\u1E0C\\u1E10\\u1E12\\u1E0E\\u0110\\u018B\\u018A\\u0189\\uA779]","DZ":"[\\u01F1\\u01C4]","Dz":"[\\u01F2\\u01C5]","E":"[\\u0045\\u24BA\\uFF25\\u00C8\\u00C9\\u00CA\\u1EC0\\u1EBE\\u1EC4\\u1EC2\\u1EBC\\u0112\\u1E14\\u1E16\\u0114\\u0116\\u00CB\\u1EBA\\u011A\\u0204\\u0206\\u1EB8\\u1EC6\\u0228\\u1E1C\\u0118\\u1E18\\u1E1A\\u0190\\u018E]","F":"[\\u0046\\u24BB\\uFF26\\u1E1E\\u0191\\uA77B]","G":"[\\u0047\\u24BC\\uFF27\\u01F4\\u011C\\u1E20\\u011E\\u0120\\u01E6\\u0122\\u01E4\\u0193\\uA7A0\\uA77D\\uA77E]","H":"[\\u0048\\u24BD\\uFF28\\u0124\\u1E22\\u1E26\\u021E\\u1E24\\u1E28\\u1E2A\\u0126\\u2C67\\u2C75\\uA78D]","I":"[\\u0049\\u24BE\\uFF29\\u00CC\\u00CD\\u00CE\\u0128\\u012A\\u012C\\u0130\\u00CF\\u1E2E\\u1EC8\\u01CF\\u0208\\u020A\\u1ECA\\u012E\\u1E2C\\u0197]","J":"[\\u004A\\u24BF\\uFF2A\\u0134\\u0248]","K":"[\\u004B\\u24C0\\uFF2B\\u1E30\\u01E8\\u1E32\\u0136\\u1E34\\u0198\\u2C69\\uA740\\uA742\\uA744\\uA7A2]","L":"[\\u004C\\u24C1\\uFF2C\\u013F\\u0139\\u013D\\u1E36\\u1E38\\u013B\\u1E3C\\u1E3A\\u0141\\u023D\\u2C62\\u2C60\\uA748\\uA746\\uA780]","LJ":"[\\u01C7]","Lj":"[\\u01C8]","M":"[\\u004D\\u24C2\\uFF2D\\u1E3E\\u1E40\\u1E42\\u2C6E\\u019C]","N":"[\\u004E\\u24C3\\uFF2E\\u01F8\\u0143\\u00D1\\u1E44\\u0147\\u1E46\\u0145\\u1E4A\\u1E48\\u0220\\u019D\\uA790\\uA7A4]","NJ":"[\\u01CA]","Nj":"[\\u01CB]","O":"[\\u004F\\u24C4\\uFF2F\\u00D2\\u00D3\\u00D4\\u1ED2\\u1ED0\\u1ED6\\u1ED4\\u00D5\\u1E4C\\u022C\\u1E4E\\u014C\\u1E50\\u1E52\\u014E\\u022E\\u0230\\u00D6\\u022A\\u1ECE\\u0150\\u01D1\\u020C\\u020E\\u01A0\\u1EDC\\u1EDA\\u1EE0\\u1EDE\\u1EE2\\u1ECC\\u1ED8\\u01EA\\u01EC\\u00D8\\u01FE\\u0186\\u019F\\uA74A\\uA74C]","OI":"[\\u01A2]","OO":"[\\uA74E]","OU":"[\\u0222]","P":"[\\u0050\\u24C5\\uFF30\\u1E54\\u1E56\\u01A4\\u2C63\\uA750\\uA752\\uA754]","Q":"[\\u0051\\u24C6\\uFF31\\uA756\\uA758\\u024A]","R":"[\\u0052\\u24C7\\uFF32\\u0154\\u1E58\\u0158\\u0210\\u0212\\u1E5A\\u1E5C\\u0156\\u1E5E\\u024C\\u2C64\\uA75A\\uA7A6\\uA782]","S":"[\\u0053\\u24C8\\uFF33\\u1E9E\\u015A\\u1E64\\u015C\\u1E60\\u0160\\u1E66\\u1E62\\u1E68\\u0218\\u015E\\u2C7E\\uA7A8\\uA784]","T":"[\\u0054\\u24C9\\uFF34\\u1E6A\\u0164\\u1E6C\\u021A\\u0162\\u1E70\\u1E6E\\u0166\\u01AC\\u01AE\\u023E\\uA786]","TZ":"[\\uA728]","U":"[\\u0055\\u24CA\\uFF35\\u00D9\\u00DA\\u00DB\\u0168\\u1E78\\u016A\\u1E7A\\u016C\\u00DC\\u01DB\\u01D7\\u01D5\\u01D9\\u1EE6\\u016E\\u0170\\u01D3\\u0214\\u0216\\u01AF\\u1EEA\\u1EE8\\u1EEE\\u1EEC\\u1EF0\\u1EE4\\u1E72\\u0172\\u1E76\\u1E74\\u0244]","V":"[\\u0056\\u24CB\\uFF36\\u1E7C\\u1E7E\\u01B2\\uA75E\\u0245]","VY":"[\\uA760]","W":"[\\u0057\\u24CC\\uFF37\\u1E80\\u1E82\\u0174\\u1E86\\u1E84\\u1E88\\u2C72]","X":"[\\u0058\\u24CD\\uFF38\\u1E8A\\u1E8C]","Y":"[\\u0059\\u24CE\\uFF39\\u1EF2\\u00DD\\u0176\\u1EF8\\u0232\\u1E8E\\u0178\\u1EF6\\u1EF4\\u01B3\\u024E\\u1EFE]","Z":"[\\u005A\\u24CF\\uFF3A\\u0179\\u1E90\\u017B\\u017D\\u1E92\\u1E94\\u01B5\\u0224\\u2C7F\\u2C6B\\uA762]","a":"[\\u0061\\u24D0\\uFF41\\u1E9A\\u00E0\\u00E1\\u00E2\\u1EA7\\u1EA5\\u1EAB\\u1EA9\\u00E3\\u0101\\u0103\\u1EB1\\u1EAF\\u1EB5\\u1EB3\\u0227\\u01E1\\u00E4\\u01DF\\u1EA3\\u00E5\\u01FB\\u01CE\\u0201\\u0203\\u1EA1\\u1EAD\\u1EB7\\u1E01\\u0105\\u2C65\\u0250]","aa":"[\\uA733]","ae":"[\\u00E6\\u01FD\\u01E3]","ao":"[\\uA735]","au":"[\\uA737]","av":"[\\uA739\\uA73B]","ay":"[\\uA73D]","b":"[\\u0062\\u24D1\\uFF42\\u1E03\\u1E05\\u1E07\\u0180\\u0183\\u0253]","c":"[\\u0063\\u24D2\\uFF43\\u0107\\u0109\\u010B\\u010D\\u00E7\\u1E09\\u0188\\u023C\\uA73F\\u2184]","d":"[\\u0064\\u24D3\\uFF44\\u1E0B\\u010F\\u1E0D\\u1E11\\u1E13\\u1E0F\\u0111\\u018C\\u0256\\u0257\\uA77A]","dz":"[\\u01F3\\u01C6]","e":"[\\u0065\\u24D4\\uFF45\\u00E8\\u00E9\\u00EA\\u1EC1\\u1EBF\\u1EC5\\u1EC3\\u1EBD\\u0113\\u1E15\\u1E17\\u0115\\u0117\\u00EB\\u1EBB\\u011B\\u0205\\u0207\\u1EB9\\u1EC7\\u0229\\u1E1D\\u0119\\u1E19\\u1E1B\\u0247\\u025B\\u01DD]","f":"[\\u0066\\u24D5\\uFF46\\u1E1F\\u0192\\uA77C]","g":"[\\u0067\\u24D6\\uFF47\\u01F5\\u011D\\u1E21\\u011F\\u0121\\u01E7\\u0123\\u01E5\\u0260\\uA7A1\\u1D79\\uA77F]","h":"[\\u0068\\u24D7\\uFF48\\u0125\\u1E23\\u1E27\\u021F\\u1E25\\u1E29\\u1E2B\\u1E96\\u0127\\u2C68\\u2C76\\u0265]","hv":"[\\u0195]","i":"[\\u0069\\u24D8\\uFF49\\u00EC\\u00ED\\u00EE\\u0129\\u012B\\u012D\\u00EF\\u1E2F\\u1EC9\\u01D0\\u0209\\u020B\\u1ECB\\u012F\\u1E2D\\u0268\\u0131]","j":"[\\u006A\\u24D9\\uFF4A\\u0135\\u01F0\\u0249]","k":"[\\u006B\\u24DA\\uFF4B\\u1E31\\u01E9\\u1E33\\u0137\\u1E35\\u0199\\u2C6A\\uA741\\uA743\\uA745\\uA7A3]","l":"[\\u006C\\u24DB\\uFF4C\\u0140\\u013A\\u013E\\u1E37\\u1E39\\u013C\\u1E3D\\u1E3B\\u017F\\u0142\\u019A\\u026B\\u2C61\\uA749\\uA781\\uA747]","lj":"[\\u01C9]","m":"[\\u006D\\u24DC\\uFF4D\\u1E3F\\u1E41\\u1E43\\u0271\\u026F]","n":"[\\u006E\\u24DD\\uFF4E\\u01F9\\u0144\\u00F1\\u1E45\\u0148\\u1E47\\u0146\\u1E4B\\u1E49\\u019E\\u0272\\u0149\\uA791\\uA7A5]","nj":"[\\u01CC]","o":"[\\u006F\\u24DE\\uFF4F\\u00F2\\u00F3\\u00F4\\u1ED3\\u1ED1\\u1ED7\\u1ED5\\u00F5\\u1E4D\\u022D\\u1E4F\\u014D\\u1E51\\u1E53\\u014F\\u022F\\u0231\\u00F6\\u022B\\u1ECF\\u0151\\u01D2\\u020D\\u020F\\u01A1\\u1EDD\\u1EDB\\u1EE1\\u1EDF\\u1EE3\\u1ECD\\u1ED9\\u01EB\\u01ED\\u00F8\\u01FF\\u0254\\uA74B\\uA74D\\u0275]","oi":"[\\u01A3]","ou":"[\\u0223]","oo":"[\\uA74F]","p":"[\\u0070\\u24DF\\uFF50\\u1E55\\u1E57\\u01A5\\u1D7D\\uA751\\uA753\\uA755]","q":"[\\u0071\\u24E0\\uFF51\\u024B\\uA757\\uA759]","r":"[\\u0072\\u24E1\\uFF52\\u0155\\u1E59\\u0159\\u0211\\u0213\\u1E5B\\u1E5D\\u0157\\u1E5F\\u024D\\u027D\\uA75B\\uA7A7\\uA783]","s":"[\\u0073\\u24E2\\uFF53\\u015B\\u1E65\\u015D\\u1E61\\u0161\\u1E67\\u1E63\\u1E69\\u0219\\u015F\\u023F\\uA7A9\\uA785\\u1E9B]","ss":"[\\u00DF]","t":"[\\u0074\\u24E3\\uFF54\\u1E6B\\u1E97\\u0165\\u1E6D\\u021B\\u0163\\u1E71\\u1E6F\\u0167\\u01AD\\u0288\\u2C66\\uA787]","tz":"[\\uA729]","u":"[\\u0075\\u24E4\\uFF55\\u00F9\\u00FA\\u00FB\\u0169\\u1E79\\u016B\\u1E7B\\u016D\\u00FC\\u01DC\\u01D8\\u01D6\\u01DA\\u1EE7\\u016F\\u0171\\u01D4\\u0215\\u0217\\u01B0\\u1EEB\\u1EE9\\u1EEF\\u1EED\\u1EF1\\u1EE5\\u1E73\\u0173\\u1E77\\u1E75\\u0289]","v":"[\\u0076\\u24E5\\uFF56\\u1E7D\\u1E7F\\u028B\\uA75F\\u028C]","vy":"[\\uA761]","w":"[\\u0077\\u24E6\\uFF57\\u1E81\\u1E83\\u0175\\u1E87\\u1E85\\u1E98\\u1E89\\u2C73]","x":"[\\u0078\\u24E7\\uFF58\\u1E8B\\u1E8D]","y":"[\\u0079\\u24E8\\uFF59\\u1EF3\\u00FD\\u0177\\u1EF9\\u0233\\u1E8F\\u00FF\\u1EF7\\u1E99\\u1EF5\\u01B4\\u024F\\u1EFF]","z":"[\\u007A\\u24E9\\uFF5A\\u017A\\u1E91\\u017C\\u017E\\u1E93\\u1E95\\u01B6\\u0225\\u0240\\u2C6C\\uA763]"},"researchesTests":["contentHasTOC","contentHasShortParagraphs","contentHasAssets","keywordInTitle","keywordInMetaDescription","keywordInPermalink","keywordIn10Percent","keywordInContent","keywordInSubheadings","keywordInImageAlt","keywordDensity","keywordNotUsed","lengthContent","lengthPermalink","linksHasInternal","linksHasExternals","linksNotAllExternals","titleStartWithKeyword","titleSentiment","titleHasPowerWords","titleHasNumber","hasContentAI"],"hasRedirection":true,"hasBreadcrumb":false},"homeUrl":"https:\/\/onlinebettingspace.com\/no\/","objectID":2755,"objectType":"post","locale":"nb","localeFull":"nb_NO","overlayImages":{"play":{"name":"Play icon","url":"https:\/\/onlinebettingspace.com\/wp-content\/plugins\/seo-by-rank-math\/assets\/admin\/img\/icon-play.png","path":"\/home\/SuperAdmin\/web\/onlinebettingspace.com\/public_html\/wp-content\/plugins\/seo-by-rank-math\/assets\/admin\/img\/icon-play.png","position":"middle_center"},"gif":{"name":"GIF icon","url":"https:\/\/onlinebettingspace.com\/wp-content\/plugins\/seo-by-rank-math\/assets\/admin\/img\/icon-gif.png","path":"\/home\/SuperAdmin\/web\/onlinebettingspace.com\/public_html\/wp-content\/plugins\/seo-by-rank-math\/assets\/admin\/img\/icon-gif.png","position":"middle_center"}},"defautOgImage":"https:\/\/onlinebettingspace.com\/wp-content\/uploads\/2022\/04\/OBS-FULL-LOGO.webp","customPermalinks":true,"isUserRegistered":true,"autoSuggestKeywords":true,"connectSiteUrl":"https:\/\/rankmath.com\/auth?site=https%3A%2F%2Fonlinebettingspace.com%2Fno%2F&r=https%3A%2F%2Fonlinebettingspace.com%2Fno%2Fwp-json%2Fwp%2Fv2%2Fpages%2F2755%3Fnonce%3Df9d87e47fa","maxTags":5,"trendsIcon":"<svg viewBox=\"0 0 610 610\"><path d=\"M18.85,446,174.32,290.48l58.08,58.08L76.93,504a14.54,14.54,0,0,1-20.55,0L18.83,466.48a14.54,14.54,0,0,1,0-20.55Z\" style=\"fill:#4285f4\"\/><path d=\"M242.65,242.66,377.59,377.6l-47.75,47.75a14.54,14.54,0,0,1-20.55,0L174.37,290.43l47.75-47.75A14.52,14.52,0,0,1,242.65,242.66Z\" style=\"fill:#ea4335\"\/><polygon points=\"319.53 319.53 479.26 159.8 537.34 217.88 377.61 377.62 319.53 319.53\" style=\"fill:#fabb05\"\/><path d=\"M594.26,262.73V118.61h0a16.94,16.94,0,0,0-16.94-16.94H433.2a16.94,16.94,0,0,0-12,28.92L565.34,274.71h0a16.94,16.94,0,0,0,28.92-12Z\" style=\"fill:#34a853\"\/><rect width=\"610\" height=\"610\" style=\"fill:none\"\/><\/svg>","showScore":true,"siteFavIcon":"https:\/\/onlinebettingspace.com\/wp-content\/uploads\/2022\/04\/OBS-LOGO-1.webp","canUser":{"general":false,"advanced":false,"snippet":false,"social":false,"analysis":false,"analytics":false,"content_ai":false},"showKeywordIntent":true,"isPro":false,"is_front_page":false,"trendsUpgradeLink":"https:\/\/rankmath.com\/pricing\/?utm_source=Plugin&utm_medium=CE%20General%20Tab%20Trends&utm_campaign=WP","trendsUpgradeLabel":"Upgrade","trendsPreviewImage":"https:\/\/onlinebettingspace.com\/wp-content\/plugins\/seo-by-rank-math\/assets\/admin\/img\/trends-preview.jpg","currentEditor":false,"homepageData":{"assessor":{"powerWords":[],"diacritics":true,"researchesTests":["contentHasTOC","contentHasShortParagraphs","contentHasAssets","keywordInTitle","keywordInMetaDescription","keywordInPermalink","keywordIn10Percent","keywordInContent","keywordInSubheadings","keywordInImageAlt","keywordDensity","keywordNotUsed","lengthContent","lengthPermalink","linksHasInternal","linksHasExternals","linksNotAllExternals","titleStartWithKeyword","titleSentiment","titleHasPowerWords","titleHasNumber","hasContentAI"],"hasBreadcrumb":false,"serpData":{"title":"%sitename% %page% %sep% %sitedesc%","description":"","titleTemplate":"%sitename% %page% %sep% %sitedesc%","descriptionTemplate":"","focusKeywords":"","breadcrumbTitle":"Home","robots":{"index":true},"advancedRobots":[],"facebookTitle":"","facebookDescription":"","facebookImage":"","facebookImageID":""}}},"tocTitle":"Table of Contents","tocExcludeHeadings":[],"listStyle":"ul"},"_links":{"self":[{"href":"https:\/\/onlinebettingspace.com\/no\/wp-json\/wp\/v2\/pages\/2755","targetHints":{"allow":["GET"]}}],"collection":[{"href":"https:\/\/onlinebettingspace.com\/no\/wp-json\/wp\/v2\/pages"}],"about":[{"href":"https:\/\/onlinebettingspace.com\/no\/wp-json\/wp\/v2\/types\/page"}],"author":[{"embeddable":true,"href":"https:\/\/onlinebettingspace.com\/no\/wp-json\/wp\/v2\/users\/1"}],"replies":[{"embeddable":true,"href":"https:\/\/onlinebettingspace.com\/no\/wp-json\/wp\/v2\/comments?post=2755"}],"version-history":[{"count":0,"href":"https:\/\/onlinebettingspace.com\/no\/wp-json\/wp\/v2\/pages\/2755\/revisions"}],"wp:attachment":[{"href":"https:\/\/onlinebettingspace.com\/no\/wp-json\/wp\/v2\/media?parent=2755"}],"curies":[{"name":"wp","href":"https:\/\/api.w.org\/{rel}","templated":true}]}}