{"id":2743,"date":"2022-09-01T00:56:36","date_gmt":"2022-08-31T21:56:36","guid":{"rendered":"https:\/\/onlinebettingspace.com\/?page_id=2743"},"modified":"2022-09-01T00:56:36","modified_gmt":"2022-08-31T21:56:36","slug":"casino-software","status":"publish","type":"page","link":"https:\/\/onlinebettingspace.com\/no\/casino-software\/","title":{"rendered":"CASINO SOFTWARE"},"content":{"rendered":"<section class=\"l-section wpb_row height_medium\"><div class=\"l-section-h i-cf\"><div class=\"g-cols vc_row via_flex valign_top type_default stacking_default\"><div class=\"vc_col-sm-12 wpb_column vc_column_container\"><div class=\"vc_column-inner\"><div class=\"wpb_wrapper\"><div class=\"wpb_text_column\"><div class=\"wpb_wrapper\"><h1>Casino Software<\/h1>\n<p>Det er sv\u00e6rt f\u00e5 nettcasinoer som utvikler sin egen programvare, med unntak av <a href=\"\/no\/paf-casino\/\" data-track=\"\">PAF casino<\/a>\u00a0og noen f\u00e5 andre. De fleste kj\u00f8per spill fra programvareleverand\u00f8rer og bruker disse p\u00e5 sine nettsider. Det er relativt f\u00e5 programvareleverand\u00f8rer sammenlignet med nettkasinoer, og de fleste casinoer bruker en kombinasjon av de samme leverand\u00f8rene. De siste \u00e5rene har antallet programvareleverand\u00f8rer eller spillutviklere, som er et mer brukt begrep, \u00f8kt kraftig grunnet st\u00f8rre ettersp\u00f8rsel og ikke minst en casino \u2013 industri i kraftig vekst. De to st\u00f8rste spillutviklerne er\u00a0<a href=\"\/no\/casino-software\/microgaming-casino-software\/\" data-track=\"\">Microgaming<\/a>\u00a0og\u00a0<a href=\"\/no\/casino-software\/net-entertainment\/\" data-track=\"\">Net Entertainment<\/a>, som er representert i de fleste casino. Utfordrerne er mange og andre popul\u00e6re akt\u00f8rer er\u00a0<a href=\"\/no\/casino-software\/playtech-casino-software\/\" data-track=\"\">Playtech<\/a>, Betsoft, Yggdrasil, Play N Go, Thunderkick, NYX, NextGen Gaming, Quickspin og ELK Studios for \u00e5 nevne de mest popul\u00e6re. Som oftest ser du hvem utvikleren er n\u00e5r du \u00e5pner et spill p\u00e5 et nettcasino, hvis ikke er det skrevet ett eller flere steder p\u00e5 nettsiden til casinoet.<\/p>\n<div class=\"col-md-9 mainContent\">\n<div class=\"WYSIWYG\">\n<h2>Hva gj\u00f8r en programvareleverand\u00f8r<\/h2>\n<p>Det er mye mer enn bare selve spillet som m\u00e5 utvikles. En m\u00e5 tilrettelegge for flere plattformer (PC, mobil), operativsystemer (Windows, Mac, Linux, Android, IOS), og flere akt\u00f8rer har krav om b\u00e5de nedlastningsversjon og flash variasjon. Tilfeldig nummergenerator (RNG) m\u00e5 utvikles til spill med terning, kort, snurrehjul og spilleautomater for \u00e5 sikre at spillet er rettferdig.<\/p>\n<p>Programvaren brukes av spillere over hele verden, s\u00e5 det er viktig at den er tilgjengelig p\u00e5 flere spr\u00e5k og kan brukes med forskjellig valuta. Programvareleverand\u00f8rer utvikler ogs\u00e5 alt fra selve casino \u2013 softwaren som benyttes av nettcasinoet, live casino til sofistikerte bankapplikasjoner som brukes for innskudd og uttak av penger for kundene.<\/p>\n<p>Den siste utviklingen i bransjen er verkt\u00f8y designet til \u00e5 skape engasjement ved \u00e5 skape \u00f8yeblikkelige premier i sanntid med at spillerne blir innformert under spillsekvensen. Dette kan v\u00e6re\u00a0<a href=\"\/no\/freespins\/\" data-track=\"\">freespin<\/a>,\u00a0<a href=\"\/no\/casino-bonus\/\" data-track=\"\">casino bonuser<\/a>\u00a0eller kontantgevinster. Produktet \u00e5pner ogs\u00e5 d\u00f8rene til mer personifiserte tilbud og gir casinoene rom for \u00e5 differensiere tilbudet, som vil treffe bedre hos hver enkelt spiller. NetEnt Live Rewards er et slikt verkt\u00f8y som er i lanseringsfasen til live casino og ville komme til spilleautomater i l\u00f8pet av \u00e5ret. Yggdrasil var f\u00f8rste spillutvikler til \u00e5 lansere et slikt produkt p\u00e5 markedet i oktober 2016, med sin egen oppdragsfunksjon.<\/p>\n<p>Det er ogs\u00e5 verdt \u00e5 merke seg at Virtual Reality er det \u201dneste store\u201d innen spilleautomater, hvor NetEnt er godt i gang med \u00e5 gj\u00f8re Gonzo\u2019s Quest tilgjengelig i formatet.<\/p>\n<p><strong>Popul\u00e6re spillutviklere i Norge.<\/strong><\/p>\n<p>Som nevnt finnes det n\u00e5 en rekke spillutviklere som sloss om din oppmerksomhet n\u00e5r det kommer til spilleautomater. Vi har laget en liste med v\u00e5re anbefalinger, s\u00e5 neste gang du er p\u00e5 utkikk etter nye impulser eller du leser en av v\u00e5re anmeldelser under\u00a0<a href=\"\/no\/alle-casino\/\" data-track=\"\">alle casino<\/a>, s\u00e5 har du bedre oversikt over hva det dreier seg om. Mange av de mest popul\u00e6re spillutviklerne her til lands, kommer fra v\u00e5rt naboland i Sverige, hvor industrien har blomstret etter NetEnt sin suksess de siste \u00e5rene.<\/p>\n<h3>NetEnt<\/h3>\n<p>Den svenske spillgiganten som ga oss de norske klassikerne Mega Joker og Jackpot 6000, i starten etter at de fysiske spilleautomatene ble fjernet her til lands. NetEnt er den akt\u00f8ren i bransjen som bryter grenser n\u00e5r det kommer til innovasjon innen spilleautomat segmentet. Guns \u2019n Roses ble i fjor k\u00e5ret til \u00e5rets spilleautomat og NetEnt troner p\u00e5 toppen n\u00e5r det kommer til spillutviklere her til lands. Popul\u00e6re titler:<\/p>\n<p>\u2022 Starburst<br \/>\n\u2022 Gonzo\u2019s Quest<br \/>\n\u2022 Guns n\u2019 Roses<br \/>\n\u2022 Mega Fortune (progressiv jackpot)<\/p>\n<h3>Microgaming<\/h3>\n<p>Microgaming regnes som verdens st\u00f8rste produsent av casinospill og ble grunnlagt allerede i 1994, noe som er veldig lenge siden n\u00e5r det handler om online spill. De var tidlig ute med innovasjoner som enarmede banditter med progressiv jackpot og under \u00e5renes l\u00f8p har de lykkes med \u00e5 bygge opp en pakke som tilfredsstiller alle spillere sine interesser. I dag benytter de seg av nyeste teknologi, og leverer programvare b\u00e5de til spilleautomater, live casino og bordspill b\u00e5de til desktop og mobil. Spillene deres baserer seg stort sett p\u00e5 spill fra nettleser uten krav til nedlasting av programvare.<\/p>\n<p>Microgaming leverer nye spill hver m\u00e5ned. Et Microgaming casino annonserer med nyheter stadig vekk. Det handler ikke alltid om helt nye spill, men ofte om spennende versjoner av tidligere favoritter. Uansett om det handler om poker, vanlig casinospill eller enarmede banditter s\u00e5 kan et Microgaming-basert casino tilby alt og med veldig h\u00f8y kvalitet. Det er en kombinasjon av grafikk som er spennende, brukervennlighet og funksjonalitet som s\u00f8rger for Microgaming sin enorme popularitet. Her er noen av deres mest ber\u00f8mte verker:<\/p>\n<p>\u2022 Thunderstruck<br \/>\n\u2022 Tomb Raider<br \/>\n\u2022 Mega Moolah<\/p>\n<h3>Yggdrasil<\/h3>\n<p>Yggdrasil er en ny svensk spillutvikler som gj\u00f8r det meget bra. Har de to siste \u00e5rene blitt k\u00e5ret til \u00e5rets innovat\u00f8r p\u00e5 International Gaming Awards og vunnet en rekke andre utmerkelser for arbeidet sitt. Som nevnt var de f\u00f8rste mann ut med in \u2013 game funksjon n\u00e5r det kommer til \u00f8yeblikkelig premiering. De produserer ogs\u00e5 en rekke kvalitets automater med kreative funksjoner, som har gjort de popul\u00e6re i Norge. Popul\u00e6re spill:<\/p>\n<p>\u2022 Vikings go Wild<br \/>\n\u2022 Beauty and the Beast<br \/>\n\u2022 Nirvana<br \/>\n\u2022 Joker Millions (progressiv jackpot)<\/p>\n<h3>Thunderkick<\/h3>\n<p>Thunderkick er bransjens \u201dspr\u00f8e professor\u201d og forkaster fra tid og annen alt som heter rammer n\u00e5r det kommer til spilleautomater. Vil du pr\u00f8ve noe annet en 5 hjul 3 rader, kan denne svenske spillutvikleren friste med snurrende totempeler, iskrem og spilleautomaten zoom som tar galskapen til et nytt niv\u00e5. Popul\u00e6re spill:<\/p>\n<p>\u2022 Spectra<br \/>\n\u2022 Zoom<br \/>\n\u2022 Esqueleto Explosivo<\/p>\n<h3>Quickspin<\/h3>\n<p>Quickspin er nok en spillutvikler fra nabolandet som gj\u00f8r det bra. Spillutvikleren har i dag 28 titler som er variert og underholdene. Quickspin er p\u00e5 vei opp og frem, vokser fra kvartal til kvartal og lanserer stadig nye imponerende verker. Popul\u00e6re titler.<\/p>\n<p>\u2022 Big Bad Wolf<br \/>\n\u2022 Spinions<br \/>\n\u2022 Second Strike<\/p>\n<h3>Playtech<\/h3>\n<p>Playtech er opprinnelig estisk og ble grunnlagt i 1999. To \u00e5r senere lanserte de sist f\u00f8rste nettbaserte pengespill. I dag regnes de som en av de st\u00f8rste og mest internasjonale akt\u00f8rene p\u00e5 markedet, som levere spill til nettcasino over hele verden. Det som er spesielt med Playtech er at de leverer nedlastbar programvare, og er en av f\u00e5 akt\u00f8rer som fortsatt satser p\u00e5 dette, selv om de i nyere tid ogs\u00e5 har gjort seg tilgjengelig for spill via desktop. Et kjennetegn p\u00e5 spillene deres er at grafikken er av sv\u00e6rt h\u00f8y kvalitet, og hvor de jevnt over leverer h\u00f8y funksjonalitet.<\/p>\n<p>For en nybegynner er det bra med software som er enkel \u00e5 forst\u00e5 og installere, uansett om man velger en Flash versjon online eller \u00e5 laste ned hele programvare. Her scorer Playtech bra p\u00e5 begge parametere. I Playtech sin portef\u00f8jle finner man alle typer av pengespill, fra live casino til spilleautomater og ogs\u00e5 progressive jackpots, som gir spillerne mulighet til \u00e5 vinne st\u00f8rre bel\u00f8p p\u00e5 sine favorittspill. Under har vi samlet noen av Playtech sine mest popul\u00e6re spill:<br \/>\n\u2022 X-Men<br \/>\n\u2022 Gladiator<br \/>\n\u2022 Rocky<\/p>\n<h2>Hva programvaren sier om casinoet<\/h2>\n<p>Hvilken programvareleverand\u00f8r nettcasinoet bruker forteller deg om hva slags spill du vil finne. Noen leverand\u00f8rer har spesialisert seg p\u00e5 live casino, for eksempel med forskjellige varianter av Blackjack, mens andre har spesialisert seg p\u00e5 videopoker. Noen andre er kjent for flere vinnere p\u00e5 deres progressive jackpots, og slik fortsetter det. Har du en eller flere favoritter kan det v\u00e6re lurt \u00e5 sette seg inn i hvem som tilbyr hva, og velge kasino etter hvilken programvareleverand\u00f8r som brukes. De fleste nettkasinoer tilbyr en portef\u00f8lje av leverand\u00f8rer for \u00e5 ha st\u00f8rst mulig utvalg p\u00e5 sin nettside.<\/p>\n<p>Om du vil vite mer, kan du lese mer om de ledende programvareleverand\u00f8rene p\u00e5 v\u00e5re nettsider, som du finner oversikten over i menyen til h\u00f8yre.<\/p>\n<\/div>\n<\/div>\n<\/div><\/div><\/div><\/div><\/div><\/div><\/div><\/section>\n","protected":false},"excerpt":{"rendered":"Casino Software Det er sv\u00e6rt f\u00e5 nettcasinoer som utvikler sin egen programvare, med unntak av PAF casino\u00a0og noen f\u00e5 andre. De fleste kj\u00f8per spill fra programvareleverand\u00f8rer og bruker disse p\u00e5 sine nettsider. Det er relativt f\u00e5 programvareleverand\u00f8rer sammenlignet med nettkasinoer, og de fleste casinoer bruker en kombinasjon av de samme leverand\u00f8rene. De siste \u00e5rene har...","protected":false},"author":1,"featured_media":0,"parent":0,"menu_order":0,"comment_status":"closed","ping_status":"closed","template":"","meta":{"_acf_changed":false,"footnotes":""},"class_list":["post-2743","page","type-page","status-publish","hentry"],"acf":[],"rankMath":{"parentDomain":"onlinebettingspace.com","noFollowDomains":[],"noFollowExcludeDomains":[],"noFollowExternalLinks":false,"featuredImageNotice":"The featured image should be at least 200 by 200 pixels to be picked up by Facebook and other social media sites.","pluginReviewed":true,"postSettings":{"linkSuggestions":true,"useFocusKeyword":false},"frontEndScore":false,"postName":"casino-software","permalinkFormat":"https:\/\/onlinebettingspace.com\/no\/%pagename%\/","showLockModifiedDate":true,"assessor":{"focusKeywordLink":"https:\/\/onlinebettingspace.com\/wp-admin\/edit.php?focus_keyword=%focus_keyword%&post_type=%post_type%","hasTOCPlugin":false,"primaryTaxonomy":false,"serpData":{"title":"","description":"","focusKeywords":"CASINO SOFTWARE","pillarContent":false,"canonicalUrl":"","breadcrumbTitle":"","advancedRobots":[],"facebookTitle":"","facebookDescription":"","facebookImage":"","facebookImageID":"","facebookHasOverlay":false,"facebookImageOverlay":"","facebookAuthor":"","twitterCardType":"","twitterUseFacebook":true,"twitterTitle":"","twitterDescription":"","twitterImage":"","twitterImageID":"","twitterHasOverlay":false,"twitterImageOverlay":"","twitterPlayerUrl":"","twitterPlayerSize":"","twitterPlayerStream":"","twitterPlayerStreamCtype":"","twitterAppDescription":"","twitterAppIphoneName":"","twitterAppIphoneID":"","twitterAppIphoneUrl":"","twitterAppIpadName":"","twitterAppIpadID":"","twitterAppIpadUrl":"","twitterAppGoogleplayName":"","twitterAppGoogleplayID":"","twitterAppGoogleplayUrl":"","twitterAppCountry":"","robots":{"index":true},"twitterAuthor":"username","primaryTerm":0,"authorName":"OBSAdmin","titleTemplate":"%title% %sep% %sitename%","descriptionTemplate":"%excerpt%","showScoreFrontend":true,"lockModifiedDate":false},"powerWords":[],"diacritics":{"A":"[\\u0041\\u24B6\\uFF21\\u00C0\\u00C1\\u00C2\\u1EA6\\u1EA4\\u1EAA\\u1EA8\\u00C3\\u0100\\u0102\\u1EB0\\u1EAE\\u1EB4\\u1EB2\\u0226\\u01E0\\u00C4\\u01DE\\u1EA2\\u00C5\\u01FA\\u01CD\\u0200\\u0202\\u1EA0\\u1EAC\\u1EB6\\u1E00\\u0104\\u023A\\u2C6F]","AA":"[\\uA732]","AE":"[\\u00C6\\u01FC\\u01E2]","AO":"[\\uA734]","AU":"[\\uA736]","AV":"[\\uA738\\uA73A]","AY":"[\\uA73C]","B":"[\\u0042\\u24B7\\uFF22\\u1E02\\u1E04\\u1E06\\u0243\\u0182\\u0181]","C":"[\\u0043\\u24B8\\uFF23\\u0106\\u0108\\u010A\\u010C\\u00C7\\u1E08\\u0187\\u023B\\uA73E]","D":"[\\u0044\\u24B9\\uFF24\\u1E0A\\u010E\\u1E0C\\u1E10\\u1E12\\u1E0E\\u0110\\u018B\\u018A\\u0189\\uA779]","DZ":"[\\u01F1\\u01C4]","Dz":"[\\u01F2\\u01C5]","E":"[\\u0045\\u24BA\\uFF25\\u00C8\\u00C9\\u00CA\\u1EC0\\u1EBE\\u1EC4\\u1EC2\\u1EBC\\u0112\\u1E14\\u1E16\\u0114\\u0116\\u00CB\\u1EBA\\u011A\\u0204\\u0206\\u1EB8\\u1EC6\\u0228\\u1E1C\\u0118\\u1E18\\u1E1A\\u0190\\u018E]","F":"[\\u0046\\u24BB\\uFF26\\u1E1E\\u0191\\uA77B]","G":"[\\u0047\\u24BC\\uFF27\\u01F4\\u011C\\u1E20\\u011E\\u0120\\u01E6\\u0122\\u01E4\\u0193\\uA7A0\\uA77D\\uA77E]","H":"[\\u0048\\u24BD\\uFF28\\u0124\\u1E22\\u1E26\\u021E\\u1E24\\u1E28\\u1E2A\\u0126\\u2C67\\u2C75\\uA78D]","I":"[\\u0049\\u24BE\\uFF29\\u00CC\\u00CD\\u00CE\\u0128\\u012A\\u012C\\u0130\\u00CF\\u1E2E\\u1EC8\\u01CF\\u0208\\u020A\\u1ECA\\u012E\\u1E2C\\u0197]","J":"[\\u004A\\u24BF\\uFF2A\\u0134\\u0248]","K":"[\\u004B\\u24C0\\uFF2B\\u1E30\\u01E8\\u1E32\\u0136\\u1E34\\u0198\\u2C69\\uA740\\uA742\\uA744\\uA7A2]","L":"[\\u004C\\u24C1\\uFF2C\\u013F\\u0139\\u013D\\u1E36\\u1E38\\u013B\\u1E3C\\u1E3A\\u0141\\u023D\\u2C62\\u2C60\\uA748\\uA746\\uA780]","LJ":"[\\u01C7]","Lj":"[\\u01C8]","M":"[\\u004D\\u24C2\\uFF2D\\u1E3E\\u1E40\\u1E42\\u2C6E\\u019C]","N":"[\\u004E\\u24C3\\uFF2E\\u01F8\\u0143\\u00D1\\u1E44\\u0147\\u1E46\\u0145\\u1E4A\\u1E48\\u0220\\u019D\\uA790\\uA7A4]","NJ":"[\\u01CA]","Nj":"[\\u01CB]","O":"[\\u004F\\u24C4\\uFF2F\\u00D2\\u00D3\\u00D4\\u1ED2\\u1ED0\\u1ED6\\u1ED4\\u00D5\\u1E4C\\u022C\\u1E4E\\u014C\\u1E50\\u1E52\\u014E\\u022E\\u0230\\u00D6\\u022A\\u1ECE\\u0150\\u01D1\\u020C\\u020E\\u01A0\\u1EDC\\u1EDA\\u1EE0\\u1EDE\\u1EE2\\u1ECC\\u1ED8\\u01EA\\u01EC\\u00D8\\u01FE\\u0186\\u019F\\uA74A\\uA74C]","OI":"[\\u01A2]","OO":"[\\uA74E]","OU":"[\\u0222]","P":"[\\u0050\\u24C5\\uFF30\\u1E54\\u1E56\\u01A4\\u2C63\\uA750\\uA752\\uA754]","Q":"[\\u0051\\u24C6\\uFF31\\uA756\\uA758\\u024A]","R":"[\\u0052\\u24C7\\uFF32\\u0154\\u1E58\\u0158\\u0210\\u0212\\u1E5A\\u1E5C\\u0156\\u1E5E\\u024C\\u2C64\\uA75A\\uA7A6\\uA782]","S":"[\\u0053\\u24C8\\uFF33\\u1E9E\\u015A\\u1E64\\u015C\\u1E60\\u0160\\u1E66\\u1E62\\u1E68\\u0218\\u015E\\u2C7E\\uA7A8\\uA784]","T":"[\\u0054\\u24C9\\uFF34\\u1E6A\\u0164\\u1E6C\\u021A\\u0162\\u1E70\\u1E6E\\u0166\\u01AC\\u01AE\\u023E\\uA786]","TZ":"[\\uA728]","U":"[\\u0055\\u24CA\\uFF35\\u00D9\\u00DA\\u00DB\\u0168\\u1E78\\u016A\\u1E7A\\u016C\\u00DC\\u01DB\\u01D7\\u01D5\\u01D9\\u1EE6\\u016E\\u0170\\u01D3\\u0214\\u0216\\u01AF\\u1EEA\\u1EE8\\u1EEE\\u1EEC\\u1EF0\\u1EE4\\u1E72\\u0172\\u1E76\\u1E74\\u0244]","V":"[\\u0056\\u24CB\\uFF36\\u1E7C\\u1E7E\\u01B2\\uA75E\\u0245]","VY":"[\\uA760]","W":"[\\u0057\\u24CC\\uFF37\\u1E80\\u1E82\\u0174\\u1E86\\u1E84\\u1E88\\u2C72]","X":"[\\u0058\\u24CD\\uFF38\\u1E8A\\u1E8C]","Y":"[\\u0059\\u24CE\\uFF39\\u1EF2\\u00DD\\u0176\\u1EF8\\u0232\\u1E8E\\u0178\\u1EF6\\u1EF4\\u01B3\\u024E\\u1EFE]","Z":"[\\u005A\\u24CF\\uFF3A\\u0179\\u1E90\\u017B\\u017D\\u1E92\\u1E94\\u01B5\\u0224\\u2C7F\\u2C6B\\uA762]","a":"[\\u0061\\u24D0\\uFF41\\u1E9A\\u00E0\\u00E1\\u00E2\\u1EA7\\u1EA5\\u1EAB\\u1EA9\\u00E3\\u0101\\u0103\\u1EB1\\u1EAF\\u1EB5\\u1EB3\\u0227\\u01E1\\u00E4\\u01DF\\u1EA3\\u00E5\\u01FB\\u01CE\\u0201\\u0203\\u1EA1\\u1EAD\\u1EB7\\u1E01\\u0105\\u2C65\\u0250]","aa":"[\\uA733]","ae":"[\\u00E6\\u01FD\\u01E3]","ao":"[\\uA735]","au":"[\\uA737]","av":"[\\uA739\\uA73B]","ay":"[\\uA73D]","b":"[\\u0062\\u24D1\\uFF42\\u1E03\\u1E05\\u1E07\\u0180\\u0183\\u0253]","c":"[\\u0063\\u24D2\\uFF43\\u0107\\u0109\\u010B\\u010D\\u00E7\\u1E09\\u0188\\u023C\\uA73F\\u2184]","d":"[\\u0064\\u24D3\\uFF44\\u1E0B\\u010F\\u1E0D\\u1E11\\u1E13\\u1E0F\\u0111\\u018C\\u0256\\u0257\\uA77A]","dz":"[\\u01F3\\u01C6]","e":"[\\u0065\\u24D4\\uFF45\\u00E8\\u00E9\\u00EA\\u1EC1\\u1EBF\\u1EC5\\u1EC3\\u1EBD\\u0113\\u1E15\\u1E17\\u0115\\u0117\\u00EB\\u1EBB\\u011B\\u0205\\u0207\\u1EB9\\u1EC7\\u0229\\u1E1D\\u0119\\u1E19\\u1E1B\\u0247\\u025B\\u01DD]","f":"[\\u0066\\u24D5\\uFF46\\u1E1F\\u0192\\uA77C]","g":"[\\u0067\\u24D6\\uFF47\\u01F5\\u011D\\u1E21\\u011F\\u0121\\u01E7\\u0123\\u01E5\\u0260\\uA7A1\\u1D79\\uA77F]","h":"[\\u0068\\u24D7\\uFF48\\u0125\\u1E23\\u1E27\\u021F\\u1E25\\u1E29\\u1E2B\\u1E96\\u0127\\u2C68\\u2C76\\u0265]","hv":"[\\u0195]","i":"[\\u0069\\u24D8\\uFF49\\u00EC\\u00ED\\u00EE\\u0129\\u012B\\u012D\\u00EF\\u1E2F\\u1EC9\\u01D0\\u0209\\u020B\\u1ECB\\u012F\\u1E2D\\u0268\\u0131]","j":"[\\u006A\\u24D9\\uFF4A\\u0135\\u01F0\\u0249]","k":"[\\u006B\\u24DA\\uFF4B\\u1E31\\u01E9\\u1E33\\u0137\\u1E35\\u0199\\u2C6A\\uA741\\uA743\\uA745\\uA7A3]","l":"[\\u006C\\u24DB\\uFF4C\\u0140\\u013A\\u013E\\u1E37\\u1E39\\u013C\\u1E3D\\u1E3B\\u017F\\u0142\\u019A\\u026B\\u2C61\\uA749\\uA781\\uA747]","lj":"[\\u01C9]","m":"[\\u006D\\u24DC\\uFF4D\\u1E3F\\u1E41\\u1E43\\u0271\\u026F]","n":"[\\u006E\\u24DD\\uFF4E\\u01F9\\u0144\\u00F1\\u1E45\\u0148\\u1E47\\u0146\\u1E4B\\u1E49\\u019E\\u0272\\u0149\\uA791\\uA7A5]","nj":"[\\u01CC]","o":"[\\u006F\\u24DE\\uFF4F\\u00F2\\u00F3\\u00F4\\u1ED3\\u1ED1\\u1ED7\\u1ED5\\u00F5\\u1E4D\\u022D\\u1E4F\\u014D\\u1E51\\u1E53\\u014F\\u022F\\u0231\\u00F6\\u022B\\u1ECF\\u0151\\u01D2\\u020D\\u020F\\u01A1\\u1EDD\\u1EDB\\u1EE1\\u1EDF\\u1EE3\\u1ECD\\u1ED9\\u01EB\\u01ED\\u00F8\\u01FF\\u0254\\uA74B\\uA74D\\u0275]","oi":"[\\u01A3]","ou":"[\\u0223]","oo":"[\\uA74F]","p":"[\\u0070\\u24DF\\uFF50\\u1E55\\u1E57\\u01A5\\u1D7D\\uA751\\uA753\\uA755]","q":"[\\u0071\\u24E0\\uFF51\\u024B\\uA757\\uA759]","r":"[\\u0072\\u24E1\\uFF52\\u0155\\u1E59\\u0159\\u0211\\u0213\\u1E5B\\u1E5D\\u0157\\u1E5F\\u024D\\u027D\\uA75B\\uA7A7\\uA783]","s":"[\\u0073\\u24E2\\uFF53\\u015B\\u1E65\\u015D\\u1E61\\u0161\\u1E67\\u1E63\\u1E69\\u0219\\u015F\\u023F\\uA7A9\\uA785\\u1E9B]","ss":"[\\u00DF]","t":"[\\u0074\\u24E3\\uFF54\\u1E6B\\u1E97\\u0165\\u1E6D\\u021B\\u0163\\u1E71\\u1E6F\\u0167\\u01AD\\u0288\\u2C66\\uA787]","tz":"[\\uA729]","u":"[\\u0075\\u24E4\\uFF55\\u00F9\\u00FA\\u00FB\\u0169\\u1E79\\u016B\\u1E7B\\u016D\\u00FC\\u01DC\\u01D8\\u01D6\\u01DA\\u1EE7\\u016F\\u0171\\u01D4\\u0215\\u0217\\u01B0\\u1EEB\\u1EE9\\u1EEF\\u1EED\\u1EF1\\u1EE5\\u1E73\\u0173\\u1E77\\u1E75\\u0289]","v":"[\\u0076\\u24E5\\uFF56\\u1E7D\\u1E7F\\u028B\\uA75F\\u028C]","vy":"[\\uA761]","w":"[\\u0077\\u24E6\\uFF57\\u1E81\\u1E83\\u0175\\u1E87\\u1E85\\u1E98\\u1E89\\u2C73]","x":"[\\u0078\\u24E7\\uFF58\\u1E8B\\u1E8D]","y":"[\\u0079\\u24E8\\uFF59\\u1EF3\\u00FD\\u0177\\u1EF9\\u0233\\u1E8F\\u00FF\\u1EF7\\u1E99\\u1EF5\\u01B4\\u024F\\u1EFF]","z":"[\\u007A\\u24E9\\uFF5A\\u017A\\u1E91\\u017C\\u017E\\u1E93\\u1E95\\u01B6\\u0225\\u0240\\u2C6C\\uA763]"},"researchesTests":["contentHasTOC","contentHasShortParagraphs","contentHasAssets","keywordInTitle","keywordInMetaDescription","keywordInPermalink","keywordIn10Percent","keywordInContent","keywordInSubheadings","keywordInImageAlt","keywordDensity","keywordNotUsed","lengthContent","lengthPermalink","linksHasInternal","linksHasExternals","linksNotAllExternals","titleStartWithKeyword","titleSentiment","titleHasPowerWords","titleHasNumber","hasContentAI"],"hasRedirection":true,"hasBreadcrumb":false},"homeUrl":"https:\/\/onlinebettingspace.com\/no\/","objectID":2743,"objectType":"post","locale":"nb","localeFull":"nb_NO","overlayImages":{"play":{"name":"Play icon","url":"https:\/\/onlinebettingspace.com\/wp-content\/plugins\/seo-by-rank-math\/assets\/admin\/img\/icon-play.png","path":"\/home\/SuperAdmin\/web\/onlinebettingspace.com\/public_html\/wp-content\/plugins\/seo-by-rank-math\/assets\/admin\/img\/icon-play.png","position":"middle_center"},"gif":{"name":"GIF icon","url":"https:\/\/onlinebettingspace.com\/wp-content\/plugins\/seo-by-rank-math\/assets\/admin\/img\/icon-gif.png","path":"\/home\/SuperAdmin\/web\/onlinebettingspace.com\/public_html\/wp-content\/plugins\/seo-by-rank-math\/assets\/admin\/img\/icon-gif.png","position":"middle_center"}},"defautOgImage":"https:\/\/onlinebettingspace.com\/wp-content\/uploads\/2022\/04\/OBS-FULL-LOGO.webp","customPermalinks":true,"isUserRegistered":true,"autoSuggestKeywords":true,"connectSiteUrl":"https:\/\/rankmath.com\/auth?site=https%3A%2F%2Fonlinebettingspace.com%2Fno%2F&r=https%3A%2F%2Fonlinebettingspace.com%2Fno%2Fwp-json%2Fwp%2Fv2%2Fpages%2F2743%3Fnonce%3D3399f0178d","maxTags":5,"trendsIcon":"<svg viewBox=\"0 0 610 610\"><path d=\"M18.85,446,174.32,290.48l58.08,58.08L76.93,504a14.54,14.54,0,0,1-20.55,0L18.83,466.48a14.54,14.54,0,0,1,0-20.55Z\" style=\"fill:#4285f4\"\/><path d=\"M242.65,242.66,377.59,377.6l-47.75,47.75a14.54,14.54,0,0,1-20.55,0L174.37,290.43l47.75-47.75A14.52,14.52,0,0,1,242.65,242.66Z\" style=\"fill:#ea4335\"\/><polygon points=\"319.53 319.53 479.26 159.8 537.34 217.88 377.61 377.62 319.53 319.53\" style=\"fill:#fabb05\"\/><path d=\"M594.26,262.73V118.61h0a16.94,16.94,0,0,0-16.94-16.94H433.2a16.94,16.94,0,0,0-12,28.92L565.34,274.71h0a16.94,16.94,0,0,0,28.92-12Z\" style=\"fill:#34a853\"\/><rect width=\"610\" height=\"610\" style=\"fill:none\"\/><\/svg>","showScore":true,"siteFavIcon":"https:\/\/onlinebettingspace.com\/wp-content\/uploads\/2022\/04\/OBS-LOGO-1.webp","canUser":{"general":false,"advanced":false,"snippet":false,"social":false,"analysis":false,"analytics":false,"content_ai":false},"showKeywordIntent":true,"isPro":false,"is_front_page":false,"trendsUpgradeLink":"https:\/\/rankmath.com\/pricing\/?utm_source=Plugin&utm_medium=CE%20General%20Tab%20Trends&utm_campaign=WP","trendsUpgradeLabel":"Upgrade","trendsPreviewImage":"https:\/\/onlinebettingspace.com\/wp-content\/plugins\/seo-by-rank-math\/assets\/admin\/img\/trends-preview.jpg","currentEditor":false,"homepageData":{"assessor":{"powerWords":[],"diacritics":true,"researchesTests":["contentHasTOC","contentHasShortParagraphs","contentHasAssets","keywordInTitle","keywordInMetaDescription","keywordInPermalink","keywordIn10Percent","keywordInContent","keywordInSubheadings","keywordInImageAlt","keywordDensity","keywordNotUsed","lengthContent","lengthPermalink","linksHasInternal","linksHasExternals","linksNotAllExternals","titleStartWithKeyword","titleSentiment","titleHasPowerWords","titleHasNumber","hasContentAI"],"hasBreadcrumb":false,"serpData":{"title":"%sitename% %page% %sep% %sitedesc%","description":"","titleTemplate":"%sitename% %page% %sep% %sitedesc%","descriptionTemplate":"","focusKeywords":"","breadcrumbTitle":"Home","robots":{"index":true},"advancedRobots":[],"facebookTitle":"","facebookDescription":"","facebookImage":"","facebookImageID":""}}},"tocTitle":"Table of Contents","tocExcludeHeadings":[],"listStyle":"ul"},"_links":{"self":[{"href":"https:\/\/onlinebettingspace.com\/no\/wp-json\/wp\/v2\/pages\/2743","targetHints":{"allow":["GET"]}}],"collection":[{"href":"https:\/\/onlinebettingspace.com\/no\/wp-json\/wp\/v2\/pages"}],"about":[{"href":"https:\/\/onlinebettingspace.com\/no\/wp-json\/wp\/v2\/types\/page"}],"author":[{"embeddable":true,"href":"https:\/\/onlinebettingspace.com\/no\/wp-json\/wp\/v2\/users\/1"}],"replies":[{"embeddable":true,"href":"https:\/\/onlinebettingspace.com\/no\/wp-json\/wp\/v2\/comments?post=2743"}],"version-history":[{"count":0,"href":"https:\/\/onlinebettingspace.com\/no\/wp-json\/wp\/v2\/pages\/2743\/revisions"}],"wp:attachment":[{"href":"https:\/\/onlinebettingspace.com\/no\/wp-json\/wp\/v2\/media?parent=2743"}],"curies":[{"name":"wp","href":"https:\/\/api.w.org\/{rel}","templated":true}]}}