{"id":903,"date":"2022-05-13T01:22:42","date_gmt":"2022-05-12T22:22:42","guid":{"rendered":"https:\/\/onlinebettingspace.com\/?page_id=903"},"modified":"2022-05-13T01:22:42","modified_gmt":"2022-05-12T22:22:42","slug":"mobilebet-arvostelu","status":"publish","type":"page","link":"https:\/\/onlinebettingspace.com\/fi\/vedonlyontisivujen-arvostelut\/mobilebet-arvostelu\/","title":{"rendered":"Mobilebet Arvostelu"},"content":{"rendered":"<section class=\"l-section wpb_row height_medium\"><div class=\"l-section-h i-cf\"><div class=\"g-cols vc_row via_flex valign_top type_default stacking_default\"><div class=\"vc_col-sm-12 wpb_column vc_column_container\"><div class=\"vc_column-inner\"><div class=\"wpb_wrapper\"><div class=\"wpb_text_column\"><div class=\"wpb_wrapper\"><div class=\"col-xs-12 col-lg-7\">\n<h1>Mobilebet ensibonus 100 % 300\u20ac asti tai 300% 60\u20ac asti ja 50 kierrosta<\/h1>\n<p><span class=\"sub_header\">Mobilebet tarjoaa todella kilpailukykyisen bonuksen uusiile asiakkailleen, ja voit itse m\u00e4\u00e4ritt\u00e4\u00e4 seen koon. Jos talletat 20\u20ac, saat 60\u20ac, tai jos talletat 300\u20ac, saat 600\u20ac ja lis\u00e4ksi viel\u00e4 50 ilmaispy\u00f6r\u00e4ytyst\u00e4 kasinolle Twin Spin slottiin. Bonus tulee kierr\u00e4tt\u00e4 8 tai 6 kertaa, min. 1.80 kertoimella.<\/span><span class=\"btn claim_now sticky\">Pelaa<\/span><\/p>\n<\/div>\n<div class=\"col-xs-12 col-lg-5 attributes\">\n<div class=\"title\">Tarjouksen esittely<\/div>\n<div><\/div>\n<div class=\"tableContainer mCustomScrollbar _mCS_1 mCS_no_scrollbar\">\n<div id=\"mCSB_1\" class=\"mCustomScrollBox mCS-dark mCSB_vertical mCSB_inside\" tabindex=\"0\">\n<div id=\"mCSB_1_container\" class=\"mCSB_container mCS_y_hidden mCS_no_scrollbar_y\" dir=\"ltr\">\n<table>\n<tbody>\n<tr>\n<td class=\"col-xs-12 col-md-6\">Arvio<\/td>\n<td class=\"rating col-xs-12 col-md-6\"><\/td>\n<\/tr>\n<tr>\n<td class=\"col-xs-12 col-md-6\">Mobiilisopivuus<\/td>\n<td class=\"col-xs-12 col-md-6\">iphone, android<\/td>\n<\/tr>\n<tr>\n<td class=\"col-xs-12 col-md-6\">Maksutapa<\/td>\n<td class=\"col-xs-12 col-md-6\">AMERICAN EXPRESS<br \/>\nBANK TRANSFER<br \/>\nMasterCard<br \/>\nPayPal<br \/>\nSkrill<br \/>\nVisa<br \/>\nWIRE TRANSFER<\/td>\n<\/tr>\n<\/tbody>\n<\/table>\n<h2>Mobilebetin bonus 100 % 300 euroon asti tai 300% 60 euroon asti sek\u00e4 lis\u00e4ksi 50 ilmaiskierrosta kasinolle!<\/h2>\n<p><strong>Mobilebet tarjoaa suuria voittoja ja suuria tunteita toimivassa mobiilipalvelussa. Tule pelaamaan laadukkaita kasinopelej\u00e4 ja veikkaamaan laajaa vedonly\u00f6nti\u00e4 hyvill\u00e4 kertoimilla.<\/strong><\/p>\n<p>MobileBet on suomenkielinen rahapelisivu, joka keskittyy laatupelien tuottamiseen mobiilipelaajille. Maltalla toimivalla MobileBetill\u00e4 pelataan vedonly\u00f6nti\u00e4, hedelm\u00e4pelej\u00e4, kasinopelej\u00e4 ja live-pelej\u00e4 sujuvassa ohjelmistossa, jossa kaikki laitteet ovat tasa-arvoisia.<br \/>\nPuhelimella, tabletilla ja tietokoneella p\u00e4\u00e4set huippupelien pariin parilla napsautuksella. Ensitalletusbonus p\u00e4rj\u00e4\u00e4\u00a0<a href=\"\/fi\/vedonlyontibonukset\" data-track=\"\">vertailussa<\/a> muita vetofirmoja vastaan hyvin.<\/p>\n<p>Mobilebetin kohteet kattavat yli 50 lajia ja liigaa tutuista isoista pallolajeista eksoottisempaan urheiluun ja erikoisvetoihin politiikasta tv-tapahtumiin. Mobilebet sopii siis ihan aloittelijallekin, joka haluaa pelata tuttuja lajeja, mutta my\u00f6s kovimmat harrastajat l\u00f6yt\u00e4v\u00e4t mielenkiintoisia kohteita ja hy\u00f6dynnett\u00e4vi\u00e4 kovia kertoimia.<\/p>\n<h2>Mobilebetilt\u00e4 enimmill\u00e4\u00e4 300 \u20ac bonusta<\/h2>\n<p>Mobilebetin uuden pelaajan tarjous on hieman yll\u00e4tt\u00e4v\u00e4 vedonly\u00f6j\u00e4lle, sill\u00e4 bonus on hyvin \u201dkasinomainen\u201d.\u00a0<strong>Saat nimitt\u00e4in ensimm\u00e4iseen talletukseesi 100 % bonuksen 300 \u20ac asti tai 300 % bonuksen 60\u00a0\u20ac asti, ja viel\u00e4 kaupan p\u00e4\u00e4lle 50 ilmaista hedelm\u00e4pelipy\u00f6r\u00e4ytyst\u00e4 kasinon puolelle<\/strong>.<\/p>\n<p>Bonuksen voikin k\u00e4ytt\u00e4\u00e4 joko vedonly\u00f6nniss\u00e4 tai kasinolla. Jos k\u00e4yt\u00e4t sen kokonaan vedonly\u00f6nniss\u00e4, sinun tulee kierr\u00e4tt\u00e4\u00e4 bonus 8 kertaa asettamalla vetoja v\u00e4hint\u00e4\u00e4n 1.8 minimikertoimella. Vaatimus pit\u00e4\u00e4 t\u00e4ytt\u00e4\u00e4 30 p\u00e4iv\u00e4ss\u00e4.<\/p>\n<p>Mobilebetill\u00e4 on Australian Open -tennisturnaukseen tarjous, josta asiakas voi saada 35 euron bonuksen.<\/p>\n<p>Lis\u00e4ksi voit saada lis\u00e4\u00e4 tarjouksia suoraan\u00a0sivustolta, joten seuraa Mobilebetin uutisointia ja Kampanjasivua.<\/p>\n<p>Perjantaisin Mobilebetill\u00e4 on riskit\u00f6n perjantai, huippuotteluun voi lunastaa riskitt\u00f6m\u00e4n vedon! Lue lis\u00e4\u00e4 sivuilta!<\/p>\n<h2>Kohteita suurista ja pienist\u00e4 lajeista ja liigoista<\/h2>\n<p>Mobilebeti suosituimmat lajit ja tapahtumat l\u00f6yd\u00e4t heti etusivun yl\u00e4laidasta. Suositut tapahtumat -listassa on esimerkiksi kes\u00e4kuussa 2017 Veikkausliiga, Confederations Cup, Tenniksen ATP-turnaukset ja Tour de France. Samasta palkista l\u00f6yd\u00e4t kaikki lajit ja niit\u00e4 klikkaamalla kyseisen lajin liigat ja muut sarjat. Tuttujen isojan liigojen lis\u00e4ksi mukana on paljon yll\u00e4tt\u00e4vi\u00e4kin vetokohteita, kuten tikanheiton Kiinan sarjoja, speedwayn puolan kakkosliiga, lentopallon Brasilian liiga, Uuden-Seelannin raveja ja paljon viel\u00e4 eksoottisempia lajeja.<\/p>\n<p>Suomikohteita on mukavasti isoista lajeista, mutta pienemmist\u00e4 kotimaiset kohteet ovat j\u00e4\u00e4neet toistaiseksi harvinaisemmiksi. Esimerkiksi pes\u00e4palloa tai salbandya ei ole mukana. Mutta yksi<br \/>\nsuomalaisten vahva laji, eli eSports on mukana isolla kattauksella.<\/p>\n<h2>MobileBetin mobiilipalvelu<\/h2>\n<p>MobileBet tiet\u00e4\u00e4 ett\u00e4 pelaajista jo yli puolet on siirtynyt mobiililaitteisiin. Koko sivusto on rakennettu sill\u00e4 idealla, ett\u00e4 pelaaminen on helppoa kaikilla laitteilla ja kaikilla k\u00e4ytt\u00f6j\u00e4rjestelmill\u00e4. MobileBet onkin esimerkillisen hyv\u00e4 k\u00e4ytt\u00e4\u00e4 \u00e4lypuhelimilla ja tableteilla.<\/p>\n<p>Kaikki Mobilebetin pelit ja palvelut toimivat mobiilissa, lukuunottamatta kauppaa, jossa voit ostaa bonuksia ker\u00e4\u00e4mill\u00e4si bonuspisteill\u00e4. Sit\u00e4 varten pit\u00e4\u00e4 k\u00e4yd\u00e4 sivustolla tietokoneella. Mit\u00e4\u00e4n<br \/>\nerillist\u00e4 appia tai ohjelmaa ei tarvitse asentaa, vaan Mobilebetill\u00e4 voi veikata ja py\u00f6ritt\u00e4\u00e4 pelikoneita suoraan seleimella.<\/p>\n<p>Pit\u00e4\u00e4 viel\u00e4 erikseen mainita, ett\u00e4 Mobilebetin mustavihre\u00e4 v\u00e4rimaailma toimii hyvin mobiilissa ja h\u00e4m\u00e4r\u00e4ss\u00e4kin valaistuksessa on mukava pelata.<\/p>\n<h2>Live-vedonly\u00f6nti<\/h2>\n<p>Live-pelaaminen on MobileBetill\u00e4 otettu vakavasti. P\u00e4\u00e4set pelaamaan tuhansia kohteita vedonly\u00f6nniss\u00e4 ja my\u00f6s parhaita kasinopelej\u00e4 liven\u00e4 oikeiden jakajien seurassa.<\/p>\n<p>Ykk\u00f6slajeja Mobilebetin livevedoissa ovat tennis, futis ja koris sek\u00e4 talvella l\u00e4tk\u00e4. Muitakin lajeja n\u00e4kyy ajoittain, mutta harvinaisimmissa lajeissa livevetoja suositaan varsin v\u00e4h\u00e4n. Isoista lajeista on helpompi saada vaihtoa my\u00f6s useisiin livekohteisiin, sek\u00e4 pystyy tarjoamaan paljon livetilastoja ja statseja, joten on tietenkin ymm\u00e4rrett\u00e4v\u00e4\u00e4 ett\u00e4 isoihin keskityt\u00e4\u00e4n.<\/p>\n<h2>Mahtava kasino sinivalkoisesta n\u00e4k\u00f6kulmasta<\/h2>\n<p>MobileBet on t\u00e4ysiversinen suomi-saitti, sill\u00e4 se ty\u00f6llist\u00e4\u00e4 suomalaisia peliammattilaisia. Koko sivu on suomenkielinen, asiakaspalvelua saa suomeksi ja rahansiirrot on viritetty Suomea ajatellen. Saat talletettua pankista pelitilille ja nostettua takaisin pankkiin Trustlyn v\u00e4lityksell\u00e4. Saat siis suoraan verkkopankista maksut ilman kuluja ja saat jopa ker\u00e4tty\u00e4 kasinon omia Mobile-pisteit\u00e4 talletuksista ja nostoista. N\u00e4it\u00e4 pisteit\u00e4 voit vaihtaa bonuksiin ja muihin etuihin MobileBetin kaupassa. Talletuksiin voit k\u00e4ytt\u00e4\u00e4 my\u00f6s Siru- ja Zimpler-mobiilimaksupalveluja.Koska MobileBet toimii Maltalla, eli EU-maassa EU:n lakien mukaan, ovat kaikki sielt\u00e4 saadut voitot verovapaita ja takuulla turvallisia pelata.<\/p>\n<h2>Casino, nettipokeri, Bingo ja nettiarvat<\/h2>\n<p>MobileBet tarjoaa my\u00f6s p\u00e4tev\u00e4n nettikasinon ja live-kasinon. P\u00e4\u00e4set pelaamaan 700 hedelm\u00e4- ja kasinopeli\u00e4 useilta eri pelinvalmistajilta. Mukana on superj\u00e4ttipotteja, upeita videohedelm\u00e4pelej\u00e4, rulettia, blackjackia ja paljon muuta pelattavaa. Lis\u00e4ksi voit pelata klassisia p\u00f6yt\u00e4pelej\u00e4 my\u00f6s liven\u00e4 reaaliaikaisen yhteyden v\u00e4lityksell\u00e4.<\/p>\n<h2>Yhteenveto<\/h2>\n<p>MobileBet tarjooa rahapelej\u00e4 laidasta laitaan. Muutaman vuoden Suomen markkinoilla kasvanut Mobilebet on nyt vahva tekij\u00e4, jonka huomassa viihdyt takuuvarmasti. Liity nyt MobileBetille ja voit napata 300 \u20ac talletusbonuksen, jonka voit k\u00e4ytt\u00e4\u00e4 joko vedonly\u00f6nniss\u00e4 tai kasinolla.<\/p>\n<\/div>\n<\/div>\n<\/div>\n<\/div>\n<\/div><\/div><\/div><\/div><\/div><\/div><\/div><\/section>\n","protected":false},"excerpt":{"rendered":"Mobilebet ensibonus 100 % 300\u20ac asti tai 300% 60\u20ac asti ja 50 kierrosta Mobilebet tarjoaa todella kilpailukykyisen bonuksen uusiile asiakkailleen, ja voit itse m\u00e4\u00e4ritt\u00e4\u00e4 seen koon. Jos talletat 20\u20ac, saat 60\u20ac, tai jos talletat 300\u20ac, saat 600\u20ac ja lis\u00e4ksi viel\u00e4 50 ilmaispy\u00f6r\u00e4ytyst\u00e4 kasinolle Twin Spin slottiin. Bonus tulee kierr\u00e4tt\u00e4 8 tai 6 kertaa, min. 1.80...","protected":false},"author":1,"featured_media":0,"parent":312,"menu_order":0,"comment_status":"closed","ping_status":"closed","template":"","meta":{"_acf_changed":false,"footnotes":""},"class_list":["post-903","page","type-page","status-publish","hentry"],"acf":[],"rankMath":{"parentDomain":"onlinebettingspace.com","noFollowDomains":[],"noFollowExcludeDomains":[],"noFollowExternalLinks":false,"featuredImageNotice":"The featured image should be at least 200 by 200 pixels to be picked up by Facebook and other social media sites.","pluginReviewed":true,"postSettings":{"linkSuggestions":true,"useFocusKeyword":false},"frontEndScore":false,"postName":"mobilebet-arvostelu","permalinkFormat":"https:\/\/onlinebettingspace.com\/fi\/%pagename%\/","showLockModifiedDate":true,"assessor":{"focusKeywordLink":"https:\/\/onlinebettingspace.com\/wp-admin\/edit.php?focus_keyword=%focus_keyword%&post_type=%post_type%","hasTOCPlugin":false,"primaryTaxonomy":false,"serpData":{"title":"Mobilebet bonus: 100 % 300 \u20ac asti tai 300 % 60\u20ac asti + 50 ilmaista kierrosta vedonly\u00f6ntiin tai kasinolle","description":"Monipuolinen Mobilebet tarjoaa laadukasta mobiili- ja livepelaamista suomenkielisell\u00e4 sivustolla. Liity ja saat 300 \u20ac bonusta sek\u00e4 50 ilmaiskierrosta.","focusKeywords":"","pillarContent":false,"canonicalUrl":"","breadcrumbTitle":"","advancedRobots":[],"facebookTitle":"","facebookDescription":"","facebookImage":"","facebookImageID":"","facebookHasOverlay":false,"facebookImageOverlay":"","facebookAuthor":"","twitterCardType":"","twitterUseFacebook":true,"twitterTitle":"","twitterDescription":"","twitterImage":"","twitterImageID":"","twitterHasOverlay":false,"twitterImageOverlay":"","twitterPlayerUrl":"","twitterPlayerSize":"","twitterPlayerStream":"","twitterPlayerStreamCtype":"","twitterAppDescription":"","twitterAppIphoneName":"","twitterAppIphoneID":"","twitterAppIphoneUrl":"","twitterAppIpadName":"","twitterAppIpadID":"","twitterAppIpadUrl":"","twitterAppGoogleplayName":"","twitterAppGoogleplayID":"","twitterAppGoogleplayUrl":"","twitterAppCountry":"","robots":{"index":true},"twitterAuthor":"username","primaryTerm":0,"authorName":"OBSAdmin","titleTemplate":"%title% %sep% %sitename%","descriptionTemplate":"%excerpt%","showScoreFrontend":true,"lockModifiedDate":false},"powerWords":["uskomaton","h\u00e4mm\u00e4stytt\u00e4v\u00e4","ihmeellinen","ainutlaatuinen","kaunis","onnellisuus","loistava","kiehtova","karismaattinen","j\u00e4rkytt\u00e4v\u00e4","selke\u00e4","t\u00e4ysin","luottamuksellinen","luottamus","merkitt\u00e4v\u00e4","luova","ehdottomasti","herkullinen","todistaa","kiirehdi","p\u00e4\u00e4tt\u00e4v\u00e4inen","arvokas","dynaaminen","vaikuttava","v\u00e4ltt\u00e4m\u00e4t\u00f6n","inspiroiva","innovatiivinen","intensiivinen","tehokas","taianomainen","mahtava","historiallinen","t\u00e4rke\u00e4","uskomaton","v\u00e4ltt\u00e4m\u00e4t\u00f6n","unohtumaton","vastustamaton","legendaarinen","valoisa","ylellisyys","taianomainen","mahtava","majesteettinen","ikimuistoinen","ihmeellinen","ihmeellinen","motivoi","tarpeellinen","uusi","virallinen","t\u00e4ydellinen","intohimoinen","vakuuttava","ilmi\u00f6m\u00e4inen","ilo","suosittu","voima","arvostettu","ihmeellinen","syv\u00e4llinen","vauras","voimakas","laatu","s\u00e4teilev\u00e4","nopea","menestys","vallankumouksellinen","tyytyv\u00e4inen","turvallisuus","sensaatio","rauhallinen","ylellinen","loistava","jalo","yll\u00e4tt\u00e4v\u00e4","lahjakas","pelottava","ainutlaatuinen","arvo","eloisa","voittoisa","el\u00e4v\u00e4","todella","innostunut","aitoa","seikkailunhaluinen","upea","ainutlaatuinen","taattu","erityinen","fiksu","loistava","suuri","ilmainen","taitava","rajaton","virheet\u00f6n","pett\u00e4m\u00e4t\u00f6n","loputon","vaikutusvaltainen","nokkelia","ikimuistoinen","korvaamaton","johtaja","mestari","huomattava","uusi","uraauurtava","voimakas","tunnustettu","vallankumouksellinen","yll\u00e4tt\u00e4v\u00e4","ylivoimainen","voittoisa","ultra","rohkea","arvokas","edistyksellinen","voimakas","n\u00e4kemyksellinen","tahto","elint\u00e4rke\u00e4","voitto","kunniallinen","pys\u00e4ytt\u00e4m\u00e4t\u00f6n","verraton","\u00e4lyk\u00e4s","voittamaton","vapaus","ylpeys","rauha","edistys","uudistettu","viisaus","tyydytys","turvallinen","rauhallisuus","ylitys","lahjakkuus","ylitt\u00e4\u00e4","muutoksen","rohkeus","voitto"],"diacritics":{"A":"[\\u0041\\u24B6\\uFF21\\u00C0\\u00C1\\u00C2\\u1EA6\\u1EA4\\u1EAA\\u1EA8\\u00C3\\u0100\\u0102\\u1EB0\\u1EAE\\u1EB4\\u1EB2\\u0226\\u01E0\\u00C4\\u01DE\\u1EA2\\u00C5\\u01FA\\u01CD\\u0200\\u0202\\u1EA0\\u1EAC\\u1EB6\\u1E00\\u0104\\u023A\\u2C6F]","AA":"[\\uA732]","AE":"[\\u00C6\\u01FC\\u01E2]","AO":"[\\uA734]","AU":"[\\uA736]","AV":"[\\uA738\\uA73A]","AY":"[\\uA73C]","B":"[\\u0042\\u24B7\\uFF22\\u1E02\\u1E04\\u1E06\\u0243\\u0182\\u0181]","C":"[\\u0043\\u24B8\\uFF23\\u0106\\u0108\\u010A\\u010C\\u00C7\\u1E08\\u0187\\u023B\\uA73E]","D":"[\\u0044\\u24B9\\uFF24\\u1E0A\\u010E\\u1E0C\\u1E10\\u1E12\\u1E0E\\u0110\\u018B\\u018A\\u0189\\uA779]","DZ":"[\\u01F1\\u01C4]","Dz":"[\\u01F2\\u01C5]","E":"[\\u0045\\u24BA\\uFF25\\u00C8\\u00C9\\u00CA\\u1EC0\\u1EBE\\u1EC4\\u1EC2\\u1EBC\\u0112\\u1E14\\u1E16\\u0114\\u0116\\u00CB\\u1EBA\\u011A\\u0204\\u0206\\u1EB8\\u1EC6\\u0228\\u1E1C\\u0118\\u1E18\\u1E1A\\u0190\\u018E]","F":"[\\u0046\\u24BB\\uFF26\\u1E1E\\u0191\\uA77B]","G":"[\\u0047\\u24BC\\uFF27\\u01F4\\u011C\\u1E20\\u011E\\u0120\\u01E6\\u0122\\u01E4\\u0193\\uA7A0\\uA77D\\uA77E]","H":"[\\u0048\\u24BD\\uFF28\\u0124\\u1E22\\u1E26\\u021E\\u1E24\\u1E28\\u1E2A\\u0126\\u2C67\\u2C75\\uA78D]","I":"[\\u0049\\u24BE\\uFF29\\u00CC\\u00CD\\u00CE\\u0128\\u012A\\u012C\\u0130\\u00CF\\u1E2E\\u1EC8\\u01CF\\u0208\\u020A\\u1ECA\\u012E\\u1E2C\\u0197]","J":"[\\u004A\\u24BF\\uFF2A\\u0134\\u0248]","K":"[\\u004B\\u24C0\\uFF2B\\u1E30\\u01E8\\u1E32\\u0136\\u1E34\\u0198\\u2C69\\uA740\\uA742\\uA744\\uA7A2]","L":"[\\u004C\\u24C1\\uFF2C\\u013F\\u0139\\u013D\\u1E36\\u1E38\\u013B\\u1E3C\\u1E3A\\u0141\\u023D\\u2C62\\u2C60\\uA748\\uA746\\uA780]","LJ":"[\\u01C7]","Lj":"[\\u01C8]","M":"[\\u004D\\u24C2\\uFF2D\\u1E3E\\u1E40\\u1E42\\u2C6E\\u019C]","N":"[\\u004E\\u24C3\\uFF2E\\u01F8\\u0143\\u00D1\\u1E44\\u0147\\u1E46\\u0145\\u1E4A\\u1E48\\u0220\\u019D\\uA790\\uA7A4]","NJ":"[\\u01CA]","Nj":"[\\u01CB]","O":"[\\u004F\\u24C4\\uFF2F\\u00D2\\u00D3\\u00D4\\u1ED2\\u1ED0\\u1ED6\\u1ED4\\u00D5\\u1E4C\\u022C\\u1E4E\\u014C\\u1E50\\u1E52\\u014E\\u022E\\u0230\\u00D6\\u022A\\u1ECE\\u0150\\u01D1\\u020C\\u020E\\u01A0\\u1EDC\\u1EDA\\u1EE0\\u1EDE\\u1EE2\\u1ECC\\u1ED8\\u01EA\\u01EC\\u00D8\\u01FE\\u0186\\u019F\\uA74A\\uA74C]","OI":"[\\u01A2]","OO":"[\\uA74E]","OU":"[\\u0222]","P":"[\\u0050\\u24C5\\uFF30\\u1E54\\u1E56\\u01A4\\u2C63\\uA750\\uA752\\uA754]","Q":"[\\u0051\\u24C6\\uFF31\\uA756\\uA758\\u024A]","R":"[\\u0052\\u24C7\\uFF32\\u0154\\u1E58\\u0158\\u0210\\u0212\\u1E5A\\u1E5C\\u0156\\u1E5E\\u024C\\u2C64\\uA75A\\uA7A6\\uA782]","S":"[\\u0053\\u24C8\\uFF33\\u1E9E\\u015A\\u1E64\\u015C\\u1E60\\u0160\\u1E66\\u1E62\\u1E68\\u0218\\u015E\\u2C7E\\uA7A8\\uA784]","T":"[\\u0054\\u24C9\\uFF34\\u1E6A\\u0164\\u1E6C\\u021A\\u0162\\u1E70\\u1E6E\\u0166\\u01AC\\u01AE\\u023E\\uA786]","TZ":"[\\uA728]","U":"[\\u0055\\u24CA\\uFF35\\u00D9\\u00DA\\u00DB\\u0168\\u1E78\\u016A\\u1E7A\\u016C\\u00DC\\u01DB\\u01D7\\u01D5\\u01D9\\u1EE6\\u016E\\u0170\\u01D3\\u0214\\u0216\\u01AF\\u1EEA\\u1EE8\\u1EEE\\u1EEC\\u1EF0\\u1EE4\\u1E72\\u0172\\u1E76\\u1E74\\u0244]","V":"[\\u0056\\u24CB\\uFF36\\u1E7C\\u1E7E\\u01B2\\uA75E\\u0245]","VY":"[\\uA760]","W":"[\\u0057\\u24CC\\uFF37\\u1E80\\u1E82\\u0174\\u1E86\\u1E84\\u1E88\\u2C72]","X":"[\\u0058\\u24CD\\uFF38\\u1E8A\\u1E8C]","Y":"[\\u0059\\u24CE\\uFF39\\u1EF2\\u00DD\\u0176\\u1EF8\\u0232\\u1E8E\\u0178\\u1EF6\\u1EF4\\u01B3\\u024E\\u1EFE]","Z":"[\\u005A\\u24CF\\uFF3A\\u0179\\u1E90\\u017B\\u017D\\u1E92\\u1E94\\u01B5\\u0224\\u2C7F\\u2C6B\\uA762]","a":"[\\u0061\\u24D0\\uFF41\\u1E9A\\u00E0\\u00E1\\u00E2\\u1EA7\\u1EA5\\u1EAB\\u1EA9\\u00E3\\u0101\\u0103\\u1EB1\\u1EAF\\u1EB5\\u1EB3\\u0227\\u01E1\\u00E4\\u01DF\\u1EA3\\u00E5\\u01FB\\u01CE\\u0201\\u0203\\u1EA1\\u1EAD\\u1EB7\\u1E01\\u0105\\u2C65\\u0250]","aa":"[\\uA733]","ae":"[\\u00E6\\u01FD\\u01E3]","ao":"[\\uA735]","au":"[\\uA737]","av":"[\\uA739\\uA73B]","ay":"[\\uA73D]","b":"[\\u0062\\u24D1\\uFF42\\u1E03\\u1E05\\u1E07\\u0180\\u0183\\u0253]","c":"[\\u0063\\u24D2\\uFF43\\u0107\\u0109\\u010B\\u010D\\u00E7\\u1E09\\u0188\\u023C\\uA73F\\u2184]","d":"[\\u0064\\u24D3\\uFF44\\u1E0B\\u010F\\u1E0D\\u1E11\\u1E13\\u1E0F\\u0111\\u018C\\u0256\\u0257\\uA77A]","dz":"[\\u01F3\\u01C6]","e":"[\\u0065\\u24D4\\uFF45\\u00E8\\u00E9\\u00EA\\u1EC1\\u1EBF\\u1EC5\\u1EC3\\u1EBD\\u0113\\u1E15\\u1E17\\u0115\\u0117\\u00EB\\u1EBB\\u011B\\u0205\\u0207\\u1EB9\\u1EC7\\u0229\\u1E1D\\u0119\\u1E19\\u1E1B\\u0247\\u025B\\u01DD]","f":"[\\u0066\\u24D5\\uFF46\\u1E1F\\u0192\\uA77C]","g":"[\\u0067\\u24D6\\uFF47\\u01F5\\u011D\\u1E21\\u011F\\u0121\\u01E7\\u0123\\u01E5\\u0260\\uA7A1\\u1D79\\uA77F]","h":"[\\u0068\\u24D7\\uFF48\\u0125\\u1E23\\u1E27\\u021F\\u1E25\\u1E29\\u1E2B\\u1E96\\u0127\\u2C68\\u2C76\\u0265]","hv":"[\\u0195]","i":"[\\u0069\\u24D8\\uFF49\\u00EC\\u00ED\\u00EE\\u0129\\u012B\\u012D\\u00EF\\u1E2F\\u1EC9\\u01D0\\u0209\\u020B\\u1ECB\\u012F\\u1E2D\\u0268\\u0131]","j":"[\\u006A\\u24D9\\uFF4A\\u0135\\u01F0\\u0249]","k":"[\\u006B\\u24DA\\uFF4B\\u1E31\\u01E9\\u1E33\\u0137\\u1E35\\u0199\\u2C6A\\uA741\\uA743\\uA745\\uA7A3]","l":"[\\u006C\\u24DB\\uFF4C\\u0140\\u013A\\u013E\\u1E37\\u1E39\\u013C\\u1E3D\\u1E3B\\u017F\\u0142\\u019A\\u026B\\u2C61\\uA749\\uA781\\uA747]","lj":"[\\u01C9]","m":"[\\u006D\\u24DC\\uFF4D\\u1E3F\\u1E41\\u1E43\\u0271\\u026F]","n":"[\\u006E\\u24DD\\uFF4E\\u01F9\\u0144\\u00F1\\u1E45\\u0148\\u1E47\\u0146\\u1E4B\\u1E49\\u019E\\u0272\\u0149\\uA791\\uA7A5]","nj":"[\\u01CC]","o":"[\\u006F\\u24DE\\uFF4F\\u00F2\\u00F3\\u00F4\\u1ED3\\u1ED1\\u1ED7\\u1ED5\\u00F5\\u1E4D\\u022D\\u1E4F\\u014D\\u1E51\\u1E53\\u014F\\u022F\\u0231\\u00F6\\u022B\\u1ECF\\u0151\\u01D2\\u020D\\u020F\\u01A1\\u1EDD\\u1EDB\\u1EE1\\u1EDF\\u1EE3\\u1ECD\\u1ED9\\u01EB\\u01ED\\u00F8\\u01FF\\u0254\\uA74B\\uA74D\\u0275]","oi":"[\\u01A3]","ou":"[\\u0223]","oo":"[\\uA74F]","p":"[\\u0070\\u24DF\\uFF50\\u1E55\\u1E57\\u01A5\\u1D7D\\uA751\\uA753\\uA755]","q":"[\\u0071\\u24E0\\uFF51\\u024B\\uA757\\uA759]","r":"[\\u0072\\u24E1\\uFF52\\u0155\\u1E59\\u0159\\u0211\\u0213\\u1E5B\\u1E5D\\u0157\\u1E5F\\u024D\\u027D\\uA75B\\uA7A7\\uA783]","s":"[\\u0073\\u24E2\\uFF53\\u015B\\u1E65\\u015D\\u1E61\\u0161\\u1E67\\u1E63\\u1E69\\u0219\\u015F\\u023F\\uA7A9\\uA785\\u1E9B]","ss":"[\\u00DF]","t":"[\\u0074\\u24E3\\uFF54\\u1E6B\\u1E97\\u0165\\u1E6D\\u021B\\u0163\\u1E71\\u1E6F\\u0167\\u01AD\\u0288\\u2C66\\uA787]","tz":"[\\uA729]","u":"[\\u0075\\u24E4\\uFF55\\u00F9\\u00FA\\u00FB\\u0169\\u1E79\\u016B\\u1E7B\\u016D\\u00FC\\u01DC\\u01D8\\u01D6\\u01DA\\u1EE7\\u016F\\u0171\\u01D4\\u0215\\u0217\\u01B0\\u1EEB\\u1EE9\\u1EEF\\u1EED\\u1EF1\\u1EE5\\u1E73\\u0173\\u1E77\\u1E75\\u0289]","v":"[\\u0076\\u24E5\\uFF56\\u1E7D\\u1E7F\\u028B\\uA75F\\u028C]","vy":"[\\uA761]","w":"[\\u0077\\u24E6\\uFF57\\u1E81\\u1E83\\u0175\\u1E87\\u1E85\\u1E98\\u1E89\\u2C73]","x":"[\\u0078\\u24E7\\uFF58\\u1E8B\\u1E8D]","y":"[\\u0079\\u24E8\\uFF59\\u1EF3\\u00FD\\u0177\\u1EF9\\u0233\\u1E8F\\u00FF\\u1EF7\\u1E99\\u1EF5\\u01B4\\u024F\\u1EFF]","z":"[\\u007A\\u24E9\\uFF5A\\u017A\\u1E91\\u017C\\u017E\\u1E93\\u1E95\\u01B6\\u0225\\u0240\\u2C6C\\uA763]"},"researchesTests":["contentHasTOC","contentHasShortParagraphs","contentHasAssets","keywordInTitle","keywordInMetaDescription","keywordInPermalink","keywordIn10Percent","keywordInContent","keywordInSubheadings","keywordInImageAlt","keywordDensity","keywordNotUsed","lengthContent","lengthPermalink","linksHasInternal","linksHasExternals","linksNotAllExternals","titleStartWithKeyword","titleSentiment","titleHasPowerWords","titleHasNumber","hasContentAI"],"hasRedirection":true,"hasBreadcrumb":false},"homeUrl":"https:\/\/onlinebettingspace.com\/fi\/","objectID":903,"objectType":"post","locale":"fi","localeFull":"fi","overlayImages":{"play":{"name":"Play icon","url":"https:\/\/onlinebettingspace.com\/wp-content\/plugins\/seo-by-rank-math\/assets\/admin\/img\/icon-play.png","path":"\/home\/SuperAdmin\/web\/onlinebettingspace.com\/public_html\/wp-content\/plugins\/seo-by-rank-math\/assets\/admin\/img\/icon-play.png","position":"middle_center"},"gif":{"name":"GIF icon","url":"https:\/\/onlinebettingspace.com\/wp-content\/plugins\/seo-by-rank-math\/assets\/admin\/img\/icon-gif.png","path":"\/home\/SuperAdmin\/web\/onlinebettingspace.com\/public_html\/wp-content\/plugins\/seo-by-rank-math\/assets\/admin\/img\/icon-gif.png","position":"middle_center"}},"defautOgImage":"https:\/\/onlinebettingspace.com\/wp-content\/uploads\/2022\/04\/OBS-FULL-LOGO.webp","customPermalinks":true,"isUserRegistered":true,"autoSuggestKeywords":true,"connectSiteUrl":"https:\/\/rankmath.com\/auth?site=https%3A%2F%2Fonlinebettingspace.com%2Ffi%2F&r=https%3A%2F%2Fonlinebettingspace.com%2Ffi%2Fwp-json%2Fwp%2Fv2%2Fpages%2F903%3Fnonce%3Dc963eac197","maxTags":5,"trendsIcon":"<svg viewBox=\"0 0 610 610\"><path d=\"M18.85,446,174.32,290.48l58.08,58.08L76.93,504a14.54,14.54,0,0,1-20.55,0L18.83,466.48a14.54,14.54,0,0,1,0-20.55Z\" style=\"fill:#4285f4\"\/><path d=\"M242.65,242.66,377.59,377.6l-47.75,47.75a14.54,14.54,0,0,1-20.55,0L174.37,290.43l47.75-47.75A14.52,14.52,0,0,1,242.65,242.66Z\" style=\"fill:#ea4335\"\/><polygon points=\"319.53 319.53 479.26 159.8 537.34 217.88 377.61 377.62 319.53 319.53\" style=\"fill:#fabb05\"\/><path d=\"M594.26,262.73V118.61h0a16.94,16.94,0,0,0-16.94-16.94H433.2a16.94,16.94,0,0,0-12,28.92L565.34,274.71h0a16.94,16.94,0,0,0,28.92-12Z\" style=\"fill:#34a853\"\/><rect width=\"610\" height=\"610\" style=\"fill:none\"\/><\/svg>","showScore":true,"siteFavIcon":"https:\/\/onlinebettingspace.com\/wp-content\/uploads\/2022\/04\/OBS-LOGO-1.webp","canUser":{"general":false,"advanced":false,"snippet":false,"social":false,"analysis":false,"analytics":false,"content_ai":false},"showKeywordIntent":true,"isPro":false,"is_front_page":false,"trendsUpgradeLink":"https:\/\/rankmath.com\/pricing\/?utm_source=Plugin&utm_medium=CE%20General%20Tab%20Trends&utm_campaign=WP","trendsUpgradeLabel":"Upgrade","trendsPreviewImage":"https:\/\/onlinebettingspace.com\/wp-content\/plugins\/seo-by-rank-math\/assets\/admin\/img\/trends-preview.jpg","currentEditor":false,"homepageData":{"assessor":{"powerWords":["uskomaton","h\u00e4mm\u00e4stytt\u00e4v\u00e4","ihmeellinen","ainutlaatuinen","kaunis","onnellisuus","loistava","kiehtova","karismaattinen","j\u00e4rkytt\u00e4v\u00e4","selke\u00e4","t\u00e4ysin","luottamuksellinen","luottamus","merkitt\u00e4v\u00e4","luova","ehdottomasti","herkullinen","todistaa","kiirehdi","p\u00e4\u00e4tt\u00e4v\u00e4inen","arvokas","dynaaminen","vaikuttava","v\u00e4ltt\u00e4m\u00e4t\u00f6n","inspiroiva","innovatiivinen","intensiivinen","tehokas","taianomainen","mahtava","historiallinen","t\u00e4rke\u00e4","uskomaton","v\u00e4ltt\u00e4m\u00e4t\u00f6n","unohtumaton","vastustamaton","legendaarinen","valoisa","ylellisyys","taianomainen","mahtava","majesteettinen","ikimuistoinen","ihmeellinen","ihmeellinen","motivoi","tarpeellinen","uusi","virallinen","t\u00e4ydellinen","intohimoinen","vakuuttava","ilmi\u00f6m\u00e4inen","ilo","suosittu","voima","arvostettu","ihmeellinen","syv\u00e4llinen","vauras","voimakas","laatu","s\u00e4teilev\u00e4","nopea","menestys","vallankumouksellinen","tyytyv\u00e4inen","turvallisuus","sensaatio","rauhallinen","ylellinen","loistava","jalo","yll\u00e4tt\u00e4v\u00e4","lahjakas","pelottava","ainutlaatuinen","arvo","eloisa","voittoisa","el\u00e4v\u00e4","todella","innostunut","aitoa","seikkailunhaluinen","upea","ainutlaatuinen","taattu","erityinen","fiksu","loistava","suuri","ilmainen","taitava","rajaton","virheet\u00f6n","pett\u00e4m\u00e4t\u00f6n","loputon","vaikutusvaltainen","nokkelia","ikimuistoinen","korvaamaton","johtaja","mestari","huomattava","uusi","uraauurtava","voimakas","tunnustettu","vallankumouksellinen","yll\u00e4tt\u00e4v\u00e4","ylivoimainen","voittoisa","ultra","rohkea","arvokas","edistyksellinen","voimakas","n\u00e4kemyksellinen","tahto","elint\u00e4rke\u00e4","voitto","kunniallinen","pys\u00e4ytt\u00e4m\u00e4t\u00f6n","verraton","\u00e4lyk\u00e4s","voittamaton","vapaus","ylpeys","rauha","edistys","uudistettu","viisaus","tyydytys","turvallinen","rauhallisuus","ylitys","lahjakkuus","ylitt\u00e4\u00e4","muutoksen","rohkeus","voitto"],"diacritics":true,"researchesTests":["contentHasTOC","contentHasShortParagraphs","contentHasAssets","keywordInTitle","keywordInMetaDescription","keywordInPermalink","keywordIn10Percent","keywordInContent","keywordInSubheadings","keywordInImageAlt","keywordDensity","keywordNotUsed","lengthContent","lengthPermalink","linksHasInternal","linksHasExternals","linksNotAllExternals","titleStartWithKeyword","titleSentiment","titleHasPowerWords","titleHasNumber","hasContentAI"],"hasBreadcrumb":false,"serpData":{"title":"%sitename% %page% %sep% %sitedesc%","description":"","titleTemplate":"%sitename% %page% %sep% %sitedesc%","descriptionTemplate":"","focusKeywords":"","breadcrumbTitle":"Home","robots":{"index":true},"advancedRobots":[],"facebookTitle":"","facebookDescription":"","facebookImage":"","facebookImageID":""}}},"tocTitle":"Table of Contents","tocExcludeHeadings":[],"listStyle":"ul"},"_links":{"self":[{"href":"https:\/\/onlinebettingspace.com\/fi\/wp-json\/wp\/v2\/pages\/903","targetHints":{"allow":["GET"]}}],"collection":[{"href":"https:\/\/onlinebettingspace.com\/fi\/wp-json\/wp\/v2\/pages"}],"about":[{"href":"https:\/\/onlinebettingspace.com\/fi\/wp-json\/wp\/v2\/types\/page"}],"author":[{"embeddable":true,"href":"https:\/\/onlinebettingspace.com\/fi\/wp-json\/wp\/v2\/users\/1"}],"replies":[{"embeddable":true,"href":"https:\/\/onlinebettingspace.com\/fi\/wp-json\/wp\/v2\/comments?post=903"}],"version-history":[{"count":0,"href":"https:\/\/onlinebettingspace.com\/fi\/wp-json\/wp\/v2\/pages\/903\/revisions"}],"up":[{"embeddable":true,"href":"https:\/\/onlinebettingspace.com\/fi\/wp-json\/wp\/v2\/pages\/312"}],"wp:attachment":[{"href":"https:\/\/onlinebettingspace.com\/fi\/wp-json\/wp\/v2\/media?parent=903"}],"curies":[{"name":"wp","href":"https:\/\/api.w.org\/{rel}","templated":true}]}}