{"id":891,"date":"2022-05-13T01:03:40","date_gmt":"2022-05-12T22:03:40","guid":{"rendered":"https:\/\/onlinebettingspace.com\/?page_id=891"},"modified":"2022-05-13T01:03:40","modified_gmt":"2022-05-12T22:03:40","slug":"serie-a","status":"publish","type":"page","link":"https:\/\/onlinebettingspace.com\/fi\/serie-a\/","title":{"rendered":"Serie A"},"content":{"rendered":"<section class=\"l-section wpb_row height_medium\"><div class=\"l-section-h i-cf\"><div class=\"g-cols vc_row via_flex valign_top type_default stacking_default\"><div class=\"vc_col-sm-12 wpb_column vc_column_container\"><div class=\"vc_column-inner\"><div class=\"wpb_wrapper\"><div class=\"wpb_text_column\"><div class=\"wpb_wrapper\"><h1>Serie A | Vihjeet ja sarjataulukko<\/h1>\n<p><strong>Serie A l\u00e4hti elokuussa k\u00e4yntiin tutuista asetelmista. Juventus voitti viime kev\u00e4\u00e4n\u00e4 Italian mestaruuden, Scudetton, jo kahdeksannen kerran per\u00e4kk\u00e4in.<\/strong><\/p>\n<p>Juventus oli t\u00e4h\u00e4n kauteen l\u00e4hdett\u00e4ess\u00e4 j\u00e4lleen ylivoimainen voittajasuosikki. Nelj\u00e4n kierroksen j\u00e4lkeen esimerkiksi\u00a0<a href=\"\/fi\/vedonlyontisivujen-arvostelut\/unibet-arvostelu\/\">Unibetilla<\/a>\u00a0Juventuksen mestaruuskerroin on vain 1.60, vaikka Juve ei edes ole sarjaykk\u00f6nen. Inter Milan on nelj\u00e4n kierroksen j\u00e4lkeen k\u00e4rjess\u00e4 puhtaalla pelill\u00e4. Juventus taas pelasi jo Fiorentinan kent\u00e4ll\u00e4 maalittoman tasurin, ja se pistemenestys pudotti joukkueen kakkoseksi.<\/p>\n<p>Unibetin listoilla Juventuksen kovimmat haastajat ovat Inter Milan sek\u00e4 Napoli, kummankin mestaruuskerroin on 4.50.<\/p>\n<p>Ero seuraavaan on sitten jo kova. AS Roman kerroin mestaruudesta on Unibetin listoilla per\u00e4ti 71.00.<\/p>\n<h2>Juventus on hallinnut Serie A:ta<\/h2>\n<p>Juventus on hieman muuttunut viime kaudesta, mutta ei mitenk\u00e4\u00e4n ratkaisevasti. Suurimmat muutokset taitavat l\u00f6yty\u00e4 sivurajalta ja pelipaidasta. P\u00e4\u00e4valmentaja\u00a0<strong>Massimiliano Allegri<\/strong>\u00a0j\u00e4tti seuran viime kauden j\u00e4lkeen. Uusi manageri on Napolissa loistanut ja Chelseasta yhden k\u00e4uden j\u00e4lkeen l\u00e4ht\u00f6passit saanut\u00a0<strong>Maurizio Sarri.<\/strong>\u00a0H\u00e4nen Sarriball -pelityylins\u00e4 ei saanut yst\u00e4vi\u00e4 Lontoossa, vaikka ei Chelsea ollenkaan niin kehno ollut viime kaudella.<\/p>\n<p>Juventuksen pelipaita ei en\u00e4\u00e4 ole tuttu mustavalkoraitainen, mutta eiv\u00e4tk\u00f6h\u00e4n fanit pian totu uuteen paitaan, varsinkin jos joukkue jatkaa voittamista.<\/p>\n<p>Pelaajapuolella suurin muutos on nuoren ja lupaavan\u00a0<strong>Moise Keanin<\/strong>\u00a0myyminen Evertoniin sek\u00e4 mainion\u00a0<strong>Matthijs de Ligtin<\/strong>\u00a0tulo Ajaxista. My\u00f6s\u00a0<strong>Aaron Ramseyn<\/strong>\u00a0tulo Arsenalista n\u00e4kyy heti kent\u00e4ll\u00e4. Ja mik\u00e4 parasta, 41-vuotias\u00a0<strong>Gigi Buffon<\/strong>\u00a0on palannut kotiin.<\/p>\n<p>Keanin myyminen oli yll\u00e4tys. H\u00e4nest\u00e4 oli jo kehittym\u00e4ss\u00e4 Juven tulevaisuuden ykk\u00f6sk\u00e4rki. De Ligt on hyv\u00e4 lis\u00e4 joukkueen puolustukseen. Juven puolustus on jo perinteisesti ollut kivikova, ja de Ligt auttaa t\u00e4ss\u00e4 pit\u00e4m\u00e4\u00e4n jatkuvuutta yll\u00e4.<\/p>\n<p>Ramsey hankkiminen Arsenalista oli yll\u00e4tys, mutta h\u00e4n on jo alkukauden loukkaantumisten j\u00e4lkeen p\u00e4\u00e4ssyt kertaalleen avaukseen ja tehnyt maalinkin. Buffonkin on jo pelannut yhden ottelun.<\/p>\n<p>Tutut t\u00e4hdet ovat muuten edelleen joukkueessa. Juven k\u00e4rjess\u00e4 painavat\u00a0<strong>Cristiano Ronaldo<\/strong>\u00a0sek\u00e4\u00a0<strong>Paulo Dybala,<\/strong>\u00a0joka huhuista huolimatta jatkaa edelleen Torinon ykk\u00f6sjoukkueessa.<\/p>\n<h2>Inter Milan, nyt Conten johdolla<\/h2>\n<p>Inter Milanillakin on p\u00e4\u00e4valmentajana Chelsean hiljattain hylk\u00e4\u00e4m\u00e4 mies, eli\u00a0<strong>Antonio Conte.<\/strong>\u00a0Conte on kova koutsi, ja kaikilla ei varmastikaan ole helppoa h\u00e4nen kanssaan. Kertoman mukaan Conte oli Interin ensimm\u00e4isiss\u00e4 harjoituksissa sanonut joukkueelle kaksi vaatimusta, kunnioitus ja kova ty\u00f6. Ja sellainenhan Conte oli pelaajanakin.<\/p>\n<p>Inter Milan pisti paljon uusiksi kes\u00e4aikaan. T\u00e4rkeimm\u00e4ksi hankinnaksi saattaa nousta Sassuolosta laina sek\u00e4 osto-optio -sopimuksella tullut\u00a0<strong>Stefano Sensi.<\/strong>\u00a0Kauden alla Conte laittoi Sensin keskikent\u00e4n keskelle, ja yht\u2019 \u00e4kki\u00e4 miehest\u00e4 kuoriutui todellinen pelikent\u00e4n kenraali. Sensi on t\u00e4ll\u00e4 kaudella aloittanut jokaisen ottelun ja tehnyt jo kaksi maalia.<\/p>\n<p>Muut uudet miehet Interiss\u00e4 ovat muun muassa Manchesterista tullut\u00a0<strong>Romelu Lukaku<\/strong>\u00a0sek\u00e4 Hertha Berlinist\u00e4 tullut\u00a0<strong>Valentino Lazaro<\/strong>\u00a0ja Sassuolosta tullut\u00a0<strong>Matteo Politano.<\/strong>\u00a0Lukaku on aloittanut hyvin Interiss\u00e4, nelj\u00e4ss\u00e4 ottelussa kolme maalia.<\/p>\n<p>Tunnetuimmat Interin poisl\u00e4htij\u00e4t ovat\u00a0<strong>Ivan Perisic<\/strong>\u00a0sek\u00e4\u00a0<strong>Mauro Icardi,<\/strong>\u00a0jotka l\u00e4htiv\u00e4t lainasopimuksill\u00e4, Perisic Bayern Muncheniin ja Icardi PSG:n joukkueeseen.<\/p>\n<h2>Napoli, haastaja etel\u00e4st\u00e4<\/h2>\n<p>Napoli oli hyvin l\u00e4hell\u00e4 vied\u00e4 Serie A:n mestaruuden kaudella 2017-2018, mutta viime kausi oli sitten pettymys, eik\u00e4 se pystynyt haastamaan Juvea oikein miss\u00e4\u00e4n vaiheessa. 2017-2018 Napoli j\u00e4i Juventuksesta lopulta nelj\u00e4 pistett\u00e4, kun viime kaudella eroa oli taas 11 pistett\u00e4. Nyt taas olisi Napolilla hyv\u00e4 mahdollisuus pit\u00e4\u00e4 Juventus koville.<\/p>\n<p>Napoli vahvisti kes\u00e4ll\u00e4 puolustustaan. Joukkue osti maailmanluokan toppari\u00a0<strong>Kalidou Koulibalyn<\/strong>\u00a0rinnalle AS Romasta\u00a0<strong>Kostas Manolasin.<\/strong><\/p>\n<p>Napoli ei menett\u00e4nyt oikeastaan muita merkitt\u00e4vi\u00e4 pelaajia kuin\u00a0<strong>Amadou Diawaran.<\/strong>\u00a0T\u00e4m\u00e4 on joukkueelle hyv\u00e4 tilanne. Mainion 2017-2018 -kauden j\u00e4lkeen sen riveist\u00e4 l\u00e4htiv\u00e4t niin\u00a0<strong>Marek Hamsik<\/strong>\u00a0kuin\u00a0<strong>Jorginhokin.<\/strong>\u00a0Nyt Napoli aikalailla jatkaa siit\u00e4, mihin se viime kaudella j\u00e4i, ainoastaan hieman paremman puolustuksen kanssa.<\/p>\n<p>Nelj\u00e4n kierroksen j\u00e4lkeen Napoli on sopivasti sarjakolmonen Juven ja Inter Milanin j\u00e4lkeen. Se on voittanut kolme ja h\u00e4vinnyt vieraissa Juventukselle kovan 3-4 -ottelun j\u00e4lkeen.<\/p>\n<h2>AS Roma, p\u00e4\u00e4kaupungin ykk\u00f6nen<\/h2>\n<p>AS Roma on j\u00e4lleenrakennusvaiheessa, ja tulevaisuus n\u00e4ytt\u00e4\u00e4 hyv\u00e4lt\u00e4. Seuralegenda\u00a0<strong>Daniele De<\/strong>\u00a0Rossi lopetti pelit viime kauden j\u00e4lkeen, ja h\u00e4nen el\u00e4kkeelle l\u00e4ht\u00f6 hoidettiin Romassa sen verran k\u00f6mpel\u00f6sti, ett\u00e4 fanit suivaantuivat. P\u00e4\u00e4valmentaja\u00a0<strong>Di Francesco<\/strong>\u00a0ja urheilutoimenjohtaja\u00a0<strong>Monchikin<\/strong>\u00a0l\u00e4htiv\u00e4t viime kauden j\u00e4lkeen, kun kuudes sija oli pettymys. Uusi p\u00e4\u00e4valmentaja on\u00a0<strong>Paulo Fonseca.<\/strong><\/p>\n<p>AS Roma menetti kes\u00e4ll\u00e4 pelaajista\u00a0<strong>El Shaarawyn,<\/strong>\u00a0joka l\u00e4hti Kiinaan sek\u00e4 Manolaksen, jonka Napoli osti.<\/p>\n<p>Joukkueessa on huima m\u00e4\u00e4r\u00e4 nuoria, taitavia pelaajia, jotka ovat jo todistaneet p\u00e4rj\u00e4\u00e4v\u00e4ns\u00e4 Serie A:ssa. Uusia pelaajia ovat keskikent\u00e4n Fiorentinasta tullut\u00a0<strong>Veretout<\/strong>\u00a0ja Napolista tullut Diawara sek\u00e4 puolustuksen Atalantasta tullut\u00a0<strong>Mancini<\/strong>\u00a0ja Juventuksesta tullut\u00a0<strong>Spinnazzola.<\/strong>\u00a0T\u00e4m\u00e4 ryhm\u00e4 on alle 26-vuotiaita.\u00a0<strong>Zaniolo, Pellegrini, Kluivert, Under, Cristante<\/strong>\u00a0ja\u00a0<strong>Schick<\/strong>\u00a0ovat kaikki korkeintaan 24-vuotiaita. Tulevaisuus n\u00e4ytt\u00e4\u00e4 Romassa hyv\u00e4lt\u00e4, mutta tuskin viel\u00e4 t\u00e4ll\u00e4 kaudella joukkue on liigak\u00e4rjess\u00e4.<\/p>\n<h2>Brescia, maalilla suomalasv\u00e4ri\u00e4<\/h2>\n<p>Ja onhan Serie A:ssa j\u00e4lleen suomalaisseurakin. Maajoukkueen varamaalivahti\u00a0<strong>Jesse Joronen<\/strong>\u00a0on t\u00e4ll\u00e4 kaudella Brescian ykk\u00f6smaalivahti. Joronen on aloittanut kauden jokaisen nelj\u00e4 ottelua, eik\u00e4 kausi ole alkanut ollenkaan heikosti. Brescian saldo on 2-0-2, Joronen on p\u00e4\u00e4st\u00e4nyt viisi maalia.<\/p>\n<p>Kauden alla Brescia on rankattu yhdeksi putoajakandidaateista. Nelj\u00e4n ottelun j\u00e4lkeen Unibetilla kerroin Brescian putoamisesta on 3.00, eli hieman on Jorosen joukkueen k\u00e4yr\u00e4 alkukaudesta ollut nousussa.<\/p>\n<p>Brescia on varmistanut futisfanien mielenkiinnon hankkimalla elokuussa joukkueeseen kotikaupungin pojan,\u00a0<strong>Mario Balotellin.<\/strong>\u00a0Balotelli on ollut alkukauden pelikiellossa saatuaan viime toukokuussa Ranskan liigassa punaisen kortin hurjasta taklauksestaan Marseillen ja Montpellierin ottelussa.<\/p>\n<\/div><\/div><\/div><\/div><\/div><\/div><\/div><\/section>\n","protected":false},"excerpt":{"rendered":"Serie A | Vihjeet ja sarjataulukko Serie A l\u00e4hti elokuussa k\u00e4yntiin tutuista asetelmista. Juventus voitti viime kev\u00e4\u00e4n\u00e4 Italian mestaruuden, Scudetton, jo kahdeksannen kerran per\u00e4kk\u00e4in. Juventus oli t\u00e4h\u00e4n kauteen l\u00e4hdett\u00e4ess\u00e4 j\u00e4lleen ylivoimainen voittajasuosikki. Nelj\u00e4n kierroksen j\u00e4lkeen esimerkiksi\u00a0Unibetilla\u00a0Juventuksen mestaruuskerroin on vain 1.60, vaikka Juve ei edes ole sarjaykk\u00f6nen. Inter Milan on nelj\u00e4n kierroksen j\u00e4lkeen k\u00e4rjess\u00e4 puhtaalla pelill\u00e4....","protected":false},"author":1,"featured_media":0,"parent":0,"menu_order":0,"comment_status":"closed","ping_status":"closed","template":"","meta":{"_acf_changed":false,"footnotes":""},"class_list":["post-891","page","type-page","status-publish","hentry"],"acf":[],"rankMath":{"parentDomain":"onlinebettingspace.com","noFollowDomains":[],"noFollowExcludeDomains":[],"noFollowExternalLinks":false,"featuredImageNotice":"The featured image should be at least 200 by 200 pixels to be picked up by Facebook and other social media sites.","pluginReviewed":true,"postSettings":{"linkSuggestions":true,"useFocusKeyword":false},"frontEndScore":false,"postName":"serie-a","permalinkFormat":"https:\/\/onlinebettingspace.com\/fi\/%pagename%\/","showLockModifiedDate":true,"assessor":{"focusKeywordLink":"https:\/\/onlinebettingspace.com\/wp-admin\/edit.php?focus_keyword=%focus_keyword%&post_type=%post_type%","hasTOCPlugin":false,"primaryTaxonomy":false,"serpData":{"title":"Serie A 2019-2020 | Italian Liigan Vihjeet, Sarjataulukko ja Tulokset","description":"Serie A kausi 2019-2020. Lue ennakot, tulokset, sarjataulukot, ja tuoreimmat uutiset ja vinkit. Viek\u00f6 Juventus jo yhdeks\u00e4nnen per\u00e4tt\u00e4isen Scudetton?. Ly\u00f6 vetoa parhaimmilla kertoimilla!","focusKeywords":"","pillarContent":false,"canonicalUrl":"","breadcrumbTitle":"","advancedRobots":[],"facebookTitle":"","facebookDescription":"","facebookImage":"","facebookImageID":"","facebookHasOverlay":false,"facebookImageOverlay":"","facebookAuthor":"","twitterCardType":"","twitterUseFacebook":true,"twitterTitle":"","twitterDescription":"","twitterImage":"","twitterImageID":"","twitterHasOverlay":false,"twitterImageOverlay":"","twitterPlayerUrl":"","twitterPlayerSize":"","twitterPlayerStream":"","twitterPlayerStreamCtype":"","twitterAppDescription":"","twitterAppIphoneName":"","twitterAppIphoneID":"","twitterAppIphoneUrl":"","twitterAppIpadName":"","twitterAppIpadID":"","twitterAppIpadUrl":"","twitterAppGoogleplayName":"","twitterAppGoogleplayID":"","twitterAppGoogleplayUrl":"","twitterAppCountry":"","robots":{"index":true},"twitterAuthor":"username","primaryTerm":0,"authorName":"OBSAdmin","titleTemplate":"%title% %sep% %sitename%","descriptionTemplate":"%excerpt%","showScoreFrontend":true,"lockModifiedDate":false},"powerWords":["uskomaton","h\u00e4mm\u00e4stytt\u00e4v\u00e4","ihmeellinen","ainutlaatuinen","kaunis","onnellisuus","loistava","kiehtova","karismaattinen","j\u00e4rkytt\u00e4v\u00e4","selke\u00e4","t\u00e4ysin","luottamuksellinen","luottamus","merkitt\u00e4v\u00e4","luova","ehdottomasti","herkullinen","todistaa","kiirehdi","p\u00e4\u00e4tt\u00e4v\u00e4inen","arvokas","dynaaminen","vaikuttava","v\u00e4ltt\u00e4m\u00e4t\u00f6n","inspiroiva","innovatiivinen","intensiivinen","tehokas","taianomainen","mahtava","historiallinen","t\u00e4rke\u00e4","uskomaton","v\u00e4ltt\u00e4m\u00e4t\u00f6n","unohtumaton","vastustamaton","legendaarinen","valoisa","ylellisyys","taianomainen","mahtava","majesteettinen","ikimuistoinen","ihmeellinen","ihmeellinen","motivoi","tarpeellinen","uusi","virallinen","t\u00e4ydellinen","intohimoinen","vakuuttava","ilmi\u00f6m\u00e4inen","ilo","suosittu","voima","arvostettu","ihmeellinen","syv\u00e4llinen","vauras","voimakas","laatu","s\u00e4teilev\u00e4","nopea","menestys","vallankumouksellinen","tyytyv\u00e4inen","turvallisuus","sensaatio","rauhallinen","ylellinen","loistava","jalo","yll\u00e4tt\u00e4v\u00e4","lahjakas","pelottava","ainutlaatuinen","arvo","eloisa","voittoisa","el\u00e4v\u00e4","todella","innostunut","aitoa","seikkailunhaluinen","upea","ainutlaatuinen","taattu","erityinen","fiksu","loistava","suuri","ilmainen","taitava","rajaton","virheet\u00f6n","pett\u00e4m\u00e4t\u00f6n","loputon","vaikutusvaltainen","nokkelia","ikimuistoinen","korvaamaton","johtaja","mestari","huomattava","uusi","uraauurtava","voimakas","tunnustettu","vallankumouksellinen","yll\u00e4tt\u00e4v\u00e4","ylivoimainen","voittoisa","ultra","rohkea","arvokas","edistyksellinen","voimakas","n\u00e4kemyksellinen","tahto","elint\u00e4rke\u00e4","voitto","kunniallinen","pys\u00e4ytt\u00e4m\u00e4t\u00f6n","verraton","\u00e4lyk\u00e4s","voittamaton","vapaus","ylpeys","rauha","edistys","uudistettu","viisaus","tyydytys","turvallinen","rauhallisuus","ylitys","lahjakkuus","ylitt\u00e4\u00e4","muutoksen","rohkeus","voitto"],"diacritics":{"A":"[\\u0041\\u24B6\\uFF21\\u00C0\\u00C1\\u00C2\\u1EA6\\u1EA4\\u1EAA\\u1EA8\\u00C3\\u0100\\u0102\\u1EB0\\u1EAE\\u1EB4\\u1EB2\\u0226\\u01E0\\u00C4\\u01DE\\u1EA2\\u00C5\\u01FA\\u01CD\\u0200\\u0202\\u1EA0\\u1EAC\\u1EB6\\u1E00\\u0104\\u023A\\u2C6F]","AA":"[\\uA732]","AE":"[\\u00C6\\u01FC\\u01E2]","AO":"[\\uA734]","AU":"[\\uA736]","AV":"[\\uA738\\uA73A]","AY":"[\\uA73C]","B":"[\\u0042\\u24B7\\uFF22\\u1E02\\u1E04\\u1E06\\u0243\\u0182\\u0181]","C":"[\\u0043\\u24B8\\uFF23\\u0106\\u0108\\u010A\\u010C\\u00C7\\u1E08\\u0187\\u023B\\uA73E]","D":"[\\u0044\\u24B9\\uFF24\\u1E0A\\u010E\\u1E0C\\u1E10\\u1E12\\u1E0E\\u0110\\u018B\\u018A\\u0189\\uA779]","DZ":"[\\u01F1\\u01C4]","Dz":"[\\u01F2\\u01C5]","E":"[\\u0045\\u24BA\\uFF25\\u00C8\\u00C9\\u00CA\\u1EC0\\u1EBE\\u1EC4\\u1EC2\\u1EBC\\u0112\\u1E14\\u1E16\\u0114\\u0116\\u00CB\\u1EBA\\u011A\\u0204\\u0206\\u1EB8\\u1EC6\\u0228\\u1E1C\\u0118\\u1E18\\u1E1A\\u0190\\u018E]","F":"[\\u0046\\u24BB\\uFF26\\u1E1E\\u0191\\uA77B]","G":"[\\u0047\\u24BC\\uFF27\\u01F4\\u011C\\u1E20\\u011E\\u0120\\u01E6\\u0122\\u01E4\\u0193\\uA7A0\\uA77D\\uA77E]","H":"[\\u0048\\u24BD\\uFF28\\u0124\\u1E22\\u1E26\\u021E\\u1E24\\u1E28\\u1E2A\\u0126\\u2C67\\u2C75\\uA78D]","I":"[\\u0049\\u24BE\\uFF29\\u00CC\\u00CD\\u00CE\\u0128\\u012A\\u012C\\u0130\\u00CF\\u1E2E\\u1EC8\\u01CF\\u0208\\u020A\\u1ECA\\u012E\\u1E2C\\u0197]","J":"[\\u004A\\u24BF\\uFF2A\\u0134\\u0248]","K":"[\\u004B\\u24C0\\uFF2B\\u1E30\\u01E8\\u1E32\\u0136\\u1E34\\u0198\\u2C69\\uA740\\uA742\\uA744\\uA7A2]","L":"[\\u004C\\u24C1\\uFF2C\\u013F\\u0139\\u013D\\u1E36\\u1E38\\u013B\\u1E3C\\u1E3A\\u0141\\u023D\\u2C62\\u2C60\\uA748\\uA746\\uA780]","LJ":"[\\u01C7]","Lj":"[\\u01C8]","M":"[\\u004D\\u24C2\\uFF2D\\u1E3E\\u1E40\\u1E42\\u2C6E\\u019C]","N":"[\\u004E\\u24C3\\uFF2E\\u01F8\\u0143\\u00D1\\u1E44\\u0147\\u1E46\\u0145\\u1E4A\\u1E48\\u0220\\u019D\\uA790\\uA7A4]","NJ":"[\\u01CA]","Nj":"[\\u01CB]","O":"[\\u004F\\u24C4\\uFF2F\\u00D2\\u00D3\\u00D4\\u1ED2\\u1ED0\\u1ED6\\u1ED4\\u00D5\\u1E4C\\u022C\\u1E4E\\u014C\\u1E50\\u1E52\\u014E\\u022E\\u0230\\u00D6\\u022A\\u1ECE\\u0150\\u01D1\\u020C\\u020E\\u01A0\\u1EDC\\u1EDA\\u1EE0\\u1EDE\\u1EE2\\u1ECC\\u1ED8\\u01EA\\u01EC\\u00D8\\u01FE\\u0186\\u019F\\uA74A\\uA74C]","OI":"[\\u01A2]","OO":"[\\uA74E]","OU":"[\\u0222]","P":"[\\u0050\\u24C5\\uFF30\\u1E54\\u1E56\\u01A4\\u2C63\\uA750\\uA752\\uA754]","Q":"[\\u0051\\u24C6\\uFF31\\uA756\\uA758\\u024A]","R":"[\\u0052\\u24C7\\uFF32\\u0154\\u1E58\\u0158\\u0210\\u0212\\u1E5A\\u1E5C\\u0156\\u1E5E\\u024C\\u2C64\\uA75A\\uA7A6\\uA782]","S":"[\\u0053\\u24C8\\uFF33\\u1E9E\\u015A\\u1E64\\u015C\\u1E60\\u0160\\u1E66\\u1E62\\u1E68\\u0218\\u015E\\u2C7E\\uA7A8\\uA784]","T":"[\\u0054\\u24C9\\uFF34\\u1E6A\\u0164\\u1E6C\\u021A\\u0162\\u1E70\\u1E6E\\u0166\\u01AC\\u01AE\\u023E\\uA786]","TZ":"[\\uA728]","U":"[\\u0055\\u24CA\\uFF35\\u00D9\\u00DA\\u00DB\\u0168\\u1E78\\u016A\\u1E7A\\u016C\\u00DC\\u01DB\\u01D7\\u01D5\\u01D9\\u1EE6\\u016E\\u0170\\u01D3\\u0214\\u0216\\u01AF\\u1EEA\\u1EE8\\u1EEE\\u1EEC\\u1EF0\\u1EE4\\u1E72\\u0172\\u1E76\\u1E74\\u0244]","V":"[\\u0056\\u24CB\\uFF36\\u1E7C\\u1E7E\\u01B2\\uA75E\\u0245]","VY":"[\\uA760]","W":"[\\u0057\\u24CC\\uFF37\\u1E80\\u1E82\\u0174\\u1E86\\u1E84\\u1E88\\u2C72]","X":"[\\u0058\\u24CD\\uFF38\\u1E8A\\u1E8C]","Y":"[\\u0059\\u24CE\\uFF39\\u1EF2\\u00DD\\u0176\\u1EF8\\u0232\\u1E8E\\u0178\\u1EF6\\u1EF4\\u01B3\\u024E\\u1EFE]","Z":"[\\u005A\\u24CF\\uFF3A\\u0179\\u1E90\\u017B\\u017D\\u1E92\\u1E94\\u01B5\\u0224\\u2C7F\\u2C6B\\uA762]","a":"[\\u0061\\u24D0\\uFF41\\u1E9A\\u00E0\\u00E1\\u00E2\\u1EA7\\u1EA5\\u1EAB\\u1EA9\\u00E3\\u0101\\u0103\\u1EB1\\u1EAF\\u1EB5\\u1EB3\\u0227\\u01E1\\u00E4\\u01DF\\u1EA3\\u00E5\\u01FB\\u01CE\\u0201\\u0203\\u1EA1\\u1EAD\\u1EB7\\u1E01\\u0105\\u2C65\\u0250]","aa":"[\\uA733]","ae":"[\\u00E6\\u01FD\\u01E3]","ao":"[\\uA735]","au":"[\\uA737]","av":"[\\uA739\\uA73B]","ay":"[\\uA73D]","b":"[\\u0062\\u24D1\\uFF42\\u1E03\\u1E05\\u1E07\\u0180\\u0183\\u0253]","c":"[\\u0063\\u24D2\\uFF43\\u0107\\u0109\\u010B\\u010D\\u00E7\\u1E09\\u0188\\u023C\\uA73F\\u2184]","d":"[\\u0064\\u24D3\\uFF44\\u1E0B\\u010F\\u1E0D\\u1E11\\u1E13\\u1E0F\\u0111\\u018C\\u0256\\u0257\\uA77A]","dz":"[\\u01F3\\u01C6]","e":"[\\u0065\\u24D4\\uFF45\\u00E8\\u00E9\\u00EA\\u1EC1\\u1EBF\\u1EC5\\u1EC3\\u1EBD\\u0113\\u1E15\\u1E17\\u0115\\u0117\\u00EB\\u1EBB\\u011B\\u0205\\u0207\\u1EB9\\u1EC7\\u0229\\u1E1D\\u0119\\u1E19\\u1E1B\\u0247\\u025B\\u01DD]","f":"[\\u0066\\u24D5\\uFF46\\u1E1F\\u0192\\uA77C]","g":"[\\u0067\\u24D6\\uFF47\\u01F5\\u011D\\u1E21\\u011F\\u0121\\u01E7\\u0123\\u01E5\\u0260\\uA7A1\\u1D79\\uA77F]","h":"[\\u0068\\u24D7\\uFF48\\u0125\\u1E23\\u1E27\\u021F\\u1E25\\u1E29\\u1E2B\\u1E96\\u0127\\u2C68\\u2C76\\u0265]","hv":"[\\u0195]","i":"[\\u0069\\u24D8\\uFF49\\u00EC\\u00ED\\u00EE\\u0129\\u012B\\u012D\\u00EF\\u1E2F\\u1EC9\\u01D0\\u0209\\u020B\\u1ECB\\u012F\\u1E2D\\u0268\\u0131]","j":"[\\u006A\\u24D9\\uFF4A\\u0135\\u01F0\\u0249]","k":"[\\u006B\\u24DA\\uFF4B\\u1E31\\u01E9\\u1E33\\u0137\\u1E35\\u0199\\u2C6A\\uA741\\uA743\\uA745\\uA7A3]","l":"[\\u006C\\u24DB\\uFF4C\\u0140\\u013A\\u013E\\u1E37\\u1E39\\u013C\\u1E3D\\u1E3B\\u017F\\u0142\\u019A\\u026B\\u2C61\\uA749\\uA781\\uA747]","lj":"[\\u01C9]","m":"[\\u006D\\u24DC\\uFF4D\\u1E3F\\u1E41\\u1E43\\u0271\\u026F]","n":"[\\u006E\\u24DD\\uFF4E\\u01F9\\u0144\\u00F1\\u1E45\\u0148\\u1E47\\u0146\\u1E4B\\u1E49\\u019E\\u0272\\u0149\\uA791\\uA7A5]","nj":"[\\u01CC]","o":"[\\u006F\\u24DE\\uFF4F\\u00F2\\u00F3\\u00F4\\u1ED3\\u1ED1\\u1ED7\\u1ED5\\u00F5\\u1E4D\\u022D\\u1E4F\\u014D\\u1E51\\u1E53\\u014F\\u022F\\u0231\\u00F6\\u022B\\u1ECF\\u0151\\u01D2\\u020D\\u020F\\u01A1\\u1EDD\\u1EDB\\u1EE1\\u1EDF\\u1EE3\\u1ECD\\u1ED9\\u01EB\\u01ED\\u00F8\\u01FF\\u0254\\uA74B\\uA74D\\u0275]","oi":"[\\u01A3]","ou":"[\\u0223]","oo":"[\\uA74F]","p":"[\\u0070\\u24DF\\uFF50\\u1E55\\u1E57\\u01A5\\u1D7D\\uA751\\uA753\\uA755]","q":"[\\u0071\\u24E0\\uFF51\\u024B\\uA757\\uA759]","r":"[\\u0072\\u24E1\\uFF52\\u0155\\u1E59\\u0159\\u0211\\u0213\\u1E5B\\u1E5D\\u0157\\u1E5F\\u024D\\u027D\\uA75B\\uA7A7\\uA783]","s":"[\\u0073\\u24E2\\uFF53\\u015B\\u1E65\\u015D\\u1E61\\u0161\\u1E67\\u1E63\\u1E69\\u0219\\u015F\\u023F\\uA7A9\\uA785\\u1E9B]","ss":"[\\u00DF]","t":"[\\u0074\\u24E3\\uFF54\\u1E6B\\u1E97\\u0165\\u1E6D\\u021B\\u0163\\u1E71\\u1E6F\\u0167\\u01AD\\u0288\\u2C66\\uA787]","tz":"[\\uA729]","u":"[\\u0075\\u24E4\\uFF55\\u00F9\\u00FA\\u00FB\\u0169\\u1E79\\u016B\\u1E7B\\u016D\\u00FC\\u01DC\\u01D8\\u01D6\\u01DA\\u1EE7\\u016F\\u0171\\u01D4\\u0215\\u0217\\u01B0\\u1EEB\\u1EE9\\u1EEF\\u1EED\\u1EF1\\u1EE5\\u1E73\\u0173\\u1E77\\u1E75\\u0289]","v":"[\\u0076\\u24E5\\uFF56\\u1E7D\\u1E7F\\u028B\\uA75F\\u028C]","vy":"[\\uA761]","w":"[\\u0077\\u24E6\\uFF57\\u1E81\\u1E83\\u0175\\u1E87\\u1E85\\u1E98\\u1E89\\u2C73]","x":"[\\u0078\\u24E7\\uFF58\\u1E8B\\u1E8D]","y":"[\\u0079\\u24E8\\uFF59\\u1EF3\\u00FD\\u0177\\u1EF9\\u0233\\u1E8F\\u00FF\\u1EF7\\u1E99\\u1EF5\\u01B4\\u024F\\u1EFF]","z":"[\\u007A\\u24E9\\uFF5A\\u017A\\u1E91\\u017C\\u017E\\u1E93\\u1E95\\u01B6\\u0225\\u0240\\u2C6C\\uA763]"},"researchesTests":["contentHasTOC","contentHasShortParagraphs","contentHasAssets","keywordInTitle","keywordInMetaDescription","keywordInPermalink","keywordIn10Percent","keywordInContent","keywordInSubheadings","keywordInImageAlt","keywordDensity","keywordNotUsed","lengthContent","lengthPermalink","linksHasInternal","linksHasExternals","linksNotAllExternals","titleStartWithKeyword","titleSentiment","titleHasPowerWords","titleHasNumber","hasContentAI"],"hasRedirection":true,"hasBreadcrumb":false},"homeUrl":"https:\/\/onlinebettingspace.com\/fi\/","objectID":891,"objectType":"post","locale":"fi","localeFull":"fi","overlayImages":{"play":{"name":"Play icon","url":"https:\/\/onlinebettingspace.com\/wp-content\/plugins\/seo-by-rank-math\/assets\/admin\/img\/icon-play.png","path":"\/home\/SuperAdmin\/web\/onlinebettingspace.com\/public_html\/wp-content\/plugins\/seo-by-rank-math\/assets\/admin\/img\/icon-play.png","position":"middle_center"},"gif":{"name":"GIF icon","url":"https:\/\/onlinebettingspace.com\/wp-content\/plugins\/seo-by-rank-math\/assets\/admin\/img\/icon-gif.png","path":"\/home\/SuperAdmin\/web\/onlinebettingspace.com\/public_html\/wp-content\/plugins\/seo-by-rank-math\/assets\/admin\/img\/icon-gif.png","position":"middle_center"}},"defautOgImage":"https:\/\/onlinebettingspace.com\/wp-content\/uploads\/2022\/04\/OBS-FULL-LOGO.webp","customPermalinks":true,"isUserRegistered":true,"autoSuggestKeywords":true,"connectSiteUrl":"https:\/\/rankmath.com\/auth?site=https%3A%2F%2Fonlinebettingspace.com%2Ffi%2F&r=https%3A%2F%2Fonlinebettingspace.com%2Ffi%2Fwp-json%2Fwp%2Fv2%2Fpages%2F891%3Fnonce%3Dbeea851874","maxTags":5,"trendsIcon":"<svg viewBox=\"0 0 610 610\"><path d=\"M18.85,446,174.32,290.48l58.08,58.08L76.93,504a14.54,14.54,0,0,1-20.55,0L18.83,466.48a14.54,14.54,0,0,1,0-20.55Z\" style=\"fill:#4285f4\"\/><path d=\"M242.65,242.66,377.59,377.6l-47.75,47.75a14.54,14.54,0,0,1-20.55,0L174.37,290.43l47.75-47.75A14.52,14.52,0,0,1,242.65,242.66Z\" style=\"fill:#ea4335\"\/><polygon points=\"319.53 319.53 479.26 159.8 537.34 217.88 377.61 377.62 319.53 319.53\" style=\"fill:#fabb05\"\/><path d=\"M594.26,262.73V118.61h0a16.94,16.94,0,0,0-16.94-16.94H433.2a16.94,16.94,0,0,0-12,28.92L565.34,274.71h0a16.94,16.94,0,0,0,28.92-12Z\" style=\"fill:#34a853\"\/><rect width=\"610\" height=\"610\" style=\"fill:none\"\/><\/svg>","showScore":true,"siteFavIcon":"https:\/\/onlinebettingspace.com\/wp-content\/uploads\/2022\/04\/OBS-LOGO-1.webp","canUser":{"general":false,"advanced":false,"snippet":false,"social":false,"analysis":false,"analytics":false,"content_ai":false},"showKeywordIntent":true,"isPro":false,"is_front_page":false,"trendsUpgradeLink":"https:\/\/rankmath.com\/pricing\/?utm_source=Plugin&utm_medium=CE%20General%20Tab%20Trends&utm_campaign=WP","trendsUpgradeLabel":"Upgrade","trendsPreviewImage":"https:\/\/onlinebettingspace.com\/wp-content\/plugins\/seo-by-rank-math\/assets\/admin\/img\/trends-preview.jpg","currentEditor":false,"homepageData":{"assessor":{"powerWords":["uskomaton","h\u00e4mm\u00e4stytt\u00e4v\u00e4","ihmeellinen","ainutlaatuinen","kaunis","onnellisuus","loistava","kiehtova","karismaattinen","j\u00e4rkytt\u00e4v\u00e4","selke\u00e4","t\u00e4ysin","luottamuksellinen","luottamus","merkitt\u00e4v\u00e4","luova","ehdottomasti","herkullinen","todistaa","kiirehdi","p\u00e4\u00e4tt\u00e4v\u00e4inen","arvokas","dynaaminen","vaikuttava","v\u00e4ltt\u00e4m\u00e4t\u00f6n","inspiroiva","innovatiivinen","intensiivinen","tehokas","taianomainen","mahtava","historiallinen","t\u00e4rke\u00e4","uskomaton","v\u00e4ltt\u00e4m\u00e4t\u00f6n","unohtumaton","vastustamaton","legendaarinen","valoisa","ylellisyys","taianomainen","mahtava","majesteettinen","ikimuistoinen","ihmeellinen","ihmeellinen","motivoi","tarpeellinen","uusi","virallinen","t\u00e4ydellinen","intohimoinen","vakuuttava","ilmi\u00f6m\u00e4inen","ilo","suosittu","voima","arvostettu","ihmeellinen","syv\u00e4llinen","vauras","voimakas","laatu","s\u00e4teilev\u00e4","nopea","menestys","vallankumouksellinen","tyytyv\u00e4inen","turvallisuus","sensaatio","rauhallinen","ylellinen","loistava","jalo","yll\u00e4tt\u00e4v\u00e4","lahjakas","pelottava","ainutlaatuinen","arvo","eloisa","voittoisa","el\u00e4v\u00e4","todella","innostunut","aitoa","seikkailunhaluinen","upea","ainutlaatuinen","taattu","erityinen","fiksu","loistava","suuri","ilmainen","taitava","rajaton","virheet\u00f6n","pett\u00e4m\u00e4t\u00f6n","loputon","vaikutusvaltainen","nokkelia","ikimuistoinen","korvaamaton","johtaja","mestari","huomattava","uusi","uraauurtava","voimakas","tunnustettu","vallankumouksellinen","yll\u00e4tt\u00e4v\u00e4","ylivoimainen","voittoisa","ultra","rohkea","arvokas","edistyksellinen","voimakas","n\u00e4kemyksellinen","tahto","elint\u00e4rke\u00e4","voitto","kunniallinen","pys\u00e4ytt\u00e4m\u00e4t\u00f6n","verraton","\u00e4lyk\u00e4s","voittamaton","vapaus","ylpeys","rauha","edistys","uudistettu","viisaus","tyydytys","turvallinen","rauhallisuus","ylitys","lahjakkuus","ylitt\u00e4\u00e4","muutoksen","rohkeus","voitto"],"diacritics":true,"researchesTests":["contentHasTOC","contentHasShortParagraphs","contentHasAssets","keywordInTitle","keywordInMetaDescription","keywordInPermalink","keywordIn10Percent","keywordInContent","keywordInSubheadings","keywordInImageAlt","keywordDensity","keywordNotUsed","lengthContent","lengthPermalink","linksHasInternal","linksHasExternals","linksNotAllExternals","titleStartWithKeyword","titleSentiment","titleHasPowerWords","titleHasNumber","hasContentAI"],"hasBreadcrumb":false,"serpData":{"title":"%sitename% %page% %sep% %sitedesc%","description":"","titleTemplate":"%sitename% %page% %sep% %sitedesc%","descriptionTemplate":"","focusKeywords":"","breadcrumbTitle":"Home","robots":{"index":true},"advancedRobots":[],"facebookTitle":"","facebookDescription":"","facebookImage":"","facebookImageID":""}}},"tocTitle":"Table of Contents","tocExcludeHeadings":[],"listStyle":"ul"},"_links":{"self":[{"href":"https:\/\/onlinebettingspace.com\/fi\/wp-json\/wp\/v2\/pages\/891","targetHints":{"allow":["GET"]}}],"collection":[{"href":"https:\/\/onlinebettingspace.com\/fi\/wp-json\/wp\/v2\/pages"}],"about":[{"href":"https:\/\/onlinebettingspace.com\/fi\/wp-json\/wp\/v2\/types\/page"}],"author":[{"embeddable":true,"href":"https:\/\/onlinebettingspace.com\/fi\/wp-json\/wp\/v2\/users\/1"}],"replies":[{"embeddable":true,"href":"https:\/\/onlinebettingspace.com\/fi\/wp-json\/wp\/v2\/comments?post=891"}],"version-history":[{"count":0,"href":"https:\/\/onlinebettingspace.com\/fi\/wp-json\/wp\/v2\/pages\/891\/revisions"}],"wp:attachment":[{"href":"https:\/\/onlinebettingspace.com\/fi\/wp-json\/wp\/v2\/media?parent=891"}],"curies":[{"name":"wp","href":"https:\/\/api.w.org\/{rel}","templated":true}]}}